{"id":3925,"date":"2021-05-11T21:21:09","date_gmt":"2021-05-12T02:21:09","guid":{"rendered":"https:\/\/altemirconsulting.com\/90-nap-az-idoben-torteno-vegrehajtasig\/"},"modified":"2026-02-01T12:35:52","modified_gmt":"2026-02-01T18:35:52","slug":"90-nap-az-idoben-torteno-vegrehajtasig","status":"publish","type":"page","link":"https:\/\/altemirconsulting.com\/hu\/90-nap-az-idoben-torteno-vegrehajtasig\/","title":{"rendered":"90 nap az id\u0151ben t\u00f6rt\u00e9n\u0151 v\u00e9grehajt\u00e1sig"},"content":{"rendered":"\n\n\t\t\t\t<img decoding=\"async\" src=\"https:\/\/altemirconsulting.com\/wp-content\/uploads\/2021\/09\/Screen-Shot-09-11-21-at-08.30-AM.jpg\" alt=\"90 nap az id\u0151ben t\u00f6rt\u00e9n\u0151 v\u00e9grehajt\u00e1sig\" itemprop=\"image\" height=\"79\" width=\"800\" title=\"K\u00e9perny\u0151felv\u00e9tel: 2021.09.11., 08:30\" onerror=\"this.style.display='none'\" loading=\"lazy\" \/>\n\t\t\t\t<img decoding=\"async\" src=\"https:\/\/altemirconsulting.com\/wp-content\/uploads\/2021\/05\/Factory_136368784-aerial-top-view-800.jpeg\" alt=\"Ipari rakt\u00e1r\u00e9p\u00fclet ter\u00fclet\u00e9nek l\u00e9gifelv\u00e9tele napelemekkel a tet\u0151n \u00e9s sok teheraut\u00f3val, amelyek \u00e1rut rakodnak ki.\" itemprop=\"image\" height=\"259\" width=\"800\" title=\"Ipari rakt\u00e1r\u00e9p\u00fclet l\u00e9gifelv\u00e9tele napelemekkel\" onerror=\"this.style.display='none'\" loading=\"lazy\" \/>\n\t\t\t<a href=\"https:\/\/www.calendly.com\/altemirconsulting\/30min\" target=\"_self\">\n\t\t\t\t\t\tEgyeztessen egy felt\u00e1r\u00f3 besz\u00e9lget\u00e9st\n\t\t\t\t\t<\/a>\n\t<p>Seg\u00edt\u00fcnk a gy\u00e1rt\u00f3knak el\u00e9rni a <strong>hat\u00e1rid\u0151re t\u00f6rt\u00e9n\u0151 beszerz\u00e9st \u00e9s gy\u00e1rt\u00e1st<\/strong> az\u00e1ltal, hogy csapat\u00e1val egy\u00fcttm\u0171k\u00f6dve \u00fajj\u00e1\u00e9lesztj\u00fck a rendel\u00e9steljes\u00edt\u00e9si folyamatukat, a k\u00f6vetkez\u0151 c\u00e9lok \u00e9rdek\u00e9ben:<\/p>\n<ul>\n<li>Cs\u00f6kkenteni a <strong>lej\u00e1rt hat\u00e1ridej\u0171 h\u00e1tral\u00e9kokat<\/strong><\/li>\n<li>Cs\u00f6kkenteni az <strong>\u00e1tfut\u00e1si id\u0151ket<\/strong><\/li>\n<li>Jav\u00edtani a <strong>hat\u00e1rid\u0151re t\u00f6rt\u00e9n\u0151 sz\u00e1ll\u00edt\u00e1sokat<\/strong><\/li>\n<li>Jav\u00edtani a <strong>haszonkulcsokat<\/strong><\/li>\n<li>Jav\u00edtani a <strong>kapacit\u00e1stervez\u00e9st<\/strong><\/li>\n<li>Jav\u00edtani a <strong>rendel\u00e9s\u00e1llapot \u00e1tl\u00e1that\u00f3s\u00e1g\u00e1t<\/strong><\/li>\n<li>Betartani az <strong>\u00fcgyf\u00e9lk\u00f6telezetts\u00e9geket<\/strong><\/li>\n<li>Cs\u00f6kkenteni a <strong>manu\u00e1lis ker\u00fcl\u0151utakat<\/strong><\/li>\n<li>Cs\u00f6kkenteni a <strong>k\u00e9szletet<\/strong><\/li>\n<li>Jav\u00edtani az <strong>\u00fcgyf\u00e9l-el\u00e9gedetts\u00e9get<\/strong><\/li>\n<li>Jav\u00edtani az <strong>ERP adatok \u00e9s haszn\u00e1lat\u00e1t<\/strong><\/li>\n<li>Felk\u00e9sz\u00fclni a <strong>n\u00f6vekv\u0151 keresletre<\/strong><\/li>\n<\/ul>\n\t<strong>Ezek a c\u00e9lok el\u00e9rhet\u0151k A MEGL\u00c9V\u0150 ERP RENDSZER\u00c9NEK HASZN\u00c1LAT\u00c1VAL, mert<br \/>\ngyakran sokkal fontosabb, hogy <em>HOGYAN<\/em> haszn\u00e1lja a rendszer\u00e9t, mint az, hogy <em>MILYEN<\/em> rendszere van.<\/strong>\n\t<p>Megsz\u00fcntetj\u00fck a gyakori <strong>t\u00e9vhiteket<\/strong> \u00e9s a <strong>manu\u00e1lis ker\u00fcl\u0151utakat<\/strong>, amelyek b\u00e1rmely m\u0171veletet hat\u00e1stalann\u00e1 \u00e9s ineffekt\u00edvv\u00e9 tehetnek.<\/p>\n<p>Mi <strong>ERP RENDSZERF\u00dcGGETLENEK<\/strong> vagyunk, t\u00f6bb mint egy tucat k\u00fcl\u00f6nb\u00f6z\u0151 rendszerben szerzett m\u0171szaki szak\u00e9rtelemmel, a QuickBooks-t\u00f3l az SAP-ig. Tapasztalatunk \u00e9s szak\u00e9rtelm\u00fcnk sz\u00e1mos rakt\u00e1rra gy\u00e1rt\u00f3, rendel\u00e9sre gy\u00e1rt\u00f3 \u00e9s egyedi gy\u00e1rt\u00f3 ipari szektort \u00f6lel fel, a WC-pap\u00edrt\u00f3l az \u0171rhaj\u00f3kig. <\/p>\n\t\t\t\t<img decoding=\"async\" src=\"https:\/\/altemirconsulting.com\/wp-content\/uploads\/2022\/11\/TeamStill1_1-440x195.jpg\" alt=\"ell\u00e1t\u00e1si l\u00e1nc tan\u00e1csad\u00f3k\" itemprop=\"image\" height=\"195\" width=\"440\" title=\"TeamStill1_1\" onerror=\"this.style.display='none'\" loading=\"lazy\" \/>\n\t<p><strong>90 NAP A HAT\u00c1RID\u0150RE T\u00d6RT\u00c9N\u0150 V\u00c9GREHAJT\u00c1SIG<\/strong> szisztematikusan bevezeti a m\u0171k\u00f6d\u00e9si fejleszt\u00e9seket \u00f6t kulcsfontoss\u00e1g\u00fa ter\u00fcleten, sz\u00fcks\u00e9g szerint, annak \u00e9rdek\u00e9ben, hogy egy karcs\u00fa, \u00fcgyf\u00e9lk\u00f6zpont\u00fa, hat\u00e1rid\u0151re teljes\u00edt\u0151 ell\u00e1t\u00e1si l\u00e1ncot hozzon l\u00e9tre megl\u00e9v\u0151 rendszerei, emberei \u00e9s berendez\u00e9sei felhaszn\u00e1l\u00e1s\u00e1val:<\/p>\n\t\t\t\t<img decoding=\"async\" src=\"https:\/\/altemirconsulting.com\/wp-content\/uploads\/2021\/05\/90DayFixProcess-1024x89.jpg\" alt=\"90 napos jav\u00edt\u00e1si folyamat\" itemprop=\"image\" height=\"82\" width=\"940\" title=\"90 napos jav\u00edt\u00e1si folyamat\" onerror=\"this.style.display='none'\" loading=\"lazy\" \/>\n\t<p>Ez a vide\u00f3 r\u00f6vid \u00e1ttekint\u00e9st ny\u00fajt a \u201e90 napos&#8221; folyamatr\u00f3l:<\/p>\n\t\t<iframe loading=\"lazy\" width=\"560\" height=\"315\" src=\"https:\/\/www.youtube.com\/embed\/5BFJRHx_Q88\" title=\"YouTube video player\" frameborder=\"0\" allow=\"accelerometer; autoplay; clipboard-write; encrypted-media; gyroscope; picture-in-picture\" allowfullscreen><\/iframe>\t\n\t<p>Ez az akci\u00f3orient\u00e1lt megk\u00f6zel\u00edt\u00e9s j\u00f3l alkalmazhat\u00f3 azokn\u00e1l a gy\u00e1rt\u00f3kn\u00e1l, akik k\u00e9sedelmes \u00fcgyf\u00e9lsz\u00e1ll\u00edt\u00e1sokt\u00f3l, hossz\u00fa \u00e1tfut\u00e1si id\u0151kt\u0151l, nagy rendel\u00e9si h\u00e1tral\u00e9kokt\u00f3l vagy alacsony m\u0171k\u00f6d\u00e9si \u00e1rr\u00e9sekt\u0151l szenvednek. A legt\u00f6bbet profit\u00e1l\u00f3 gy\u00e1rt\u00f3k a k\u00f6vetkez\u0151k: <\/p>\n<ul>\n<li>Term\u00e9keiket meghat\u00e1rozott hat\u00e1rid\u0151re kell sz\u00e1ll\u00edtaniuk<\/li>\n<li>K\u00fcl\u00f6nf\u00e9le term\u00e9keket gy\u00e1rtanak (magas term\u00e9kmix)<\/li>\n<\/ul>\n<p>Min\u00e9l \u00f6sszetettebb a m\u0171k\u00f6d\u00e9s, ann\u00e1l nagyobb a jelent\u0151s fejleszt\u00e9sek lehet\u0151s\u00e9ge.<\/p>\n\t<h3>01 &#8211; VALID\u00c1LT KERESLET<\/h3>\n\t\t<ul>\n<li>Jav\u00edtani az \u00fcgyf\u00e9lrendel\u00e9sek \u00e9s\/vagy el\u0151rejelz\u00e9sek kezel\u00e9s\u00e9nek m\u00f3dj\u00e1t, annak biztos\u00edt\u00e1s\u00e1ra, hogy hat\u00e9konyan ir\u00e1ny\u00edts\u00e1k a m\u0171veleteket.<\/li>\n<li>Seg\u00edt\u00fcnk egy olyan m\u00f3dszer kialak\u00edt\u00e1s\u00e1ban, amellyel m\u00e1r kor\u00e1n biztos\u00edthatja az \u00fctemez\u00e9si k\u00f6telezetts\u00e9gek megval\u00f3s\u00edthat\u00f3s\u00e1g\u00e1t, \u00edgy a gy\u00e1rt\u00e1s, beszerz\u00e9s \u00e9s a besz\u00e1ll\u00edt\u00f3k felk\u00e9sz\u00fclnek a sikerre.<\/li>\n<li>Bevezetj\u00fck az \u00fcgyf\u00e9lv\u00e1ltoz\u00e1s-kezel\u00e9st a teljes rendel\u00e9steljes\u00edt\u00e9si folyamat sor\u00e1n, amely el\u0151seg\u00edti a stabilit\u00e1st \u00e9s a hat\u00e9konys\u00e1got.<\/li>\n<\/ul>\n\t\t\t\t<img decoding=\"async\" src=\"https:\/\/altemirconsulting.com\/wp-content\/uploads\/2021\/05\/1_ValidatedDemand.jpg\" alt=\"1_ValidatedDemand\" itemprop=\"image\" height=\"194\" width=\"600\" title=\"1_ValidatedDemand\" onerror=\"this.style.display='none'\" loading=\"lazy\" \/>\n\t\t<iframe loading=\"lazy\" width=\"560\" height=\"315\" src=\"https:\/\/www.youtube.com\/embed\/Ch8QlBX5Uz8\" title=\"YouTube video player\" frameborder=\"0\" allow=\"accelerometer; autoplay; clipboard-write; encrypted-media; gyroscope; picture-in-picture\" allowfullscreen><\/iframe>\t\n\t<h3>02 &#8211; T\u00c1MOGAT\u00d3 TERVEZ\u00c9S<\/h3>\n\t\t<ul>\n<li>Sz\u00fcks\u00e9g szerint fel\u00fclvizsg\u00e1ljuk, fejlesztj\u00fck, friss\u00edtj\u00fck, tiszt\u00edtjuk \u00e9s\/vagy optimaliz\u00e1ljuk a rendszeradatokat \u00e9s be\u00e1ll\u00edt\u00e1sokat, bele\u00e9rtve a kulcsfontoss\u00e1g\u00fa tervez\u00e9si param\u00e9tereket is.<\/li>\n<li>Biztos\u00edtjuk, hogy pontos gy\u00e1rt\u00e1si \u00e9s beszerz\u00e9si ig\u00e9nyek gener\u00e1l\u00f3djanak.<\/li>\n<li>Biztos\u00edtjuk, hogy a beszerz\u00e9si megrendel\u00e9sek helyesen legyenek l\u00e9trehozva az \u00fcgyf\u00e9lk\u00f6vetelm\u00e9nyek teljes\u00edt\u00e9s\u00e9hez.<\/li>\n<\/ul>\n\t\t\t\t<img decoding=\"async\" src=\"https:\/\/altemirconsulting.com\/wp-content\/uploads\/2021\/05\/2_SupportivePlanning.jpg\" alt=\"Supportive Planning\" itemprop=\"image\" height=\"194\" width=\"600\" title=\"2_SupportivePlanning\" onerror=\"this.style.display='none'\" loading=\"lazy\" \/>\n\t\t<iframe loading=\"lazy\" width=\"560\" height=\"315\" src=\"https:\/\/www.youtube.com\/embed\/D7urPfzUVMY\" title=\"YouTube video player\" frameborder=\"0\" allow=\"accelerometer; autoplay; clipboard-write; encrypted-media; gyroscope; picture-in-picture\" allowfullscreen><\/iframe>\t\n\t<h3>03 &#8211; STABILIZ\u00c1LT \u00dcTEMEZ\u00c9S<\/h3>\n\t\t<ul>\n<li>L\u00e9trehozunk egy hat\u00e9kony kapacit\u00e1smodellt, amely biztos\u00edtja a hat\u00e9kony \u00e9s pontos gy\u00e1rt\u00e1si ter\u00fclet terhel\u00e9s\u00e9t.<\/li>\n<li>Bevezet\u00fcnk olyan \u00fctemez\u00e9si gyakorlatokat, amelyek el\u0151seg\u00edtik a hat\u00e1rid\u0151re t\u00f6rt\u00e9n\u0151 ell\u00e1t\u00e1si l\u00e1nc v\u00e9grehajt\u00e1s\u00e1t.<\/li>\n<li>Biztos\u00edtjuk, hogy rendelkezzen egy hat\u00e9kony mechanizmussal a stabil, \u00fcgyf\u00e9lk\u00f6zpont\u00fa munkapriorit\u00e1sok kommunik\u00e1l\u00e1s\u00e1ra, amelyek koordin\u00e1ltak \u00e9s \u00f6sszehangoltak az eg\u00e9sz ell\u00e1t\u00e1si l\u00e1ncban.<\/li>\n<\/ul>\n\t\t\t\t<img decoding=\"async\" src=\"https:\/\/altemirconsulting.com\/wp-content\/uploads\/2021\/05\/3_StabilizedScheduling.jpg\" alt=\"Stabilized Scheduling\" itemprop=\"image\" height=\"194\" width=\"600\" title=\"3_StabilizedScheduling\" onerror=\"this.style.display='none'\" loading=\"lazy\" \/>\n\t\t<iframe loading=\"lazy\" width=\"560\" height=\"315\" src=\"https:\/\/www.youtube.com\/embed\/ZZbaZsKOz4o\" title=\"YouTube video player\" frameborder=\"0\" allow=\"accelerometer; autoplay; clipboard-write; encrypted-media; gyroscope; picture-in-picture\" allowfullscreen><\/iframe>\t\n\t<h3>04 &#8211; \u00dcGYF\u00c9LK\u00d6ZPONT\u00da V\u00c9GREHAJT\u00c1S<\/h3>\n\t\t<ul>\n<li>Megoldjuk a kritikus termel\u00e9si sz\u0171k keresztmetszeteket.<\/li>\n<li>Biztos\u00edtjuk, hogy a beszerz\u00e9si, gy\u00e1rt\u00e1si \u00e9s rakt\u00e1ri megrendel\u00e9sek hat\u00e9konyan legyenek kezelve az \u00fcgyf\u00e9lk\u00f6vetelm\u00e9nyek maxim\u00e1lis hat\u00e9konys\u00e1ggal t\u00f6rt\u00e9n\u0151 t\u00e1mogat\u00e1sa \u00e9rdek\u00e9ben.<\/li>\n<li>Seg\u00edt\u00fcnk \u00d6nnek nyomon k\u00f6vetni \u00e9s \u00e9rv\u00e9nyes\u00edteni az \u00fctemez\u00e9s betart\u00e1s\u00e1t a termel\u00e9si folyamat minden pontj\u00e1n, \u00edgy a hat\u00e1rid\u0151re t\u00f6rt\u00e9n\u0151 teljes\u00edt\u00e9s elker\u00fclhetetlenn\u00e9 v\u00e1lik.<\/li>\n<li>Seg\u00edt\u00fcnk \u00d6nnek hat\u00e9konyan kezelni a selejtet \u00e9s az ut\u00f3munk\u00e1latokat, sz\u00fcks\u00e9g szerint, a k\u00e9sedelmek \u00e9s fennakad\u00e1sok minimaliz\u00e1l\u00e1sa \u00e9rdek\u00e9ben.<\/li>\n<\/ul>\n\t\t\t\t<img decoding=\"async\" src=\"https:\/\/altemirconsulting.com\/wp-content\/uploads\/2021\/05\/4_CustomerDrivenExecution.jpg\" alt=\"Customer-Driven Execution\" itemprop=\"image\" height=\"194\" width=\"600\" title=\"4_CustomerDrivenExecution\" onerror=\"this.style.display='none'\" loading=\"lazy\" \/>\n\t\t<iframe loading=\"lazy\" width=\"560\" height=\"315\" src=\"https:\/\/www.youtube.com\/embed\/e4SgJJCUdf8\" title=\"YouTube video player\" frameborder=\"0\" allow=\"accelerometer; autoplay; clipboard-write; encrypted-media; gyroscope; picture-in-picture\" allowfullscreen><\/iframe>\t\n\t<h3>05 &#8211; FENNTARTHAT\u00d3 IR\u00c1NY\u00cdT\u00c1S<\/h3>\n\t\t<ul>\n<li>Meghat\u00e1rozunk \u00e9s bevezet\u00fcnk m\u0171k\u00f6d\u00e9si mutat\u00f3kat, amelyek vil\u00e1gos k\u00e9pet adnak a vezet\u0151s\u00e9gnek a napi teljes\u00edtm\u00e9nyr\u0151l.<\/li>\n<li>Kidolgozunk egy fenntarthat\u00f3 ir\u00e1ny\u00edt\u00e1si cselekv\u00e9si tervet, amely \u00f6sszefoglalja m\u0171k\u00f6d\u00e9si probl\u00e9m\u00e1it \u00e9s rangsorolja a tov\u00e1bbi fejleszt\u00e9seket.<\/li>\n<li>Opcion\u00e1lisan \u201eFel\u00fcgyeleti Auditokat&#8221; v\u00e9gezhet\u00fcnk, ahol tov\u00e1bbra is figyelemmel k\u00eds\u00e9rj\u00fck \u00e9s elh\u00e1r\u00edtjuk a bevezetett fejleszt\u00e9seket, annak biztos\u00edt\u00e1sa \u00e9rdek\u00e9ben, hogy azok fenntarthat\u00f3ak legyenek.<\/li>\n<\/ul>\n\t\t\t\t<img decoding=\"async\" src=\"https:\/\/altemirconsulting.com\/wp-content\/uploads\/2021\/05\/5_SustainingManagement.jpg\" alt=\"Sustaining Management\" itemprop=\"image\" height=\"197\" width=\"600\" title=\"5_SustainingManagement\" onerror=\"this.style.display='none'\" loading=\"lazy\" \/>\n\t\t<iframe loading=\"lazy\" width=\"560\" height=\"315\" src=\"https:\/\/www.youtube.com\/embed\/mZiK3w3XvHM\" title=\"YouTube video player\" frameborder=\"0\" allow=\"accelerometer; autoplay; clipboard-write; encrypted-media; gyroscope; picture-in-picture\" allowfullscreen><\/iframe>\t\n\t\t\t<a href=\"https:\/\/www.calendly.com\/altemirconsulting\/30min\" target=\"_self\">\n\t\t\t\t\t\tEgyeztessen egy felt\u00e1r\u00f3 besz\u00e9lget\u00e9st\n\t\t\t\t\t<\/a>\n\t<h1><strong>Tegy\u00fck mindezt \u00f6ssze, hogy k\u00e9zzelfoghat\u00f3 versenyel\u0151nyt teremtsen a k\u00f6vetkez\u0151 90 napban.<\/strong><\/h1>\n\t<h2>Hat\u00e1rid\u0151re t\u00f6rt\u00e9n\u0151 teljes\u00edt\u00e9s<\/h2>\t\n\t<h2>Jav\u00edtott k\u00f6lts\u00e9ghat\u00e9konys\u00e1g<\/h2>\t\n\t<h2>\u00dcgyf\u00e9l-el\u00e9gedetts\u00e9g<\/h2>\t\n\t<h2>Cs\u00f6kkentett napi neh\u00e9zs\u00e9gek<\/h2>\t\n\n","protected":false},"excerpt":{"rendered":"<p>Egyeztessen egy felt\u00e1r\u00f3 besz\u00e9lget\u00e9st Seg\u00edt\u00fcnk a gy\u00e1rt\u00f3knak el\u00e9rni a hat\u00e1rid\u0151re t\u00f6rt\u00e9n\u0151 beszerz\u00e9st \u00e9s gy\u00e1rt\u00e1st az\u00e1ltal, hogy csapat\u00e1val egy\u00fcttm\u0171k\u00f6dve \u00fajj\u00e1\u00e9lesztj\u00fck a rendel\u00e9steljes\u00edt\u00e9si folyamatukat, a k\u00f6vetkez\u0151 c\u00e9lok \u00e9rdek\u00e9ben: Cs\u00f6kkenteni a lej\u00e1rt hat\u00e1ridej\u0171 h\u00e1tral\u00e9kokat Cs\u00f6kkenteni az \u00e1tfut\u00e1si id\u0151ket Jav\u00edtani a hat\u00e1rid\u0151re t\u00f6rt\u00e9n\u0151 sz\u00e1ll\u00edt\u00e1sokat Jav\u00edtani a haszonkulcsokat Jav\u00edtani a kapacit\u00e1stervez\u00e9st Jav\u00edtani a rendel\u00e9s\u00e1llapot \u00e1tl\u00e1that\u00f3s\u00e1g\u00e1t Betartani az \u00fcgyf\u00e9lk\u00f6telezetts\u00e9geket Cs\u00f6kkenteni a [&hellip;]<\/p>\n","protected":false},"author":1,"featured_media":0,"parent":0,"menu_order":0,"comment_status":"closed","ping_status":"closed","template":"","meta":{"_coblocks_attr":"","_coblocks_dimensions":"","_coblocks_responsive_height":"","_coblocks_accordion_ie_support":"","footnotes":""},"class_list":["post-3925","page","type-page","status-publish","hentry"],"yoast_head":"<!-- This site is optimized with the Yoast SEO Premium plugin v27.0 (Yoast SEO v27.5) - https:\/\/yoast.com\/product\/yoast-seo-premium-wordpress\/ -->\n<title>90 nap a hat\u00e1rid\u0151re t\u00f6rt\u00e9n\u0151 gy\u00e1rt\u00e1si v\u00e9grehajt\u00e1sig | Altemir Consulting<\/title>\n<meta name=\"description\" content=\"Seg\u00edt\u00fcnk a gy\u00e1rt\u00f3knak nyeres\u00e9ges, hat\u00e1rid\u0151re t\u00f6rt\u00e9n\u0151 teljes\u00edt\u00e9st el\u00e9rni termel\u00e9stervez\u00e9s\u00fck, \u00fctemez\u00e9s\u00fck \u00e9s v\u00e9grehajt\u00e1suk \u00fajj\u00e1\u00e9leszt\u00e9s\u00e9vel.\" \/>\n<meta name=\"robots\" content=\"index, follow, max-snippet:-1, max-image-preview:large, max-video-preview:-1\" \/>\n<link rel=\"canonical\" href=\"https:\/\/altemirconsulting.com\/hu\/90-nap-az-idoben-torteno-vegrehajtasig\/\" \/>\n<meta name=\"twitter:label1\" content=\"Becs\u00fclt olvas\u00e1si id\u0151\" \/>\n\t<meta name=\"twitter:data1\" content=\"5 perc\" \/>\n<script type=\"application\/ld+json\" class=\"yoast-schema-graph\">{\"@context\":\"https:\\\/\\\/schema.org\",\"@graph\":[{\"@type\":\"WebPage\",\"@id\":\"https:\\\/\\\/altemirconsulting.com\\\/hu\\\/90-nap-az-idoben-torteno-vegrehajtasig\\\/\",\"url\":\"https:\\\/\\\/altemirconsulting.com\\\/hu\\\/90-nap-az-idoben-torteno-vegrehajtasig\\\/\",\"name\":\"90 nap a hat\u00e1rid\u0151re t\u00f6rt\u00e9n\u0151 gy\u00e1rt\u00e1si v\u00e9grehajt\u00e1sig | Altemir Consulting\",\"isPartOf\":{\"@id\":\"https:\\\/\\\/altemirconsulting.com\\\/hu\\\/#website\"},\"primaryImageOfPage\":{\"@id\":\"https:\\\/\\\/altemirconsulting.com\\\/hu\\\/90-nap-az-idoben-torteno-vegrehajtasig\\\/#primaryimage\"},\"image\":{\"@id\":\"https:\\\/\\\/altemirconsulting.com\\\/hu\\\/90-nap-az-idoben-torteno-vegrehajtasig\\\/#primaryimage\"},\"thumbnailUrl\":\"https:\\\/\\\/altemirconsulting.com\\\/wp-content\\\/uploads\\\/2021\\\/09\\\/Screen-Shot-09-11-21-at-08.30-AM.jpg\",\"datePublished\":\"2021-05-12T02:21:09+00:00\",\"dateModified\":\"2026-02-01T18:35:52+00:00\",\"description\":\"Seg\u00edt\u00fcnk a gy\u00e1rt\u00f3knak nyeres\u00e9ges, hat\u00e1rid\u0151re t\u00f6rt\u00e9n\u0151 teljes\u00edt\u00e9st el\u00e9rni termel\u00e9stervez\u00e9s\u00fck, \u00fctemez\u00e9s\u00fck \u00e9s v\u00e9grehajt\u00e1suk \u00fajj\u00e1\u00e9leszt\u00e9s\u00e9vel.\",\"breadcrumb\":{\"@id\":\"https:\\\/\\\/altemirconsulting.com\\\/hu\\\/90-nap-az-idoben-torteno-vegrehajtasig\\\/#breadcrumb\"},\"inLanguage\":\"hu\",\"potentialAction\":[{\"@type\":\"ReadAction\",\"target\":[\"https:\\\/\\\/altemirconsulting.com\\\/hu\\\/90-nap-az-idoben-torteno-vegrehajtasig\\\/\"]}]},{\"@type\":\"ImageObject\",\"inLanguage\":\"hu\",\"@id\":\"https:\\\/\\\/altemirconsulting.com\\\/hu\\\/90-nap-az-idoben-torteno-vegrehajtasig\\\/#primaryimage\",\"url\":\"https:\\\/\\\/altemirconsulting.com\\\/wp-content\\\/uploads\\\/2021\\\/09\\\/Screen-Shot-09-11-21-at-08.30-AM.jpg\",\"contentUrl\":\"https:\\\/\\\/altemirconsulting.com\\\/wp-content\\\/uploads\\\/2021\\\/09\\\/Screen-Shot-09-11-21-at-08.30-AM.jpg\"},{\"@type\":\"BreadcrumbList\",\"@id\":\"https:\\\/\\\/altemirconsulting.com\\\/hu\\\/90-nap-az-idoben-torteno-vegrehajtasig\\\/#breadcrumb\",\"itemListElement\":[{\"@type\":\"ListItem\",\"position\":1,\"name\":\"Home\",\"item\":\"https:\\\/\\\/altemirconsulting.com\\\/hu\\\/\"},{\"@type\":\"ListItem\",\"position\":2,\"name\":\"90 nap az id\u0151ben t\u00f6rt\u00e9n\u0151 v\u00e9grehajt\u00e1sig\"}]},{\"@type\":\"WebSite\",\"@id\":\"https:\\\/\\\/altemirconsulting.com\\\/hu\\\/#website\",\"url\":\"https:\\\/\\\/altemirconsulting.com\\\/hu\\\/\",\"name\":\"Altemir Consulting\",\"description\":\"\",\"publisher\":{\"@id\":\"https:\\\/\\\/altemirconsulting.com\\\/hu\\\/#organization\"},\"potentialAction\":[{\"@type\":\"SearchAction\",\"target\":{\"@type\":\"EntryPoint\",\"urlTemplate\":\"https:\\\/\\\/altemirconsulting.com\\\/hu\\\/?s={search_term_string}\"},\"query-input\":{\"@type\":\"PropertyValueSpecification\",\"valueRequired\":true,\"valueName\":\"search_term_string\"}}],\"inLanguage\":\"hu\"},{\"@type\":\"Organization\",\"@id\":\"https:\\\/\\\/altemirconsulting.com\\\/hu\\\/#organization\",\"name\":\"Altemir Consulting\",\"url\":\"https:\\\/\\\/altemirconsulting.com\\\/hu\\\/\",\"logo\":{\"@type\":\"ImageObject\",\"inLanguage\":\"hu\",\"@id\":\"https:\\\/\\\/altemirconsulting.com\\\/hu\\\/#\\\/schema\\\/logo\\\/image\\\/\",\"url\":\"https:\\\/\\\/altemirconsulting.com\\\/wp-content\\\/uploads\\\/2017\\\/09\\\/favicon.png\",\"contentUrl\":\"https:\\\/\\\/altemirconsulting.com\\\/wp-content\\\/uploads\\\/2017\\\/09\\\/favicon.png\",\"width\":300,\"height\":300,\"caption\":\"Altemir Consulting\"},\"image\":{\"@id\":\"https:\\\/\\\/altemirconsulting.com\\\/hu\\\/#\\\/schema\\\/logo\\\/image\\\/\"},\"sameAs\":[\"https:\\\/\\\/www.facebook.com\\\/AltemirConsulting\\\/\",\"https:\\\/\\\/x.com\\\/AltemirConsult\",\"https:\\\/\\\/www.linkedin.com\\\/company\\\/altemirconsulting\\\/\",\"https:\\\/\\\/www.youtube.com\\\/channel\\\/UCymlsqpZMZn-GlEFli_bnfA\"]}]}<\/script>\n<!-- \/ Yoast SEO Premium plugin. -->","yoast_head_json":{"title":"90 nap a hat\u00e1rid\u0151re t\u00f6rt\u00e9n\u0151 gy\u00e1rt\u00e1si v\u00e9grehajt\u00e1sig | Altemir Consulting","description":"Seg\u00edt\u00fcnk a gy\u00e1rt\u00f3knak nyeres\u00e9ges, hat\u00e1rid\u0151re t\u00f6rt\u00e9n\u0151 teljes\u00edt\u00e9st el\u00e9rni termel\u00e9stervez\u00e9s\u00fck, \u00fctemez\u00e9s\u00fck \u00e9s v\u00e9grehajt\u00e1suk \u00fajj\u00e1\u00e9leszt\u00e9s\u00e9vel.","robots":{"index":"index","follow":"follow","max-snippet":"max-snippet:-1","max-image-preview":"max-image-preview:large","max-video-preview":"max-video-preview:-1"},"canonical":"https:\/\/altemirconsulting.com\/hu\/90-nap-az-idoben-torteno-vegrehajtasig\/","twitter_misc":{"Becs\u00fclt olvas\u00e1si id\u0151":"5 perc"},"schema":{"@context":"https:\/\/schema.org","@graph":[{"@type":"WebPage","@id":"https:\/\/altemirconsulting.com\/hu\/90-nap-az-idoben-torteno-vegrehajtasig\/","url":"https:\/\/altemirconsulting.com\/hu\/90-nap-az-idoben-torteno-vegrehajtasig\/","name":"90 nap a hat\u00e1rid\u0151re t\u00f6rt\u00e9n\u0151 gy\u00e1rt\u00e1si v\u00e9grehajt\u00e1sig | Altemir Consulting","isPartOf":{"@id":"https:\/\/altemirconsulting.com\/hu\/#website"},"primaryImageOfPage":{"@id":"https:\/\/altemirconsulting.com\/hu\/90-nap-az-idoben-torteno-vegrehajtasig\/#primaryimage"},"image":{"@id":"https:\/\/altemirconsulting.com\/hu\/90-nap-az-idoben-torteno-vegrehajtasig\/#primaryimage"},"thumbnailUrl":"https:\/\/altemirconsulting.com\/wp-content\/uploads\/2021\/09\/Screen-Shot-09-11-21-at-08.30-AM.jpg","datePublished":"2021-05-12T02:21:09+00:00","dateModified":"2026-02-01T18:35:52+00:00","description":"Seg\u00edt\u00fcnk a gy\u00e1rt\u00f3knak nyeres\u00e9ges, hat\u00e1rid\u0151re t\u00f6rt\u00e9n\u0151 teljes\u00edt\u00e9st el\u00e9rni termel\u00e9stervez\u00e9s\u00fck, \u00fctemez\u00e9s\u00fck \u00e9s v\u00e9grehajt\u00e1suk \u00fajj\u00e1\u00e9leszt\u00e9s\u00e9vel.","breadcrumb":{"@id":"https:\/\/altemirconsulting.com\/hu\/90-nap-az-idoben-torteno-vegrehajtasig\/#breadcrumb"},"inLanguage":"hu","potentialAction":[{"@type":"ReadAction","target":["https:\/\/altemirconsulting.com\/hu\/90-nap-az-idoben-torteno-vegrehajtasig\/"]}]},{"@type":"ImageObject","inLanguage":"hu","@id":"https:\/\/altemirconsulting.com\/hu\/90-nap-az-idoben-torteno-vegrehajtasig\/#primaryimage","url":"https:\/\/altemirconsulting.com\/wp-content\/uploads\/2021\/09\/Screen-Shot-09-11-21-at-08.30-AM.jpg","contentUrl":"https:\/\/altemirconsulting.com\/wp-content\/uploads\/2021\/09\/Screen-Shot-09-11-21-at-08.30-AM.jpg"},{"@type":"BreadcrumbList","@id":"https:\/\/altemirconsulting.com\/hu\/90-nap-az-idoben-torteno-vegrehajtasig\/#breadcrumb","itemListElement":[{"@type":"ListItem","position":1,"name":"Home","item":"https:\/\/altemirconsulting.com\/hu\/"},{"@type":"ListItem","position":2,"name":"90 nap az id\u0151ben t\u00f6rt\u00e9n\u0151 v\u00e9grehajt\u00e1sig"}]},{"@type":"WebSite","@id":"https:\/\/altemirconsulting.com\/hu\/#website","url":"https:\/\/altemirconsulting.com\/hu\/","name":"Altemir Consulting","description":"","publisher":{"@id":"https:\/\/altemirconsulting.com\/hu\/#organization"},"potentialAction":[{"@type":"SearchAction","target":{"@type":"EntryPoint","urlTemplate":"https:\/\/altemirconsulting.com\/hu\/?s={search_term_string}"},"query-input":{"@type":"PropertyValueSpecification","valueRequired":true,"valueName":"search_term_string"}}],"inLanguage":"hu"},{"@type":"Organization","@id":"https:\/\/altemirconsulting.com\/hu\/#organization","name":"Altemir Consulting","url":"https:\/\/altemirconsulting.com\/hu\/","logo":{"@type":"ImageObject","inLanguage":"hu","@id":"https:\/\/altemirconsulting.com\/hu\/#\/schema\/logo\/image\/","url":"https:\/\/altemirconsulting.com\/wp-content\/uploads\/2017\/09\/favicon.png","contentUrl":"https:\/\/altemirconsulting.com\/wp-content\/uploads\/2017\/09\/favicon.png","width":300,"height":300,"caption":"Altemir Consulting"},"image":{"@id":"https:\/\/altemirconsulting.com\/hu\/#\/schema\/logo\/image\/"},"sameAs":["https:\/\/www.facebook.com\/AltemirConsulting\/","https:\/\/x.com\/AltemirConsult","https:\/\/www.linkedin.com\/company\/altemirconsulting\/","https:\/\/www.youtube.com\/channel\/UCymlsqpZMZn-GlEFli_bnfA"]}]}},"_links":{"self":[{"href":"https:\/\/altemirconsulting.com\/hu\/wp-json\/wp\/v2\/pages\/3925","targetHints":{"allow":["GET"]}}],"collection":[{"href":"https:\/\/altemirconsulting.com\/hu\/wp-json\/wp\/v2\/pages"}],"about":[{"href":"https:\/\/altemirconsulting.com\/hu\/wp-json\/wp\/v2\/types\/page"}],"author":[{"embeddable":true,"href":"https:\/\/altemirconsulting.com\/hu\/wp-json\/wp\/v2\/users\/1"}],"replies":[{"embeddable":true,"href":"https:\/\/altemirconsulting.com\/hu\/wp-json\/wp\/v2\/comments?post=3925"}],"version-history":[{"count":2,"href":"https:\/\/altemirconsulting.com\/hu\/wp-json\/wp\/v2\/pages\/3925\/revisions"}],"predecessor-version":[{"id":4684,"href":"https:\/\/altemirconsulting.com\/hu\/wp-json\/wp\/v2\/pages\/3925\/revisions\/4684"}],"wp:attachment":[{"href":"https:\/\/altemirconsulting.com\/hu\/wp-json\/wp\/v2\/media?parent=3925"}],"curies":[{"name":"wp","href":"https:\/\/api.w.org\/{rel}","templated":true}]}}