{"id":3913,"date":"2018-05-07T11:09:15","date_gmt":"2018-05-07T16:09:15","guid":{"rendered":"https:\/\/altemirconsulting.com\/orvosi-eszkozok\/"},"modified":"2018-05-07T11:09:15","modified_gmt":"2018-05-07T16:09:15","slug":"orvosi-eszkozok","status":"publish","type":"page","link":"https:\/\/altemirconsulting.com\/hu\/orvosi-eszkozok\/","title":{"rendered":"Orvosi eszk\u00f6z\u00f6k"},"content":{"rendered":"","protected":false},"excerpt":{"rendered":"","protected":false},"author":1,"featured_media":0,"parent":0,"menu_order":0,"comment_status":"closed","ping_status":"closed","template":"","meta":{"_coblocks_attr":"","_coblocks_dimensions":"","_coblocks_responsive_height":"","_coblocks_accordion_ie_support":"","footnotes":""},"class_list":["post-3913","page","type-page","status-publish","hentry"],"yoast_head":"<!-- This site is optimized with the Yoast SEO Premium plugin v27.0 (Yoast SEO v27.6) - https:\/\/yoast.com\/product\/yoast-seo-premium-wordpress\/ -->\n<title>Altemir Consulting | Orvostechnikai eszk\u00f6z\u00f6k gy\u00e1rt\u00e1sa \u00e9s FDA szab\u00e1lyoz\u00e1si megfelel\u0151s\u00e9g<\/title>\n<meta name=\"description\" content=\"Az Altemir Consulting sz\u00e9lesk\u00f6r\u0171 tapasztalattal rendelkezik az orvostechnikai eszk\u00f6z\u00f6k K+F-j\u00e9ben, gy\u00e1rt\u00e1s\u00e1ban \u00e9s min\u0151s\u00e9gbiztos\u00edt\u00e1s\u00e1ban, az FDA I., II. \u00e9s III. oszt\u00e1ly\u00fa term\u00e9keire vonatkoz\u00f3an. Seg\u00edthet\u00fcnk tov\u00e1bb\u00e1 az \u00d6n CMS visszat\u00e9r\u00edt\u00e9seiben.\" \/>\n<meta name=\"robots\" content=\"index, follow, max-snippet:-1, max-image-preview:large, max-video-preview:-1\" \/>\n<link rel=\"canonical\" href=\"https:\/\/altemirconsulting.com\/hu\/orvosi-eszkozok\/\" \/>\n<script type=\"application\/ld+json\" class=\"yoast-schema-graph\">{\"@context\":\"https:\\\/\\\/schema.org\",\"@graph\":[{\"@type\":\"WebPage\",\"@id\":\"https:\\\/\\\/altemirconsulting.com\\\/hu\\\/orvosi-eszkozok\\\/\",\"url\":\"https:\\\/\\\/altemirconsulting.com\\\/hu\\\/orvosi-eszkozok\\\/\",\"name\":\"Altemir Consulting | Orvostechnikai eszk\u00f6z\u00f6k gy\u00e1rt\u00e1sa \u00e9s FDA szab\u00e1lyoz\u00e1si megfelel\u0151s\u00e9g\",\"isPartOf\":{\"@id\":\"https:\\\/\\\/altemirconsulting.com\\\/hu\\\/#website\"},\"datePublished\":\"2018-05-07T16:09:15+00:00\",\"description\":\"Az Altemir Consulting sz\u00e9lesk\u00f6r\u0171 tapasztalattal rendelkezik az orvostechnikai eszk\u00f6z\u00f6k K+F-j\u00e9ben, gy\u00e1rt\u00e1s\u00e1ban \u00e9s min\u0151s\u00e9gbiztos\u00edt\u00e1s\u00e1ban, az FDA I., II. \u00e9s III. oszt\u00e1ly\u00fa term\u00e9keire vonatkoz\u00f3an. Seg\u00edthet\u00fcnk tov\u00e1bb\u00e1 az \u00d6n CMS visszat\u00e9r\u00edt\u00e9seiben.\",\"breadcrumb\":{\"@id\":\"https:\\\/\\\/altemirconsulting.com\\\/hu\\\/orvosi-eszkozok\\\/#breadcrumb\"},\"inLanguage\":\"hu\",\"potentialAction\":[{\"@type\":\"ReadAction\",\"target\":[\"https:\\\/\\\/altemirconsulting.com\\\/hu\\\/orvosi-eszkozok\\\/\"]}]},{\"@type\":\"BreadcrumbList\",\"@id\":\"https:\\\/\\\/altemirconsulting.com\\\/hu\\\/orvosi-eszkozok\\\/#breadcrumb\",\"itemListElement\":[{\"@type\":\"ListItem\",\"position\":1,\"name\":\"Home\",\"item\":\"https:\\\/\\\/altemirconsulting.com\\\/hu\\\/\"},{\"@type\":\"ListItem\",\"position\":2,\"name\":\"Orvosi eszk\u00f6z\u00f6k\"}]},{\"@type\":\"WebSite\",\"@id\":\"https:\\\/\\\/altemirconsulting.com\\\/hu\\\/#website\",\"url\":\"https:\\\/\\\/altemirconsulting.com\\\/hu\\\/\",\"name\":\"Altemir Consulting\",\"description\":\"\",\"publisher\":{\"@id\":\"https:\\\/\\\/altemirconsulting.com\\\/hu\\\/#organization\"},\"potentialAction\":[{\"@type\":\"SearchAction\",\"target\":{\"@type\":\"EntryPoint\",\"urlTemplate\":\"https:\\\/\\\/altemirconsulting.com\\\/hu\\\/?s={search_term_string}\"},\"query-input\":{\"@type\":\"PropertyValueSpecification\",\"valueRequired\":true,\"valueName\":\"search_term_string\"}}],\"inLanguage\":\"hu\"},{\"@type\":\"Organization\",\"@id\":\"https:\\\/\\\/altemirconsulting.com\\\/hu\\\/#organization\",\"name\":\"Altemir Consulting\",\"url\":\"https:\\\/\\\/altemirconsulting.com\\\/hu\\\/\",\"logo\":{\"@type\":\"ImageObject\",\"inLanguage\":\"hu\",\"@id\":\"https:\\\/\\\/altemirconsulting.com\\\/hu\\\/#\\\/schema\\\/logo\\\/image\\\/\",\"url\":\"https:\\\/\\\/altemirconsulting.com\\\/wp-content\\\/uploads\\\/2017\\\/09\\\/favicon.png\",\"contentUrl\":\"https:\\\/\\\/altemirconsulting.com\\\/wp-content\\\/uploads\\\/2017\\\/09\\\/favicon.png\",\"width\":300,\"height\":300,\"caption\":\"Altemir Consulting\"},\"image\":{\"@id\":\"https:\\\/\\\/altemirconsulting.com\\\/hu\\\/#\\\/schema\\\/logo\\\/image\\\/\"},\"sameAs\":[\"https:\\\/\\\/www.facebook.com\\\/AltemirConsulting\\\/\",\"https:\\\/\\\/x.com\\\/AltemirConsult\",\"https:\\\/\\\/www.linkedin.com\\\/company\\\/altemirconsulting\\\/\",\"https:\\\/\\\/www.youtube.com\\\/channel\\\/UCymlsqpZMZn-GlEFli_bnfA\"]}]}<\/script>\n<!-- \/ Yoast SEO Premium plugin. -->","yoast_head_json":{"title":"Altemir Consulting | Orvostechnikai eszk\u00f6z\u00f6k gy\u00e1rt\u00e1sa \u00e9s FDA szab\u00e1lyoz\u00e1si megfelel\u0151s\u00e9g","description":"Az Altemir Consulting sz\u00e9lesk\u00f6r\u0171 tapasztalattal rendelkezik az orvostechnikai eszk\u00f6z\u00f6k K+F-j\u00e9ben, gy\u00e1rt\u00e1s\u00e1ban \u00e9s min\u0151s\u00e9gbiztos\u00edt\u00e1s\u00e1ban, az FDA I., II. \u00e9s III. oszt\u00e1ly\u00fa term\u00e9keire vonatkoz\u00f3an. Seg\u00edthet\u00fcnk tov\u00e1bb\u00e1 az \u00d6n CMS visszat\u00e9r\u00edt\u00e9seiben.","robots":{"index":"index","follow":"follow","max-snippet":"max-snippet:-1","max-image-preview":"max-image-preview:large","max-video-preview":"max-video-preview:-1"},"canonical":"https:\/\/altemirconsulting.com\/hu\/orvosi-eszkozok\/","schema":{"@context":"https:\/\/schema.org","@graph":[{"@type":"WebPage","@id":"https:\/\/altemirconsulting.com\/hu\/orvosi-eszkozok\/","url":"https:\/\/altemirconsulting.com\/hu\/orvosi-eszkozok\/","name":"Altemir Consulting | Orvostechnikai eszk\u00f6z\u00f6k gy\u00e1rt\u00e1sa \u00e9s FDA szab\u00e1lyoz\u00e1si megfelel\u0151s\u00e9g","isPartOf":{"@id":"https:\/\/altemirconsulting.com\/hu\/#website"},"datePublished":"2018-05-07T16:09:15+00:00","description":"Az Altemir Consulting sz\u00e9lesk\u00f6r\u0171 tapasztalattal rendelkezik az orvostechnikai eszk\u00f6z\u00f6k K+F-j\u00e9ben, gy\u00e1rt\u00e1s\u00e1ban \u00e9s min\u0151s\u00e9gbiztos\u00edt\u00e1s\u00e1ban, az FDA I., II. \u00e9s III. oszt\u00e1ly\u00fa term\u00e9keire vonatkoz\u00f3an. Seg\u00edthet\u00fcnk tov\u00e1bb\u00e1 az \u00d6n CMS visszat\u00e9r\u00edt\u00e9seiben.","breadcrumb":{"@id":"https:\/\/altemirconsulting.com\/hu\/orvosi-eszkozok\/#breadcrumb"},"inLanguage":"hu","potentialAction":[{"@type":"ReadAction","target":["https:\/\/altemirconsulting.com\/hu\/orvosi-eszkozok\/"]}]},{"@type":"BreadcrumbList","@id":"https:\/\/altemirconsulting.com\/hu\/orvosi-eszkozok\/#breadcrumb","itemListElement":[{"@type":"ListItem","position":1,"name":"Home","item":"https:\/\/altemirconsulting.com\/hu\/"},{"@type":"ListItem","position":2,"name":"Orvosi eszk\u00f6z\u00f6k"}]},{"@type":"WebSite","@id":"https:\/\/altemirconsulting.com\/hu\/#website","url":"https:\/\/altemirconsulting.com\/hu\/","name":"Altemir Consulting","description":"","publisher":{"@id":"https:\/\/altemirconsulting.com\/hu\/#organization"},"potentialAction":[{"@type":"SearchAction","target":{"@type":"EntryPoint","urlTemplate":"https:\/\/altemirconsulting.com\/hu\/?s={search_term_string}"},"query-input":{"@type":"PropertyValueSpecification","valueRequired":true,"valueName":"search_term_string"}}],"inLanguage":"hu"},{"@type":"Organization","@id":"https:\/\/altemirconsulting.com\/hu\/#organization","name":"Altemir Consulting","url":"https:\/\/altemirconsulting.com\/hu\/","logo":{"@type":"ImageObject","inLanguage":"hu","@id":"https:\/\/altemirconsulting.com\/hu\/#\/schema\/logo\/image\/","url":"https:\/\/altemirconsulting.com\/wp-content\/uploads\/2017\/09\/favicon.png","contentUrl":"https:\/\/altemirconsulting.com\/wp-content\/uploads\/2017\/09\/favicon.png","width":300,"height":300,"caption":"Altemir Consulting"},"image":{"@id":"https:\/\/altemirconsulting.com\/hu\/#\/schema\/logo\/image\/"},"sameAs":["https:\/\/www.facebook.com\/AltemirConsulting\/","https:\/\/x.com\/AltemirConsult","https:\/\/www.linkedin.com\/company\/altemirconsulting\/","https:\/\/www.youtube.com\/channel\/UCymlsqpZMZn-GlEFli_bnfA"]}]}},"_links":{"self":[{"href":"https:\/\/altemirconsulting.com\/hu\/wp-json\/wp\/v2\/pages\/3913","targetHints":{"allow":["GET"]}}],"collection":[{"href":"https:\/\/altemirconsulting.com\/hu\/wp-json\/wp\/v2\/pages"}],"about":[{"href":"https:\/\/altemirconsulting.com\/hu\/wp-json\/wp\/v2\/types\/page"}],"author":[{"embeddable":true,"href":"https:\/\/altemirconsulting.com\/hu\/wp-json\/wp\/v2\/users\/1"}],"replies":[{"embeddable":true,"href":"https:\/\/altemirconsulting.com\/hu\/wp-json\/wp\/v2\/comments?post=3913"}],"version-history":[{"count":0,"href":"https:\/\/altemirconsulting.com\/hu\/wp-json\/wp\/v2\/pages\/3913\/revisions"}],"wp:attachment":[{"href":"https:\/\/altemirconsulting.com\/hu\/wp-json\/wp\/v2\/media?parent=3913"}],"curies":[{"name":"wp","href":"https:\/\/api.w.org\/{rel}","templated":true}]}}