{"id":3910,"date":"2018-05-10T22:02:44","date_gmt":"2018-05-11T03:02:44","guid":{"rendered":"https:\/\/altemirconsulting.com\/gyartasi-utemezes\/"},"modified":"2026-01-20T14:10:13","modified_gmt":"2026-01-20T20:10:13","slug":"gyartasi-utemezes","status":"publish","type":"page","link":"https:\/\/altemirconsulting.com\/hu\/gyartasi-utemezes\/","title":{"rendered":"Gy\u00e1rt\u00e1si \u00fctemez\u00e9s"},"content":{"rendered":"","protected":false},"excerpt":{"rendered":"","protected":false},"author":1,"featured_media":0,"parent":0,"menu_order":0,"comment_status":"closed","ping_status":"closed","template":"","meta":{"_coblocks_attr":"","_coblocks_dimensions":"","_coblocks_responsive_height":"","_coblocks_accordion_ie_support":"","footnotes":""},"class_list":["post-3910","page","type-page","status-publish","hentry"],"yoast_head":"<!-- This site is optimized with the Yoast SEO Premium plugin v27.0 (Yoast SEO v27.6) - https:\/\/yoast.com\/product\/yoast-seo-premium-wordpress\/ -->\n<title>Altemir Consulting | APS Termel\u00e9s\u00fctemez\u00e9s &amp; Gy\u00e1rt\u00e1sir\u00e1ny\u00edt\u00e1s<\/title>\n<meta name=\"description\" content=\"A termel\u00e9s\u00fctemez\u00e9s \u00e9s a gy\u00e1rt\u00e1sir\u00e1ny\u00edt\u00e1s tan\u00e1csad\u00f3i gyakorlatunk sarokk\u00f6ve. Az Advanced Planning and Scheduling (APS) optimaliz\u00e1l\u00e1s\u00e1ra specializ\u00e1l\u00f3dtunk, de nem a hagyom\u00e1nyos m\u00f3don. Felismerj\u00fck, hogy a hagyom\u00e1nyos gy\u00e1rt\u00e1si \u00fctemez\u00e9si gyakorlatok gyakran kontraprodukt\u00edvak. \u00dajszer\u0171 \u201eLean MRP\u201d megk\u00f6zel\u00edt\u00e9s\u00fcnk az\" \/>\n<meta name=\"robots\" content=\"index, follow, max-snippet:-1, max-image-preview:large, max-video-preview:-1\" \/>\n<link rel=\"canonical\" href=\"https:\/\/altemirconsulting.com\/hu\/gyartasi-utemezes\/\" \/>\n<script type=\"application\/ld+json\" class=\"yoast-schema-graph\">{\"@context\":\"https:\\\/\\\/schema.org\",\"@graph\":[{\"@type\":\"WebPage\",\"@id\":\"https:\\\/\\\/altemirconsulting.com\\\/hu\\\/gyartasi-utemezes\\\/\",\"url\":\"https:\\\/\\\/altemirconsulting.com\\\/hu\\\/gyartasi-utemezes\\\/\",\"name\":\"Altemir Consulting | APS Termel\u00e9s\u00fctemez\u00e9s & Gy\u00e1rt\u00e1sir\u00e1ny\u00edt\u00e1s\",\"isPartOf\":{\"@id\":\"https:\\\/\\\/altemirconsulting.com\\\/hu\\\/#website\"},\"datePublished\":\"2018-05-11T03:02:44+00:00\",\"dateModified\":\"2026-01-20T20:10:13+00:00\",\"description\":\"A termel\u00e9s\u00fctemez\u00e9s \u00e9s a gy\u00e1rt\u00e1sir\u00e1ny\u00edt\u00e1s tan\u00e1csad\u00f3i gyakorlatunk sarokk\u00f6ve. Az Advanced Planning and Scheduling (APS) optimaliz\u00e1l\u00e1s\u00e1ra specializ\u00e1l\u00f3dtunk, de nem a hagyom\u00e1nyos m\u00f3don. Felismerj\u00fck, hogy a hagyom\u00e1nyos gy\u00e1rt\u00e1si \u00fctemez\u00e9si gyakorlatok gyakran kontraprodukt\u00edvak. \u00dajszer\u0171 \u201eLean MRP\u201d megk\u00f6zel\u00edt\u00e9s\u00fcnk az\",\"breadcrumb\":{\"@id\":\"https:\\\/\\\/altemirconsulting.com\\\/hu\\\/gyartasi-utemezes\\\/#breadcrumb\"},\"inLanguage\":\"hu\",\"potentialAction\":[{\"@type\":\"ReadAction\",\"target\":[\"https:\\\/\\\/altemirconsulting.com\\\/hu\\\/gyartasi-utemezes\\\/\"]}]},{\"@type\":\"BreadcrumbList\",\"@id\":\"https:\\\/\\\/altemirconsulting.com\\\/hu\\\/gyartasi-utemezes\\\/#breadcrumb\",\"itemListElement\":[{\"@type\":\"ListItem\",\"position\":1,\"name\":\"Home\",\"item\":\"https:\\\/\\\/altemirconsulting.com\\\/hu\\\/\"},{\"@type\":\"ListItem\",\"position\":2,\"name\":\"Gy\u00e1rt\u00e1si \u00fctemez\u00e9s\"}]},{\"@type\":\"WebSite\",\"@id\":\"https:\\\/\\\/altemirconsulting.com\\\/hu\\\/#website\",\"url\":\"https:\\\/\\\/altemirconsulting.com\\\/hu\\\/\",\"name\":\"Altemir Consulting\",\"description\":\"\",\"publisher\":{\"@id\":\"https:\\\/\\\/altemirconsulting.com\\\/hu\\\/#organization\"},\"potentialAction\":[{\"@type\":\"SearchAction\",\"target\":{\"@type\":\"EntryPoint\",\"urlTemplate\":\"https:\\\/\\\/altemirconsulting.com\\\/hu\\\/?s={search_term_string}\"},\"query-input\":{\"@type\":\"PropertyValueSpecification\",\"valueRequired\":true,\"valueName\":\"search_term_string\"}}],\"inLanguage\":\"hu\"},{\"@type\":\"Organization\",\"@id\":\"https:\\\/\\\/altemirconsulting.com\\\/hu\\\/#organization\",\"name\":\"Altemir Consulting\",\"url\":\"https:\\\/\\\/altemirconsulting.com\\\/hu\\\/\",\"logo\":{\"@type\":\"ImageObject\",\"inLanguage\":\"hu\",\"@id\":\"https:\\\/\\\/altemirconsulting.com\\\/hu\\\/#\\\/schema\\\/logo\\\/image\\\/\",\"url\":\"https:\\\/\\\/altemirconsulting.com\\\/wp-content\\\/uploads\\\/2017\\\/09\\\/favicon.png\",\"contentUrl\":\"https:\\\/\\\/altemirconsulting.com\\\/wp-content\\\/uploads\\\/2017\\\/09\\\/favicon.png\",\"width\":300,\"height\":300,\"caption\":\"Altemir Consulting\"},\"image\":{\"@id\":\"https:\\\/\\\/altemirconsulting.com\\\/hu\\\/#\\\/schema\\\/logo\\\/image\\\/\"},\"sameAs\":[\"https:\\\/\\\/www.facebook.com\\\/AltemirConsulting\\\/\",\"https:\\\/\\\/x.com\\\/AltemirConsult\",\"https:\\\/\\\/www.linkedin.com\\\/company\\\/altemirconsulting\\\/\",\"https:\\\/\\\/www.youtube.com\\\/channel\\\/UCymlsqpZMZn-GlEFli_bnfA\"]}]}<\/script>\n<!-- \/ Yoast SEO Premium plugin. -->","yoast_head_json":{"title":"Altemir Consulting | APS Termel\u00e9s\u00fctemez\u00e9s & Gy\u00e1rt\u00e1sir\u00e1ny\u00edt\u00e1s","description":"A termel\u00e9s\u00fctemez\u00e9s \u00e9s a gy\u00e1rt\u00e1sir\u00e1ny\u00edt\u00e1s tan\u00e1csad\u00f3i gyakorlatunk sarokk\u00f6ve. Az Advanced Planning and Scheduling (APS) optimaliz\u00e1l\u00e1s\u00e1ra specializ\u00e1l\u00f3dtunk, de nem a hagyom\u00e1nyos m\u00f3don. Felismerj\u00fck, hogy a hagyom\u00e1nyos gy\u00e1rt\u00e1si \u00fctemez\u00e9si gyakorlatok gyakran kontraprodukt\u00edvak. \u00dajszer\u0171 \u201eLean MRP\u201d megk\u00f6zel\u00edt\u00e9s\u00fcnk az","robots":{"index":"index","follow":"follow","max-snippet":"max-snippet:-1","max-image-preview":"max-image-preview:large","max-video-preview":"max-video-preview:-1"},"canonical":"https:\/\/altemirconsulting.com\/hu\/gyartasi-utemezes\/","schema":{"@context":"https:\/\/schema.org","@graph":[{"@type":"WebPage","@id":"https:\/\/altemirconsulting.com\/hu\/gyartasi-utemezes\/","url":"https:\/\/altemirconsulting.com\/hu\/gyartasi-utemezes\/","name":"Altemir Consulting | APS Termel\u00e9s\u00fctemez\u00e9s & Gy\u00e1rt\u00e1sir\u00e1ny\u00edt\u00e1s","isPartOf":{"@id":"https:\/\/altemirconsulting.com\/hu\/#website"},"datePublished":"2018-05-11T03:02:44+00:00","dateModified":"2026-01-20T20:10:13+00:00","description":"A termel\u00e9s\u00fctemez\u00e9s \u00e9s a gy\u00e1rt\u00e1sir\u00e1ny\u00edt\u00e1s tan\u00e1csad\u00f3i gyakorlatunk sarokk\u00f6ve. Az Advanced Planning and Scheduling (APS) optimaliz\u00e1l\u00e1s\u00e1ra specializ\u00e1l\u00f3dtunk, de nem a hagyom\u00e1nyos m\u00f3don. Felismerj\u00fck, hogy a hagyom\u00e1nyos gy\u00e1rt\u00e1si \u00fctemez\u00e9si gyakorlatok gyakran kontraprodukt\u00edvak. \u00dajszer\u0171 \u201eLean MRP\u201d megk\u00f6zel\u00edt\u00e9s\u00fcnk az","breadcrumb":{"@id":"https:\/\/altemirconsulting.com\/hu\/gyartasi-utemezes\/#breadcrumb"},"inLanguage":"hu","potentialAction":[{"@type":"ReadAction","target":["https:\/\/altemirconsulting.com\/hu\/gyartasi-utemezes\/"]}]},{"@type":"BreadcrumbList","@id":"https:\/\/altemirconsulting.com\/hu\/gyartasi-utemezes\/#breadcrumb","itemListElement":[{"@type":"ListItem","position":1,"name":"Home","item":"https:\/\/altemirconsulting.com\/hu\/"},{"@type":"ListItem","position":2,"name":"Gy\u00e1rt\u00e1si \u00fctemez\u00e9s"}]},{"@type":"WebSite","@id":"https:\/\/altemirconsulting.com\/hu\/#website","url":"https:\/\/altemirconsulting.com\/hu\/","name":"Altemir Consulting","description":"","publisher":{"@id":"https:\/\/altemirconsulting.com\/hu\/#organization"},"potentialAction":[{"@type":"SearchAction","target":{"@type":"EntryPoint","urlTemplate":"https:\/\/altemirconsulting.com\/hu\/?s={search_term_string}"},"query-input":{"@type":"PropertyValueSpecification","valueRequired":true,"valueName":"search_term_string"}}],"inLanguage":"hu"},{"@type":"Organization","@id":"https:\/\/altemirconsulting.com\/hu\/#organization","name":"Altemir Consulting","url":"https:\/\/altemirconsulting.com\/hu\/","logo":{"@type":"ImageObject","inLanguage":"hu","@id":"https:\/\/altemirconsulting.com\/hu\/#\/schema\/logo\/image\/","url":"https:\/\/altemirconsulting.com\/wp-content\/uploads\/2017\/09\/favicon.png","contentUrl":"https:\/\/altemirconsulting.com\/wp-content\/uploads\/2017\/09\/favicon.png","width":300,"height":300,"caption":"Altemir Consulting"},"image":{"@id":"https:\/\/altemirconsulting.com\/hu\/#\/schema\/logo\/image\/"},"sameAs":["https:\/\/www.facebook.com\/AltemirConsulting\/","https:\/\/x.com\/AltemirConsult","https:\/\/www.linkedin.com\/company\/altemirconsulting\/","https:\/\/www.youtube.com\/channel\/UCymlsqpZMZn-GlEFli_bnfA"]}]}},"_links":{"self":[{"href":"https:\/\/altemirconsulting.com\/hu\/wp-json\/wp\/v2\/pages\/3910","targetHints":{"allow":["GET"]}}],"collection":[{"href":"https:\/\/altemirconsulting.com\/hu\/wp-json\/wp\/v2\/pages"}],"about":[{"href":"https:\/\/altemirconsulting.com\/hu\/wp-json\/wp\/v2\/types\/page"}],"author":[{"embeddable":true,"href":"https:\/\/altemirconsulting.com\/hu\/wp-json\/wp\/v2\/users\/1"}],"replies":[{"embeddable":true,"href":"https:\/\/altemirconsulting.com\/hu\/wp-json\/wp\/v2\/comments?post=3910"}],"version-history":[{"count":1,"href":"https:\/\/altemirconsulting.com\/hu\/wp-json\/wp\/v2\/pages\/3910\/revisions"}],"predecessor-version":[{"id":3959,"href":"https:\/\/altemirconsulting.com\/hu\/wp-json\/wp\/v2\/pages\/3910\/revisions\/3959"}],"wp:attachment":[{"href":"https:\/\/altemirconsulting.com\/hu\/wp-json\/wp\/v2\/media?parent=3910"}],"curies":[{"name":"wp","href":"https:\/\/api.w.org\/{rel}","templated":true}]}}