{"id":3904,"date":"2018-05-07T15:23:02","date_gmt":"2018-05-07T20:23:02","guid":{"rendered":"https:\/\/altemirconsulting.com\/minosegbiztositas\/"},"modified":"2026-01-20T20:52:16","modified_gmt":"2026-01-21T02:52:16","slug":"minosegbiztositas","status":"publish","type":"page","link":"https:\/\/altemirconsulting.com\/hu\/minosegbiztositas\/","title":{"rendered":"Min\u0151s\u00e9gbiztos\u00edt\u00e1s"},"content":{"rendered":"","protected":false},"excerpt":{"rendered":"","protected":false},"author":1,"featured_media":0,"parent":0,"menu_order":0,"comment_status":"closed","ping_status":"closed","template":"","meta":{"_coblocks_attr":"","_coblocks_dimensions":"","_coblocks_responsive_height":"","_coblocks_accordion_ie_support":"","footnotes":""},"class_list":["post-3904","page","type-page","status-publish","hentry"],"yoast_head":"<!-- This site is optimized with the Yoast SEO Premium plugin v27.0 (Yoast SEO v27.4) - https:\/\/yoast.com\/product\/yoast-seo-premium-wordpress\/ -->\n<title>Min\u0151s\u00e9gbiztos\u00edt\u00e1si Tan\u00e1csad\u00e1s<\/title>\n<meta name=\"description\" content=\"Az Altemir Consulting seg\u00edthet kialak\u00edtani \u00e9s hibaelh\u00e1r\u00edtani min\u0151s\u00e9gbiztos\u00edt\u00e1si protokolljait. Ak\u00e1r \u00faj startup, ak\u00e1r bej\u00e1ratott v\u00e1llalkoz\u00e1s, tapasztalattal rendelkez\u00fcnk a min\u0151s\u00e9gir\u00e1ny\u00edt\u00e1sban az ISO 9001, ISO 13485, FAR, ITAR \u00e9s FDA cGMP szabv\u00e1nyok vonatkoz\u00e1s\u00e1ban.\" \/>\n<meta name=\"robots\" content=\"index, follow, max-snippet:-1, max-image-preview:large, max-video-preview:-1\" \/>\n<link rel=\"canonical\" href=\"https:\/\/altemirconsulting.com\/hu\/minosegbiztositas\/\" \/>\n<script type=\"application\/ld+json\" class=\"yoast-schema-graph\">{\"@context\":\"https:\\\/\\\/schema.org\",\"@graph\":[{\"@type\":\"WebPage\",\"@id\":\"https:\\\/\\\/altemirconsulting.com\\\/hu\\\/minosegbiztositas\\\/\",\"url\":\"https:\\\/\\\/altemirconsulting.com\\\/hu\\\/minosegbiztositas\\\/\",\"name\":\"Min\u0151s\u00e9gbiztos\u00edt\u00e1si Tan\u00e1csad\u00e1s\",\"isPartOf\":{\"@id\":\"https:\\\/\\\/altemirconsulting.com\\\/hu\\\/#website\"},\"datePublished\":\"2018-05-07T20:23:02+00:00\",\"dateModified\":\"2026-01-21T02:52:16+00:00\",\"description\":\"Az Altemir Consulting seg\u00edthet kialak\u00edtani \u00e9s hibaelh\u00e1r\u00edtani min\u0151s\u00e9gbiztos\u00edt\u00e1si protokolljait. Ak\u00e1r \u00faj startup, ak\u00e1r bej\u00e1ratott v\u00e1llalkoz\u00e1s, tapasztalattal rendelkez\u00fcnk a min\u0151s\u00e9gir\u00e1ny\u00edt\u00e1sban az ISO 9001, ISO 13485, FAR, ITAR \u00e9s FDA cGMP szabv\u00e1nyok vonatkoz\u00e1s\u00e1ban.\",\"breadcrumb\":{\"@id\":\"https:\\\/\\\/altemirconsulting.com\\\/hu\\\/minosegbiztositas\\\/#breadcrumb\"},\"inLanguage\":\"hu\",\"potentialAction\":[{\"@type\":\"ReadAction\",\"target\":[\"https:\\\/\\\/altemirconsulting.com\\\/hu\\\/minosegbiztositas\\\/\"]}]},{\"@type\":\"BreadcrumbList\",\"@id\":\"https:\\\/\\\/altemirconsulting.com\\\/hu\\\/minosegbiztositas\\\/#breadcrumb\",\"itemListElement\":[{\"@type\":\"ListItem\",\"position\":1,\"name\":\"Home\",\"item\":\"https:\\\/\\\/altemirconsulting.com\\\/hu\\\/\"},{\"@type\":\"ListItem\",\"position\":2,\"name\":\"Min\u0151s\u00e9gbiztos\u00edt\u00e1s\"}]},{\"@type\":\"WebSite\",\"@id\":\"https:\\\/\\\/altemirconsulting.com\\\/hu\\\/#website\",\"url\":\"https:\\\/\\\/altemirconsulting.com\\\/hu\\\/\",\"name\":\"Altemir Consulting\",\"description\":\"\",\"publisher\":{\"@id\":\"https:\\\/\\\/altemirconsulting.com\\\/hu\\\/#organization\"},\"potentialAction\":[{\"@type\":\"SearchAction\",\"target\":{\"@type\":\"EntryPoint\",\"urlTemplate\":\"https:\\\/\\\/altemirconsulting.com\\\/hu\\\/?s={search_term_string}\"},\"query-input\":{\"@type\":\"PropertyValueSpecification\",\"valueRequired\":true,\"valueName\":\"search_term_string\"}}],\"inLanguage\":\"hu\"},{\"@type\":\"Organization\",\"@id\":\"https:\\\/\\\/altemirconsulting.com\\\/hu\\\/#organization\",\"name\":\"Altemir Consulting\",\"url\":\"https:\\\/\\\/altemirconsulting.com\\\/hu\\\/\",\"logo\":{\"@type\":\"ImageObject\",\"inLanguage\":\"hu\",\"@id\":\"https:\\\/\\\/altemirconsulting.com\\\/hu\\\/#\\\/schema\\\/logo\\\/image\\\/\",\"url\":\"https:\\\/\\\/altemirconsulting.com\\\/wp-content\\\/uploads\\\/2017\\\/09\\\/favicon.png\",\"contentUrl\":\"https:\\\/\\\/altemirconsulting.com\\\/wp-content\\\/uploads\\\/2017\\\/09\\\/favicon.png\",\"width\":300,\"height\":300,\"caption\":\"Altemir Consulting\"},\"image\":{\"@id\":\"https:\\\/\\\/altemirconsulting.com\\\/hu\\\/#\\\/schema\\\/logo\\\/image\\\/\"},\"sameAs\":[\"https:\\\/\\\/www.facebook.com\\\/AltemirConsulting\\\/\",\"https:\\\/\\\/x.com\\\/AltemirConsult\",\"https:\\\/\\\/www.linkedin.com\\\/company\\\/altemirconsulting\\\/\",\"https:\\\/\\\/www.youtube.com\\\/channel\\\/UCymlsqpZMZn-GlEFli_bnfA\"]}]}<\/script>\n<!-- \/ Yoast SEO Premium plugin. -->","yoast_head_json":{"title":"Min\u0151s\u00e9gbiztos\u00edt\u00e1si Tan\u00e1csad\u00e1s","description":"Az Altemir Consulting seg\u00edthet kialak\u00edtani \u00e9s hibaelh\u00e1r\u00edtani min\u0151s\u00e9gbiztos\u00edt\u00e1si protokolljait. Ak\u00e1r \u00faj startup, ak\u00e1r bej\u00e1ratott v\u00e1llalkoz\u00e1s, tapasztalattal rendelkez\u00fcnk a min\u0151s\u00e9gir\u00e1ny\u00edt\u00e1sban az ISO 9001, ISO 13485, FAR, ITAR \u00e9s FDA cGMP szabv\u00e1nyok vonatkoz\u00e1s\u00e1ban.","robots":{"index":"index","follow":"follow","max-snippet":"max-snippet:-1","max-image-preview":"max-image-preview:large","max-video-preview":"max-video-preview:-1"},"canonical":"https:\/\/altemirconsulting.com\/hu\/minosegbiztositas\/","schema":{"@context":"https:\/\/schema.org","@graph":[{"@type":"WebPage","@id":"https:\/\/altemirconsulting.com\/hu\/minosegbiztositas\/","url":"https:\/\/altemirconsulting.com\/hu\/minosegbiztositas\/","name":"Min\u0151s\u00e9gbiztos\u00edt\u00e1si Tan\u00e1csad\u00e1s","isPartOf":{"@id":"https:\/\/altemirconsulting.com\/hu\/#website"},"datePublished":"2018-05-07T20:23:02+00:00","dateModified":"2026-01-21T02:52:16+00:00","description":"Az Altemir Consulting seg\u00edthet kialak\u00edtani \u00e9s hibaelh\u00e1r\u00edtani min\u0151s\u00e9gbiztos\u00edt\u00e1si protokolljait. Ak\u00e1r \u00faj startup, ak\u00e1r bej\u00e1ratott v\u00e1llalkoz\u00e1s, tapasztalattal rendelkez\u00fcnk a min\u0151s\u00e9gir\u00e1ny\u00edt\u00e1sban az ISO 9001, ISO 13485, FAR, ITAR \u00e9s FDA cGMP szabv\u00e1nyok vonatkoz\u00e1s\u00e1ban.","breadcrumb":{"@id":"https:\/\/altemirconsulting.com\/hu\/minosegbiztositas\/#breadcrumb"},"inLanguage":"hu","potentialAction":[{"@type":"ReadAction","target":["https:\/\/altemirconsulting.com\/hu\/minosegbiztositas\/"]}]},{"@type":"BreadcrumbList","@id":"https:\/\/altemirconsulting.com\/hu\/minosegbiztositas\/#breadcrumb","itemListElement":[{"@type":"ListItem","position":1,"name":"Home","item":"https:\/\/altemirconsulting.com\/hu\/"},{"@type":"ListItem","position":2,"name":"Min\u0151s\u00e9gbiztos\u00edt\u00e1s"}]},{"@type":"WebSite","@id":"https:\/\/altemirconsulting.com\/hu\/#website","url":"https:\/\/altemirconsulting.com\/hu\/","name":"Altemir Consulting","description":"","publisher":{"@id":"https:\/\/altemirconsulting.com\/hu\/#organization"},"potentialAction":[{"@type":"SearchAction","target":{"@type":"EntryPoint","urlTemplate":"https:\/\/altemirconsulting.com\/hu\/?s={search_term_string}"},"query-input":{"@type":"PropertyValueSpecification","valueRequired":true,"valueName":"search_term_string"}}],"inLanguage":"hu"},{"@type":"Organization","@id":"https:\/\/altemirconsulting.com\/hu\/#organization","name":"Altemir Consulting","url":"https:\/\/altemirconsulting.com\/hu\/","logo":{"@type":"ImageObject","inLanguage":"hu","@id":"https:\/\/altemirconsulting.com\/hu\/#\/schema\/logo\/image\/","url":"https:\/\/altemirconsulting.com\/wp-content\/uploads\/2017\/09\/favicon.png","contentUrl":"https:\/\/altemirconsulting.com\/wp-content\/uploads\/2017\/09\/favicon.png","width":300,"height":300,"caption":"Altemir Consulting"},"image":{"@id":"https:\/\/altemirconsulting.com\/hu\/#\/schema\/logo\/image\/"},"sameAs":["https:\/\/www.facebook.com\/AltemirConsulting\/","https:\/\/x.com\/AltemirConsult","https:\/\/www.linkedin.com\/company\/altemirconsulting\/","https:\/\/www.youtube.com\/channel\/UCymlsqpZMZn-GlEFli_bnfA"]}]}},"_links":{"self":[{"href":"https:\/\/altemirconsulting.com\/hu\/wp-json\/wp\/v2\/pages\/3904","targetHints":{"allow":["GET"]}}],"collection":[{"href":"https:\/\/altemirconsulting.com\/hu\/wp-json\/wp\/v2\/pages"}],"about":[{"href":"https:\/\/altemirconsulting.com\/hu\/wp-json\/wp\/v2\/types\/page"}],"author":[{"embeddable":true,"href":"https:\/\/altemirconsulting.com\/hu\/wp-json\/wp\/v2\/users\/1"}],"replies":[{"embeddable":true,"href":"https:\/\/altemirconsulting.com\/hu\/wp-json\/wp\/v2\/comments?post=3904"}],"version-history":[{"count":1,"href":"https:\/\/altemirconsulting.com\/hu\/wp-json\/wp\/v2\/pages\/3904\/revisions"}],"predecessor-version":[{"id":4224,"href":"https:\/\/altemirconsulting.com\/hu\/wp-json\/wp\/v2\/pages\/3904\/revisions\/4224"}],"wp:attachment":[{"href":"https:\/\/altemirconsulting.com\/hu\/wp-json\/wp\/v2\/media?parent=3904"}],"curies":[{"name":"wp","href":"https:\/\/api.w.org\/{rel}","templated":true}]}}