{"id":3867,"date":"2020-01-15T12:36:26","date_gmt":"2020-01-15T18:36:26","guid":{"rendered":"https:\/\/altemirconsulting.com\/siop\/"},"modified":"2020-01-15T12:36:26","modified_gmt":"2020-01-15T18:36:26","slug":"siop","status":"publish","type":"page","link":"https:\/\/altemirconsulting.com\/hu\/siop\/","title":{"rendered":"SIOP"},"content":{"rendered":"","protected":false},"excerpt":{"rendered":"","protected":false},"author":1,"featured_media":0,"parent":0,"menu_order":0,"comment_status":"closed","ping_status":"closed","template":"","meta":{"_coblocks_attr":"","_coblocks_dimensions":"","_coblocks_responsive_height":"","_coblocks_accordion_ie_support":"","footnotes":""},"class_list":["post-3867","page","type-page","status-publish","hentry"],"yoast_head":"<!-- This site is optimized with the Yoast SEO Premium plugin v27.0 (Yoast SEO v27.4) - https:\/\/yoast.com\/product\/yoast-seo-premium-wordpress\/ -->\n<title>Altemir Consulting | \u00c9rt\u00e9kes\u00edt\u00e9si, K\u00e9szlet- \u00e9s M\u0171k\u00f6d\u00e9stervez\u00e9s (S&amp;OP\/SIOP)<\/title>\n<meta name=\"description\" content=\"Gyakorlati tapasztalattal rendelkez\u00fcnk form\u00e1lis strat\u00e9giai SIOP\/S&amp;OP tervez\u00e9si folyamatok sikeres fejleszt\u00e9s\u00e9ben \u00e9s bevezet\u00e9s\u00e9ben, biztos\u00edtva, hogy hat\u00e9kony, el\u0151retekint\u0151 r\u00e1l\u00e1t\u00e1sa legyen v\u00e1llalkoz\u00e1s\u00e1ra. Az Altemir Consulting seg\u00edthet egy olyan strat\u00e9giai terv kidolgoz\u00e1s\u00e1ban, amely egy integr\u00e1lt SIOP\/S&amp;OP folyamaton kereszt\u00fcl \u00f6sszekapcsolja \u00e9rt\u00e9kes\u00edt\u00e9si, m\u0171k\u00f6d\u00e9si, p\u00e9nz\u00fcgyi \u00e9s hum\u00e1ner\u0151forr\u00e1s szervezeteit.\" \/>\n<meta name=\"robots\" content=\"index, follow, max-snippet:-1, max-image-preview:large, max-video-preview:-1\" \/>\n<link rel=\"canonical\" href=\"https:\/\/altemirconsulting.com\/hu\/siop\/\" \/>\n<script type=\"application\/ld+json\" class=\"yoast-schema-graph\">{\"@context\":\"https:\\\/\\\/schema.org\",\"@graph\":[{\"@type\":\"WebPage\",\"@id\":\"https:\\\/\\\/altemirconsulting.com\\\/hu\\\/siop\\\/\",\"url\":\"https:\\\/\\\/altemirconsulting.com\\\/hu\\\/siop\\\/\",\"name\":\"Altemir Consulting | \u00c9rt\u00e9kes\u00edt\u00e9si, K\u00e9szlet- \u00e9s M\u0171k\u00f6d\u00e9stervez\u00e9s (S&OP\\\/SIOP)\",\"isPartOf\":{\"@id\":\"https:\\\/\\\/altemirconsulting.com\\\/hu\\\/#website\"},\"datePublished\":\"2020-01-15T18:36:26+00:00\",\"description\":\"Gyakorlati tapasztalattal rendelkez\u00fcnk form\u00e1lis strat\u00e9giai SIOP\\\/S&OP tervez\u00e9si folyamatok sikeres fejleszt\u00e9s\u00e9ben \u00e9s bevezet\u00e9s\u00e9ben, biztos\u00edtva, hogy hat\u00e9kony, el\u0151retekint\u0151 r\u00e1l\u00e1t\u00e1sa legyen v\u00e1llalkoz\u00e1s\u00e1ra. Az Altemir Consulting seg\u00edthet egy olyan strat\u00e9giai terv kidolgoz\u00e1s\u00e1ban, amely egy integr\u00e1lt SIOP\\\/S&OP folyamaton kereszt\u00fcl \u00f6sszekapcsolja \u00e9rt\u00e9kes\u00edt\u00e9si, m\u0171k\u00f6d\u00e9si, p\u00e9nz\u00fcgyi \u00e9s hum\u00e1ner\u0151forr\u00e1s szervezeteit.\",\"breadcrumb\":{\"@id\":\"https:\\\/\\\/altemirconsulting.com\\\/hu\\\/siop\\\/#breadcrumb\"},\"inLanguage\":\"hu\",\"potentialAction\":[{\"@type\":\"ReadAction\",\"target\":[\"https:\\\/\\\/altemirconsulting.com\\\/hu\\\/siop\\\/\"]}]},{\"@type\":\"BreadcrumbList\",\"@id\":\"https:\\\/\\\/altemirconsulting.com\\\/hu\\\/siop\\\/#breadcrumb\",\"itemListElement\":[{\"@type\":\"ListItem\",\"position\":1,\"name\":\"Home\",\"item\":\"https:\\\/\\\/altemirconsulting.com\\\/hu\\\/\"},{\"@type\":\"ListItem\",\"position\":2,\"name\":\"SIOP\"}]},{\"@type\":\"WebSite\",\"@id\":\"https:\\\/\\\/altemirconsulting.com\\\/hu\\\/#website\",\"url\":\"https:\\\/\\\/altemirconsulting.com\\\/hu\\\/\",\"name\":\"Altemir Consulting\",\"description\":\"\",\"publisher\":{\"@id\":\"https:\\\/\\\/altemirconsulting.com\\\/hu\\\/#organization\"},\"potentialAction\":[{\"@type\":\"SearchAction\",\"target\":{\"@type\":\"EntryPoint\",\"urlTemplate\":\"https:\\\/\\\/altemirconsulting.com\\\/hu\\\/?s={search_term_string}\"},\"query-input\":{\"@type\":\"PropertyValueSpecification\",\"valueRequired\":true,\"valueName\":\"search_term_string\"}}],\"inLanguage\":\"hu\"},{\"@type\":\"Organization\",\"@id\":\"https:\\\/\\\/altemirconsulting.com\\\/hu\\\/#organization\",\"name\":\"Altemir Consulting\",\"url\":\"https:\\\/\\\/altemirconsulting.com\\\/hu\\\/\",\"logo\":{\"@type\":\"ImageObject\",\"inLanguage\":\"hu\",\"@id\":\"https:\\\/\\\/altemirconsulting.com\\\/hu\\\/#\\\/schema\\\/logo\\\/image\\\/\",\"url\":\"https:\\\/\\\/altemirconsulting.com\\\/wp-content\\\/uploads\\\/2017\\\/09\\\/favicon.png\",\"contentUrl\":\"https:\\\/\\\/altemirconsulting.com\\\/wp-content\\\/uploads\\\/2017\\\/09\\\/favicon.png\",\"width\":300,\"height\":300,\"caption\":\"Altemir Consulting\"},\"image\":{\"@id\":\"https:\\\/\\\/altemirconsulting.com\\\/hu\\\/#\\\/schema\\\/logo\\\/image\\\/\"},\"sameAs\":[\"https:\\\/\\\/www.facebook.com\\\/AltemirConsulting\\\/\",\"https:\\\/\\\/x.com\\\/AltemirConsult\",\"https:\\\/\\\/www.linkedin.com\\\/company\\\/altemirconsulting\\\/\",\"https:\\\/\\\/www.youtube.com\\\/channel\\\/UCymlsqpZMZn-GlEFli_bnfA\"]}]}<\/script>\n<!-- \/ Yoast SEO Premium plugin. -->","yoast_head_json":{"title":"Altemir Consulting | \u00c9rt\u00e9kes\u00edt\u00e9si, K\u00e9szlet- \u00e9s M\u0171k\u00f6d\u00e9stervez\u00e9s (S&OP\/SIOP)","description":"Gyakorlati tapasztalattal rendelkez\u00fcnk form\u00e1lis strat\u00e9giai SIOP\/S&OP tervez\u00e9si folyamatok sikeres fejleszt\u00e9s\u00e9ben \u00e9s bevezet\u00e9s\u00e9ben, biztos\u00edtva, hogy hat\u00e9kony, el\u0151retekint\u0151 r\u00e1l\u00e1t\u00e1sa legyen v\u00e1llalkoz\u00e1s\u00e1ra. Az Altemir Consulting seg\u00edthet egy olyan strat\u00e9giai terv kidolgoz\u00e1s\u00e1ban, amely egy integr\u00e1lt SIOP\/S&OP folyamaton kereszt\u00fcl \u00f6sszekapcsolja \u00e9rt\u00e9kes\u00edt\u00e9si, m\u0171k\u00f6d\u00e9si, p\u00e9nz\u00fcgyi \u00e9s hum\u00e1ner\u0151forr\u00e1s szervezeteit.","robots":{"index":"index","follow":"follow","max-snippet":"max-snippet:-1","max-image-preview":"max-image-preview:large","max-video-preview":"max-video-preview:-1"},"canonical":"https:\/\/altemirconsulting.com\/hu\/siop\/","schema":{"@context":"https:\/\/schema.org","@graph":[{"@type":"WebPage","@id":"https:\/\/altemirconsulting.com\/hu\/siop\/","url":"https:\/\/altemirconsulting.com\/hu\/siop\/","name":"Altemir Consulting | \u00c9rt\u00e9kes\u00edt\u00e9si, K\u00e9szlet- \u00e9s M\u0171k\u00f6d\u00e9stervez\u00e9s (S&OP\/SIOP)","isPartOf":{"@id":"https:\/\/altemirconsulting.com\/hu\/#website"},"datePublished":"2020-01-15T18:36:26+00:00","description":"Gyakorlati tapasztalattal rendelkez\u00fcnk form\u00e1lis strat\u00e9giai SIOP\/S&OP tervez\u00e9si folyamatok sikeres fejleszt\u00e9s\u00e9ben \u00e9s bevezet\u00e9s\u00e9ben, biztos\u00edtva, hogy hat\u00e9kony, el\u0151retekint\u0151 r\u00e1l\u00e1t\u00e1sa legyen v\u00e1llalkoz\u00e1s\u00e1ra. Az Altemir Consulting seg\u00edthet egy olyan strat\u00e9giai terv kidolgoz\u00e1s\u00e1ban, amely egy integr\u00e1lt SIOP\/S&OP folyamaton kereszt\u00fcl \u00f6sszekapcsolja \u00e9rt\u00e9kes\u00edt\u00e9si, m\u0171k\u00f6d\u00e9si, p\u00e9nz\u00fcgyi \u00e9s hum\u00e1ner\u0151forr\u00e1s szervezeteit.","breadcrumb":{"@id":"https:\/\/altemirconsulting.com\/hu\/siop\/#breadcrumb"},"inLanguage":"hu","potentialAction":[{"@type":"ReadAction","target":["https:\/\/altemirconsulting.com\/hu\/siop\/"]}]},{"@type":"BreadcrumbList","@id":"https:\/\/altemirconsulting.com\/hu\/siop\/#breadcrumb","itemListElement":[{"@type":"ListItem","position":1,"name":"Home","item":"https:\/\/altemirconsulting.com\/hu\/"},{"@type":"ListItem","position":2,"name":"SIOP"}]},{"@type":"WebSite","@id":"https:\/\/altemirconsulting.com\/hu\/#website","url":"https:\/\/altemirconsulting.com\/hu\/","name":"Altemir Consulting","description":"","publisher":{"@id":"https:\/\/altemirconsulting.com\/hu\/#organization"},"potentialAction":[{"@type":"SearchAction","target":{"@type":"EntryPoint","urlTemplate":"https:\/\/altemirconsulting.com\/hu\/?s={search_term_string}"},"query-input":{"@type":"PropertyValueSpecification","valueRequired":true,"valueName":"search_term_string"}}],"inLanguage":"hu"},{"@type":"Organization","@id":"https:\/\/altemirconsulting.com\/hu\/#organization","name":"Altemir Consulting","url":"https:\/\/altemirconsulting.com\/hu\/","logo":{"@type":"ImageObject","inLanguage":"hu","@id":"https:\/\/altemirconsulting.com\/hu\/#\/schema\/logo\/image\/","url":"https:\/\/altemirconsulting.com\/wp-content\/uploads\/2017\/09\/favicon.png","contentUrl":"https:\/\/altemirconsulting.com\/wp-content\/uploads\/2017\/09\/favicon.png","width":300,"height":300,"caption":"Altemir Consulting"},"image":{"@id":"https:\/\/altemirconsulting.com\/hu\/#\/schema\/logo\/image\/"},"sameAs":["https:\/\/www.facebook.com\/AltemirConsulting\/","https:\/\/x.com\/AltemirConsult","https:\/\/www.linkedin.com\/company\/altemirconsulting\/","https:\/\/www.youtube.com\/channel\/UCymlsqpZMZn-GlEFli_bnfA"]}]}},"_links":{"self":[{"href":"https:\/\/altemirconsulting.com\/hu\/wp-json\/wp\/v2\/pages\/3867","targetHints":{"allow":["GET"]}}],"collection":[{"href":"https:\/\/altemirconsulting.com\/hu\/wp-json\/wp\/v2\/pages"}],"about":[{"href":"https:\/\/altemirconsulting.com\/hu\/wp-json\/wp\/v2\/types\/page"}],"author":[{"embeddable":true,"href":"https:\/\/altemirconsulting.com\/hu\/wp-json\/wp\/v2\/users\/1"}],"replies":[{"embeddable":true,"href":"https:\/\/altemirconsulting.com\/hu\/wp-json\/wp\/v2\/comments?post=3867"}],"version-history":[{"count":0,"href":"https:\/\/altemirconsulting.com\/hu\/wp-json\/wp\/v2\/pages\/3867\/revisions"}],"wp:attachment":[{"href":"https:\/\/altemirconsulting.com\/hu\/wp-json\/wp\/v2\/media?parent=3867"}],"curies":[{"name":"wp","href":"https:\/\/api.w.org\/{rel}","templated":true}]}}