{"id":3827,"date":"2018-02-24T12:11:04","date_gmt":"2018-02-24T18:11:04","guid":{"rendered":"https:\/\/altemirconsulting.com\/erp-mrp-mes-aps\/"},"modified":"2026-02-01T15:43:58","modified_gmt":"2026-02-01T21:43:58","slug":"erp-mrp-mes-aps","status":"publish","type":"page","link":"https:\/\/altemirconsulting.com\/hu\/erp-mrp-mes-aps\/","title":{"rendered":"ERP\/MRP\/MES\/APS"},"content":{"rendered":"\n\n\t<h1>ERP \u00e9s Informatikai Tan\u00e1csad\u00e1s<\/h1>\n\t<h4>Kiv\u00e1laszt\u00e1s, Bevezet\u00e9s \u00e9s Optimaliz\u00e1l\u00e1s<\/h4>\n<p>Sz\u00e9lesk\u00f6r\u0171 tapasztalattal rendelkez\u00fcnk a k\u00fcl\u00f6nf\u00e9le v\u00e1llalati IT rendszerek kiv\u00e1laszt\u00e1s\u00e1ban, bevezet\u00e9s\u00e9ben, hibaelh\u00e1r\u00edt\u00e1s\u00e1ban \u00e9s el\u0151nyeinek maximaliz\u00e1l\u00e1s\u00e1ban, legyen sz\u00f3 kisv\u00e1llalkoz\u00e1sr\u00f3l vagy t\u00f6bb milli\u00e1rd doll\u00e1ros, kiterjedt v\u00e1llalati IT rendszer befektet\u00e9sekkel rendelkez\u0151 c\u00e9gr\u0151l.<\/p>\n<p>Az Altemir Consulting a k\u00f6vetkez\u0151ket ny\u00fajtja:<\/p>\n<ul>\n<li><a href=\"https:\/\/www.altemirconsulting.com\/erp-optimization\">Megl\u00e9v\u0151 rendszerek optimaliz\u00e1l\u00e1sa<\/a>, bele\u00e9rtve az adattiszt\u00edt\u00e1st, a legjobb gyakorlatok biztos\u00edt\u00e1s\u00e1t \u00e9s a k\u00e9pz\u00e9st<\/li>\n<li>Adatmigr\u00e1ci\u00f3<\/li>\n<li>Projektmenedzsment<\/li>\n<li>Rendszer kiv\u00e1laszt\u00e1s, tervez\u00e9s \u00e9s \u00e9rt\u00e9kel\u00e9s<\/li>\n<li>Rendszer be\u00e1ll\u00edt\u00e1s \u00e9s bevezet\u00e9s<\/li>\n<li>Folyamatos k\u00e9pz\u00e9s \u00e9s t\u00e1mogat\u00e1s<\/li>\n<li>M&amp;A ut\u00e1ni integr\u00e1ci\u00f3<\/li>\n<\/ul>\n<p>C\u00e9lunk nem felt\u00e9tlen\u00fcl az, hogy rendszer\u00e9nek minden funkci\u00f3j\u00e1t kihaszn\u00e1ljuk, hanem az, hogy rendszer\u00e9t felhaszn\u00e1lva optim\u00e1lis \u00fczleti gyakorlatokat t\u00e1mogassunk a v\u00e1llalat eg\u00e9sz\u00e9ben, amelyekkel el\u00e9rheti c\u00e9ljait.<\/p>\n<h4>Sz\u00e9lesk\u00f6r\u0171 ERP Rendszer Tapasztalat<\/h4>\n<p>Gyakorlatilag b\u00e1rmilyen rel\u00e1ci\u00f3s adatb\u00e1zist (pl. SQL Server, Oracle, HANA, PostgreSQL, MySQL stb.) haszn\u00e1l\u00f3 ERP rendszerrel pozit\u00edv v\u00e1ltoz\u00e1st hozhatunk. Gyakorlati tapasztalattal rendelkez\u00fcnk sz\u00e1mos k\u00fcl\u00f6nb\u00f6z\u0151 ERP rendszer felhaszn\u00e1l\u00f3i fel\u00fcleteivel \u00e9s h\u00e1tt\u00e9r adatb\u00e1zisaival, a QuickBooks-t\u00f3l az SAP-ig terjed\u0151en. <\/p>\n\t<h4><strong>Rendszerf\u00fcggetlenek vagyunk<\/strong><\/h4>\n\t<p>&nbsp;<\/p>\n<p>M\u00e9lyrehat\u00f3 tranzakci\u00f3s \u00fczleti, analitikai, adatb\u00e1zis- \u00e9s technikai ismeretekkel rendelkez\u00fcnk, amelyek seg\u00edthetnek b\u00e1rmely ERP rendszer kiv\u00e1laszt\u00e1s\u00e1ban, bevezet\u00e9s\u00e9ben \u00e9s optimaliz\u00e1l\u00e1s\u00e1ban.<\/p>\n<p>N\u00e9h\u00e1ny rendszer, amellyel k\u00f6zvetlen tapasztalatunk van, t\u00f6bbek k\u00f6z\u00f6tt:<\/p>\n<p><strong>ERP:<\/strong><\/p>\n<ul>\n<li>Cetec ERP<\/li>\n<li>DelmiaWorks (IQMS)<\/li>\n<li>ECi M1<\/li>\n<li>Epicor<\/li>\n<li>Fishbowl Advanced<\/li>\n<li>JobBoss<\/li>\n<li>Infor VISUAL<\/li>\n<li>Infor XA<\/li>\n<li>Microsoft Dynamics 365 Supply Chain Management (Finance &amp; Operations)<\/li>\n<li>Microsoft Dynamics AX<\/li>\n<li>Microsoft Dynamics GP<\/li>\n<li><a href=\"https:\/\/altemirconsulting.com\/hu\/mrpeasy\/\">MRPeasy<\/a><\/li>\n<li>PLEX<\/li>\n<li>NetSuite<\/li>\n<li>QAD<\/li>\n<li>SAP<\/li>\n<li>ShopMate<\/li>\n<li>Viewpoint Spectrum<\/li>\n<li>&#8230; \u00e9s m\u00e1sok<\/li>\n<\/ul>\n<p><strong>MES:<\/strong><\/p>\n<ul>\n<li>Factivity<\/li>\n<li><a href=\"https:\/\/www.altemirconsulting.com\/lean-mrp\/\">Lean MRP felad\u00e1si list\u00e1k<\/a><\/li>\n<li>ShopVue<\/li>\n<\/ul>\n<p><strong>APS:<\/strong><\/p>\n<ul>\n<li>Epicor<\/li>\n<li>Infor VISUAL<\/li>\n<li>Infor XA Visual Planner<\/li>\n<li>Planet Together<\/li>\n<li>Siemens OpsCenter (kor\u00e1bban Preactor)<\/li>\n<li>SAP<\/li>\n<\/ul>\n<p><strong>QMS:<\/strong><\/p>\n<ul>\n<li>CEBOS<\/li>\n<li>Infor VISUAL<\/li>\n<li>Qualio<\/li>\n<\/ul>\n<p><strong>PLM:<\/strong><\/p>\n<ul>\n<li>AutoDesk Fusion Lifecycle<\/li>\n<li>ENOVIA<\/li>\n<li>PTC Windchill<\/li>\n<\/ul>\n<p><strong>CAD:<\/strong><\/p>\n<ul>\n<li>CATIA<\/li>\n<li>ProENGINEER<\/li>\n<li>Solidworks<\/li>\n<\/ul>\n\t<h3>Telefonh\u00edv\u00e1s egyeztet\u00e9se<\/h3>\n<p>Kattintson al\u00e1bb egy ingyenes 30 perces telefonh\u00edv\u00e1s \u00fctemez\u00e9s\u00e9hez, hogy k\u00f6telezetts\u00e9g n\u00e9lk\u00fcl megv\u00e1laszoljuk k\u00e9rd\u00e9seit.<\/p>\n\t<!-- Calendly inline widget begin -->\n<!-- Calendly inline widget end -->\n\t\t<h3>Fedezze fel a lehet\u0151s\u00e9geket&#8230;<\/h3>\n\t\t<p>Sz\u00edvesen fogadjuk minden, a k\u00f6vetkez\u0151 szintre l\u00e9pni v\u00e1gy\u00f3 kis- \u00e9s nagyv\u00e1llalkoz\u00e1s megkeres\u00e9s\u00e9t. Forduljon hozz\u00e1nk bizalommal, hogy k\u00f6telezetts\u00e9g n\u00e9lk\u00fcl megvitassuk egyedi ig\u00e9nyeit. <\/p>\n\t\t\t<a href=\"https:\/\/altemirconsulting.com\/hu\/kapcsolat\/\" target=\"_self\">\n\t\t\t\t\t\t\tKapcsolat\n\t\t\t\t\t<\/a>\n\n","protected":false},"excerpt":{"rendered":"<p>ERP \u00e9s Informatikai Tan\u00e1csad\u00e1s Kiv\u00e1laszt\u00e1s, Bevezet\u00e9s \u00e9s Optimaliz\u00e1l\u00e1s Sz\u00e9lesk\u00f6r\u0171 tapasztalattal rendelkez\u00fcnk a k\u00fcl\u00f6nf\u00e9le v\u00e1llalati IT rendszerek kiv\u00e1laszt\u00e1s\u00e1ban, bevezet\u00e9s\u00e9ben, hibaelh\u00e1r\u00edt\u00e1s\u00e1ban \u00e9s el\u0151nyeinek maximaliz\u00e1l\u00e1s\u00e1ban, legyen sz\u00f3 kisv\u00e1llalkoz\u00e1sr\u00f3l vagy t\u00f6bb milli\u00e1rd doll\u00e1ros, kiterjedt v\u00e1llalati IT rendszer befektet\u00e9sekkel rendelkez\u0151 c\u00e9gr\u0151l. Az Altemir Consulting a k\u00f6vetkez\u0151ket ny\u00fajtja: Megl\u00e9v\u0151 rendszerek optimaliz\u00e1l\u00e1sa, bele\u00e9rtve az adattiszt\u00edt\u00e1st, a legjobb gyakorlatok biztos\u00edt\u00e1s\u00e1t \u00e9s a k\u00e9pz\u00e9st [&hellip;]<\/p>\n","protected":false},"author":1,"featured_media":0,"parent":0,"menu_order":0,"comment_status":"closed","ping_status":"closed","template":"","meta":{"_coblocks_attr":"","_coblocks_dimensions":"","_coblocks_responsive_height":"","_coblocks_accordion_ie_support":"","footnotes":""},"class_list":["post-3827","page","type-page","status-publish","hentry"],"yoast_head":"<!-- This site is optimized with the Yoast SEO Premium plugin v27.0 (Yoast SEO v27.6) - https:\/\/yoast.com\/product\/yoast-seo-premium-wordpress\/ -->\n<title>Rendszerf\u00fcggetlen ERP optimaliz\u00e1l\u00e1s | Altemir Consulting<\/title>\n<meta name=\"description\" content=\"M\u00e9lyrehat\u00f3 tapasztalattal rendelkez\u00fcnk a gy\u00e1rt\u00e1si ERP, MES, PLM \u00e9s APS rendszerek sz\u00e9les sk\u00e1l\u00e1j\u00e1nak kiv\u00e1laszt\u00e1s\u00e1ban, bevezet\u00e9s\u00e9ben \u00e9s optimaliz\u00e1l\u00e1s\u00e1ban.\" \/>\n<meta name=\"robots\" content=\"index, follow, max-snippet:-1, max-image-preview:large, max-video-preview:-1\" \/>\n<link rel=\"canonical\" href=\"https:\/\/altemirconsulting.com\/hu\/erp-mrp-mes-aps\/\" \/>\n<meta name=\"twitter:label1\" content=\"Becs\u00fclt olvas\u00e1si id\u0151\" \/>\n\t<meta name=\"twitter:data1\" content=\"2 perc\" \/>\n<script type=\"application\/ld+json\" class=\"yoast-schema-graph\">{\"@context\":\"https:\\\/\\\/schema.org\",\"@graph\":[{\"@type\":\"WebPage\",\"@id\":\"https:\\\/\\\/altemirconsulting.com\\\/hu\\\/erp-mrp-mes-aps\\\/\",\"url\":\"https:\\\/\\\/altemirconsulting.com\\\/hu\\\/erp-mrp-mes-aps\\\/\",\"name\":\"Rendszerf\u00fcggetlen ERP optimaliz\u00e1l\u00e1s | Altemir Consulting\",\"isPartOf\":{\"@id\":\"https:\\\/\\\/altemirconsulting.com\\\/hu\\\/#website\"},\"datePublished\":\"2018-02-24T18:11:04+00:00\",\"dateModified\":\"2026-02-01T21:43:58+00:00\",\"description\":\"M\u00e9lyrehat\u00f3 tapasztalattal rendelkez\u00fcnk a gy\u00e1rt\u00e1si ERP, MES, PLM \u00e9s APS rendszerek sz\u00e9les sk\u00e1l\u00e1j\u00e1nak kiv\u00e1laszt\u00e1s\u00e1ban, bevezet\u00e9s\u00e9ben \u00e9s optimaliz\u00e1l\u00e1s\u00e1ban.\",\"breadcrumb\":{\"@id\":\"https:\\\/\\\/altemirconsulting.com\\\/hu\\\/erp-mrp-mes-aps\\\/#breadcrumb\"},\"inLanguage\":\"hu\",\"potentialAction\":[{\"@type\":\"ReadAction\",\"target\":[\"https:\\\/\\\/altemirconsulting.com\\\/hu\\\/erp-mrp-mes-aps\\\/\"]}]},{\"@type\":\"BreadcrumbList\",\"@id\":\"https:\\\/\\\/altemirconsulting.com\\\/hu\\\/erp-mrp-mes-aps\\\/#breadcrumb\",\"itemListElement\":[{\"@type\":\"ListItem\",\"position\":1,\"name\":\"Home\",\"item\":\"https:\\\/\\\/altemirconsulting.com\\\/hu\\\/\"},{\"@type\":\"ListItem\",\"position\":2,\"name\":\"ERP\\\/MRP\\\/MES\\\/APS\"}]},{\"@type\":\"WebSite\",\"@id\":\"https:\\\/\\\/altemirconsulting.com\\\/hu\\\/#website\",\"url\":\"https:\\\/\\\/altemirconsulting.com\\\/hu\\\/\",\"name\":\"Altemir Consulting\",\"description\":\"\",\"publisher\":{\"@id\":\"https:\\\/\\\/altemirconsulting.com\\\/hu\\\/#organization\"},\"potentialAction\":[{\"@type\":\"SearchAction\",\"target\":{\"@type\":\"EntryPoint\",\"urlTemplate\":\"https:\\\/\\\/altemirconsulting.com\\\/hu\\\/?s={search_term_string}\"},\"query-input\":{\"@type\":\"PropertyValueSpecification\",\"valueRequired\":true,\"valueName\":\"search_term_string\"}}],\"inLanguage\":\"hu\"},{\"@type\":\"Organization\",\"@id\":\"https:\\\/\\\/altemirconsulting.com\\\/hu\\\/#organization\",\"name\":\"Altemir Consulting\",\"url\":\"https:\\\/\\\/altemirconsulting.com\\\/hu\\\/\",\"logo\":{\"@type\":\"ImageObject\",\"inLanguage\":\"hu\",\"@id\":\"https:\\\/\\\/altemirconsulting.com\\\/hu\\\/#\\\/schema\\\/logo\\\/image\\\/\",\"url\":\"https:\\\/\\\/altemirconsulting.com\\\/wp-content\\\/uploads\\\/2017\\\/09\\\/favicon.png\",\"contentUrl\":\"https:\\\/\\\/altemirconsulting.com\\\/wp-content\\\/uploads\\\/2017\\\/09\\\/favicon.png\",\"width\":300,\"height\":300,\"caption\":\"Altemir Consulting\"},\"image\":{\"@id\":\"https:\\\/\\\/altemirconsulting.com\\\/hu\\\/#\\\/schema\\\/logo\\\/image\\\/\"},\"sameAs\":[\"https:\\\/\\\/www.facebook.com\\\/AltemirConsulting\\\/\",\"https:\\\/\\\/x.com\\\/AltemirConsult\",\"https:\\\/\\\/www.linkedin.com\\\/company\\\/altemirconsulting\\\/\",\"https:\\\/\\\/www.youtube.com\\\/channel\\\/UCymlsqpZMZn-GlEFli_bnfA\"]}]}<\/script>\n<!-- \/ Yoast SEO Premium plugin. -->","yoast_head_json":{"title":"Rendszerf\u00fcggetlen ERP optimaliz\u00e1l\u00e1s | Altemir Consulting","description":"M\u00e9lyrehat\u00f3 tapasztalattal rendelkez\u00fcnk a gy\u00e1rt\u00e1si ERP, MES, PLM \u00e9s APS rendszerek sz\u00e9les sk\u00e1l\u00e1j\u00e1nak kiv\u00e1laszt\u00e1s\u00e1ban, bevezet\u00e9s\u00e9ben \u00e9s optimaliz\u00e1l\u00e1s\u00e1ban.","robots":{"index":"index","follow":"follow","max-snippet":"max-snippet:-1","max-image-preview":"max-image-preview:large","max-video-preview":"max-video-preview:-1"},"canonical":"https:\/\/altemirconsulting.com\/hu\/erp-mrp-mes-aps\/","twitter_misc":{"Becs\u00fclt olvas\u00e1si id\u0151":"2 perc"},"schema":{"@context":"https:\/\/schema.org","@graph":[{"@type":"WebPage","@id":"https:\/\/altemirconsulting.com\/hu\/erp-mrp-mes-aps\/","url":"https:\/\/altemirconsulting.com\/hu\/erp-mrp-mes-aps\/","name":"Rendszerf\u00fcggetlen ERP optimaliz\u00e1l\u00e1s | Altemir Consulting","isPartOf":{"@id":"https:\/\/altemirconsulting.com\/hu\/#website"},"datePublished":"2018-02-24T18:11:04+00:00","dateModified":"2026-02-01T21:43:58+00:00","description":"M\u00e9lyrehat\u00f3 tapasztalattal rendelkez\u00fcnk a gy\u00e1rt\u00e1si ERP, MES, PLM \u00e9s APS rendszerek sz\u00e9les sk\u00e1l\u00e1j\u00e1nak kiv\u00e1laszt\u00e1s\u00e1ban, bevezet\u00e9s\u00e9ben \u00e9s optimaliz\u00e1l\u00e1s\u00e1ban.","breadcrumb":{"@id":"https:\/\/altemirconsulting.com\/hu\/erp-mrp-mes-aps\/#breadcrumb"},"inLanguage":"hu","potentialAction":[{"@type":"ReadAction","target":["https:\/\/altemirconsulting.com\/hu\/erp-mrp-mes-aps\/"]}]},{"@type":"BreadcrumbList","@id":"https:\/\/altemirconsulting.com\/hu\/erp-mrp-mes-aps\/#breadcrumb","itemListElement":[{"@type":"ListItem","position":1,"name":"Home","item":"https:\/\/altemirconsulting.com\/hu\/"},{"@type":"ListItem","position":2,"name":"ERP\/MRP\/MES\/APS"}]},{"@type":"WebSite","@id":"https:\/\/altemirconsulting.com\/hu\/#website","url":"https:\/\/altemirconsulting.com\/hu\/","name":"Altemir Consulting","description":"","publisher":{"@id":"https:\/\/altemirconsulting.com\/hu\/#organization"},"potentialAction":[{"@type":"SearchAction","target":{"@type":"EntryPoint","urlTemplate":"https:\/\/altemirconsulting.com\/hu\/?s={search_term_string}"},"query-input":{"@type":"PropertyValueSpecification","valueRequired":true,"valueName":"search_term_string"}}],"inLanguage":"hu"},{"@type":"Organization","@id":"https:\/\/altemirconsulting.com\/hu\/#organization","name":"Altemir Consulting","url":"https:\/\/altemirconsulting.com\/hu\/","logo":{"@type":"ImageObject","inLanguage":"hu","@id":"https:\/\/altemirconsulting.com\/hu\/#\/schema\/logo\/image\/","url":"https:\/\/altemirconsulting.com\/wp-content\/uploads\/2017\/09\/favicon.png","contentUrl":"https:\/\/altemirconsulting.com\/wp-content\/uploads\/2017\/09\/favicon.png","width":300,"height":300,"caption":"Altemir Consulting"},"image":{"@id":"https:\/\/altemirconsulting.com\/hu\/#\/schema\/logo\/image\/"},"sameAs":["https:\/\/www.facebook.com\/AltemirConsulting\/","https:\/\/x.com\/AltemirConsult","https:\/\/www.linkedin.com\/company\/altemirconsulting\/","https:\/\/www.youtube.com\/channel\/UCymlsqpZMZn-GlEFli_bnfA"]}]}},"_links":{"self":[{"href":"https:\/\/altemirconsulting.com\/hu\/wp-json\/wp\/v2\/pages\/3827","targetHints":{"allow":["GET"]}}],"collection":[{"href":"https:\/\/altemirconsulting.com\/hu\/wp-json\/wp\/v2\/pages"}],"about":[{"href":"https:\/\/altemirconsulting.com\/hu\/wp-json\/wp\/v2\/types\/page"}],"author":[{"embeddable":true,"href":"https:\/\/altemirconsulting.com\/hu\/wp-json\/wp\/v2\/users\/1"}],"replies":[{"embeddable":true,"href":"https:\/\/altemirconsulting.com\/hu\/wp-json\/wp\/v2\/comments?post=3827"}],"version-history":[{"count":2,"href":"https:\/\/altemirconsulting.com\/hu\/wp-json\/wp\/v2\/pages\/3827\/revisions"}],"predecessor-version":[{"id":4724,"href":"https:\/\/altemirconsulting.com\/hu\/wp-json\/wp\/v2\/pages\/3827\/revisions\/4724"}],"wp:attachment":[{"href":"https:\/\/altemirconsulting.com\/hu\/wp-json\/wp\/v2\/media?parent=3827"}],"curies":[{"name":"wp","href":"https:\/\/api.w.org\/{rel}","templated":true}]}}