{"id":3821,"date":"2018-03-20T20:51:36","date_gmt":"2018-03-21T01:51:36","guid":{"rendered":"https:\/\/altemirconsulting.com\/mrpeasy\/"},"modified":"2026-02-01T22:02:56","modified_gmt":"2026-02-02T04:02:56","slug":"mrpeasy","status":"publish","type":"page","link":"https:\/\/altemirconsulting.com\/hu\/mrpeasy\/","title":{"rendered":"MRPeasy"},"content":{"rendered":"\n\n\t<h1>MRPeasy Gy\u00e1rt\u00e1si ERP<\/h1>\n\t\t\t\t<img decoding=\"async\" src=\"https:\/\/altemirconsulting.com\/wp-content\/uploads\/2018\/04\/primary-logo.png\" alt=\"MRPeasy tan\u00e1csad\u00f3 partner\" itemprop=\"image\" height=\"66\" width=\"285\" title=\"els\u0151dleges log\u00f3\" onerror=\"this.style.display='none'\" loading=\"lazy\" \/>\n\t<p><em>Az MRPeasy<\/em> egy k\u00f6nnyen haszn\u00e1lhat\u00f3, felh\u0151alap\u00fa gy\u00e1rt\u00e1si ERP rendszer, amely praktikus \u00e9s intuit\u00edv CRM, beszerz\u00e9si, k\u00e9szletgazd\u00e1lkod\u00e1si, gy\u00e1rt\u00e1sir\u00e1ny\u00edt\u00e1si \u00e9s sz\u00e1mviteli funkci\u00f3kat biztos\u00edt m\u0171k\u00f6d\u00e9s\u00e9nek \u00e1tfog\u00f3 kezel\u00e9s\u00e9hez.<\/p>\n<h4>\u00daj Bevezet\u00e9sek<\/h4>\n<p>Az Altemir Consulting seg\u00edts\u00e9get ny\u00fajthat a kezdeti rendszerbe\u00e1ll\u00edt\u00e1sban, bele\u00e9rtve az adatmigr\u00e1ci\u00f3t \u00e9s m\u00e1s szoftverrendszerekkel val\u00f3 integr\u00e1ci\u00f3t. A szoftveren t\u00falmen\u0151en tapasztalt \u00fczleti folyamatfejleszt\u00e9st, szem\u00e9lyzeti k\u00e9pz\u00e9st \u00e9s sz\u00fcks\u00e9g eset\u00e9n folyamatos t\u00e1mogat\u00e1st is biztos\u00edtunk.<\/p>\n<p>Gyakorlati tapasztalatunk biztos\u00edtja, hogy rendszere optim\u00e1lisan \u00e9s helyesen ker\u00fclj\u00f6n bevezet\u00e9sre, \u00edgy elker\u00fclheti a gyakori buktat\u00f3kat, \u00e9s megb\u00e1n\u00e1s, k\u00e9sedelem vagy visszaes\u00e9s n\u00e9lk\u00fcl kihaszn\u00e1lhatja a szoftver k\u00e9pess\u00e9geit.<\/p>\n<h4>M\u00e1r Haszn\u00e1lja az MRPeasy-t, \u00e9s Szeretn\u00e9 Biztos\u00edtani, Hogy Helyesen Haszn\u00e1lja?<\/h4>\n<p>Nincs egyed\u00fcl. Seg\u00edthet\u00fcnk optimaliz\u00e1lni c\u00e9ge jelenlegi MRPeasy haszn\u00e1lat\u00e1t, bele\u00e9rtve az adatok sz\u00fcks\u00e9g szerinti tiszt\u00edt\u00e1s\u00e1t. Gyorsan a helyes \u00fatra terelhetj\u00fck a pontos k\u00e9szletgazd\u00e1lkod\u00e1s, a hat\u00e9kony rendel\u00e9steljes\u00edt\u00e9s \u00e9s a helyes k\u00f6lts\u00e9gelsz\u00e1mol\u00e1s fel\u00e9.<\/p>\n<h4>Mi\u00e9rt \u00c9rdemes Vel\u00fcnk Dolgozni?<\/h4>\n<p>Seg\u00edtett\u00fcnk az MRPeasy kulcsfontoss\u00e1g\u00fa funkci\u00f3inak fejleszt\u00e9s\u00e9ben, \u00e9s t\u00f6bb mint k\u00e9t tucat rendszerbevezet\u00e9st \u00e9s optimaliz\u00e1l\u00e1st vezett\u00fcnk. Sz\u00e9lesk\u00f6r\u0171 gyakorlati gy\u00e1rt\u00e1si \u00e9s rendszertapasztalattal rendelkez\u00fcnk sz\u00e1mos ipar\u00e1gban \u00e9s v\u00e1llalatn\u00e1l. Sokkal t\u00f6bbek vagyunk, mint egyszer\u0171 IT tan\u00e1csad\u00f3k.<\/p>\n<p>Nem tal\u00e1l jobb partnert ahhoz, hogy szoftver\u00e9t gyakorlatilag \u00e9s hat\u00e9konyan t\u00e1mogassa gy\u00e1rt\u00f3 v\u00e1llalkoz\u00e1s\u00e1t.<\/p>\n<h4>MRPeasy F\u0151bb Jellemz\u0151k<\/h4>\n<p>Az MRPeasy az anyag-, a gy\u00e1rt\u00f3sori gy\u00e1rt\u00e1s- \u00e9s a sz\u00e1mviteli menedzsment funkci\u00f3k \u00e1tfog\u00f3 sk\u00e1l\u00e1j\u00e1t tartalmazza.<\/p>\n<h5>\u00dcgyf\u00e9lkapcsolat-kezel\u00e9s (CRM):<\/h5>\n<ul>\n<li>Kapcsolattart\u00e1s kezel\u00e9se<\/li>\n<li>Vev\u0151i megrendel\u00e9sek<\/li>\n<li>Sz\u00e1ll\u00edt\u00e1s<\/li>\n<li>Sz\u00e1ml\u00e1k<\/li>\n<\/ul>\n<h5>Termel\u00e9stervez\u00e9s \u00e9s V\u00e9grehajt\u00e1s:<\/h5>\n<ul>\n<li>Termel\u00e9s \u00fctemez\u00e9se<\/li>\n<li>Gy\u00e1rt\u00f3sori gy\u00e1rt\u00e1si megrendel\u00e9sek<\/li>\n<li>Anyagjegyz\u00e9k-kezel\u00e9s<\/li>\n<li>Gy\u00e1rt\u00e1si \u00fatvonalak<\/li>\n<li>Term\u00e9kk\u00f6lts\u00e9gsz\u00e1m\u00edt\u00e1s<\/li>\n<li>Gy\u00e1rt\u00f3sori munkaid\u0151-k\u00f6vet\u00e9s<\/li>\n<\/ul>\n<h5>Beszerz\u00e9s \u00e9s K\u00e9szletgazd\u00e1lkod\u00e1s:<\/h5>\n<ul>\n<li>Cikksz\u00e1mkezel\u00e9s<\/li>\n<li>K\u00e9szletgazd\u00e1lkod\u00e1s<\/li>\n<li>Beszerz\u00e9si megrendel\u00e9sek<\/li>\n<li>MRP Anyagtervez\u00e9s<\/li>\n<\/ul>\n<h5>Min\u0151s\u00e9gbiztos\u00edt\u00e1s:<\/h5>\n<ul>\n<li>Be\u00e9rkez\u00e9si ellen\u0151rz\u00e9s<\/li>\n<li>Min\u0151s\u00e9gellen\u0151rz\u00e9si nyilv\u00e1ntart\u00e1s<\/li>\n<li>Sorozatsz\u00e1moz\u00e1s \u00e9s t\u00e9telsz\u00e1m-ellen\u0151rz\u00e9s<\/li>\n<\/ul>\n<h5>Sz\u00e1mvitel &amp; P\u00e9nz\u00fcgy:<\/h5>\n<ul>\n<li>\u00c9rt\u00e9kes\u00edt\u00e9si \u00e9s k\u00f6lts\u00e9gelsz\u00e1mol\u00e1s<\/li>\n<li>P\u00e9nz\u00fcgyi jelent\u00e9sk\u00e9sz\u00edt\u00e9s (ak\u00e1r bels\u0151 p\u00e9nz\u00fcgyi adatok, <em>QuickBooks Online<\/em>, vagy <em>Xero<\/em> haszn\u00e1lat\u00e1val)<\/li>\n<li>P\u00e9nzforgalmi el\u0151rejelz\u00e9s<\/li>\n<li>K\u00e9szlet\u00e9rt\u00e9kel\u00e9s<\/li>\n<\/ul>\n<p><a href=\"https:\/\/app.mrpeasy.com\/ctrl\/partner\/link\/73%22%20target=%22_blank%22\"><strong>PR\u00d3B\u00c1LJA KI MOST 30 NAPIG INGYEN<\/strong><\/a><\/p>\n\t\t\t\t<a href=\"https:\/\/app.mrpeasy.com\/ctrl\/partner\/link\/73\"  target=\"_self\" itemprop=\"url\">\n\t\t\t\t<img decoding=\"async\" src=\"https:\/\/altemirconsulting.com\/wp-content\/uploads\/2026\/02\/POWERPNT_vlg05NdB3d-640x320.png\" alt=\"POWERPNT_vlg05NdB3d\" itemprop=\"image\" height=\"320\" width=\"640\" title=\"POWERPNT_vlg05NdB3d\" onerror=\"this.style.display='none'\" loading=\"lazy\" \/>\n\t\t\t\t<\/a>\n\t\t<iframe loading=\"lazy\" width=\"560\" height=\"315\" src=\"https:\/\/www.youtube.com\/embed\/EzyMcGSyixg\" frameborder=\"0\" allow=\"accelerometer; autoplay; encrypted-media; gyroscope; picture-in-picture\" allowfullscreen><\/iframe>\t\n\t\t\t\t<img decoding=\"async\" src=\"https:\/\/altemirconsulting.com\/wp-content\/uploads\/2019\/11\/MRPeasy_dashboard-2.png\" alt=\"MRPeasy telefonos t\u00e1mogat\u00e1s\" itemprop=\"image\" height=\"201\" width=\"410\" title=\"MRPeasy_dashboard\" onerror=\"this.style.display='none'\" loading=\"lazy\" \/>\n\t\t<h3>Fedezze Fel a Lehet\u0151s\u00e9geket&#8230;<\/h3>\n\t\t<p>Sz\u00edvesen fogadjuk minden, a k\u00f6vetkez\u0151 szintre l\u00e9pni v\u00e1gy\u00f3 kis- \u00e9s nagyv\u00e1llalkoz\u00e1s megkeres\u00e9s\u00e9t. Forduljon hozz\u00e1nk bizalommal, hogy k\u00f6telezetts\u00e9g n\u00e9lk\u00fcl megvitassuk egyedi ig\u00e9nyeit.<\/p>\n\t\t\t<a href=\"https:\/\/altemirconsulting.com\/hu\/kapcsolat\/\" target=\"_self\">\n\t\t\t\t\t\t\tKapcsolat\n\t\t\t\t\t<\/a>\n\n","protected":false},"excerpt":{"rendered":"<p>MRPeasy Gy\u00e1rt\u00e1si ERP Az MRPeasy egy k\u00f6nnyen haszn\u00e1lhat\u00f3, felh\u0151alap\u00fa gy\u00e1rt\u00e1si ERP rendszer, amely praktikus \u00e9s intuit\u00edv CRM, beszerz\u00e9si, k\u00e9szletgazd\u00e1lkod\u00e1si, gy\u00e1rt\u00e1sir\u00e1ny\u00edt\u00e1si \u00e9s sz\u00e1mviteli funkci\u00f3kat biztos\u00edt m\u0171k\u00f6d\u00e9s\u00e9nek \u00e1tfog\u00f3 kezel\u00e9s\u00e9hez. \u00daj Bevezet\u00e9sek Az Altemir Consulting seg\u00edts\u00e9get ny\u00fajthat a kezdeti rendszerbe\u00e1ll\u00edt\u00e1sban, bele\u00e9rtve az adatmigr\u00e1ci\u00f3t \u00e9s m\u00e1s szoftverrendszerekkel val\u00f3 integr\u00e1ci\u00f3t. A szoftveren t\u00falmen\u0151en tapasztalt \u00fczleti folyamatfejleszt\u00e9st, szem\u00e9lyzeti k\u00e9pz\u00e9st \u00e9s sz\u00fcks\u00e9g [&hellip;]<\/p>\n","protected":false},"author":1,"featured_media":0,"parent":0,"menu_order":0,"comment_status":"closed","ping_status":"closed","template":"","meta":{"_coblocks_attr":"","_coblocks_dimensions":"","_coblocks_responsive_height":"","_coblocks_accordion_ie_support":"","footnotes":""},"class_list":["post-3821","page","type-page","status-publish","hentry"],"yoast_head":"<!-- This site is optimized with the Yoast SEO Premium plugin v27.0 (Yoast SEO v27.4) - https:\/\/yoast.com\/product\/yoast-seo-premium-wordpress\/ -->\n<title>MRPeasy \u2013 Tan\u00e1csad\u00e1s, Bevezet\u00e9s \u00e9s T\u00e1mogat\u00e1s<\/title>\n<meta name=\"robots\" content=\"index, follow, max-snippet:-1, max-image-preview:large, max-video-preview:-1\" \/>\n<link rel=\"canonical\" href=\"https:\/\/altemirconsulting.com\/hu\/mrpeasy\/\" \/>\n<meta name=\"twitter:label1\" content=\"Becs\u00fclt olvas\u00e1si id\u0151\" \/>\n\t<meta name=\"twitter:data1\" content=\"3 perc\" \/>\n<script type=\"application\/ld+json\" class=\"yoast-schema-graph\">{\"@context\":\"https:\\\/\\\/schema.org\",\"@graph\":[{\"@type\":\"WebPage\",\"@id\":\"https:\\\/\\\/altemirconsulting.com\\\/hu\\\/mrpeasy\\\/\",\"url\":\"https:\\\/\\\/altemirconsulting.com\\\/hu\\\/mrpeasy\\\/\",\"name\":\"MRPeasy \u2013 Tan\u00e1csad\u00e1s, Bevezet\u00e9s \u00e9s T\u00e1mogat\u00e1s\",\"isPartOf\":{\"@id\":\"https:\\\/\\\/altemirconsulting.com\\\/hu\\\/#website\"},\"primaryImageOfPage\":{\"@id\":\"https:\\\/\\\/altemirconsulting.com\\\/hu\\\/mrpeasy\\\/#primaryimage\"},\"image\":{\"@id\":\"https:\\\/\\\/altemirconsulting.com\\\/hu\\\/mrpeasy\\\/#primaryimage\"},\"thumbnailUrl\":\"https:\\\/\\\/altemirconsulting.com\\\/wp-content\\\/uploads\\\/2018\\\/04\\\/primary-logo.png\",\"datePublished\":\"2018-03-21T01:51:36+00:00\",\"dateModified\":\"2026-02-02T04:02:56+00:00\",\"breadcrumb\":{\"@id\":\"https:\\\/\\\/altemirconsulting.com\\\/hu\\\/mrpeasy\\\/#breadcrumb\"},\"inLanguage\":\"hu\",\"potentialAction\":[{\"@type\":\"ReadAction\",\"target\":[\"https:\\\/\\\/altemirconsulting.com\\\/hu\\\/mrpeasy\\\/\"]}]},{\"@type\":\"ImageObject\",\"inLanguage\":\"hu\",\"@id\":\"https:\\\/\\\/altemirconsulting.com\\\/hu\\\/mrpeasy\\\/#primaryimage\",\"url\":\"https:\\\/\\\/altemirconsulting.com\\\/wp-content\\\/uploads\\\/2018\\\/04\\\/primary-logo.png\",\"contentUrl\":\"https:\\\/\\\/altemirconsulting.com\\\/wp-content\\\/uploads\\\/2018\\\/04\\\/primary-logo.png\"},{\"@type\":\"BreadcrumbList\",\"@id\":\"https:\\\/\\\/altemirconsulting.com\\\/hu\\\/mrpeasy\\\/#breadcrumb\",\"itemListElement\":[{\"@type\":\"ListItem\",\"position\":1,\"name\":\"Home\",\"item\":\"https:\\\/\\\/altemirconsulting.com\\\/hu\\\/\"},{\"@type\":\"ListItem\",\"position\":2,\"name\":\"MRPeasy\"}]},{\"@type\":\"WebSite\",\"@id\":\"https:\\\/\\\/altemirconsulting.com\\\/hu\\\/#website\",\"url\":\"https:\\\/\\\/altemirconsulting.com\\\/hu\\\/\",\"name\":\"Altemir Consulting\",\"description\":\"\",\"publisher\":{\"@id\":\"https:\\\/\\\/altemirconsulting.com\\\/hu\\\/#organization\"},\"potentialAction\":[{\"@type\":\"SearchAction\",\"target\":{\"@type\":\"EntryPoint\",\"urlTemplate\":\"https:\\\/\\\/altemirconsulting.com\\\/hu\\\/?s={search_term_string}\"},\"query-input\":{\"@type\":\"PropertyValueSpecification\",\"valueRequired\":true,\"valueName\":\"search_term_string\"}}],\"inLanguage\":\"hu\"},{\"@type\":\"Organization\",\"@id\":\"https:\\\/\\\/altemirconsulting.com\\\/hu\\\/#organization\",\"name\":\"Altemir Consulting\",\"url\":\"https:\\\/\\\/altemirconsulting.com\\\/hu\\\/\",\"logo\":{\"@type\":\"ImageObject\",\"inLanguage\":\"hu\",\"@id\":\"https:\\\/\\\/altemirconsulting.com\\\/hu\\\/#\\\/schema\\\/logo\\\/image\\\/\",\"url\":\"https:\\\/\\\/altemirconsulting.com\\\/wp-content\\\/uploads\\\/2017\\\/09\\\/favicon.png\",\"contentUrl\":\"https:\\\/\\\/altemirconsulting.com\\\/wp-content\\\/uploads\\\/2017\\\/09\\\/favicon.png\",\"width\":300,\"height\":300,\"caption\":\"Altemir Consulting\"},\"image\":{\"@id\":\"https:\\\/\\\/altemirconsulting.com\\\/hu\\\/#\\\/schema\\\/logo\\\/image\\\/\"},\"sameAs\":[\"https:\\\/\\\/www.facebook.com\\\/AltemirConsulting\\\/\",\"https:\\\/\\\/x.com\\\/AltemirConsult\",\"https:\\\/\\\/www.linkedin.com\\\/company\\\/altemirconsulting\\\/\",\"https:\\\/\\\/www.youtube.com\\\/channel\\\/UCymlsqpZMZn-GlEFli_bnfA\"]}]}<\/script>\n<!-- \/ Yoast SEO Premium plugin. -->","yoast_head_json":{"title":"MRPeasy \u2013 Tan\u00e1csad\u00e1s, Bevezet\u00e9s \u00e9s T\u00e1mogat\u00e1s","robots":{"index":"index","follow":"follow","max-snippet":"max-snippet:-1","max-image-preview":"max-image-preview:large","max-video-preview":"max-video-preview:-1"},"canonical":"https:\/\/altemirconsulting.com\/hu\/mrpeasy\/","twitter_misc":{"Becs\u00fclt olvas\u00e1si id\u0151":"3 perc"},"schema":{"@context":"https:\/\/schema.org","@graph":[{"@type":"WebPage","@id":"https:\/\/altemirconsulting.com\/hu\/mrpeasy\/","url":"https:\/\/altemirconsulting.com\/hu\/mrpeasy\/","name":"MRPeasy \u2013 Tan\u00e1csad\u00e1s, Bevezet\u00e9s \u00e9s T\u00e1mogat\u00e1s","isPartOf":{"@id":"https:\/\/altemirconsulting.com\/hu\/#website"},"primaryImageOfPage":{"@id":"https:\/\/altemirconsulting.com\/hu\/mrpeasy\/#primaryimage"},"image":{"@id":"https:\/\/altemirconsulting.com\/hu\/mrpeasy\/#primaryimage"},"thumbnailUrl":"https:\/\/altemirconsulting.com\/wp-content\/uploads\/2018\/04\/primary-logo.png","datePublished":"2018-03-21T01:51:36+00:00","dateModified":"2026-02-02T04:02:56+00:00","breadcrumb":{"@id":"https:\/\/altemirconsulting.com\/hu\/mrpeasy\/#breadcrumb"},"inLanguage":"hu","potentialAction":[{"@type":"ReadAction","target":["https:\/\/altemirconsulting.com\/hu\/mrpeasy\/"]}]},{"@type":"ImageObject","inLanguage":"hu","@id":"https:\/\/altemirconsulting.com\/hu\/mrpeasy\/#primaryimage","url":"https:\/\/altemirconsulting.com\/wp-content\/uploads\/2018\/04\/primary-logo.png","contentUrl":"https:\/\/altemirconsulting.com\/wp-content\/uploads\/2018\/04\/primary-logo.png"},{"@type":"BreadcrumbList","@id":"https:\/\/altemirconsulting.com\/hu\/mrpeasy\/#breadcrumb","itemListElement":[{"@type":"ListItem","position":1,"name":"Home","item":"https:\/\/altemirconsulting.com\/hu\/"},{"@type":"ListItem","position":2,"name":"MRPeasy"}]},{"@type":"WebSite","@id":"https:\/\/altemirconsulting.com\/hu\/#website","url":"https:\/\/altemirconsulting.com\/hu\/","name":"Altemir Consulting","description":"","publisher":{"@id":"https:\/\/altemirconsulting.com\/hu\/#organization"},"potentialAction":[{"@type":"SearchAction","target":{"@type":"EntryPoint","urlTemplate":"https:\/\/altemirconsulting.com\/hu\/?s={search_term_string}"},"query-input":{"@type":"PropertyValueSpecification","valueRequired":true,"valueName":"search_term_string"}}],"inLanguage":"hu"},{"@type":"Organization","@id":"https:\/\/altemirconsulting.com\/hu\/#organization","name":"Altemir Consulting","url":"https:\/\/altemirconsulting.com\/hu\/","logo":{"@type":"ImageObject","inLanguage":"hu","@id":"https:\/\/altemirconsulting.com\/hu\/#\/schema\/logo\/image\/","url":"https:\/\/altemirconsulting.com\/wp-content\/uploads\/2017\/09\/favicon.png","contentUrl":"https:\/\/altemirconsulting.com\/wp-content\/uploads\/2017\/09\/favicon.png","width":300,"height":300,"caption":"Altemir Consulting"},"image":{"@id":"https:\/\/altemirconsulting.com\/hu\/#\/schema\/logo\/image\/"},"sameAs":["https:\/\/www.facebook.com\/AltemirConsulting\/","https:\/\/x.com\/AltemirConsult","https:\/\/www.linkedin.com\/company\/altemirconsulting\/","https:\/\/www.youtube.com\/channel\/UCymlsqpZMZn-GlEFli_bnfA"]}]}},"_links":{"self":[{"href":"https:\/\/altemirconsulting.com\/hu\/wp-json\/wp\/v2\/pages\/3821","targetHints":{"allow":["GET"]}}],"collection":[{"href":"https:\/\/altemirconsulting.com\/hu\/wp-json\/wp\/v2\/pages"}],"about":[{"href":"https:\/\/altemirconsulting.com\/hu\/wp-json\/wp\/v2\/types\/page"}],"author":[{"embeddable":true,"href":"https:\/\/altemirconsulting.com\/hu\/wp-json\/wp\/v2\/users\/1"}],"replies":[{"embeddable":true,"href":"https:\/\/altemirconsulting.com\/hu\/wp-json\/wp\/v2\/comments?post=3821"}],"version-history":[{"count":2,"href":"https:\/\/altemirconsulting.com\/hu\/wp-json\/wp\/v2\/pages\/3821\/revisions"}],"predecessor-version":[{"id":4740,"href":"https:\/\/altemirconsulting.com\/hu\/wp-json\/wp\/v2\/pages\/3821\/revisions\/4740"}],"wp:attachment":[{"href":"https:\/\/altemirconsulting.com\/hu\/wp-json\/wp\/v2\/media?parent=3821"}],"curies":[{"name":"wp","href":"https:\/\/api.w.org\/{rel}","templated":true}]}}