{"id":3809,"date":"2018-02-03T23:07:36","date_gmt":"2018-02-04T05:07:36","guid":{"rendered":"https:\/\/altemirconsulting.com\/lean-gyartas\/"},"modified":"2026-02-01T23:33:08","modified_gmt":"2026-02-02T05:33:08","slug":"lean-gyartas","status":"publish","type":"page","link":"https:\/\/altemirconsulting.com\/hu\/lean-gyartas\/","title":{"rendered":"Lean Gy\u00e1rt\u00e1s"},"content":{"rendered":"\n\n\t<h1>Lean Gy\u00e1rt\u00e1si Tan\u00e1csad\u00e1s<\/h1>\n\t<p>Az Altemir Consulting gyakorlatias lean gy\u00e1rt\u00e1si tan\u00e1csad\u00e1st ny\u00fajt, amelynek c\u00e9lja:<\/p>\n<ul>\n<li>A <strong>lej\u00e1rt h\u00e1tral\u00e9kok<\/strong> cs\u00f6kkent\u00e9se<\/li>\n<li>Az <strong>\u00e1tfut\u00e1si id\u0151k<\/strong> cs\u00f6kkent\u00e9se<\/li>\n<li>Az <strong>id\u0151ben t\u00f6rt\u00e9n\u0151 sz\u00e1ll\u00edt\u00e1sok<\/strong> jav\u00edt\u00e1sa<\/li>\n<li>A <strong>termel\u00e9si r\u00e1t\u00e1k<\/strong> n\u00f6vel\u00e9se<\/li>\n<li>A <strong>m\u0171k\u00f6d\u00e9si hat\u00e9konys\u00e1g<\/strong> cs\u00f6kkent\u00e9se<\/li>\n<li>Az <strong>\u00fcgyf\u00e9l-el\u00e9gedetts\u00e9g<\/strong> n\u00f6vel\u00e9se<\/li>\n<li>A <strong>napi neh\u00e9zs\u00e9gek<\/strong> cs\u00f6kkent\u00e9se<\/li>\n<\/ul>\n<p>Gy\u00e1rt\u00e1si tan\u00e1csad\u00e1si f\u00f3kuszter\u00fcleteink a k\u00f6vetkez\u0151k:<\/p>\n<ul>\n<li><a href=\"#bklog\">Lej\u00e1rt h\u00e1tral\u00e9k cs\u00f6kkent\u00e9se<\/a><\/li>\n<li><a href=\"#eff\">Hat\u00e9konys\u00e1gn\u00f6vel\u00e9s<\/a><\/li>\n<li><a href=\"#cost\">K\u00f6lts\u00e9gcs\u00f6kkent\u00e9s<\/a><\/li>\n<li><a href=\"#labor\">Szem\u00e9lyzeti \u00e9s munkaer\u0151-felm\u00e9r\u00e9sek<\/a><\/li>\n<li><a href=\"#lean\">Lean \u00c1talak\u00edt\u00e1s<\/a><\/li>\n<li><a href=\"https:\/\/altemirconsulting.com\/hu\/gyartasi-utemezes\/\">Termel\u00e9stervez\u00e9s, \u00dctemez\u00e9s &amp; Ir\u00e1ny\u00edt\u00e1s<\/a><\/li>\n<li><a href=\"https:\/\/altemirconsulting.com\/hu\/ellatasi-lanc-menedzsment\/\">Ell\u00e1t\u00e1si l\u00e1nc menedzsment<\/a><\/li>\n<li><a href=\"#matl\">Anyagell\u00e1t\u00e1s<\/a><\/li>\n<li><a href=\"#cap\">Kapacit\u00e1stervez\u00e9s<\/a><\/li>\n<li><a href=\"#kpi\">Mutat\u00f3k \u00e9s KPI-ok<\/a><\/li>\n<li><a href=\"#siop\">\u00c9rt\u00e9kes\u00edt\u00e9si, k\u00e9szlet- \u00e9s m\u0171k\u00f6d\u00e9si tervez\u00e9s (SIOP\/S&amp;OP)<\/a><\/li>\n<li><a href=\"https:\/\/altemirconsulting.com\/hu\/minosegbiztositas\/\">Min\u0151s\u00e9gbiztos\u00edt\u00e1s<\/a><\/li>\n<li><a href=\"https:\/\/altemirconsulting.com\/hu\/minosegbiztositas\/\">ISO \u00e9s szab\u00e1lyoz\u00e1si megfelel\u0151s\u00e9g<\/a><\/li>\n<li><a href=\"#site\">Telephelyfejleszt\u00e9s<\/a><\/li>\n<li><a href=\"#pm\">Projektmenedzsment<\/a><\/li>\n<\/ul>\n<a name=\"bklog\"><\/a><br \/>\n<strong>Lej\u00e1rt h\u00e1tral\u00e9k cs\u00f6kkent\u00e9se.<\/strong> Az id\u0151ben t\u00f6rt\u00e9n\u0151 beszerz\u00e9s \u00e9s gy\u00e1rt\u00e1s a szakter\u00fclet\u00fcnk. Csapat\u00e1val egy\u00fcttm\u0171k\u00f6dve strat\u00e9gi\u00e1kat dolgozhatunk ki \u00e9s val\u00f3s\u00edthatunk meg a h\u00e1tral\u00e9kok ledolgoz\u00e1s\u00e1ra \u00e9s a kapacit\u00e1s b\u0151v\u00edt\u00e9s\u00e9re, n\u00e9ha t\u0151kebefektet\u00e9s vagy tov\u00e1bbi munkaer\u0151 n\u00e9lk\u00fcl. Gyakran tudunk <a href=\"https:\/\/altemirconsulting.com\/hu\/90-nap-az-idoben-torteno-vegrehajtasig\/\">jelent\u0151s fejleszt\u00e9seket megval\u00f3s\u00edtani 90 napon bel\u00fcl<\/a>.<br \/>\n<a name=\"eff\"><\/a><br \/>\n<strong>Hat\u00e9konys\u00e1gn\u00f6vel\u00e9s.<\/strong> Seg\u00edthet\u00fcnk a gy\u00e1rt\u00f3sori hat\u00e9konys\u00e1g jav\u00edt\u00e1s\u00e1ban a ciklusid\u0151k cs\u00f6kkent\u00e9se, a munkaer\u0151k\u00f6lts\u00e9gek m\u00e9rs\u00e9kl\u00e9se \u00e9s a termel\u00e9kenys\u00e9g n\u00f6vel\u00e9se \u00e9rdek\u00e9ben.<br \/>\n<a name=\"cost\"><\/a><br \/>\n<strong>K\u00f6lts\u00e9gcs\u00f6kkent\u00e9s.<\/strong> Anyagjegyz\u00e9k \u00e9s m\u00e9rn\u00f6ki tervez\u00e9s optimaliz\u00e1l\u00e1sa, valamint besz\u00e1ll\u00edt\u00f3i racionaliz\u00e1l\u00e1s \u00e9s strat\u00e9giai beszerz\u00e9s.<br \/>\n<a name=\"labor\"><\/a><br \/>\n<strong>Szem\u00e9lyzeti \u00e9s munkaer\u0151-felm\u00e9r\u00e9sek.<\/strong> Javaslatot tehet\u00fcnk a munkaer\u0151forr\u00e1sok \u00e9s a l\u00e9tsz\u00e1m optim\u00e1lis eloszt\u00e1s\u00e1ra a k\u00f6lts\u00e9ghat\u00e9kony teljes\u00edtm\u00e9ny el\u00e9r\u00e9s\u00e9hez an\u00e9lk\u00fcl, hogy a term\u00e9kmin\u0151s\u00e9g vagy az \u00fcgyf\u00e9l-el\u00e9gedetts\u00e9g csorb\u00e1t szenvedne.<br \/>\n<a name=\"lean\"><\/a><br \/>\n<strong>Lean \u00c1talak\u00edt\u00e1s.<\/strong> Kaizen esem\u00e9nyek, kanban anyagellen\u0151rz\u00e9s, 5S, <a href=\"https:\/\/altemirconsulting.com\/hu\/lean-mrp\/\">Lean MRP gy\u00e1rt\u00f3sori bevezet\u00e9s<\/a>, standardiz\u00e1lt munka, \u00e9rt\u00e9k\u00e1ram-t\u00e9rk\u00e9pez\u00e9s, <a href=\"https:\/\/altemirconsulting.com\/hu\/oee-shop-floor-metrics\/\">teljes berendez\u00e9s-hat\u00e9konys\u00e1g (OEE)<\/a>, \u00e9s sz\u00e1ll\u00edt\u00f3 \u00e1ltal kezelt k\u00e9szlet (VMI)\n<strong><a href=\"https:\/\/altemirconsulting.com\/hu\/gyartasi-utemezes\/\">Termel\u00e9stervez\u00e9s, \u00fctemez\u00e9s &amp; ir\u00e1ny\u00edt\u00e1s<\/a>.<\/strong> Az Altemir Consulting szak\u00e9rtelme fel\u00fclm\u00falhatatlan a hat\u00e9kony Lean gy\u00e1rt\u00f3sori ir\u00e1ny\u00edt\u00e1si rendszerek kialak\u00edt\u00e1s\u00e1ban, amelyek dr\u00e1maian jav\u00edtj\u00e1k a hat\u00e1rid\u0151re t\u00f6rt\u00e9n\u0151 teljes\u00edt\u00e9st. <a href=\"https:\/\/www.altemirconsulting.com\/lean-mrp\/\"><em>Lean MRP <\/em><\/a>egy innovat\u00edv termel\u00e9stervez\u00e9si \u00e9s ir\u00e1ny\u00edt\u00e1si m\u00f3dszertanunk, amely a megl\u00e9v\u0151 ERP vagy APS \u00fctemez\u00e9si rendszer\u00e9t haszn\u00e1lja a h\u00faz\u00f3 alap\u00fa lean \u00e1raml\u00e1s kialak\u00edt\u00e1s\u00e1ra a gy\u00e1rt\u00f3soron. Ez egy rendk\u00edv\u00fcl k\u00edv\u00e1natos megk\u00f6zel\u00edt\u00e9s, k\u00fcl\u00f6n\u00f6sen a nagy term\u00e9kv\u00e1laszt\u00e9k\u00fa m\u0171helyek sz\u00e1m\u00e1ra. Gyakran k\u00e9pesek vagyunk ezeket a fejleszt\u00e9seket <a href=\"https:\/\/altemirconsulting.com\/hu\/90-nap-az-idoben-torteno-vegrehajtasig\/\">90 napon bel\u00fcl<\/a> bevezetni. <a href=\"https:\/\/altemirconsulting.com\/hu\/gyartasi-utemezes\/\">Tudjon meg t\u00f6bbet&#8230;<\/a><br \/>\n<a name=\"matl\"><\/a><br \/>\n<strong>Anyagell\u00e1t\u00e1s.<\/strong> Lean anyagkezel\u00e9si folyamatokat alak\u00edthatunk ki kanban vagy JIT MRP seg\u00edts\u00e9g\u00e9vel, hogy biztos\u00edtsuk a gy\u00e1rt\u00f3sori anyaghi\u00e1nyok megsz\u00fcntet\u00e9s\u00e9t. Az <a href=\"https:\/\/altemirconsulting.com\/hu\/erp-optimalizalas\/\">ERP optimaliz\u00e1l\u00e1si<\/a> szak\u00e9rtelm\u00fcnk azt is biztos\u00edthatja, hogy a Beszerz\u00e9s pontosan akkor kapja meg a megfelel\u0151 beszerz\u00e9si ig\u00e9nyeket, amikor azokra sz\u00fcks\u00e9g van. <a href=\"https:\/\/www.altemirconsulting.com\/inventory-management\/\">Tudjon meg t\u00f6bbet&#8230;<\/a><br \/>\n<a name=\"cap\"><\/a><br \/>\n<strong>Kapacit\u00e1stervez\u00e9s. <\/strong>Mutat\u00f3kat \u00e9s strat\u00e9gi\u00e1kat dolgozhatunk ki a gy\u00e1rt\u00e1si sz\u0171k keresztmetszetek azonos\u00edt\u00e1s\u00e1ra \u00e9s lek\u00fczd\u00e9s\u00e9re, valamint hat\u00e9kony terhel\u00e9s- \u00e9s kapacit\u00e1skezel\u00e9st alak\u00edthatunk ki annak biztos\u00edt\u00e1s\u00e1ra, hogy az \u00fcgyf\u00e9lkereslet megb\u00edzhat\u00f3an teljes\u00fclj\u00f6n.<br \/>\n<a name=\"kpi\"><\/a><br \/>\n<strong>Mutat\u00f3k \u00e9s KPI-ok.<\/strong> \u00c9rtelmes m\u0171szerfalakat, mutat\u00f3kat \u00e9s KPI-okat fejleszthet\u00fcnk \u00e9s hozhatunk l\u00e9tre, amelyek integr\u00e1lva vannak rendszereivel, hogy tiszta k\u00e9pet adjanak m\u0171k\u00f6d\u00e9s\u00e9r\u0151l. Ez mag\u00e1ban foglalja az <a href=\"https:\/\/altemirconsulting.com\/oee\/\">OEE gy\u00e1rt\u00f3sori mutat\u00f3kat<\/a>, amelyek seg\u00edtenek maximaliz\u00e1lni a t\u0151keberendez\u00e9sek kihaszn\u00e1lts\u00e1g\u00e1t \u00e9s termel\u00e9kenys\u00e9g\u00e9t.<br \/>\n<a name=\"siop\"><\/a><br \/>\n<strong>\u00c9rt\u00e9kes\u00edt\u00e9si, k\u00e9szlet- \u00e9s m\u0171k\u00f6d\u00e9si tervez\u00e9s (SIOP\/S&amp;OP).<\/strong> Az Altemir Consulting SIOP programot val\u00f3s\u00edthat meg, amely hat\u00e9kony \u00e9rt\u00e9kes\u00edt\u00e9si el\u0151rejelz\u00e9st haszn\u00e1l a t\u0151ketervez\u00e9s \u00e9s a l\u00e9tsz\u00e1m ir\u00e1ny\u00edt\u00e1s\u00e1ra annak \u00e9rdek\u00e9ben, hogy a gy\u00e1r \u00e9s az ell\u00e1t\u00e1si l\u00e1nc k\u00e9szen \u00e1lljon a piaci fellend\u00fcl\u00e9sekre vagy visszaes\u00e9sekre a j\u00f6v\u0151ben. Egyed\u00fcl\u00e1ll\u00f3 kapacit\u00e1stervez\u00e9si szak\u00e9rtelm\u00fcnk versenyel\u0151nny\u00e9 alak\u00edthatja SIOP programj\u00e1t.<br \/>\n<a name=\"site\"><\/a><br \/>\n<strong>Telephelyfejleszt\u00e9s.<\/strong> Az Altemir Consulting strat\u00e9giai, tervez\u00e9si \u00e9s v\u00e9grehajt\u00e1si vezet\u0151i t\u00e1mogat\u00e1st ny\u00fajthat \u00faj telephelyek fejleszt\u00e9s\u00e9hez, vagy a megl\u00e9v\u0151 telephelyek konszolid\u00e1ci\u00f3j\u00e1hoz \u00e9s integr\u00e1ci\u00f3j\u00e1hoz.<br \/>\n<a name=\"pm\"><\/a><br \/>\n<strong>Projektmenedzsment.<\/strong> Projektmenedzsment t\u00e1mogat\u00e1st ny\u00fajthatunk, legyen sz\u00f3 folyamatos fejleszt\u00e9sr\u0151l, strat\u00e9giai kezdem\u00e9nyez\u00e9sr\u0151l vagy t\u0151kebefektet\u00e9si projektr\u0151l.\n<p>Az \u00e1ltalunk ismert gy\u00e1rt\u00e1si folyamatok a k\u00f6vetkez\u0151k:<\/p>\n<ul>\n<li>Megmunk\u00e1l\u00e1s \u00e9s eszterg\u00e1l\u00e1s<\/li>\n<li>Lemezmegmunk\u00e1l\u00e1s (pr\u00e9sel\u00e9s, lyukaszt\u00e1s \u00e9s hajl\u00edt\u00e1s)<\/li>\n<li>\u00d6sszeszerel\u00e9s<\/li>\n<li>CNC programoz\u00e1s<\/li>\n<li>K\u00f6sz\u00f6r\u00fcl\u00e9s \u00e9s pol\u00edroz\u00e1s<\/li>\n<li>Hegeszt\u00e9s \u00e9s forraszt\u00e1s<\/li>\n<li>Fr\u00f6ccs\u00f6nt\u00e9s<\/li>\n<li>H\u0151form\u00e1z\u00e1s<\/li>\n<li>Kompozit gy\u00e1rt\u00e1s<\/li>\n<li>Roncsol\u00e1smentes vizsg\u00e1lat \u00e9s ellen\u0151rz\u00e9s (NDT\/NDI)<\/li>\n<li>K\u00e1belk\u00f6teg gy\u00e1rt\u00e1s<\/li>\n<li>Ragaszt\u00e1s<\/li>\n<li>L\u00e9zeres, v\u00edzsugaras \u00e9s plazmav\u00e1g\u00e1s<\/li>\n<li>Textilvarr\u00e1s \u00e9s \u00f6lt\u00e9s<\/li>\n<li>Pap\u00edr, nem sz\u0151tt anyagok \u00e9s m\u0171anyag f\u00f3li\u00e1k feldolgoz\u00e1sa<\/li>\n<li>Kever\u00e9s<\/li>\n<li>Rakt\u00e1ri komissi\u00f3z\u00e1s \u00e9s csomagol\u00e1s<\/li>\n<\/ul>\n\t\t\t\t<img decoding=\"async\" src=\"https:\/\/altemirconsulting.com\/wp-content\/uploads\/2018\/01\/GE-AM-Factory-300x200.jpg\" alt=\"erp tan\u00e1csad\u00e1s\" itemprop=\"image\" height=\"200\" width=\"300\" title=\"gy\u00e1r\" onerror=\"this.style.display='none'\" loading=\"lazy\" \/>\n\t\t\t\t<img decoding=\"async\" src=\"https:\/\/altemirconsulting.com\/wp-content\/uploads\/2020\/01\/nordex_900_596_75-300x199.jpg\" alt=\"lean gy\u00e1rt\u00e1s 2\" itemprop=\"image\" height=\"199\" width=\"300\" title=\"nordex_900_596_75\" onerror=\"this.style.display='none'\" loading=\"lazy\" \/>\n\t\t\t\t<img decoding=\"async\" src=\"https:\/\/altemirconsulting.com\/wp-content\/uploads\/2020\/01\/NREC_Machine_Shop_Workstation-300x157.jpg\" alt=\"lean gy\u00e1rt\u00e1s\" itemprop=\"image\" height=\"157\" width=\"300\" title=\"NREC_Machine_Shop_Workstation\" onerror=\"this.style.display='none'\" loading=\"lazy\" \/>\n\t<h4>Tudjon meg t\u00f6bbet a termel\u00e9stervez\u00e9si \u00e9s ellen\u0151rz\u00e9si tan\u00e1csad\u00e1si specializ\u00e1ci\u00f3nkr\u00f3l<\/h4>\n<p>(kattintson <a href=\"https:\/\/www.altemirconsulting.com\/production-scheduling-consulting\/\">ide<\/a> tov\u00e1bbi inform\u00e1ci\u00f3k\u00e9rt)<\/p>\n\t\t<iframe loading=\"lazy\" width=\"560\" height=\"315\" src=\"https:\/\/www.youtube.com\/embed\/xQps32aTPG4?rel=0\" frameborder=\"0\" allow=\"autoplay; encrypted-media\" allowfullscreen><\/iframe>\t\n\t\t<iframe loading=\"lazy\" width=\"560\" height=\"315\" src=\"https:\/\/www.youtube.com\/embed\/6MsIjmYRK2c?rel=0\" frameborder=\"0\" allow=\"autoplay; encrypted-media\" allowfullscreen><\/iframe>\t\n\t\t<h3>Fedezze fel a lehet\u0151s\u00e9geket&#8230;<\/h3>\n\t\t<p>Sz\u00edvesen fogadjuk minden, a k\u00f6vetkez\u0151 szintre l\u00e9pni v\u00e1gy\u00f3 kis- \u00e9s nagyv\u00e1llalkoz\u00e1s megkeres\u00e9s\u00e9t. Forduljon hozz\u00e1nk bizalommal, hogy k\u00f6telezetts\u00e9g n\u00e9lk\u00fcl megvitassuk egyedi ig\u00e9nyeit. <\/p>\n\t\t\t<a href=\"https:\/\/www.altemirconsulting.com\/contact\" target=\"_self\">\n\t\t\t\t\t\t\tKapcsolat\n\t\t\t\t\t<\/a>\n\n","protected":false},"excerpt":{"rendered":"<p>Lean Gy\u00e1rt\u00e1si Tan\u00e1csad\u00e1s Az Altemir Consulting gyakorlatias lean gy\u00e1rt\u00e1si tan\u00e1csad\u00e1st ny\u00fajt, amelynek c\u00e9lja: A lej\u00e1rt h\u00e1tral\u00e9kok cs\u00f6kkent\u00e9se Az \u00e1tfut\u00e1si id\u0151k cs\u00f6kkent\u00e9se Az id\u0151ben t\u00f6rt\u00e9n\u0151 sz\u00e1ll\u00edt\u00e1sok jav\u00edt\u00e1sa A termel\u00e9si r\u00e1t\u00e1k n\u00f6vel\u00e9se A m\u0171k\u00f6d\u00e9si hat\u00e9konys\u00e1g cs\u00f6kkent\u00e9se Az \u00fcgyf\u00e9l-el\u00e9gedetts\u00e9g n\u00f6vel\u00e9se A napi neh\u00e9zs\u00e9gek cs\u00f6kkent\u00e9se Gy\u00e1rt\u00e1si tan\u00e1csad\u00e1si f\u00f3kuszter\u00fcleteink a k\u00f6vetkez\u0151k: Lej\u00e1rt h\u00e1tral\u00e9k cs\u00f6kkent\u00e9se Hat\u00e9konys\u00e1gn\u00f6vel\u00e9s K\u00f6lts\u00e9gcs\u00f6kkent\u00e9s Szem\u00e9lyzeti \u00e9s munkaer\u0151-felm\u00e9r\u00e9sek Lean [&hellip;]<\/p>\n","protected":false},"author":1,"featured_media":0,"parent":0,"menu_order":0,"comment_status":"closed","ping_status":"closed","template":"","meta":{"_coblocks_attr":"","_coblocks_dimensions":"","_coblocks_responsive_height":"","_coblocks_accordion_ie_support":"","footnotes":""},"class_list":["post-3809","page","type-page","status-publish","hentry"],"yoast_head":"<!-- This site is optimized with the Yoast SEO Premium plugin v27.0 (Yoast SEO v27.4) - https:\/\/yoast.com\/product\/yoast-seo-premium-wordpress\/ -->\n<title>Lean Gy\u00e1rt\u00e1si \u00c1talak\u00edt\u00e1sok &amp; T\u00e1mogat\u00e1s | Altemir Consulting<\/title>\n<meta name=\"description\" content=\"Gyakorlatias, eredm\u00e9nyorient\u00e1lt vezet\u0151i t\u00e1mogat\u00e1st ny\u00fajtunk, amelynek c\u00e9lja a gy\u00e1rt\u00f3k vev\u0151i rendel\u00e9steljes\u00edt\u00e9si teljes\u00edtm\u00e9ny\u00e9nek jav\u00edt\u00e1sa.\" \/>\n<meta name=\"robots\" content=\"index, follow, max-snippet:-1, max-image-preview:large, max-video-preview:-1\" \/>\n<link rel=\"canonical\" href=\"https:\/\/altemirconsulting.com\/hu\/lean-gyartas\/\" \/>\n<meta name=\"twitter:label1\" content=\"Becs\u00fclt olvas\u00e1si id\u0151\" \/>\n\t<meta name=\"twitter:data1\" content=\"6 perc\" \/>\n<script type=\"application\/ld+json\" class=\"yoast-schema-graph\">{\"@context\":\"https:\\\/\\\/schema.org\",\"@graph\":[{\"@type\":\"WebPage\",\"@id\":\"https:\\\/\\\/altemirconsulting.com\\\/hu\\\/lean-gyartas\\\/\",\"url\":\"https:\\\/\\\/altemirconsulting.com\\\/hu\\\/lean-gyartas\\\/\",\"name\":\"Lean Gy\u00e1rt\u00e1si \u00c1talak\u00edt\u00e1sok & T\u00e1mogat\u00e1s | Altemir Consulting\",\"isPartOf\":{\"@id\":\"https:\\\/\\\/altemirconsulting.com\\\/hu\\\/#website\"},\"primaryImageOfPage\":{\"@id\":\"https:\\\/\\\/altemirconsulting.com\\\/hu\\\/lean-gyartas\\\/#primaryimage\"},\"image\":{\"@id\":\"https:\\\/\\\/altemirconsulting.com\\\/hu\\\/lean-gyartas\\\/#primaryimage\"},\"thumbnailUrl\":\"https:\\\/\\\/altemirconsulting.com\\\/wp-content\\\/uploads\\\/2018\\\/01\\\/GE-AM-Factory-300x200.jpg\",\"datePublished\":\"2018-02-04T05:07:36+00:00\",\"dateModified\":\"2026-02-02T05:33:08+00:00\",\"description\":\"Gyakorlatias, eredm\u00e9nyorient\u00e1lt vezet\u0151i t\u00e1mogat\u00e1st ny\u00fajtunk, amelynek c\u00e9lja a gy\u00e1rt\u00f3k vev\u0151i rendel\u00e9steljes\u00edt\u00e9si teljes\u00edtm\u00e9ny\u00e9nek jav\u00edt\u00e1sa.\",\"breadcrumb\":{\"@id\":\"https:\\\/\\\/altemirconsulting.com\\\/hu\\\/lean-gyartas\\\/#breadcrumb\"},\"inLanguage\":\"hu\",\"potentialAction\":[{\"@type\":\"ReadAction\",\"target\":[\"https:\\\/\\\/altemirconsulting.com\\\/hu\\\/lean-gyartas\\\/\"]}]},{\"@type\":\"ImageObject\",\"inLanguage\":\"hu\",\"@id\":\"https:\\\/\\\/altemirconsulting.com\\\/hu\\\/lean-gyartas\\\/#primaryimage\",\"url\":\"https:\\\/\\\/altemirconsulting.com\\\/wp-content\\\/uploads\\\/2018\\\/01\\\/GE-AM-Factory-300x200.jpg\",\"contentUrl\":\"https:\\\/\\\/altemirconsulting.com\\\/wp-content\\\/uploads\\\/2018\\\/01\\\/GE-AM-Factory-300x200.jpg\"},{\"@type\":\"BreadcrumbList\",\"@id\":\"https:\\\/\\\/altemirconsulting.com\\\/hu\\\/lean-gyartas\\\/#breadcrumb\",\"itemListElement\":[{\"@type\":\"ListItem\",\"position\":1,\"name\":\"Home\",\"item\":\"https:\\\/\\\/altemirconsulting.com\\\/hu\\\/\"},{\"@type\":\"ListItem\",\"position\":2,\"name\":\"Lean Gy\u00e1rt\u00e1s\"}]},{\"@type\":\"WebSite\",\"@id\":\"https:\\\/\\\/altemirconsulting.com\\\/hu\\\/#website\",\"url\":\"https:\\\/\\\/altemirconsulting.com\\\/hu\\\/\",\"name\":\"Altemir Consulting\",\"description\":\"\",\"publisher\":{\"@id\":\"https:\\\/\\\/altemirconsulting.com\\\/hu\\\/#organization\"},\"potentialAction\":[{\"@type\":\"SearchAction\",\"target\":{\"@type\":\"EntryPoint\",\"urlTemplate\":\"https:\\\/\\\/altemirconsulting.com\\\/hu\\\/?s={search_term_string}\"},\"query-input\":{\"@type\":\"PropertyValueSpecification\",\"valueRequired\":true,\"valueName\":\"search_term_string\"}}],\"inLanguage\":\"hu\"},{\"@type\":\"Organization\",\"@id\":\"https:\\\/\\\/altemirconsulting.com\\\/hu\\\/#organization\",\"name\":\"Altemir Consulting\",\"url\":\"https:\\\/\\\/altemirconsulting.com\\\/hu\\\/\",\"logo\":{\"@type\":\"ImageObject\",\"inLanguage\":\"hu\",\"@id\":\"https:\\\/\\\/altemirconsulting.com\\\/hu\\\/#\\\/schema\\\/logo\\\/image\\\/\",\"url\":\"https:\\\/\\\/altemirconsulting.com\\\/wp-content\\\/uploads\\\/2017\\\/09\\\/favicon.png\",\"contentUrl\":\"https:\\\/\\\/altemirconsulting.com\\\/wp-content\\\/uploads\\\/2017\\\/09\\\/favicon.png\",\"width\":300,\"height\":300,\"caption\":\"Altemir Consulting\"},\"image\":{\"@id\":\"https:\\\/\\\/altemirconsulting.com\\\/hu\\\/#\\\/schema\\\/logo\\\/image\\\/\"},\"sameAs\":[\"https:\\\/\\\/www.facebook.com\\\/AltemirConsulting\\\/\",\"https:\\\/\\\/x.com\\\/AltemirConsult\",\"https:\\\/\\\/www.linkedin.com\\\/company\\\/altemirconsulting\\\/\",\"https:\\\/\\\/www.youtube.com\\\/channel\\\/UCymlsqpZMZn-GlEFli_bnfA\"]}]}<\/script>\n<!-- \/ Yoast SEO Premium plugin. -->","yoast_head_json":{"title":"Lean Gy\u00e1rt\u00e1si \u00c1talak\u00edt\u00e1sok & T\u00e1mogat\u00e1s | Altemir Consulting","description":"Gyakorlatias, eredm\u00e9nyorient\u00e1lt vezet\u0151i t\u00e1mogat\u00e1st ny\u00fajtunk, amelynek c\u00e9lja a gy\u00e1rt\u00f3k vev\u0151i rendel\u00e9steljes\u00edt\u00e9si teljes\u00edtm\u00e9ny\u00e9nek jav\u00edt\u00e1sa.","robots":{"index":"index","follow":"follow","max-snippet":"max-snippet:-1","max-image-preview":"max-image-preview:large","max-video-preview":"max-video-preview:-1"},"canonical":"https:\/\/altemirconsulting.com\/hu\/lean-gyartas\/","twitter_misc":{"Becs\u00fclt olvas\u00e1si id\u0151":"6 perc"},"schema":{"@context":"https:\/\/schema.org","@graph":[{"@type":"WebPage","@id":"https:\/\/altemirconsulting.com\/hu\/lean-gyartas\/","url":"https:\/\/altemirconsulting.com\/hu\/lean-gyartas\/","name":"Lean Gy\u00e1rt\u00e1si \u00c1talak\u00edt\u00e1sok & T\u00e1mogat\u00e1s | Altemir Consulting","isPartOf":{"@id":"https:\/\/altemirconsulting.com\/hu\/#website"},"primaryImageOfPage":{"@id":"https:\/\/altemirconsulting.com\/hu\/lean-gyartas\/#primaryimage"},"image":{"@id":"https:\/\/altemirconsulting.com\/hu\/lean-gyartas\/#primaryimage"},"thumbnailUrl":"https:\/\/altemirconsulting.com\/wp-content\/uploads\/2018\/01\/GE-AM-Factory-300x200.jpg","datePublished":"2018-02-04T05:07:36+00:00","dateModified":"2026-02-02T05:33:08+00:00","description":"Gyakorlatias, eredm\u00e9nyorient\u00e1lt vezet\u0151i t\u00e1mogat\u00e1st ny\u00fajtunk, amelynek c\u00e9lja a gy\u00e1rt\u00f3k vev\u0151i rendel\u00e9steljes\u00edt\u00e9si teljes\u00edtm\u00e9ny\u00e9nek jav\u00edt\u00e1sa.","breadcrumb":{"@id":"https:\/\/altemirconsulting.com\/hu\/lean-gyartas\/#breadcrumb"},"inLanguage":"hu","potentialAction":[{"@type":"ReadAction","target":["https:\/\/altemirconsulting.com\/hu\/lean-gyartas\/"]}]},{"@type":"ImageObject","inLanguage":"hu","@id":"https:\/\/altemirconsulting.com\/hu\/lean-gyartas\/#primaryimage","url":"https:\/\/altemirconsulting.com\/wp-content\/uploads\/2018\/01\/GE-AM-Factory-300x200.jpg","contentUrl":"https:\/\/altemirconsulting.com\/wp-content\/uploads\/2018\/01\/GE-AM-Factory-300x200.jpg"},{"@type":"BreadcrumbList","@id":"https:\/\/altemirconsulting.com\/hu\/lean-gyartas\/#breadcrumb","itemListElement":[{"@type":"ListItem","position":1,"name":"Home","item":"https:\/\/altemirconsulting.com\/hu\/"},{"@type":"ListItem","position":2,"name":"Lean Gy\u00e1rt\u00e1s"}]},{"@type":"WebSite","@id":"https:\/\/altemirconsulting.com\/hu\/#website","url":"https:\/\/altemirconsulting.com\/hu\/","name":"Altemir Consulting","description":"","publisher":{"@id":"https:\/\/altemirconsulting.com\/hu\/#organization"},"potentialAction":[{"@type":"SearchAction","target":{"@type":"EntryPoint","urlTemplate":"https:\/\/altemirconsulting.com\/hu\/?s={search_term_string}"},"query-input":{"@type":"PropertyValueSpecification","valueRequired":true,"valueName":"search_term_string"}}],"inLanguage":"hu"},{"@type":"Organization","@id":"https:\/\/altemirconsulting.com\/hu\/#organization","name":"Altemir Consulting","url":"https:\/\/altemirconsulting.com\/hu\/","logo":{"@type":"ImageObject","inLanguage":"hu","@id":"https:\/\/altemirconsulting.com\/hu\/#\/schema\/logo\/image\/","url":"https:\/\/altemirconsulting.com\/wp-content\/uploads\/2017\/09\/favicon.png","contentUrl":"https:\/\/altemirconsulting.com\/wp-content\/uploads\/2017\/09\/favicon.png","width":300,"height":300,"caption":"Altemir Consulting"},"image":{"@id":"https:\/\/altemirconsulting.com\/hu\/#\/schema\/logo\/image\/"},"sameAs":["https:\/\/www.facebook.com\/AltemirConsulting\/","https:\/\/x.com\/AltemirConsult","https:\/\/www.linkedin.com\/company\/altemirconsulting\/","https:\/\/www.youtube.com\/channel\/UCymlsqpZMZn-GlEFli_bnfA"]}]}},"_links":{"self":[{"href":"https:\/\/altemirconsulting.com\/hu\/wp-json\/wp\/v2\/pages\/3809","targetHints":{"allow":["GET"]}}],"collection":[{"href":"https:\/\/altemirconsulting.com\/hu\/wp-json\/wp\/v2\/pages"}],"about":[{"href":"https:\/\/altemirconsulting.com\/hu\/wp-json\/wp\/v2\/types\/page"}],"author":[{"embeddable":true,"href":"https:\/\/altemirconsulting.com\/hu\/wp-json\/wp\/v2\/users\/1"}],"replies":[{"embeddable":true,"href":"https:\/\/altemirconsulting.com\/hu\/wp-json\/wp\/v2\/comments?post=3809"}],"version-history":[{"count":2,"href":"https:\/\/altemirconsulting.com\/hu\/wp-json\/wp\/v2\/pages\/3809\/revisions"}],"predecessor-version":[{"id":4744,"href":"https:\/\/altemirconsulting.com\/hu\/wp-json\/wp\/v2\/pages\/3809\/revisions\/4744"}],"wp:attachment":[{"href":"https:\/\/altemirconsulting.com\/hu\/wp-json\/wp\/v2\/media?parent=3809"}],"curies":[{"name":"wp","href":"https:\/\/api.w.org\/{rel}","templated":true}]}}