{"id":3796,"date":"2018-02-03T22:54:12","date_gmt":"2018-02-04T04:54:12","guid":{"rendered":"https:\/\/altemirconsulting.com\/ellatasi-lanc-menedzsment\/"},"modified":"2026-01-20T14:09:26","modified_gmt":"2026-01-20T20:09:26","slug":"ellatasi-lanc-menedzsment","status":"publish","type":"page","link":"https:\/\/altemirconsulting.com\/hu\/ellatasi-lanc-menedzsment\/","title":{"rendered":"Ell\u00e1t\u00e1si l\u00e1nc menedzsment"},"content":{"rendered":"","protected":false},"excerpt":{"rendered":"","protected":false},"author":1,"featured_media":0,"parent":0,"menu_order":0,"comment_status":"closed","ping_status":"closed","template":"","meta":{"_coblocks_attr":"","_coblocks_dimensions":"","_coblocks_responsive_height":"","_coblocks_accordion_ie_support":"","footnotes":""},"class_list":["post-3796","page","type-page","status-publish","hentry"],"yoast_head":"<!-- This site is optimized with the Yoast SEO Premium plugin v27.0 (Yoast SEO v27.4) - https:\/\/yoast.com\/product\/yoast-seo-premium-wordpress\/ -->\n<title>Ell\u00e1t\u00e1si l\u00e1nc menedzsment tan\u00e1csad\u00e1s | Altemir Consulting<\/title>\n<meta name=\"description\" content=\"Az ell\u00e1t\u00e1si l\u00e1nc menedzsment tan\u00e1csad\u00e1s a szakter\u00fclet\u00fcnk, legyen sz\u00f3 beszerz\u00e9s, k\u00e9szlet vagy gy\u00e1rt\u00e1s optimaliz\u00e1l\u00e1s\u00e1r\u00f3l.\" \/>\n<meta name=\"robots\" content=\"index, follow, max-snippet:-1, max-image-preview:large, max-video-preview:-1\" \/>\n<link rel=\"canonical\" href=\"https:\/\/altemirconsulting.com\/hu\/ellatasi-lanc-menedzsment\/\" \/>\n<script type=\"application\/ld+json\" class=\"yoast-schema-graph\">{\"@context\":\"https:\\\/\\\/schema.org\",\"@graph\":[{\"@type\":\"WebPage\",\"@id\":\"https:\\\/\\\/altemirconsulting.com\\\/hu\\\/ellatasi-lanc-menedzsment\\\/\",\"url\":\"https:\\\/\\\/altemirconsulting.com\\\/hu\\\/ellatasi-lanc-menedzsment\\\/\",\"name\":\"Ell\u00e1t\u00e1si l\u00e1nc menedzsment tan\u00e1csad\u00e1s | Altemir Consulting\",\"isPartOf\":{\"@id\":\"https:\\\/\\\/altemirconsulting.com\\\/hu\\\/#website\"},\"datePublished\":\"2018-02-04T04:54:12+00:00\",\"dateModified\":\"2026-01-20T20:09:26+00:00\",\"description\":\"Az ell\u00e1t\u00e1si l\u00e1nc menedzsment tan\u00e1csad\u00e1s a szakter\u00fclet\u00fcnk, legyen sz\u00f3 beszerz\u00e9s, k\u00e9szlet vagy gy\u00e1rt\u00e1s optimaliz\u00e1l\u00e1s\u00e1r\u00f3l.\",\"breadcrumb\":{\"@id\":\"https:\\\/\\\/altemirconsulting.com\\\/hu\\\/ellatasi-lanc-menedzsment\\\/#breadcrumb\"},\"inLanguage\":\"hu\",\"potentialAction\":[{\"@type\":\"ReadAction\",\"target\":[\"https:\\\/\\\/altemirconsulting.com\\\/hu\\\/ellatasi-lanc-menedzsment\\\/\"]}]},{\"@type\":\"BreadcrumbList\",\"@id\":\"https:\\\/\\\/altemirconsulting.com\\\/hu\\\/ellatasi-lanc-menedzsment\\\/#breadcrumb\",\"itemListElement\":[{\"@type\":\"ListItem\",\"position\":1,\"name\":\"Home\",\"item\":\"https:\\\/\\\/altemirconsulting.com\\\/hu\\\/\"},{\"@type\":\"ListItem\",\"position\":2,\"name\":\"Ell\u00e1t\u00e1si l\u00e1nc menedzsment\"}]},{\"@type\":\"WebSite\",\"@id\":\"https:\\\/\\\/altemirconsulting.com\\\/hu\\\/#website\",\"url\":\"https:\\\/\\\/altemirconsulting.com\\\/hu\\\/\",\"name\":\"Altemir Consulting\",\"description\":\"\",\"publisher\":{\"@id\":\"https:\\\/\\\/altemirconsulting.com\\\/hu\\\/#organization\"},\"potentialAction\":[{\"@type\":\"SearchAction\",\"target\":{\"@type\":\"EntryPoint\",\"urlTemplate\":\"https:\\\/\\\/altemirconsulting.com\\\/hu\\\/?s={search_term_string}\"},\"query-input\":{\"@type\":\"PropertyValueSpecification\",\"valueRequired\":true,\"valueName\":\"search_term_string\"}}],\"inLanguage\":\"hu\"},{\"@type\":\"Organization\",\"@id\":\"https:\\\/\\\/altemirconsulting.com\\\/hu\\\/#organization\",\"name\":\"Altemir Consulting\",\"url\":\"https:\\\/\\\/altemirconsulting.com\\\/hu\\\/\",\"logo\":{\"@type\":\"ImageObject\",\"inLanguage\":\"hu\",\"@id\":\"https:\\\/\\\/altemirconsulting.com\\\/hu\\\/#\\\/schema\\\/logo\\\/image\\\/\",\"url\":\"https:\\\/\\\/altemirconsulting.com\\\/wp-content\\\/uploads\\\/2017\\\/09\\\/favicon.png\",\"contentUrl\":\"https:\\\/\\\/altemirconsulting.com\\\/wp-content\\\/uploads\\\/2017\\\/09\\\/favicon.png\",\"width\":300,\"height\":300,\"caption\":\"Altemir Consulting\"},\"image\":{\"@id\":\"https:\\\/\\\/altemirconsulting.com\\\/hu\\\/#\\\/schema\\\/logo\\\/image\\\/\"},\"sameAs\":[\"https:\\\/\\\/www.facebook.com\\\/AltemirConsulting\\\/\",\"https:\\\/\\\/x.com\\\/AltemirConsult\",\"https:\\\/\\\/www.linkedin.com\\\/company\\\/altemirconsulting\\\/\",\"https:\\\/\\\/www.youtube.com\\\/channel\\\/UCymlsqpZMZn-GlEFli_bnfA\"]}]}<\/script>\n<!-- \/ Yoast SEO Premium plugin. -->","yoast_head_json":{"title":"Ell\u00e1t\u00e1si l\u00e1nc menedzsment tan\u00e1csad\u00e1s | Altemir Consulting","description":"Az ell\u00e1t\u00e1si l\u00e1nc menedzsment tan\u00e1csad\u00e1s a szakter\u00fclet\u00fcnk, legyen sz\u00f3 beszerz\u00e9s, k\u00e9szlet vagy gy\u00e1rt\u00e1s optimaliz\u00e1l\u00e1s\u00e1r\u00f3l.","robots":{"index":"index","follow":"follow","max-snippet":"max-snippet:-1","max-image-preview":"max-image-preview:large","max-video-preview":"max-video-preview:-1"},"canonical":"https:\/\/altemirconsulting.com\/hu\/ellatasi-lanc-menedzsment\/","schema":{"@context":"https:\/\/schema.org","@graph":[{"@type":"WebPage","@id":"https:\/\/altemirconsulting.com\/hu\/ellatasi-lanc-menedzsment\/","url":"https:\/\/altemirconsulting.com\/hu\/ellatasi-lanc-menedzsment\/","name":"Ell\u00e1t\u00e1si l\u00e1nc menedzsment tan\u00e1csad\u00e1s | Altemir Consulting","isPartOf":{"@id":"https:\/\/altemirconsulting.com\/hu\/#website"},"datePublished":"2018-02-04T04:54:12+00:00","dateModified":"2026-01-20T20:09:26+00:00","description":"Az ell\u00e1t\u00e1si l\u00e1nc menedzsment tan\u00e1csad\u00e1s a szakter\u00fclet\u00fcnk, legyen sz\u00f3 beszerz\u00e9s, k\u00e9szlet vagy gy\u00e1rt\u00e1s optimaliz\u00e1l\u00e1s\u00e1r\u00f3l.","breadcrumb":{"@id":"https:\/\/altemirconsulting.com\/hu\/ellatasi-lanc-menedzsment\/#breadcrumb"},"inLanguage":"hu","potentialAction":[{"@type":"ReadAction","target":["https:\/\/altemirconsulting.com\/hu\/ellatasi-lanc-menedzsment\/"]}]},{"@type":"BreadcrumbList","@id":"https:\/\/altemirconsulting.com\/hu\/ellatasi-lanc-menedzsment\/#breadcrumb","itemListElement":[{"@type":"ListItem","position":1,"name":"Home","item":"https:\/\/altemirconsulting.com\/hu\/"},{"@type":"ListItem","position":2,"name":"Ell\u00e1t\u00e1si l\u00e1nc menedzsment"}]},{"@type":"WebSite","@id":"https:\/\/altemirconsulting.com\/hu\/#website","url":"https:\/\/altemirconsulting.com\/hu\/","name":"Altemir Consulting","description":"","publisher":{"@id":"https:\/\/altemirconsulting.com\/hu\/#organization"},"potentialAction":[{"@type":"SearchAction","target":{"@type":"EntryPoint","urlTemplate":"https:\/\/altemirconsulting.com\/hu\/?s={search_term_string}"},"query-input":{"@type":"PropertyValueSpecification","valueRequired":true,"valueName":"search_term_string"}}],"inLanguage":"hu"},{"@type":"Organization","@id":"https:\/\/altemirconsulting.com\/hu\/#organization","name":"Altemir Consulting","url":"https:\/\/altemirconsulting.com\/hu\/","logo":{"@type":"ImageObject","inLanguage":"hu","@id":"https:\/\/altemirconsulting.com\/hu\/#\/schema\/logo\/image\/","url":"https:\/\/altemirconsulting.com\/wp-content\/uploads\/2017\/09\/favicon.png","contentUrl":"https:\/\/altemirconsulting.com\/wp-content\/uploads\/2017\/09\/favicon.png","width":300,"height":300,"caption":"Altemir Consulting"},"image":{"@id":"https:\/\/altemirconsulting.com\/hu\/#\/schema\/logo\/image\/"},"sameAs":["https:\/\/www.facebook.com\/AltemirConsulting\/","https:\/\/x.com\/AltemirConsult","https:\/\/www.linkedin.com\/company\/altemirconsulting\/","https:\/\/www.youtube.com\/channel\/UCymlsqpZMZn-GlEFli_bnfA"]}]}},"_links":{"self":[{"href":"https:\/\/altemirconsulting.com\/hu\/wp-json\/wp\/v2\/pages\/3796","targetHints":{"allow":["GET"]}}],"collection":[{"href":"https:\/\/altemirconsulting.com\/hu\/wp-json\/wp\/v2\/pages"}],"about":[{"href":"https:\/\/altemirconsulting.com\/hu\/wp-json\/wp\/v2\/types\/page"}],"author":[{"embeddable":true,"href":"https:\/\/altemirconsulting.com\/hu\/wp-json\/wp\/v2\/users\/1"}],"replies":[{"embeddable":true,"href":"https:\/\/altemirconsulting.com\/hu\/wp-json\/wp\/v2\/comments?post=3796"}],"version-history":[{"count":1,"href":"https:\/\/altemirconsulting.com\/hu\/wp-json\/wp\/v2\/pages\/3796\/revisions"}],"predecessor-version":[{"id":3933,"href":"https:\/\/altemirconsulting.com\/hu\/wp-json\/wp\/v2\/pages\/3796\/revisions\/3933"}],"wp:attachment":[{"href":"https:\/\/altemirconsulting.com\/hu\/wp-json\/wp\/v2\/media?parent=3796"}],"curies":[{"name":"wp","href":"https:\/\/api.w.org\/{rel}","templated":true}]}}