{"id":3746,"date":"2020-01-22T19:54:17","date_gmt":"2020-01-23T01:54:17","guid":{"rendered":"https:\/\/altemirconsulting.com\/csapat\/"},"modified":"2026-01-21T12:17:04","modified_gmt":"2026-01-21T18:17:04","slug":"csapat","status":"publish","type":"page","link":"https:\/\/altemirconsulting.com\/hu\/csapat\/","title":{"rendered":"Csapat"},"content":{"rendered":"\n\n\t<h1>Gy\u00e1rt\u00e1si \u00e9s Ell\u00e1t\u00e1si L\u00e1nc Tan\u00e1csad\u00f3k<\/h1>\n<h4>speci\u00e1lis szak\u00e9rtelem m\u00e9ly gyakorlati vezet\u0151i tapasztalattal<\/h4>\n\t<p>Az Altemir Consulting tapasztalt vezet\u0151 gy\u00e1rt\u00e1si, m\u00e9rn\u00f6ki, rakt\u00e1roz\u00e1si \u00e9s mag\u00e1nt\u0151ke-vezet\u0151kb\u0151l \u00e1ll\u00f3 csoportk\u00e9nt indult, akik tan\u00e1csad\u00e1sra v\u00e1ltottak. Tan\u00e1csad\u00f3ink az elm\u00falt 30 \u00e9vben sz\u00e1mos rep\u00fcl\u0151g\u00e9pipari, orvosi eszk\u00f6zgy\u00e1rt\u00f3, ipari term\u00e9kgy\u00e1rt\u00f3, szerz\u0151d\u00e9ses gy\u00e1rt\u00f3, fogyaszt\u00e1si cikkgy\u00e1rt\u00f3, \u00e9lelmiszergy\u00e1rt\u00f3 \u00e9s egy\u00e9b diszkr\u00e9t gy\u00e1rt\u00e1si v\u00e1llalkoz\u00e1sban vettek r\u00e9szt.<\/p>\n\t\t\t\t<img decoding=\"async\" src=\"https:\/\/altemirconsulting.com\/wp-content\/uploads\/2022\/11\/TeamStill1_1-640x320.jpg\" alt=\"ell\u00e1t\u00e1si l\u00e1nc tan\u00e1csad\u00f3k\" itemprop=\"image\" height=\"320\" width=\"640\" title=\"TeamStill1_1\" onerror=\"this.style.display='none'\" loading=\"lazy\" \/>\n\t\t\t\t<img decoding=\"async\" src=\"https:\/\/altemirconsulting.com\/wp-content\/uploads\/bb-plugin\/cache\/DavidAltemir-Small-1-square-73602afa5da30382c4637c977d3d751e-.jpg\" alt=\"DavidAltemir - Small\" itemprop=\"image\" title=\"DavidAltemir - Small\" onerror=\"this.style.display='none'\" loading=\"lazy\" \/>\n<h3>David Altemir<\/h3>\t\n\t<p>David Altemir gyakorlatias gy\u00e1rt\u00e1si \u00e9s ell\u00e1t\u00e1si l\u00e1nc vezet\u0151, t\u00f6bb mint 30 \u00e9ves vezet\u0151i tapasztalattal, amely sor\u00e1n seg\u00edtett k\u00fcl\u00f6n\u00e1ll\u00f3 gy\u00e1rt\u00f3knak m\u00e9rhet\u0151 m\u0171k\u00f6d\u00e9si fejleszt\u00e9sek el\u00e9r\u00e9s\u00e9ben, bele\u00e9rtve az id\u0151ben t\u00f6rt\u00e9n\u0151 sz\u00e1ll\u00edt\u00e1st, a termel\u00e9kenys\u00e9g jav\u00edt\u00e1s\u00e1t, a k\u00e9szletoptimaliz\u00e1l\u00e1st \u00e9s a hat\u00e9kony termel\u00e9sir\u00e1ny\u00edt\u00e1st. Munk\u00e1ja olyan eredm\u00e9nyeket hozott, mint az \u00f6tsz\u00f6r\u00f6s termel\u00e9sn\u00f6veked\u00e9s, a k\u00f6zel 100%-os id\u0151ben t\u00f6rt\u00e9n\u0151 teljes\u00edt\u00e9sre val\u00f3 gyors javul\u00e1s, a jelent\u0151s k\u00e9szlet- \u00e9s hi\u00e1nycs\u00f6kkent\u00e9s, a megrendel\u00e9sek cs\u00f6kkent\u00e9se \u00e9s a ugr\u00e1sszer\u0171 termel\u00e9kenys\u00e9gn\u00f6veked\u00e9s.<\/p>\n<p>David tapasztalata kiterjed a rep\u00fcl\u0151g\u00e9piparra (rep\u00fcl\u0151g\u00e9pek, pil\u00f3ta n\u00e9lk\u00fcli rep\u00fcl\u0151g\u00e9pek, forg\u00f3sz\u00e1rnyas rep\u00fcl\u0151g\u00e9pek \u00e9s \u0171rhaj\u00f3k), az orvostechnikai eszk\u00f6z\u00f6kre, a szerz\u0151d\u00e9ses gy\u00e1rt\u00e1sra, a fogyaszt\u00e1si cikkekre, az \u00e9lelmiszergy\u00e1rt\u00e1sra \u00e9s az ipari term\u00e9kekre &#8211; a NASA m\u00e9rn\u00f6ki munk\u00e1j\u00e1t\u00f3l a fels\u0151vezet\u0151i \u00e9s operat\u00edv vezet\u0151i szerepk\u00f6r\u00f6kig. Gyakorlatias \u00e1talakul\u00e1s\u00e1r\u00f3l ismert: stabiliz\u00e1lja az anyagsz\u00fcks\u00e9gletet (MRP), bevezeti a h\u00faz\u00e1salap\u00fa v\u00e9grehajt\u00e1st, jav\u00edtja a munkahat\u00e9konys\u00e1got \u00e9s a min\u0151s\u00e9gi teljes\u00edtm\u00e9nyt, valamint \u00e1talak\u00edtja a m\u0171k\u00f6d\u00e9st a gy\u00e1rt\u00f3k ig\u00e9nyei szerint.<\/p>\n<p>David g\u00e9p\u00e9szm\u00e9rn\u00f6ki BSc (UT Austin), anyagtudom\u00e1nyi MSc (Rice), \u00e9s MBA (MIT) diplom\u00e1val rendelkezik. Tan\u00fas\u00edtv\u00e1nnyal rendelkez\u0151 Lean Six Sigma Sensei, valamint a \u201eLean MRP: Gy\u00e1rt\u00e1si h\u00faz\u00f3rendszer l\u00e9trehoz\u00e1sa az \u00fczemi v\u00e9grehajt\u00e1shoz ERP vagy APS seg\u00edts\u00e9g\u00e9vel&#8221; c\u00edm\u0171 k\u00f6nyv szerz\u0151je.<\/p>\n\t\t\t\t<img decoding=\"async\" src=\"https:\/\/altemirconsulting.com\/wp-content\/uploads\/bb-plugin\/cache\/BobHunter-square-5705ca82db163fcf4d136c7665579c1a-.jpg\" alt=\"BobHunter\" itemprop=\"image\" title=\"BobHunter\" onerror=\"this.style.display='none'\" loading=\"lazy\" \/>\n<h3>Bob Hunter<\/h3>\t\n\t<p>Bob Hunter egy sikeres, eredm\u00e9nyorient\u00e1lt vezet\u0151, aki t\u00f6bb mint 25 \u00e9ves glob\u00e1lis gy\u00e1rt\u00e1si, ell\u00e1t\u00e1si l\u00e1nc, projektmenedzsment, folyamatos fejleszt\u00e9s \u00e9s P&amp;L \u00e1ltal\u00e1nos vezet\u0151i tapasztalattal rendelkezik k\u00fcl\u00f6nb\u00f6z\u0151 kis-, k\u00f6z\u00e9p- \u00e9s nagyv\u00e1llalatok sz\u00e1m\u00e1ra.<\/p>\n<p>V\u00e1ltozatos szerepei sor\u00e1n Hunter \u00far glob\u00e1lis csapatokat vezetett strat\u00e9giai \u00fczleti kezdem\u00e9nyez\u00e9sek tervez\u00e9s\u00e9ben \u00e9s v\u00e9grehajt\u00e1s\u00e1ban az operat\u00edv kiv\u00e1l\u00f3s\u00e1g el\u00e9r\u00e9se \u00e9rdek\u00e9ben. A Caterpillar glob\u00e1lis gy\u00e1rt\u00e1si \u00e9s ell\u00e1t\u00e1si l\u00e1nc szervezeteit ir\u00e1ny\u00edtotta, ami mag\u00e1ban foglalta a P&amp;L felel\u0151ss\u00e9get a magasan m\u00e9rn\u00f6ki term\u00e9kek tervez\u00e9s\u00e9\u00e9rt, gy\u00e1rt\u00e1s\u00e1\u00e9rt, beszerz\u00e9s\u00e9\u00e9rt \u00e9s forgalmaz\u00e1s\u00e1\u00e9rt. Szak\u00e9rtelm\u00e9t felhaszn\u00e1lva t\u00e1mogatta a lean elvek kidolgoz\u00e1s\u00e1t \u00e9s bevezet\u00e9s\u00e9t 25 glob\u00e1lis l\u00e9tes\u00edtm\u00e9nyben, valamint \u00fajratervezte a glob\u00e1lis ell\u00e1t\u00e1si l\u00e1nc h\u00e1l\u00f3zatokat a vev\u0151i ig\u00e9nyek kiel\u00e9g\u00edt\u00e9se \u00e9rdek\u00e9ben. Vezet\u0151i st\u00edlusa el\u0151seg\u00edti az alkalmazottak elk\u00f6telezetts\u00e9g\u00e9t \u00e9s a v\u00e1ltoz\u00e1sok\u00e9rt val\u00f3 felel\u0151ss\u00e9gv\u00e1llal\u00e1s\u00e1t.<\/p>\n<p>Tan\u00e1csad\u00f3k\u00e9nt Bob szenved\u00e9lyesen t\u00f6rekszik a strat\u00e9gia \u00e9s a taktika k\u00f6z\u00f6tti legegyenesebb \u00fat megtal\u00e1l\u00e1s\u00e1ra, hogy \u00e9rdemi teljes\u00edtm\u00e9nyjavul\u00e1st \u00e9s kiv\u00e9teles \u00fczleti eredm\u00e9nyeket \u00e9rjen el sz\u00e1mos \u00fcgyf\u00e9l \u00e9s ipar\u00e1g sz\u00e1m\u00e1ra.<\/p>\n\t\t\t\t<img decoding=\"async\" src=\"https:\/\/altemirconsulting.com\/wp-content\/uploads\/bb-plugin\/cache\/JohnTepper-square-0a83e921901fbe04997507bee36b69ef-.jpg\" alt=\"JohnTepper\" itemprop=\"image\" title=\"JohnTepper\" onerror=\"this.style.display='none'\" loading=\"lazy\" \/>\n<h3>John Tepper<\/h3>\t\n\t<p>John Tepper m\u00e9rn\u00f6ki, min\u0151s\u00e9gbiztos\u00edt\u00e1si \u00e9s term\u00e9kfejleszt\u00e9si poz\u00edci\u00f3kat t\u00f6lt\u00f6tt be az orvosi eszk\u00f6z\u00f6k tervez\u00e9s\u00e9nek \u00e9s fejleszt\u00e9s\u00e9nek minden f\u00e1zis\u00e1ban, a kezdeti koncepci\u00f3t\u00f3l a szab\u00e1lyoz\u00e1si enged\u00e9lyez\u00e9sen \u00e1t a gy\u00e1rt\u00e1sig. Szak\u00e9rtelm\u00e9t felhaszn\u00e1lva z\u00e1szl\u00f3shaj\u00f3 term\u00e9kcsal\u00e1dokat fejlesztett ki, amelyek milli\u00f3kat termeltek bev\u00e9telk\u00e9nt, a k\u00f6lts\u00e9gvet\u00e9si, er\u0151forr\u00e1s- \u00e9s id\u0151beli korl\u00e1tok k\u00f6z\u00f6tt.<\/p>\n<p>Szak\u00e9rtelm\u00e9t az\u00e1ltal fejlesztette, hogy vezette a m\u00e9rn\u00f6ki \u00e9s term\u00e9kfejleszt\u00e9s minden f\u00e1zis\u00e1t p\u00e1lyafut\u00e1sa sor\u00e1n a United Orthopedic Group, az Orthofix \u00e9s neves orvosi eszk\u00f6z startupokn\u00e1l.<\/p>\n<p>Ezenk\u00edv\u00fcl m\u00e9lyrehat\u00f3 tapasztalattal rendelkezik a min\u0151s\u00e9g\u00fcgyi rendszerek \u00e9s szab\u00e1lyoz\u00e1si tev\u00e9kenys\u00e9gek ter\u00e9n, bele\u00e9rtve az FDA I., II. \u00e9s III. oszt\u00e1ly\u00fa eszk\u00f6zeit, valamint a CMS visszat\u00e9r\u00edt\u00e9st.<\/p>\n\t\t\t\t<img decoding=\"async\" src=\"https:\/\/altemirconsulting.com\/wp-content\/uploads\/bb-plugin\/cache\/RickEmerson2-square-34fa6b6e6e8083f30bc09427c2a3112c-.png\" alt=\"RickEmerson2\" itemprop=\"image\" height=\"301\" width=\"294\" title=\"RickEmerson2\" onerror=\"this.style.display='none'\" loading=\"lazy\" \/>\n<h3>Rick Emerson<\/h3>\t\n\t<p>Rick Emerson sz\u00e9lesk\u00f6r\u0171 vezet\u0151 \u00fczleti egys\u00e9g menedzsment karrierrel rendelkezett a harmadik f\u00e9l logisztikai (3PL) m\u0171veletek \u00e9s p\u00e9nz\u00fcgyek ter\u00fclet\u00e9n a DSC Logistics-n\u00e9l (jelenleg CJ Logistics). Nyeres\u00e9gess\u00e9gi \u00e9s m\u0171k\u00f6d\u00e9si teljes\u00edtm\u00e9ny \u00e1talak\u00edt\u00e1sokat vezetett sz\u00e1mos region\u00e1lis \u00e9s nemzeti \u00fcgyf\u00e9l sz\u00e1m\u00e1ra, amelyek magukban foglalt\u00e1k a csomagol\u00e1st &amp; sz\u00e1ll\u00edt\u00e1st, t\u00e1rol\u00e1st \u00e9s kezel\u00e9st, kittinget, ell\u00e1t\u00e1si l\u00e1nc strat\u00e9gi\u00e1t, p\u00e9nz\u00fcgyi tervez\u00e9st \u00e9s elemz\u00e9st, tev\u00e9kenys\u00e9galap\u00fa k\u00f6lts\u00e9gsz\u00e1m\u00edt\u00e1st \u00e9s a fokozott versenyt\u00e1rgyal\u00e1st.<\/p>\n<p>A tan\u00e1csad\u00f3i megb\u00edz\u00e1sok kihaszn\u00e1lt\u00e1k Rick v\u00e1ltozatos logisztikai h\u00e1tter\u00e9t. Sz\u00e1mos m\u0171k\u00f6d\u00e9si fejleszt\u00e9st vezetett be olyan ipar\u00e1gakban, mint az aut\u00f3gy\u00e1rt\u00e1s, csomagolt fogyaszt\u00e1si cikkek, \u00e9ttermek, eg\u00e9szs\u00e9g\u00fcgy \u00e9s pap\u00edrgy\u00e1rt\u00e1s.<\/p>\n<p>Rick p\u00e9nz\u00fcgyi MBA diplom\u00e1t szerzett a chicag\u00f3i Loyola Egyetemen. Emellett tagja az Ell\u00e1t\u00e1si L\u00e1nc Menedzsment Szakemberek Tan\u00e1cs\u00e1nak, \u00e9s r\u00e9g\u00f3ta \u00f6nk\u00e9ntes a helyi Kerekasztalban.<\/p>\n\t\t\t\t<img decoding=\"async\" src=\"https:\/\/altemirconsulting.com\/wp-content\/uploads\/bb-plugin\/cache\/MattGrosmann2-square-f069bfa227d863130bf797e45a1b9ee9-.jpg\" alt=\"MattGrosmann2\" itemprop=\"image\" height=\"292\" width=\"294\" title=\"MattGrosmann2\" onerror=\"this.style.display='none'\" loading=\"lazy\" \/>\n<h3>Matthew Grosmann<\/h3>\t\n\t<p>Matthew Grosmann t\u00edz\u00e9ves tapasztalattal rendelkezik a p\u00e9nz\u00fcgyi iparban, ahol t\u00f6bb mint 25 M&amp;A tranzakci\u00f3 v\u00e9grehajt\u00e1s\u00e1ban seg\u00e9dkezett, amelyek t\u0151ke- \u00e9s hitelfinansz\u00edroz\u00e1st is magukban foglaltak. Grosmann \u00far aleln\u00f6ke volt a Dunes Point Capital, LLC-nek, egy New York-i sz\u00e9khely\u0171 csal\u00e1di irod\u00e1nak \u00e9s mag\u00e1nbefektet\u00e9si c\u00e9gnek, ahol seg\u00edtett ellen\u0151rz\u0151 befektet\u00e9seket eszk\u00f6z\u00f6lni az \u00e1ltal\u00e1nos ipari \u00e9s energiaszolg\u00e1ltat\u00e1si szektorokban. Miel\u0151tt csatlakozott volna a Dunes Point Capitalhoz, Grosmann \u00far befektet\u00e9si banki munkat\u00e1rs volt a Jefferies LLC New York-i irod\u00e1j\u00e1ban, \u00e9s befektet\u00e9si banki elemz\u0151 az MHT Partners, LP dallasi irod\u00e1j\u00e1ban.<\/p>\n<p>Grosmann \u00far kit\u00fcntet\u00e9ssel szerzett B.S. diplom\u00e1t k\u00f6zgazdas\u00e1gtanb\u00f3l, p\u00e9nz\u00fcgyi alkalmaz\u00e1sokkal a Southern Methodist University-n. Kor\u00e1bbi igazgat\u00f3s\u00e1gi tagja volt a Harvey Building Products, Professional Plumbing Group, Ehrhardt Tool &amp; Machine \u00e9s Standard Locknut v\u00e1llalatoknak.<\/p>\n\t\t<h3>Fedezze fel a lehet\u0151s\u00e9geket&#8230;<\/h3>\n\t\t<p>\u00d6r\u00f6mmel fogadjuk minden olyan kis- \u00e9s nagyv\u00e1llalat megkeres\u00e9s\u00e9t, akik k\u00e9szen \u00e1llnak a k\u00f6vetkez\u0151 szintre l\u00e9p\u00e9sre. K\u00e9rj\u00fck, vegye fel vel\u00fcnk a kapcsolatot, hogy k\u00f6telezetts\u00e9g n\u00e9lk\u00fcl megvitassuk egyedi ig\u00e9nyeit.<\/p>\n\t\t\t<a href=\"https:\/\/www.altemirconsulting.com\/contact-us\" target=\"_self\">\n\t\t\t\t\t\t\tKapcsolat\n\t\t\t\t\t<\/a>\n\n","protected":false},"excerpt":{"rendered":"<p>Gy\u00e1rt\u00e1si \u00e9s Ell\u00e1t\u00e1si L\u00e1nc Tan\u00e1csad\u00f3k speci\u00e1lis szak\u00e9rtelem m\u00e9ly gyakorlati vezet\u0151i tapasztalattal Az Altemir Consulting tapasztalt vezet\u0151 gy\u00e1rt\u00e1si, m\u00e9rn\u00f6ki, rakt\u00e1roz\u00e1si \u00e9s mag\u00e1nt\u0151ke-vezet\u0151kb\u0151l \u00e1ll\u00f3 csoportk\u00e9nt indult, akik tan\u00e1csad\u00e1sra v\u00e1ltottak. Tan\u00e1csad\u00f3ink az elm\u00falt 30 \u00e9vben sz\u00e1mos rep\u00fcl\u0151g\u00e9pipari, orvosi eszk\u00f6zgy\u00e1rt\u00f3, ipari term\u00e9kgy\u00e1rt\u00f3, szerz\u0151d\u00e9ses gy\u00e1rt\u00f3, fogyaszt\u00e1si cikkgy\u00e1rt\u00f3, \u00e9lelmiszergy\u00e1rt\u00f3 \u00e9s egy\u00e9b diszkr\u00e9t gy\u00e1rt\u00e1si v\u00e1llalkoz\u00e1sban vettek r\u00e9szt. David Altemir David Altemir gyakorlatias [&hellip;]<\/p>\n","protected":false},"author":1,"featured_media":0,"parent":0,"menu_order":0,"comment_status":"closed","ping_status":"closed","template":"","meta":{"_coblocks_attr":"","_coblocks_dimensions":"","_coblocks_responsive_height":"","_coblocks_accordion_ie_support":"","footnotes":""},"class_list":["post-3746","page","type-page","status-publish","hentry"],"yoast_head":"<!-- This site is optimized with the Yoast SEO Premium plugin v27.0 (Yoast SEO v27.4) - https:\/\/yoast.com\/product\/yoast-seo-premium-wordpress\/ -->\n<title>Altemir Consulting | Csapatunk<\/title>\n<meta name=\"description\" content=\"Tan\u00e1csad\u00f3ink sz\u00e9les k\u00f6r\u0171 gyakorlati vezet\u0151i tapasztalattal rendelkeznek, amely kiterjed a lean gy\u00e1rt\u00e1sra, az ell\u00e1t\u00e1si l\u00e1nc menedzsmentre, a m\u00e9rn\u00f6ki munk\u00e1ra, a v\u00e1llalati IT-ra \u00e9s a mag\u00e1nt\u0151k\u00e9re. K\u00e9rj\u00fck, egyeztessen vel\u00fcnk egy telefonh\u00edv\u00e1st, hogy megvitassuk c\u00e9ljait \u00e9s kih\u00edv\u00e1sait, \u00e9s megtudja, hogyan tudunk k\u00e9zzelfoghat\u00f3 k\u00fcl\u00f6nbs\u00e9get tenni.\" \/>\n<meta name=\"robots\" content=\"index, follow, max-snippet:-1, max-image-preview:large, max-video-preview:-1\" \/>\n<link rel=\"canonical\" href=\"https:\/\/altemirconsulting.com\/hu\/csapat\/\" \/>\n<meta name=\"twitter:label1\" content=\"Becs\u00fclt olvas\u00e1si id\u0151\" \/>\n\t<meta name=\"twitter:data1\" content=\"6 perc\" \/>\n<script type=\"application\/ld+json\" class=\"yoast-schema-graph\">{\"@context\":\"https:\\\/\\\/schema.org\",\"@graph\":[{\"@type\":\"WebPage\",\"@id\":\"https:\\\/\\\/altemirconsulting.com\\\/hu\\\/csapat\\\/\",\"url\":\"https:\\\/\\\/altemirconsulting.com\\\/hu\\\/csapat\\\/\",\"name\":\"Altemir Consulting | Csapatunk\",\"isPartOf\":{\"@id\":\"https:\\\/\\\/altemirconsulting.com\\\/hu\\\/#website\"},\"primaryImageOfPage\":{\"@id\":\"https:\\\/\\\/altemirconsulting.com\\\/hu\\\/csapat\\\/#primaryimage\"},\"image\":{\"@id\":\"https:\\\/\\\/altemirconsulting.com\\\/hu\\\/csapat\\\/#primaryimage\"},\"thumbnailUrl\":\"https:\\\/\\\/altemirconsulting.com\\\/wp-content\\\/uploads\\\/2022\\\/11\\\/TeamStill1_1-640x320.jpg\",\"datePublished\":\"2020-01-23T01:54:17+00:00\",\"dateModified\":\"2026-01-21T18:17:04+00:00\",\"description\":\"Tan\u00e1csad\u00f3ink sz\u00e9les k\u00f6r\u0171 gyakorlati vezet\u0151i tapasztalattal rendelkeznek, amely kiterjed a lean gy\u00e1rt\u00e1sra, az ell\u00e1t\u00e1si l\u00e1nc menedzsmentre, a m\u00e9rn\u00f6ki munk\u00e1ra, a v\u00e1llalati IT-ra \u00e9s a mag\u00e1nt\u0151k\u00e9re. K\u00e9rj\u00fck, egyeztessen vel\u00fcnk egy telefonh\u00edv\u00e1st, hogy megvitassuk c\u00e9ljait \u00e9s kih\u00edv\u00e1sait, \u00e9s megtudja, hogyan tudunk k\u00e9zzelfoghat\u00f3 k\u00fcl\u00f6nbs\u00e9get tenni.\",\"breadcrumb\":{\"@id\":\"https:\\\/\\\/altemirconsulting.com\\\/hu\\\/csapat\\\/#breadcrumb\"},\"inLanguage\":\"hu\",\"potentialAction\":[{\"@type\":\"ReadAction\",\"target\":[\"https:\\\/\\\/altemirconsulting.com\\\/hu\\\/csapat\\\/\"]}]},{\"@type\":\"ImageObject\",\"inLanguage\":\"hu\",\"@id\":\"https:\\\/\\\/altemirconsulting.com\\\/hu\\\/csapat\\\/#primaryimage\",\"url\":\"https:\\\/\\\/altemirconsulting.com\\\/wp-content\\\/uploads\\\/2022\\\/11\\\/TeamStill1_1-640x320.jpg\",\"contentUrl\":\"https:\\\/\\\/altemirconsulting.com\\\/wp-content\\\/uploads\\\/2022\\\/11\\\/TeamStill1_1-640x320.jpg\"},{\"@type\":\"BreadcrumbList\",\"@id\":\"https:\\\/\\\/altemirconsulting.com\\\/hu\\\/csapat\\\/#breadcrumb\",\"itemListElement\":[{\"@type\":\"ListItem\",\"position\":1,\"name\":\"Home\",\"item\":\"https:\\\/\\\/altemirconsulting.com\\\/hu\\\/\"},{\"@type\":\"ListItem\",\"position\":2,\"name\":\"Csapat\"}]},{\"@type\":\"WebSite\",\"@id\":\"https:\\\/\\\/altemirconsulting.com\\\/hu\\\/#website\",\"url\":\"https:\\\/\\\/altemirconsulting.com\\\/hu\\\/\",\"name\":\"Altemir Consulting\",\"description\":\"\",\"publisher\":{\"@id\":\"https:\\\/\\\/altemirconsulting.com\\\/hu\\\/#organization\"},\"potentialAction\":[{\"@type\":\"SearchAction\",\"target\":{\"@type\":\"EntryPoint\",\"urlTemplate\":\"https:\\\/\\\/altemirconsulting.com\\\/hu\\\/?s={search_term_string}\"},\"query-input\":{\"@type\":\"PropertyValueSpecification\",\"valueRequired\":true,\"valueName\":\"search_term_string\"}}],\"inLanguage\":\"hu\"},{\"@type\":\"Organization\",\"@id\":\"https:\\\/\\\/altemirconsulting.com\\\/hu\\\/#organization\",\"name\":\"Altemir Consulting\",\"url\":\"https:\\\/\\\/altemirconsulting.com\\\/hu\\\/\",\"logo\":{\"@type\":\"ImageObject\",\"inLanguage\":\"hu\",\"@id\":\"https:\\\/\\\/altemirconsulting.com\\\/hu\\\/#\\\/schema\\\/logo\\\/image\\\/\",\"url\":\"https:\\\/\\\/altemirconsulting.com\\\/wp-content\\\/uploads\\\/2017\\\/09\\\/favicon.png\",\"contentUrl\":\"https:\\\/\\\/altemirconsulting.com\\\/wp-content\\\/uploads\\\/2017\\\/09\\\/favicon.png\",\"width\":300,\"height\":300,\"caption\":\"Altemir Consulting\"},\"image\":{\"@id\":\"https:\\\/\\\/altemirconsulting.com\\\/hu\\\/#\\\/schema\\\/logo\\\/image\\\/\"},\"sameAs\":[\"https:\\\/\\\/www.facebook.com\\\/AltemirConsulting\\\/\",\"https:\\\/\\\/x.com\\\/AltemirConsult\",\"https:\\\/\\\/www.linkedin.com\\\/company\\\/altemirconsulting\\\/\",\"https:\\\/\\\/www.youtube.com\\\/channel\\\/UCymlsqpZMZn-GlEFli_bnfA\"]}]}<\/script>\n<!-- \/ Yoast SEO Premium plugin. -->","yoast_head_json":{"title":"Altemir Consulting | Csapatunk","description":"Tan\u00e1csad\u00f3ink sz\u00e9les k\u00f6r\u0171 gyakorlati vezet\u0151i tapasztalattal rendelkeznek, amely kiterjed a lean gy\u00e1rt\u00e1sra, az ell\u00e1t\u00e1si l\u00e1nc menedzsmentre, a m\u00e9rn\u00f6ki munk\u00e1ra, a v\u00e1llalati IT-ra \u00e9s a mag\u00e1nt\u0151k\u00e9re. K\u00e9rj\u00fck, egyeztessen vel\u00fcnk egy telefonh\u00edv\u00e1st, hogy megvitassuk c\u00e9ljait \u00e9s kih\u00edv\u00e1sait, \u00e9s megtudja, hogyan tudunk k\u00e9zzelfoghat\u00f3 k\u00fcl\u00f6nbs\u00e9get tenni.","robots":{"index":"index","follow":"follow","max-snippet":"max-snippet:-1","max-image-preview":"max-image-preview:large","max-video-preview":"max-video-preview:-1"},"canonical":"https:\/\/altemirconsulting.com\/hu\/csapat\/","twitter_misc":{"Becs\u00fclt olvas\u00e1si id\u0151":"6 perc"},"schema":{"@context":"https:\/\/schema.org","@graph":[{"@type":"WebPage","@id":"https:\/\/altemirconsulting.com\/hu\/csapat\/","url":"https:\/\/altemirconsulting.com\/hu\/csapat\/","name":"Altemir Consulting | Csapatunk","isPartOf":{"@id":"https:\/\/altemirconsulting.com\/hu\/#website"},"primaryImageOfPage":{"@id":"https:\/\/altemirconsulting.com\/hu\/csapat\/#primaryimage"},"image":{"@id":"https:\/\/altemirconsulting.com\/hu\/csapat\/#primaryimage"},"thumbnailUrl":"https:\/\/altemirconsulting.com\/wp-content\/uploads\/2022\/11\/TeamStill1_1-640x320.jpg","datePublished":"2020-01-23T01:54:17+00:00","dateModified":"2026-01-21T18:17:04+00:00","description":"Tan\u00e1csad\u00f3ink sz\u00e9les k\u00f6r\u0171 gyakorlati vezet\u0151i tapasztalattal rendelkeznek, amely kiterjed a lean gy\u00e1rt\u00e1sra, az ell\u00e1t\u00e1si l\u00e1nc menedzsmentre, a m\u00e9rn\u00f6ki munk\u00e1ra, a v\u00e1llalati IT-ra \u00e9s a mag\u00e1nt\u0151k\u00e9re. K\u00e9rj\u00fck, egyeztessen vel\u00fcnk egy telefonh\u00edv\u00e1st, hogy megvitassuk c\u00e9ljait \u00e9s kih\u00edv\u00e1sait, \u00e9s megtudja, hogyan tudunk k\u00e9zzelfoghat\u00f3 k\u00fcl\u00f6nbs\u00e9get tenni.","breadcrumb":{"@id":"https:\/\/altemirconsulting.com\/hu\/csapat\/#breadcrumb"},"inLanguage":"hu","potentialAction":[{"@type":"ReadAction","target":["https:\/\/altemirconsulting.com\/hu\/csapat\/"]}]},{"@type":"ImageObject","inLanguage":"hu","@id":"https:\/\/altemirconsulting.com\/hu\/csapat\/#primaryimage","url":"https:\/\/altemirconsulting.com\/wp-content\/uploads\/2022\/11\/TeamStill1_1-640x320.jpg","contentUrl":"https:\/\/altemirconsulting.com\/wp-content\/uploads\/2022\/11\/TeamStill1_1-640x320.jpg"},{"@type":"BreadcrumbList","@id":"https:\/\/altemirconsulting.com\/hu\/csapat\/#breadcrumb","itemListElement":[{"@type":"ListItem","position":1,"name":"Home","item":"https:\/\/altemirconsulting.com\/hu\/"},{"@type":"ListItem","position":2,"name":"Csapat"}]},{"@type":"WebSite","@id":"https:\/\/altemirconsulting.com\/hu\/#website","url":"https:\/\/altemirconsulting.com\/hu\/","name":"Altemir Consulting","description":"","publisher":{"@id":"https:\/\/altemirconsulting.com\/hu\/#organization"},"potentialAction":[{"@type":"SearchAction","target":{"@type":"EntryPoint","urlTemplate":"https:\/\/altemirconsulting.com\/hu\/?s={search_term_string}"},"query-input":{"@type":"PropertyValueSpecification","valueRequired":true,"valueName":"search_term_string"}}],"inLanguage":"hu"},{"@type":"Organization","@id":"https:\/\/altemirconsulting.com\/hu\/#organization","name":"Altemir Consulting","url":"https:\/\/altemirconsulting.com\/hu\/","logo":{"@type":"ImageObject","inLanguage":"hu","@id":"https:\/\/altemirconsulting.com\/hu\/#\/schema\/logo\/image\/","url":"https:\/\/altemirconsulting.com\/wp-content\/uploads\/2017\/09\/favicon.png","contentUrl":"https:\/\/altemirconsulting.com\/wp-content\/uploads\/2017\/09\/favicon.png","width":300,"height":300,"caption":"Altemir Consulting"},"image":{"@id":"https:\/\/altemirconsulting.com\/hu\/#\/schema\/logo\/image\/"},"sameAs":["https:\/\/www.facebook.com\/AltemirConsulting\/","https:\/\/x.com\/AltemirConsult","https:\/\/www.linkedin.com\/company\/altemirconsulting\/","https:\/\/www.youtube.com\/channel\/UCymlsqpZMZn-GlEFli_bnfA"]}]}},"_links":{"self":[{"href":"https:\/\/altemirconsulting.com\/hu\/wp-json\/wp\/v2\/pages\/3746","targetHints":{"allow":["GET"]}}],"collection":[{"href":"https:\/\/altemirconsulting.com\/hu\/wp-json\/wp\/v2\/pages"}],"about":[{"href":"https:\/\/altemirconsulting.com\/hu\/wp-json\/wp\/v2\/types\/page"}],"author":[{"embeddable":true,"href":"https:\/\/altemirconsulting.com\/hu\/wp-json\/wp\/v2\/users\/1"}],"replies":[{"embeddable":true,"href":"https:\/\/altemirconsulting.com\/hu\/wp-json\/wp\/v2\/comments?post=3746"}],"version-history":[{"count":2,"href":"https:\/\/altemirconsulting.com\/hu\/wp-json\/wp\/v2\/pages\/3746\/revisions"}],"predecessor-version":[{"id":4604,"href":"https:\/\/altemirconsulting.com\/hu\/wp-json\/wp\/v2\/pages\/3746\/revisions\/4604"}],"wp:attachment":[{"href":"https:\/\/altemirconsulting.com\/hu\/wp-json\/wp\/v2\/media?parent=3746"}],"curies":[{"name":"wp","href":"https:\/\/api.w.org\/{rel}","templated":true}]}}