{"id":3735,"date":"2018-02-14T18:23:23","date_gmt":"2018-02-15T00:23:23","guid":{"rendered":"https:\/\/altemirconsulting.com\/keszletgazdalkodas\/"},"modified":"2026-01-21T12:30:55","modified_gmt":"2026-01-21T18:30:55","slug":"keszletgazdalkodas","status":"publish","type":"page","link":"https:\/\/altemirconsulting.com\/hu\/keszletgazdalkodas\/","title":{"rendered":"K\u00e9szletgazd\u00e1lkod\u00e1s"},"content":{"rendered":"\n\n\t<h1>K\u00e9szletgazd\u00e1lkod\u00e1si Tan\u00e1csad\u00e1s<\/h1>\n\t<p>Ak\u00e1r k\u00e9szterm\u00e9kekre, ak\u00e1r nyersanyagokra \u00f6sszpontos\u00edt, az Altemir Consulting megb\u00edzhat\u00f3 k\u00e9szletgazd\u00e1lkod\u00e1si szak\u00e9rtelemmel seg\u00edti a gy\u00e1rt\u00f3kat a k\u00f6lts\u00e9gek cs\u00f6kkent\u00e9s\u00e9ben, mik\u00f6zben biztos\u00edtja az anyag\/term\u00e9k rendelkez\u00e9sre \u00e1ll\u00e1s\u00e1t, a pontos k\u00f6lts\u00e9gelsz\u00e1mol\u00e1st \u00e9s a jobb k\u00e9szletvagyon-teljes\u00edtm\u00e9nyt.<\/p>\n<p>J\u00e1rtasak vagyunk a sz\u00e1ll\u00edt\u00f3 \u00e1ltal kezelt k\u00e9szlet (VMI), kanbanok, \u00fajrarendel\u00e9si pontok (ROP), gazdas\u00e1gos rendel\u00e9si mennyis\u00e9gek (EOQ), biztons\u00e1gi k\u00e9szlet, valamint a MIN\/MAX fogalmaiban gyakorlatilag b\u00e1rmilyen ERP, MRP, WMS vagy lean vizu\u00e1lis anyagkezel\u0151 rendszer eset\u00e9n. Ebben sz\u00e1m\u00edthat r\u00e1nk.<\/p>\n<p>Az al\u00e1bbi ter\u00fcleteken tudunk seg\u00edteni:<\/p>\n<ul>\n<li><a href=\"#opt\">K\u00e9szletoptimaliz\u00e1l\u00e1s<\/a><\/li>\n<li><a href=\"#accu\">K\u00e9szletpontoss\u00e1g \u00e9s -ellen\u0151rz\u00e9s<\/a><\/li>\n<li><a href=\"#lean\">Kanbanok \u00e9s lean k\u00e9szletgazd\u00e1lkod\u00e1s<\/a><\/li>\n<li><a href=\"#asset\">Eszk\u00f6zgazd\u00e1lkod\u00e1s<\/a><\/li>\n<\/ul>\n<p><a name=\"opt\"><\/a><\/p>\n<h4>K\u00e9szletoptimaliz\u00e1l\u00e1s<\/h4>\n<p>A k\u00e9szlettervez\u00e9s megfelel\u0151 megk\u00f6zel\u00edt\u00e9se megakad\u00e1lyozhatja a nagy kereslet\u0171 term\u00e9kek hi\u00e1ny\u00e1t, mik\u00f6zben cs\u00f6kkenti a lassan forg\u00f3 term\u00e9kek t\u00falk\u00e9szletez\u00e9s\u00e9t.<\/p>\n<p>Ha szervezete az \u00e1tfut\u00e1si id\u0151k vagy a \u201ek\u00e9szleten l\u00e9v\u0151 napok sz\u00e1ma&#8221; alapj\u00e1n kezeli a k\u00e9szletet, jelent\u0151sen profit\u00e1lhat speci\u00e1lis analitikai megk\u00f6zel\u00edt\u00e9s\u00fcnkb\u0151l.<\/p>\n<p>Az Altemir Consulting gyakran k\u00e9pes cs\u00f6kkenteni a k\u00e9szletet, <em>mik\u00f6zben<\/em> elker\u00fcli a hi\u00e1nyokat \u00e9s jav\u00edtja a szolg\u00e1ltat\u00e1si szinteket. Gyakran lehet\u0151s\u00e9get biztos\u00edtunk \u00d6nnek a gyors k\u00e9szp\u00e9nzforgalom-n\u00f6vel\u00e9sre, a c\u00e9lk\u00e9szletszintjeinek optimaliz\u00e1l\u00e1s\u00e1val \u00e9s beszerz\u00e9si kiad\u00e1sainak biztons\u00e1gos cs\u00f6kkent\u00e9s\u00e9vel, \u00e1ltal\u00e1ban t\u00f6bb h\u00f3nap alatt. A k\u00e9szletforg\u00e1s \u00e9s a m\u00e9rleg teljes\u00edtm\u00e9nye b\u00f3nuszk\u00e9nt szint\u00e9n javulni fog.<\/p>\n<p><a href=\"https:\/\/calendly.com\/altemirconsulting\">\u00dctemezzen be egy telefonh\u00edv\u00e1st<\/a>, hogy k\u00f6telezetts\u00e9g n\u00e9lk\u00fcl megvitassuk kih\u00edv\u00e1sait \u00e9s lehet\u0151s\u00e9geit.<\/p>\n<p><a name=\"accu\"><\/a><\/p>\n<h4>K\u00e9szletpontoss\u00e1g \u00e9s -Ellen\u0151rz\u00e9s<\/h4>\n<p>Olyan gy\u00e1rt\u00f3kkal \u00e9s forgalmaz\u00f3kkal dolgozunk, akik pontos nyersanyag-, f\u00e9lk\u00e9sz (WIP) \u00e9s\/vagy k\u00e9szterm\u00e9k-k\u00e9szletekre t\u00e1maszkodnak. Seg\u00edthet\u00fcnk a hat\u00e9kony l\u00e9trehoz\u00e1s\u00e1ban:<\/p>\n<ul>\n<li>Anyagtervez\u00e9s<\/li>\n<li>Rakt\u00e1ri m\u0171veletek<\/li>\n<li>Tranzakci\u00f3s gyakorlatok<\/li>\n<li>Fizikai lelt\u00e1roz\u00e1si programok<\/li>\n<\/ul>\n<p>Ha szervezete jelenleg rutinszer\u0171 teljes k\u00f6r\u0171 fizikai lelt\u00e1roz\u00e1sra t\u00e1maszkodik, k\u00fcl\u00f6n\u00f6sen \u00e9rt\u00e9kelni fogja seg\u00edts\u00e9g\u00fcnket a hat\u00e9kony anyag\u00e1tv\u00e9tel, anyagfelhaszn\u00e1l\u00e1si\/kiad\u00e1si tranzakci\u00f3k, sz\u00e1ll\u00edt\u00e1s \u00e9s ciklikus lelt\u00e1roz\u00e1s kialak\u00edt\u00e1s\u00e1ban. A gyakori teljes k\u00f6r\u0171 fizikai lelt\u00e1roz\u00e1s sz\u00fcks\u00e9gess\u00e9ge teljesen megsz\u00fcntethet\u0151 a k\u00f6nyvel\u0151k \u00e9s m\u00e1s p\u00e9nz\u00fcgyi \u00e9s m\u0171k\u00f6d\u00e9si \u00e9rdekeltek megel\u00e9ged\u00e9s\u00e9re.<\/p>\nSeg\u00edthet\u00fcnk fizikai lelt\u00e1roz\u00e1si m\u00f3dszertan\u00e1nak finom\u00edt\u00e1s\u00e1ban \u00e9s jav\u00edt\u00e1s\u00e1ban, hogy biztos\u00edtsa a pontos k\u00e9szletszinteket, k\u00f6lts\u00e9geket \u00e9s helysz\u00edneket.<br \/>\n<a name=\"lean\"><\/a>\n<h4>Kanbanok \u00e9s Lean K\u00e9szletgazd\u00e1lkod\u00e1s<\/h4>\nEgyes gy\u00e1rt\u00f3k sz\u00e1m\u00e1ra el\u0151ny\u00f6s lehet a fizikai (vagy virtu\u00e1lis) kanbanok alkalmaz\u00e1sa. Minden k\u00e9szletgazd\u00e1lkod\u00e1si \u00e9s ellen\u0151rz\u00e9si paradigm\u00e1nk term\u00e9szet\u00e9n\u00e9l fogva Lean, \u00e9s l\u00e9nyeg\u00e9ben ugyanazokat a matematikai elveket k\u00f6veti, mint a kanbanok. Seg\u00edthet\u00fcnk a lean h\u00faz\u00f3rendszer\u0171 \u00e1raml\u00e1s kialak\u00edt\u00e1s\u00e1ban kanbanok, szupermarketek \u00e9s (m\u0171helygy\u00e1rt\u00e1si k\u00f6rnyezetben gy\u00e1rtott term\u00e9kek eset\u00e9ben) <a href=\"https:\/\/www.altemirconsulting.com\/lean-mrp\">Lean MRP<\/a> alkalmaz\u00e1s\u00e1val.<br \/>\n<a name=\"imp\"><\/a>\n<h4>Eszk\u00f6zgazd\u00e1lkod\u00e1s<\/h4>\n<p>Jelent\u0151s gy\u00e1rt\u00e1si k\u00e9szletgazd\u00e1lkod\u00e1si tapasztalatunkat sikeresen alkalmaztuk az eszk\u00f6zgazd\u00e1lkod\u00e1sban. Ez k\u00fcl\u00f6n\u00f6sen \u00e9rt\u00e9kes azokban a helyzetekben, ahol a v\u00e1llalati eszk\u00f6z\u00f6ket, mint p\u00e9ld\u00e1ul j\u00e1rm\u0171veket, berendez\u00e9seket, szersz\u00e1mokat vagy egy\u00e9b t\u0151kejavakat rutinszer\u0171en alkalmazz\u00e1k az \u00fcgyf\u00e9lszolg\u00e1ltat\u00e1sok ny\u00fajt\u00e1s\u00e1ban.<\/p>\n\t<h4>Rendszerf\u00fcggetlenek Vagyunk<\/h4>\n\t<p>M\u00e9lyrehat\u00f3 tranzakci\u00f3s \u00fczleti, analitikai, adatb\u00e1zis- \u00e9s technikai ismeretekkel rendelkez\u00fcnk, amelyek seg\u00edts\u00e9g\u00e9vel gyorsan \u00e1talak\u00edthatjuk <strong>b\u00e1rmely ERP vagy v\u00e1llalati IT rendszer<\/strong> haszn\u00e1lat\u00e1t \u00e9s el\u0151nyeit.<\/p>\n<p>N\u00e9h\u00e1ny rendszer, amellyel k\u00f6zvetlen tapasztalatunk van, t\u00f6bbek k\u00f6z\u00f6tt:<\/p>\n<ul>\n<li>SAP<\/li>\n<li>Epicor<\/li>\n<li>Infor<\/li>\n<li>Microsoft Dynamics<\/li>\n<li>QAD<\/li>\n<li>NetSuite<\/li>\n<li>ECi M1<\/li>\n<li><a href=\"https:\/\/www.altemirconsulting.com\/cetec-erp\">Cetec ERP<\/a><\/li>\n<li>ShopMate<\/li>\n<li><a href=\"https:\/\/www.altemirconsulting.com\/mrpeasy-consulting-implementation-and-support\">MRPeasy<\/a><\/li>\n<\/ul>\n\t\t\t\t<img decoding=\"async\" src=\"https:\/\/altemirconsulting.com\/wp-content\/uploads\/2019\/12\/warehouse3-300x163.jpg\" alt=\"ell\u00e1t\u00e1si l\u00e1nc tan\u00e1csad\u00e1s\" itemprop=\"image\" height=\"163\" width=\"300\" title=\"rakt\u00e1r3\" onerror=\"this.style.display='none'\" loading=\"lazy\" \/>\n\t\t\t\t<img decoding=\"async\" src=\"https:\/\/altemirconsulting.com\/wp-content\/uploads\/2018\/09\/food_beverage-300x198.jpg\" alt=\"food_beverage\" itemprop=\"image\" height=\"198\" width=\"300\" title=\"food_beverage\" onerror=\"this.style.display='none'\" loading=\"lazy\" \/>\n\t\t\t\t<img decoding=\"async\" src=\"https:\/\/altemirconsulting.com\/wp-content\/uploads\/2019\/04\/SteelInventory-300x169.jpg\" alt=\"k\u00e9szletgazd\u00e1lkod\u00e1s\" itemprop=\"image\" height=\"169\" width=\"300\" title=\"SteelInventory\" onerror=\"this.style.display='none'\" loading=\"lazy\" \/>\n\t<h2>Telefonh\u00edv\u00e1s egyeztet\u00e9se<\/h2>\n<p>Kattintson al\u00e1bb egy ingyenes 30 perces telefonh\u00edv\u00e1s \u00fctemez\u00e9s\u00e9hez, hogy k\u00f6telezetts\u00e9g n\u00e9lk\u00fcl megv\u00e1laszoljuk k\u00e9rd\u00e9seit.<\/p>\n\t<!-- Calendly inline widget begin -->\n<!-- Calendly inline widget end -->\n\t<p>N\u00e9h\u00e1ny kor\u00e1bbi siker\u00fcnk:<\/p>\n\t\t\t\t<img decoding=\"async\" src=\"https:\/\/altemirconsulting.com\/wp-content\/uploads\/2023\/03\/CaseStudy08.png\" alt=\"CaseStudy08\" itemprop=\"image\" height=\"255\" width=\"300\" title=\"CaseStudy08\" onerror=\"this.style.display='none'\" loading=\"lazy\" \/>\n\t\t\t\t<img decoding=\"async\" src=\"https:\/\/altemirconsulting.com\/wp-content\/uploads\/2023\/03\/CaseStudy06.png\" alt=\"CaseStudy06\" itemprop=\"image\" height=\"255\" width=\"300\" title=\"CaseStudy06\" onerror=\"this.style.display='none'\" loading=\"lazy\" \/>\n\t\t\t\t<img decoding=\"async\" src=\"https:\/\/altemirconsulting.com\/wp-content\/uploads\/2023\/03\/CaseStudy04.jpg\" alt=\"CaseStudy04\" itemprop=\"image\" height=\"255\" width=\"300\" title=\"CaseStudy04\" onerror=\"this.style.display='none'\" loading=\"lazy\" \/>\n\t\t<h3>Fedezze fel a Lehet\u0151s\u00e9geket&#8230;<\/h3>\n\t\t<p>Sz\u00edvesen fogadjuk minden, a k\u00f6vetkez\u0151 szintre l\u00e9pni v\u00e1gy\u00f3 kis- \u00e9s nagyv\u00e1llalkoz\u00e1s megkeres\u00e9s\u00e9t. Forduljon hozz\u00e1nk bizalommal, hogy k\u00f6telezetts\u00e9g n\u00e9lk\u00fcl megvitassuk egyedi ig\u00e9nyeit.<\/p>\n\t\t\t<a href=\"https:\/\/altemirconsulting.com\/hu\/kapcsolat\/\" target=\"_self\">\n\t\t\t\t\t\t\tKapcsolat\n\t\t\t\t\t<\/a>\n\n","protected":false},"excerpt":{"rendered":"<p>K\u00e9szletgazd\u00e1lkod\u00e1si Tan\u00e1csad\u00e1s Ak\u00e1r k\u00e9szterm\u00e9kekre, ak\u00e1r nyersanyagokra \u00f6sszpontos\u00edt, az Altemir Consulting megb\u00edzhat\u00f3 k\u00e9szletgazd\u00e1lkod\u00e1si szak\u00e9rtelemmel seg\u00edti a gy\u00e1rt\u00f3kat a k\u00f6lts\u00e9gek cs\u00f6kkent\u00e9s\u00e9ben, mik\u00f6zben biztos\u00edtja az anyag\/term\u00e9k rendelkez\u00e9sre \u00e1ll\u00e1s\u00e1t, a pontos k\u00f6lts\u00e9gelsz\u00e1mol\u00e1st \u00e9s a jobb k\u00e9szletvagyon-teljes\u00edtm\u00e9nyt. J\u00e1rtasak vagyunk a sz\u00e1ll\u00edt\u00f3 \u00e1ltal kezelt k\u00e9szlet (VMI), kanbanok, \u00fajrarendel\u00e9si pontok (ROP), gazdas\u00e1gos rendel\u00e9si mennyis\u00e9gek (EOQ), biztons\u00e1gi k\u00e9szlet, valamint a MIN\/MAX fogalmaiban gyakorlatilag [&hellip;]<\/p>\n","protected":false},"author":1,"featured_media":0,"parent":0,"menu_order":0,"comment_status":"closed","ping_status":"closed","template":"","meta":{"_coblocks_attr":"","_coblocks_dimensions":"","_coblocks_responsive_height":"","_coblocks_accordion_ie_support":"","footnotes":""},"class_list":["post-3735","page","type-page","status-publish","hentry"],"yoast_head":"<!-- This site is optimized with the Yoast SEO Premium plugin v27.0 (Yoast SEO v27.4) - https:\/\/yoast.com\/product\/yoast-seo-premium-wordpress\/ -->\n<title>K\u00e9szletgazd\u00e1lkod\u00e1s optimaliz\u00e1l\u00e1sa | Altemir Consulting<\/title>\n<meta name=\"description\" content=\"Gy\u00e1rt\u00f3k k\u00e9szletgazd\u00e1lkod\u00e1s\u00e1nak optimaliz\u00e1l\u00e1s\u00e1ra specializ\u00e1l\u00f3dtunk, hogy a t\u00f6lt\u00e9si ar\u00e1nyokat &gt; 99%-ra n\u00f6velj\u00fck, mik\u00f6zben a k\u00e9szletet 25-50%-kal cs\u00f6kkentj\u00fck.\" \/>\n<meta name=\"robots\" content=\"index, follow, max-snippet:-1, max-image-preview:large, max-video-preview:-1\" \/>\n<link rel=\"canonical\" href=\"https:\/\/altemirconsulting.com\/hu\/keszletgazdalkodas\/\" \/>\n<meta name=\"twitter:label1\" content=\"Becs\u00fclt olvas\u00e1si id\u0151\" \/>\n\t<meta name=\"twitter:data1\" content=\"4 perc\" \/>\n<script type=\"application\/ld+json\" class=\"yoast-schema-graph\">{\"@context\":\"https:\\\/\\\/schema.org\",\"@graph\":[{\"@type\":\"WebPage\",\"@id\":\"https:\\\/\\\/altemirconsulting.com\\\/hu\\\/keszletgazdalkodas\\\/\",\"url\":\"https:\\\/\\\/altemirconsulting.com\\\/hu\\\/keszletgazdalkodas\\\/\",\"name\":\"K\u00e9szletgazd\u00e1lkod\u00e1s optimaliz\u00e1l\u00e1sa | Altemir Consulting\",\"isPartOf\":{\"@id\":\"https:\\\/\\\/altemirconsulting.com\\\/hu\\\/#website\"},\"primaryImageOfPage\":{\"@id\":\"https:\\\/\\\/altemirconsulting.com\\\/hu\\\/keszletgazdalkodas\\\/#primaryimage\"},\"image\":{\"@id\":\"https:\\\/\\\/altemirconsulting.com\\\/hu\\\/keszletgazdalkodas\\\/#primaryimage\"},\"thumbnailUrl\":\"https:\\\/\\\/altemirconsulting.com\\\/wp-content\\\/uploads\\\/2019\\\/12\\\/warehouse3-300x163.jpg\",\"datePublished\":\"2018-02-15T00:23:23+00:00\",\"dateModified\":\"2026-01-21T18:30:55+00:00\",\"description\":\"Gy\u00e1rt\u00f3k k\u00e9szletgazd\u00e1lkod\u00e1s\u00e1nak optimaliz\u00e1l\u00e1s\u00e1ra specializ\u00e1l\u00f3dtunk, hogy a t\u00f6lt\u00e9si ar\u00e1nyokat > 99%-ra n\u00f6velj\u00fck, mik\u00f6zben a k\u00e9szletet 25-50%-kal cs\u00f6kkentj\u00fck.\",\"breadcrumb\":{\"@id\":\"https:\\\/\\\/altemirconsulting.com\\\/hu\\\/keszletgazdalkodas\\\/#breadcrumb\"},\"inLanguage\":\"hu\",\"potentialAction\":[{\"@type\":\"ReadAction\",\"target\":[\"https:\\\/\\\/altemirconsulting.com\\\/hu\\\/keszletgazdalkodas\\\/\"]}]},{\"@type\":\"ImageObject\",\"inLanguage\":\"hu\",\"@id\":\"https:\\\/\\\/altemirconsulting.com\\\/hu\\\/keszletgazdalkodas\\\/#primaryimage\",\"url\":\"https:\\\/\\\/altemirconsulting.com\\\/wp-content\\\/uploads\\\/2019\\\/12\\\/warehouse3-300x163.jpg\",\"contentUrl\":\"https:\\\/\\\/altemirconsulting.com\\\/wp-content\\\/uploads\\\/2019\\\/12\\\/warehouse3-300x163.jpg\"},{\"@type\":\"BreadcrumbList\",\"@id\":\"https:\\\/\\\/altemirconsulting.com\\\/hu\\\/keszletgazdalkodas\\\/#breadcrumb\",\"itemListElement\":[{\"@type\":\"ListItem\",\"position\":1,\"name\":\"Home\",\"item\":\"https:\\\/\\\/altemirconsulting.com\\\/hu\\\/\"},{\"@type\":\"ListItem\",\"position\":2,\"name\":\"K\u00e9szletgazd\u00e1lkod\u00e1s\"}]},{\"@type\":\"WebSite\",\"@id\":\"https:\\\/\\\/altemirconsulting.com\\\/hu\\\/#website\",\"url\":\"https:\\\/\\\/altemirconsulting.com\\\/hu\\\/\",\"name\":\"Altemir Consulting\",\"description\":\"\",\"publisher\":{\"@id\":\"https:\\\/\\\/altemirconsulting.com\\\/hu\\\/#organization\"},\"potentialAction\":[{\"@type\":\"SearchAction\",\"target\":{\"@type\":\"EntryPoint\",\"urlTemplate\":\"https:\\\/\\\/altemirconsulting.com\\\/hu\\\/?s={search_term_string}\"},\"query-input\":{\"@type\":\"PropertyValueSpecification\",\"valueRequired\":true,\"valueName\":\"search_term_string\"}}],\"inLanguage\":\"hu\"},{\"@type\":\"Organization\",\"@id\":\"https:\\\/\\\/altemirconsulting.com\\\/hu\\\/#organization\",\"name\":\"Altemir Consulting\",\"url\":\"https:\\\/\\\/altemirconsulting.com\\\/hu\\\/\",\"logo\":{\"@type\":\"ImageObject\",\"inLanguage\":\"hu\",\"@id\":\"https:\\\/\\\/altemirconsulting.com\\\/hu\\\/#\\\/schema\\\/logo\\\/image\\\/\",\"url\":\"https:\\\/\\\/altemirconsulting.com\\\/wp-content\\\/uploads\\\/2017\\\/09\\\/favicon.png\",\"contentUrl\":\"https:\\\/\\\/altemirconsulting.com\\\/wp-content\\\/uploads\\\/2017\\\/09\\\/favicon.png\",\"width\":300,\"height\":300,\"caption\":\"Altemir Consulting\"},\"image\":{\"@id\":\"https:\\\/\\\/altemirconsulting.com\\\/hu\\\/#\\\/schema\\\/logo\\\/image\\\/\"},\"sameAs\":[\"https:\\\/\\\/www.facebook.com\\\/AltemirConsulting\\\/\",\"https:\\\/\\\/x.com\\\/AltemirConsult\",\"https:\\\/\\\/www.linkedin.com\\\/company\\\/altemirconsulting\\\/\",\"https:\\\/\\\/www.youtube.com\\\/channel\\\/UCymlsqpZMZn-GlEFli_bnfA\"]}]}<\/script>\n<!-- \/ Yoast SEO Premium plugin. -->","yoast_head_json":{"title":"K\u00e9szletgazd\u00e1lkod\u00e1s optimaliz\u00e1l\u00e1sa | Altemir Consulting","description":"Gy\u00e1rt\u00f3k k\u00e9szletgazd\u00e1lkod\u00e1s\u00e1nak optimaliz\u00e1l\u00e1s\u00e1ra specializ\u00e1l\u00f3dtunk, hogy a t\u00f6lt\u00e9si ar\u00e1nyokat > 99%-ra n\u00f6velj\u00fck, mik\u00f6zben a k\u00e9szletet 25-50%-kal cs\u00f6kkentj\u00fck.","robots":{"index":"index","follow":"follow","max-snippet":"max-snippet:-1","max-image-preview":"max-image-preview:large","max-video-preview":"max-video-preview:-1"},"canonical":"https:\/\/altemirconsulting.com\/hu\/keszletgazdalkodas\/","twitter_misc":{"Becs\u00fclt olvas\u00e1si id\u0151":"4 perc"},"schema":{"@context":"https:\/\/schema.org","@graph":[{"@type":"WebPage","@id":"https:\/\/altemirconsulting.com\/hu\/keszletgazdalkodas\/","url":"https:\/\/altemirconsulting.com\/hu\/keszletgazdalkodas\/","name":"K\u00e9szletgazd\u00e1lkod\u00e1s optimaliz\u00e1l\u00e1sa | Altemir Consulting","isPartOf":{"@id":"https:\/\/altemirconsulting.com\/hu\/#website"},"primaryImageOfPage":{"@id":"https:\/\/altemirconsulting.com\/hu\/keszletgazdalkodas\/#primaryimage"},"image":{"@id":"https:\/\/altemirconsulting.com\/hu\/keszletgazdalkodas\/#primaryimage"},"thumbnailUrl":"https:\/\/altemirconsulting.com\/wp-content\/uploads\/2019\/12\/warehouse3-300x163.jpg","datePublished":"2018-02-15T00:23:23+00:00","dateModified":"2026-01-21T18:30:55+00:00","description":"Gy\u00e1rt\u00f3k k\u00e9szletgazd\u00e1lkod\u00e1s\u00e1nak optimaliz\u00e1l\u00e1s\u00e1ra specializ\u00e1l\u00f3dtunk, hogy a t\u00f6lt\u00e9si ar\u00e1nyokat > 99%-ra n\u00f6velj\u00fck, mik\u00f6zben a k\u00e9szletet 25-50%-kal cs\u00f6kkentj\u00fck.","breadcrumb":{"@id":"https:\/\/altemirconsulting.com\/hu\/keszletgazdalkodas\/#breadcrumb"},"inLanguage":"hu","potentialAction":[{"@type":"ReadAction","target":["https:\/\/altemirconsulting.com\/hu\/keszletgazdalkodas\/"]}]},{"@type":"ImageObject","inLanguage":"hu","@id":"https:\/\/altemirconsulting.com\/hu\/keszletgazdalkodas\/#primaryimage","url":"https:\/\/altemirconsulting.com\/wp-content\/uploads\/2019\/12\/warehouse3-300x163.jpg","contentUrl":"https:\/\/altemirconsulting.com\/wp-content\/uploads\/2019\/12\/warehouse3-300x163.jpg"},{"@type":"BreadcrumbList","@id":"https:\/\/altemirconsulting.com\/hu\/keszletgazdalkodas\/#breadcrumb","itemListElement":[{"@type":"ListItem","position":1,"name":"Home","item":"https:\/\/altemirconsulting.com\/hu\/"},{"@type":"ListItem","position":2,"name":"K\u00e9szletgazd\u00e1lkod\u00e1s"}]},{"@type":"WebSite","@id":"https:\/\/altemirconsulting.com\/hu\/#website","url":"https:\/\/altemirconsulting.com\/hu\/","name":"Altemir Consulting","description":"","publisher":{"@id":"https:\/\/altemirconsulting.com\/hu\/#organization"},"potentialAction":[{"@type":"SearchAction","target":{"@type":"EntryPoint","urlTemplate":"https:\/\/altemirconsulting.com\/hu\/?s={search_term_string}"},"query-input":{"@type":"PropertyValueSpecification","valueRequired":true,"valueName":"search_term_string"}}],"inLanguage":"hu"},{"@type":"Organization","@id":"https:\/\/altemirconsulting.com\/hu\/#organization","name":"Altemir Consulting","url":"https:\/\/altemirconsulting.com\/hu\/","logo":{"@type":"ImageObject","inLanguage":"hu","@id":"https:\/\/altemirconsulting.com\/hu\/#\/schema\/logo\/image\/","url":"https:\/\/altemirconsulting.com\/wp-content\/uploads\/2017\/09\/favicon.png","contentUrl":"https:\/\/altemirconsulting.com\/wp-content\/uploads\/2017\/09\/favicon.png","width":300,"height":300,"caption":"Altemir Consulting"},"image":{"@id":"https:\/\/altemirconsulting.com\/hu\/#\/schema\/logo\/image\/"},"sameAs":["https:\/\/www.facebook.com\/AltemirConsulting\/","https:\/\/x.com\/AltemirConsult","https:\/\/www.linkedin.com\/company\/altemirconsulting\/","https:\/\/www.youtube.com\/channel\/UCymlsqpZMZn-GlEFli_bnfA"]}]}},"_links":{"self":[{"href":"https:\/\/altemirconsulting.com\/hu\/wp-json\/wp\/v2\/pages\/3735","targetHints":{"allow":["GET"]}}],"collection":[{"href":"https:\/\/altemirconsulting.com\/hu\/wp-json\/wp\/v2\/pages"}],"about":[{"href":"https:\/\/altemirconsulting.com\/hu\/wp-json\/wp\/v2\/types\/page"}],"author":[{"embeddable":true,"href":"https:\/\/altemirconsulting.com\/hu\/wp-json\/wp\/v2\/users\/1"}],"replies":[{"embeddable":true,"href":"https:\/\/altemirconsulting.com\/hu\/wp-json\/wp\/v2\/comments?post=3735"}],"version-history":[{"count":2,"href":"https:\/\/altemirconsulting.com\/hu\/wp-json\/wp\/v2\/pages\/3735\/revisions"}],"predecessor-version":[{"id":4606,"href":"https:\/\/altemirconsulting.com\/hu\/wp-json\/wp\/v2\/pages\/3735\/revisions\/4606"}],"wp:attachment":[{"href":"https:\/\/altemirconsulting.com\/hu\/wp-json\/wp\/v2\/media?parent=3735"}],"curies":[{"name":"wp","href":"https:\/\/api.w.org\/{rel}","templated":true}]}}