{"id":3723,"date":"2017-05-10T22:11:50","date_gmt":"2017-05-11T03:11:50","guid":{"rendered":"https:\/\/altemirconsulting.com\/kapcsolat\/"},"modified":"2026-02-01T15:52:38","modified_gmt":"2026-02-01T21:52:38","slug":"kapcsolat","status":"publish","type":"page","link":"https:\/\/altemirconsulting.com\/hu\/kapcsolat\/","title":{"rendered":"Kapcsolat"},"content":{"rendered":"\n\n\t<h1>Kapcsolat<\/h1>\n\t<p><strong>E-mail:<\/strong> <a href=\"mailto:info@altemirconsulting.com\">info@altemirconsulting.com<\/a><\/p>\n<p><strong>Telefon:<\/strong> <a href=\"tel:4692628200\">(469) 262-8200<\/a><\/p>\n<p>Dallas, Texas, USA<\/p>\n<p>&nbsp;<\/p>\n<p>Dolgozhatunk t\u00e1volr\u00f3l vagy a helysz\u00ednen<\/p>\n\t<h2>Telefonh\u00edv\u00e1s Egyeztet\u00e9se<\/h2>\n<p>Kattintson al\u00e1bb, hogy egyeztessen egy ingyenes 30 perces telefonh\u00edv\u00e1st, ahol k\u00f6telezetts\u00e9g n\u00e9lk\u00fcl megbesz\u00e9lheti probl\u00e9m\u00e1it \u00e9s felteheti k\u00e9rd\u00e9seit.<\/p>\n\t<!-- Calendly inline widget begin -->\n<!-- Calendly inline widget end -->\n\n","protected":false},"excerpt":{"rendered":"<p>Kapcsolat E-mail: info@altemirconsulting.com Telefon: (469) 262-8200 Dallas, Texas, USA &nbsp; Dolgozhatunk t\u00e1volr\u00f3l vagy a helysz\u00ednen Telefonh\u00edv\u00e1s Egyeztet\u00e9se Kattintson al\u00e1bb, hogy egyeztessen egy ingyenes 30 perces telefonh\u00edv\u00e1st, ahol k\u00f6telezetts\u00e9g n\u00e9lk\u00fcl megbesz\u00e9lheti probl\u00e9m\u00e1it \u00e9s felteheti k\u00e9rd\u00e9seit.<\/p>\n","protected":false},"author":1,"featured_media":0,"parent":0,"menu_order":0,"comment_status":"closed","ping_status":"closed","template":"","meta":{"_coblocks_attr":"","_coblocks_dimensions":"","_coblocks_responsive_height":"","_coblocks_accordion_ie_support":"","footnotes":""},"class_list":["post-3723","page","type-page","status-publish","hentry"],"yoast_head":"<!-- This site is optimized with the Yoast SEO Premium plugin v27.0 (Yoast SEO v27.4) - https:\/\/yoast.com\/product\/yoast-seo-premium-wordpress\/ -->\n<title>Altemir Consulting | Kapcsolat<\/title>\n<meta name=\"description\" content=\"Nyugodtan egyeztessen egy k\u00f6telezetts\u00e9gmentes bevezet\u0151 telefonh\u00edv\u00e1st, hogy megvitassuk konkr\u00e9t probl\u00e9m\u00e1it \u00e9s lehet\u0151s\u00e9geit.\" \/>\n<meta name=\"robots\" content=\"index, follow, max-snippet:-1, max-image-preview:large, max-video-preview:-1\" \/>\n<link rel=\"canonical\" href=\"https:\/\/altemirconsulting.com\/hu\/kapcsolat\/\" \/>\n<script type=\"application\/ld+json\" class=\"yoast-schema-graph\">{\"@context\":\"https:\\\/\\\/schema.org\",\"@graph\":[{\"@type\":\"WebPage\",\"@id\":\"https:\\\/\\\/altemirconsulting.com\\\/hu\\\/kapcsolat\\\/\",\"url\":\"https:\\\/\\\/altemirconsulting.com\\\/hu\\\/kapcsolat\\\/\",\"name\":\"Altemir Consulting | Kapcsolat\",\"isPartOf\":{\"@id\":\"https:\\\/\\\/altemirconsulting.com\\\/hu\\\/#website\"},\"datePublished\":\"2017-05-11T03:11:50+00:00\",\"dateModified\":\"2026-02-01T21:52:38+00:00\",\"description\":\"Nyugodtan egyeztessen egy k\u00f6telezetts\u00e9gmentes bevezet\u0151 telefonh\u00edv\u00e1st, hogy megvitassuk konkr\u00e9t probl\u00e9m\u00e1it \u00e9s lehet\u0151s\u00e9geit.\",\"breadcrumb\":{\"@id\":\"https:\\\/\\\/altemirconsulting.com\\\/hu\\\/kapcsolat\\\/#breadcrumb\"},\"inLanguage\":\"hu\",\"potentialAction\":[{\"@type\":\"ReadAction\",\"target\":[\"https:\\\/\\\/altemirconsulting.com\\\/hu\\\/kapcsolat\\\/\"]}]},{\"@type\":\"BreadcrumbList\",\"@id\":\"https:\\\/\\\/altemirconsulting.com\\\/hu\\\/kapcsolat\\\/#breadcrumb\",\"itemListElement\":[{\"@type\":\"ListItem\",\"position\":1,\"name\":\"Home\",\"item\":\"https:\\\/\\\/altemirconsulting.com\\\/hu\\\/\"},{\"@type\":\"ListItem\",\"position\":2,\"name\":\"Kapcsolat\"}]},{\"@type\":\"WebSite\",\"@id\":\"https:\\\/\\\/altemirconsulting.com\\\/hu\\\/#website\",\"url\":\"https:\\\/\\\/altemirconsulting.com\\\/hu\\\/\",\"name\":\"Altemir Consulting\",\"description\":\"\",\"publisher\":{\"@id\":\"https:\\\/\\\/altemirconsulting.com\\\/hu\\\/#organization\"},\"potentialAction\":[{\"@type\":\"SearchAction\",\"target\":{\"@type\":\"EntryPoint\",\"urlTemplate\":\"https:\\\/\\\/altemirconsulting.com\\\/hu\\\/?s={search_term_string}\"},\"query-input\":{\"@type\":\"PropertyValueSpecification\",\"valueRequired\":true,\"valueName\":\"search_term_string\"}}],\"inLanguage\":\"hu\"},{\"@type\":\"Organization\",\"@id\":\"https:\\\/\\\/altemirconsulting.com\\\/hu\\\/#organization\",\"name\":\"Altemir Consulting\",\"url\":\"https:\\\/\\\/altemirconsulting.com\\\/hu\\\/\",\"logo\":{\"@type\":\"ImageObject\",\"inLanguage\":\"hu\",\"@id\":\"https:\\\/\\\/altemirconsulting.com\\\/hu\\\/#\\\/schema\\\/logo\\\/image\\\/\",\"url\":\"https:\\\/\\\/altemirconsulting.com\\\/wp-content\\\/uploads\\\/2017\\\/09\\\/favicon.png\",\"contentUrl\":\"https:\\\/\\\/altemirconsulting.com\\\/wp-content\\\/uploads\\\/2017\\\/09\\\/favicon.png\",\"width\":300,\"height\":300,\"caption\":\"Altemir Consulting\"},\"image\":{\"@id\":\"https:\\\/\\\/altemirconsulting.com\\\/hu\\\/#\\\/schema\\\/logo\\\/image\\\/\"},\"sameAs\":[\"https:\\\/\\\/www.facebook.com\\\/AltemirConsulting\\\/\",\"https:\\\/\\\/x.com\\\/AltemirConsult\",\"https:\\\/\\\/www.linkedin.com\\\/company\\\/altemirconsulting\\\/\",\"https:\\\/\\\/www.youtube.com\\\/channel\\\/UCymlsqpZMZn-GlEFli_bnfA\"]}]}<\/script>\n<!-- \/ Yoast SEO Premium plugin. -->","yoast_head_json":{"title":"Altemir Consulting | Kapcsolat","description":"Nyugodtan egyeztessen egy k\u00f6telezetts\u00e9gmentes bevezet\u0151 telefonh\u00edv\u00e1st, hogy megvitassuk konkr\u00e9t probl\u00e9m\u00e1it \u00e9s lehet\u0151s\u00e9geit.","robots":{"index":"index","follow":"follow","max-snippet":"max-snippet:-1","max-image-preview":"max-image-preview:large","max-video-preview":"max-video-preview:-1"},"canonical":"https:\/\/altemirconsulting.com\/hu\/kapcsolat\/","schema":{"@context":"https:\/\/schema.org","@graph":[{"@type":"WebPage","@id":"https:\/\/altemirconsulting.com\/hu\/kapcsolat\/","url":"https:\/\/altemirconsulting.com\/hu\/kapcsolat\/","name":"Altemir Consulting | Kapcsolat","isPartOf":{"@id":"https:\/\/altemirconsulting.com\/hu\/#website"},"datePublished":"2017-05-11T03:11:50+00:00","dateModified":"2026-02-01T21:52:38+00:00","description":"Nyugodtan egyeztessen egy k\u00f6telezetts\u00e9gmentes bevezet\u0151 telefonh\u00edv\u00e1st, hogy megvitassuk konkr\u00e9t probl\u00e9m\u00e1it \u00e9s lehet\u0151s\u00e9geit.","breadcrumb":{"@id":"https:\/\/altemirconsulting.com\/hu\/kapcsolat\/#breadcrumb"},"inLanguage":"hu","potentialAction":[{"@type":"ReadAction","target":["https:\/\/altemirconsulting.com\/hu\/kapcsolat\/"]}]},{"@type":"BreadcrumbList","@id":"https:\/\/altemirconsulting.com\/hu\/kapcsolat\/#breadcrumb","itemListElement":[{"@type":"ListItem","position":1,"name":"Home","item":"https:\/\/altemirconsulting.com\/hu\/"},{"@type":"ListItem","position":2,"name":"Kapcsolat"}]},{"@type":"WebSite","@id":"https:\/\/altemirconsulting.com\/hu\/#website","url":"https:\/\/altemirconsulting.com\/hu\/","name":"Altemir Consulting","description":"","publisher":{"@id":"https:\/\/altemirconsulting.com\/hu\/#organization"},"potentialAction":[{"@type":"SearchAction","target":{"@type":"EntryPoint","urlTemplate":"https:\/\/altemirconsulting.com\/hu\/?s={search_term_string}"},"query-input":{"@type":"PropertyValueSpecification","valueRequired":true,"valueName":"search_term_string"}}],"inLanguage":"hu"},{"@type":"Organization","@id":"https:\/\/altemirconsulting.com\/hu\/#organization","name":"Altemir Consulting","url":"https:\/\/altemirconsulting.com\/hu\/","logo":{"@type":"ImageObject","inLanguage":"hu","@id":"https:\/\/altemirconsulting.com\/hu\/#\/schema\/logo\/image\/","url":"https:\/\/altemirconsulting.com\/wp-content\/uploads\/2017\/09\/favicon.png","contentUrl":"https:\/\/altemirconsulting.com\/wp-content\/uploads\/2017\/09\/favicon.png","width":300,"height":300,"caption":"Altemir Consulting"},"image":{"@id":"https:\/\/altemirconsulting.com\/hu\/#\/schema\/logo\/image\/"},"sameAs":["https:\/\/www.facebook.com\/AltemirConsulting\/","https:\/\/x.com\/AltemirConsult","https:\/\/www.linkedin.com\/company\/altemirconsulting\/","https:\/\/www.youtube.com\/channel\/UCymlsqpZMZn-GlEFli_bnfA"]}]}},"_links":{"self":[{"href":"https:\/\/altemirconsulting.com\/hu\/wp-json\/wp\/v2\/pages\/3723","targetHints":{"allow":["GET"]}}],"collection":[{"href":"https:\/\/altemirconsulting.com\/hu\/wp-json\/wp\/v2\/pages"}],"about":[{"href":"https:\/\/altemirconsulting.com\/hu\/wp-json\/wp\/v2\/types\/page"}],"author":[{"embeddable":true,"href":"https:\/\/altemirconsulting.com\/hu\/wp-json\/wp\/v2\/users\/1"}],"replies":[{"embeddable":true,"href":"https:\/\/altemirconsulting.com\/hu\/wp-json\/wp\/v2\/comments?post=3723"}],"version-history":[{"count":1,"href":"https:\/\/altemirconsulting.com\/hu\/wp-json\/wp\/v2\/pages\/3723\/revisions"}],"predecessor-version":[{"id":4728,"href":"https:\/\/altemirconsulting.com\/hu\/wp-json\/wp\/v2\/pages\/3723\/revisions\/4728"}],"wp:attachment":[{"href":"https:\/\/altemirconsulting.com\/hu\/wp-json\/wp\/v2\/media?parent=3723"}],"curies":[{"name":"wp","href":"https:\/\/api.w.org\/{rel}","templated":true}]}}