{"id":4614,"date":"2026-01-17T15:02:31","date_gmt":"2026-01-17T21:02:31","guid":{"rendered":"https:\/\/altemirconsulting.com\/gestion-provisional\/"},"modified":"2026-01-21T17:57:35","modified_gmt":"2026-01-21T23:57:35","slug":"gerencia-interina","status":"publish","type":"page","link":"https:\/\/altemirconsulting.com\/es\/gerencia-interina\/","title":{"rendered":"Gerencia Interina"},"content":{"rendered":"\n\n\t<h1>Gerencia Interina para Fabricantes<\/h1>\n\t<h2 data-start=\"509\" data-end=\"574\">Liderazgo Pr\u00e1ctico.<\/h2>\n<h2 data-start=\"509\" data-end=\"574\">Operadores de Nivel Ejecutivo.<\/h2>\n<h2 data-start=\"509\" data-end=\"574\">Resultados Reales.<\/h2>\nCuando la ejecuci\u00f3n se est\u00e1 resbalando, la capacidad es limitada o la organizaci\u00f3n est\u00e1 muy exigida, no siempre necesita una contrataci\u00f3n a tiempo completo, sino que necesita <strong data-start=\"710\" data-end=\"735\">un liderazgo probado ahora<\/strong>.\nAltemir Consulting proporciona <strong data-start=\"766\" data-end=\"826\">apoyo de gerencia interina<\/strong>\u00a0para ayudar a los fabricantes a estabilizar las operaciones, mejorar el rendimiento y alcanzar objetivos cr\u00edticos. Nuestros experimentados l\u00edderes operativos entran en su entorno e impulsan los resultados directamente, trabajando junto con su equipo en sus instalaciones.\n<strong data-start=\"1125\" data-end=\"1166\">Esto no es Solo Consultor\u00eda de Asesoramiento.<\/strong> Es un apoyo de gesti\u00f3n pr\u00e1ctica dise\u00f1ado para situaciones en las que la velocidad, la responsabilidad y la ejecuci\u00f3n son importantes.\n<h3 data-start=\"1278\" data-end=\"1319\">Cu\u00e1ndo Tiene Sentido la Gerencia Interina<\/h3>\nLa gerencia interina es ideal cuando necesita:\n<ul data-start=\"1371\" data-end=\"1795\">\n<li data-start=\"1371\" data-end=\"1462\">\nCubrir temporalmente un puesto de liderazgo clave\n<\/li>\n<li data-start=\"1463\" data-end=\"1535\">\nAcelerar las iniciativas de mejora sin interrumpir las operaciones diarias\n<\/li>\n<li data-start=\"1536\" data-end=\"1608\">\nRecuperarse de env\u00edos perdidos, problemas de calidad o escaladas de clientes\n<\/li>\n<li data-start=\"1609\" data-end=\"1662\">\nReconstruir la disciplina de planificaci\u00f3n y estabilizar los programas\n<\/li>\n<li data-start=\"1663\" data-end=\"1731\">\nPrepararse para el crecimiento, las auditor\u00edas, la integraci\u00f3n o la transici\u00f3n operativa\n<\/li>\n<li data-start=\"1732\" data-end=\"1795\">\nA\u00f1adir un liderazgo experimentado sin largos plazos de contrataci\u00f3n\n<\/li>\n<\/ul>\n<h2>Qu\u00e9 Obtiene<\/h2>\nEstamos integrados en su equipo, proporcionando presencia de liderazgo, direcci\u00f3n operativa y apoyo en la toma de decisiones.\n<h3 data-start=\"1982\" data-end=\"1998\">Puesta en Marcha R\u00e1pida<\/h3>\nNuestros gerentes tienen una profunda experiencia en entornos de fabricaci\u00f3n y almac\u00e9n y saben c\u00f3mo evaluar r\u00e1pidamente las realidades, priorizar y actuar.\n<h3 data-start=\"2127\" data-end=\"2150\">Resultados Medibles<\/h3>\nNos centramos en las mejoras que se reflejan donde importan: entrega a tiempo, plazo de entrega, productividad, precisi\u00f3n del inventario, coste y calidad.\n<h2>\u00c1reas Funcionales que Apoyamos<\/h2>\n<h3 data-start=\"383\" data-end=\"440\">Gerencia General<\/h3>\nCuando el rendimiento est\u00e1 disminuyendo, las prioridades compiten o el ancho de banda del liderazgo es limitado, necesita a alguien que pueda <strong data-start=\"565\" data-end=\"586\">dirigir la operaci\u00f3n<\/strong>, no solo recomendar cambios.\nAltemir proporciona <strong data-start=\"645\" data-end=\"704\">liderazgo operativo fraccional a nivel de gerente de planta, director de operaciones y vicepresidente<\/strong> para aportar estructura, responsabilidad e impulso, r\u00e1pidamente. Intervenimos para alinear las prioridades, liderar la ejecuci\u00f3n en todos los departamentos e impulsar una mejora medible en la seguridad, la entrega, la productividad, el coste y la calidad.\nLas \u00e1reas de enfoque t\u00edpicas incluyen:\n<ul data-start=\"948\" data-end=\"1380\">\n<li>\n<ul data-start=\"948\" data-end=\"1380\">\n<li data-start=\"948\" data-end=\"1022\">\nLiderazgo de planta (ritmos de ejecuci\u00f3n diarios\/semanales, propiedad de los KPI)\n<\/li>\n<li data-start=\"1023\" data-end=\"1077\">\nOptimizaci\u00f3n y claridad organizativa\n<\/li>\n<li data-start=\"1078\" data-end=\"1140\">\n<a href=\"https:\/\/altemirconsulting.com\/es\/90-dias-para-la-ejecucion-a-tiempo\/\">Recuperaci\u00f3n de la cartera de pedidos<\/a> y reconstrucci\u00f3n de la confianza del cliente\n<\/li>\n<li data-start=\"1141\" data-end=\"1186\">\nPlanificaci\u00f3n de la capacidad y gesti\u00f3n de las limitaciones\n<\/li>\n<li data-start=\"1253\" data-end=\"1315\">\n<a href=\"https:\/\/altemirconsulting.com\/es\/gestion-de-reestructuracion\/\">Gesti\u00f3n de cambios<\/a> durante las transiciones, el crecimiento o la interrupci\u00f3n\n<\/li>\n<li data-start=\"1316\" data-end=\"1380\">\nMejora del rendimiento vinculada a m\u00e9tricas operativas reales\n<\/li>\n<li data-start=\"1316\" data-end=\"1380\">\nLiderazgo y apoyo biling\u00fce en Am\u00e9rica Latina (LATAM)\n<\/li>\n<\/ul>\n<\/li>\n<\/ul>\n<h3 data-start=\"2332\" data-end=\"2362\">Liderazgo de Fabricaci\u00f3n<\/h3>\nAyudamos a estabilizar y mejorar el <a href=\"https:\/\/altemirconsulting.com\/es\/90-dias-para-la-ejecucion-a-tiempo\/\">rendimiento de la planta<\/a> a trav\u00e9s de una disciplina operativa pr\u00e1ctica.\nLas \u00e1reas de enfoque t\u00edpicas incluyen:\n<ul data-start=\"2490\" data-end=\"2794\">\n<li data-start=\"2490\" data-end=\"2562\">\nGesti\u00f3n diaria\n<\/li>\n<li data-start=\"2563\" data-end=\"2612\">\nReducci\u00f3n de cuellos de botella y mejora del rendimiento\n<\/li>\n<li data-start=\"2613\" data-end=\"2652\">\nPlanificaci\u00f3n de la mano de obra y alineaci\u00f3n de la capacidad\n<\/li>\n<li data-start=\"2653\" data-end=\"2699\">\nCumplimiento del programa y estabilidad de la ejecuci\u00f3n\n<\/li>\n<li data-start=\"2700\" data-end=\"2743\">\nProcedimientos est\u00e1ndar y resoluci\u00f3n de problemas\n<\/li>\n<li data-start=\"2744\" data-end=\"2794\">\nReducci\u00f3n de OEE\/tiempo de inactividad y fiabilidad\n<\/li>\n<\/ul>\n<h3 data-start=\"2801\" data-end=\"2832\">Compras y Cadena de Suministro<\/h3>\nFortalecemos la <a href=\"https:\/\/altemirconsulting.com\/es\/gestion-de-la-cadena-de-suministro\/\">ejecuci\u00f3n de las compras<\/a> para evitar interrupciones por escasez de materiales y retrasos en los programas.\nLas \u00e1reas de enfoque t\u00edpicas incluyen:\n<ul data-start=\"2981\" data-end=\"3321\">\n<li data-start=\"2981\" data-end=\"3038\">\nGesti\u00f3n de proveedores\n<\/li>\n<li data-start=\"3039\" data-end=\"3090\">\nMejora y priorizaci\u00f3n del proceso de compra\n<\/li>\n<li data-start=\"3091\" data-end=\"3147\">\n<a href=\"https:\/\/altemirconsulting.com\/es\/gestion-de-inventario\/\">Optimizaci\u00f3n del inventario<\/a> (m\u00edn.\/m\u00e1x., puntos de pedido, stock de seguridad, etc.)\n<\/li>\n<li data-start=\"3148\" data-end=\"3201\">\nClasificaci\u00f3n de la disponibilidad de materiales para construcciones con restricciones de materia prima\n<\/li>\n<li data-start=\"3202\" data-end=\"3262\">\nMitigaci\u00f3n de riesgos para componentes de una sola fuente y de largo plazo\n<\/li>\n<li data-start=\"3263\" data-end=\"3321\">\nMejoras en la <a href=\"https:\/\/altemirconsulting.com\/es\/optimizacion-de-erp\/\">planificaci\u00f3n MRP<\/a>, incluida la correcci\u00f3n y optimizaci\u00f3n de datos\n<\/li>\n<li data-start=\"3263\" data-end=\"3321\">\nImplementaci\u00f3n de la gesti\u00f3n de materiales ajustada Kanban o VMI\n<\/li>\n<\/ul>\n<h3 data-start=\"3328\" data-end=\"3354\">Gesti\u00f3n de Inventario<\/h3>\nMejoramos la precisi\u00f3n del inventario y el control de materiales para que se pueda volver a confiar en la planificaci\u00f3n.\nLas \u00e1reas de enfoque t\u00edpicas incluyen:\n<ul data-start=\"3474\" data-end=\"3750\">\n<li data-start=\"3474\" data-end=\"3513\">\nControl de inventario y mejora de la precisi\u00f3n\n<\/li>\n<li data-start=\"3474\" data-end=\"3513\">\nEstrategia y ejecuci\u00f3n del conteo f\u00edsico\n<\/li>\n<li data-start=\"3514\" data-end=\"3567\">\nCorrecci\u00f3n de la causa ra\u00edz de los errores sist\u00e9micos de inventario\n<\/li>\n<li data-start=\"3568\" data-end=\"3620\">\n<a href=\"https:\/\/altemirconsulting.com\/es\/gestion-de-inventario\/\">Optimizaci\u00f3n del inventario<\/a> (m\u00edn.\/m\u00e1x., puntos de pedido, stock de seguridad, etc.)\n<\/li>\n<li data-start=\"3621\" data-end=\"3650\">\nReducci\u00f3n del exceso y la obsolescencia\n<\/li>\n<li data-start=\"3651\" data-end=\"3696\">Trazabilidad de materiales mejorada y control de ubicaci\u00f3n<\/li>\n<\/ul>\n<h3 data-start=\"3757\" data-end=\"3783\">Operaciones de Almac\u00e9n<\/h3>\nEstabilizamos la <a href=\"https:\/\/altemirconsulting.com\/es\/almacenamiento\/\">ejecuci\u00f3n del almac\u00e9n<\/a> para eliminar la escasez de producci\u00f3n y los retrasos en los env\u00edos.\nLas \u00e1reas de enfoque t\u00edpicas incluyen:\n<ul data-start=\"3907\" data-end=\"4194\">\n<li data-start=\"3907\" data-end=\"3953\">\nRendimiento de recepci\u00f3n, almacenamiento y recogida\n<\/li>\n<li data-start=\"3954\" data-end=\"4002\">\nDisciplina de puesta en escena para la producci\u00f3n y el env\u00edo\n<\/li>\n<li data-start=\"4003\" data-end=\"4041\">\nMejora del dise\u00f1o f\u00edsico y del flujo\n<\/li>\n<li data-start=\"4042\" data-end=\"4092\">\nFormaci\u00f3n y procedimientos est\u00e1ndar\n<\/li>\n<li data-start=\"4093\" data-end=\"4141\">\nEstrategia de ubicaci\u00f3n del inventario y l\u00f3gica de ranurado\n<\/li>\n<li data-start=\"4142\" data-end=\"4194\">\nRendimiento del env\u00edo y coherencia de la documentaci\u00f3n\n<\/li>\n<\/ul>\n<h3 data-start=\"4201\" data-end=\"4252\">SIOP (Planificaci\u00f3n de Ventas, Inventario, y Operaciones)<\/h3>\nEstablecemos el liderazgo y la alineaci\u00f3n de <a href=\"https:\/\/altemirconsulting.com\/es\/siop\/\">S&amp;OP\/SIOP<\/a> en ventas, operaciones y cadena de suministro.\nLas \u00e1reas de enfoque t\u00edpicas incluyen:\n<ul data-start=\"4377\" data-end=\"4732\">\n<li data-start=\"4377\" data-end=\"4436\">\nCreaci\u00f3n de un plan de demanda realista (no ilusiones)\n<\/li>\n<li data-start=\"4437\" data-end=\"4493\">\nAlineaci\u00f3n de la capacidad, los materiales y los compromisos de entrega\n<\/li>\n<li data-start=\"4494\" data-end=\"4554\">\nEstabilizaci\u00f3n del programa maestro y control de la volatilidad\n<\/li>\n<li data-start=\"4555\" data-end=\"4615\">\nDefinici\u00f3n de puntos de decisi\u00f3n ejecutiva y activadores de escalada\n<\/li>\n<li data-start=\"4616\" data-end=\"4676\">\nMejora y simplificaci\u00f3n de las previsiones y la visibilidad interfuncional\n<\/li>\n<li data-start=\"4677\" data-end=\"4732\">\nConvertir los planes estrat\u00e9gicos en ejecuci\u00f3n de forma sencilla y pr\u00e1ctica, no en una serie de reuniones mensuales\n<\/li>\n<\/ul>\n<h3 data-start=\"4739\" data-end=\"4774\">Gesti\u00f3n de Cambios de Ingenier\u00eda<\/h3>\nAyudamos a moderar los <a href=\"https:\/\/altemirconsulting.com\/es\/ingenieria\/\">cambios de ingenier\u00eda<\/a> para que las mejoras en el dise\u00f1o del producto no desestabilicen la producci\u00f3n.\nLas \u00e1reas de enfoque t\u00edpicas incluyen:\n<ul data-start=\"4906\" data-end=\"5263\">\n<li data-start=\"4906\" data-end=\"4953\">\nEstabilizaci\u00f3n y gobernanza del flujo de trabajo ECO\/ECR\n<\/li>\n<li data-start=\"4954\" data-end=\"5009\">\nAlineaci\u00f3n de prioridades entre ingenier\u00eda y operaciones\n<\/li>\n<li data-start=\"5010\" data-end=\"5080\">\nEvaluaci\u00f3n del impacto del cambio (materiales, rutas, inventario, proveedores)\n<\/li>\n<li data-start=\"5081\" data-end=\"5140\">\nDisciplina de control de documentos y alineaci\u00f3n de datos maestros ERP\n<\/li>\n<li data-start=\"5141\" data-end=\"5197\">\nReducci\u00f3n de los &#8220;cambios silenciosos&#8221; que crean chatarra y retrabajo\n<\/li>\n<li data-start=\"5198\" data-end=\"5263\">\nMejora del rendimiento de la ingenier\u00eda sin comprometer la calidad\n<\/li>\n<\/ul>\n<h3 data-start=\"5270\" data-end=\"5317\">Garant\u00eda de Calidad<\/h3>\nProporcionamos un <a href=\"https:\/\/altemirconsulting.com\/es\/garantia-de-calidad\/\">liderazgo experimentado en garant\u00eda de calidad<\/a> para restablecer el control y la confianza, tanto interna como con los clientes.\nLas \u00e1reas de enfoque t\u00edpicas incluyen:\n<ul data-start=\"5459\" data-end=\"5743\">\n<li data-start=\"5459\" data-end=\"5501\">\nLiderazgo en acciones correctivas (RCCA\/CAPA)\n<\/li>\n<li data-start=\"5502\" data-end=\"5540\">\nPreparaci\u00f3n para auditor\u00edas y apoyo en la respuesta\n<\/li>\n<li data-start=\"5541\" data-end=\"5584\">\nControl de no conformidades y disciplina MRB\n<\/li>\n<li data-start=\"5585\" data-end=\"5630\">\nGesti\u00f3n de la calidad de los proveedores y contenci\u00f3n\n<\/li>\n<li data-start=\"5631\" data-end=\"5682\">\nRigor de la documentaci\u00f3n y expectativas de trazabilidad\n<\/li>\n<li data-start=\"5683\" data-end=\"5743\">\nConstrucci\u00f3n de sistemas de calidad pr\u00e1cticos que funcionen en la producci\u00f3n\n<\/li>\n<\/ul>\n\t\t\t\t<img decoding=\"async\" src=\"https:\/\/altemirconsulting.com\/wp-content\/uploads\/2018\/01\/GE-AM-Factory-300x200.jpg\" alt=\"consultor\u00eda erp\" itemprop=\"image\" height=\"200\" width=\"300\" title=\"factory\" onerror=\"this.style.display='none'\" loading=\"lazy\" \/>\n\t\t\t\t<img decoding=\"async\" src=\"https:\/\/altemirconsulting.com\/wp-content\/uploads\/2020\/01\/nordex_900_596_75-300x199.jpg\" alt=\"lean manufacturing 2\" itemprop=\"image\" height=\"199\" width=\"300\" title=\"nordex_900_596_75\" onerror=\"this.style.display='none'\" loading=\"lazy\" \/>\n\t\t\t\t<img decoding=\"async\" src=\"https:\/\/altemirconsulting.com\/wp-content\/uploads\/2020\/01\/NREC_Machine_Shop_Workstation-300x157.jpg\" alt=\"lean manufacturing\" itemprop=\"image\" height=\"157\" width=\"300\" title=\"NREC_Machine_Shop_Workstation\" onerror=\"this.style.display='none'\" loading=\"lazy\" \/>\n\t<h4>Obtenga m\u00e1s informaci\u00f3n sobre nuestra especializaci\u00f3n en consultor\u00eda de planificaci\u00f3n y control de la producci\u00f3n<\/h4>\n<p>(haga clic <a href=\"https:\/\/www.altemirconsulting.com\/production-scheduling-consulting\/\">aqu\u00ed<\/a> para obtener m\u00e1s informaci\u00f3n)<\/p>\n\t\t<iframe loading=\"lazy\" width=\"560\" height=\"315\" src=\"https:\/\/www.youtube.com\/embed\/xQps32aTPG4?rel=0\" frameborder=\"0\" allow=\"autoplay; encrypted-media\" allowfullscreen><\/iframe>\t\n\t\t<iframe loading=\"lazy\" width=\"560\" height=\"315\" src=\"https:\/\/www.youtube.com\/embed\/6MsIjmYRK2c?rel=0\" frameborder=\"0\" allow=\"autoplay; encrypted-media\" allowfullscreen><\/iframe>\t\n\t\t<h3>Explore las Posibilidades&#8230;<\/h3>\n\t\t<p>Agradecemos las consultas de todas las empresas, peque\u00f1as y grandes, que est\u00e9n ansiosas por pasar al siguiente nivel. No dude en ponerse en contacto con nosotros para hablar de sus necesidades espec\u00edficas sin compromiso.<\/p>\n\t\t\t<a href=\"https:\/\/altemirconsulting.com\/es\/contactenos\/\" target=\"_self\">\n\t\t\t\t\t\t\tCont\u00e1ctenos\n\t\t\t\t\t<\/a>\n\n","protected":false},"excerpt":{"rendered":"<p>Gerencia Interina para Fabricantes Liderazgo Pr\u00e1ctico. Operadores de Nivel Ejecutivo. Resultados Reales. Cuando la ejecuci\u00f3n se est\u00e1 resbalando, la capacidad es limitada o la organizaci\u00f3n est\u00e1 muy exigida, no siempre necesita una contrataci\u00f3n a tiempo completo, sino que necesita un liderazgo probado ahora. Altemir Consulting proporciona apoyo de gerencia interina\u00a0para ayudar a los fabricantes a [&hellip;]<\/p>\n","protected":false},"author":1,"featured_media":0,"parent":0,"menu_order":0,"comment_status":"closed","ping_status":"closed","template":"","meta":{"_coblocks_attr":"","_coblocks_dimensions":"","_coblocks_responsive_height":"","_coblocks_accordion_ie_support":"","footnotes":""},"class_list":["post-4614","page","type-page","status-publish","hentry"],"yoast_head":"<!-- This site is optimized with the Yoast SEO Premium plugin v27.0 (Yoast SEO v27.6) - https:\/\/yoast.com\/product\/yoast-seo-premium-wordpress\/ -->\n<title>Transformaciones y soporte de fabricaci\u00f3n ajustada | Altemir Consulting<\/title>\n<meta name=\"description\" content=\"Proporcionamos apoyo de gesti\u00f3n pr\u00e1ctico y orientado a resultados, destinado a mejorar el cumplimiento de los pedidos de los clientes por parte de los fabricantes.\" \/>\n<meta name=\"robots\" content=\"index, follow, max-snippet:-1, max-image-preview:large, max-video-preview:-1\" \/>\n<link rel=\"canonical\" href=\"https:\/\/altemirconsulting.com\/es\/gerencia-interina\/\" \/>\n<meta name=\"twitter:label1\" content=\"Tiempo de lectura\" \/>\n\t<meta name=\"twitter:data1\" content=\"6 minutos\" \/>\n<script type=\"application\/ld+json\" class=\"yoast-schema-graph\">{\"@context\":\"https:\\\/\\\/schema.org\",\"@graph\":[{\"@type\":\"WebPage\",\"@id\":\"https:\\\/\\\/altemirconsulting.com\\\/es\\\/gerencia-interina\\\/\",\"url\":\"https:\\\/\\\/altemirconsulting.com\\\/es\\\/gerencia-interina\\\/\",\"name\":\"Transformaciones y soporte de fabricaci\u00f3n ajustada | Altemir Consulting\",\"isPartOf\":{\"@id\":\"https:\\\/\\\/altemirconsulting.com\\\/es\\\/#website\"},\"primaryImageOfPage\":{\"@id\":\"https:\\\/\\\/altemirconsulting.com\\\/es\\\/gerencia-interina\\\/#primaryimage\"},\"image\":{\"@id\":\"https:\\\/\\\/altemirconsulting.com\\\/es\\\/gerencia-interina\\\/#primaryimage\"},\"thumbnailUrl\":\"https:\\\/\\\/altemirconsulting.com\\\/wp-content\\\/uploads\\\/2018\\\/01\\\/GE-AM-Factory-300x200.jpg\",\"datePublished\":\"2026-01-17T21:02:31+00:00\",\"dateModified\":\"2026-01-21T23:57:35+00:00\",\"description\":\"Proporcionamos apoyo de gesti\u00f3n pr\u00e1ctico y orientado a resultados, destinado a mejorar el cumplimiento de los pedidos de los clientes por parte de los fabricantes.\",\"breadcrumb\":{\"@id\":\"https:\\\/\\\/altemirconsulting.com\\\/es\\\/gerencia-interina\\\/#breadcrumb\"},\"inLanguage\":\"es\",\"potentialAction\":[{\"@type\":\"ReadAction\",\"target\":[\"https:\\\/\\\/altemirconsulting.com\\\/es\\\/gerencia-interina\\\/\"]}]},{\"@type\":\"ImageObject\",\"inLanguage\":\"es\",\"@id\":\"https:\\\/\\\/altemirconsulting.com\\\/es\\\/gerencia-interina\\\/#primaryimage\",\"url\":\"https:\\\/\\\/altemirconsulting.com\\\/wp-content\\\/uploads\\\/2018\\\/01\\\/GE-AM-Factory-300x200.jpg\",\"contentUrl\":\"https:\\\/\\\/altemirconsulting.com\\\/wp-content\\\/uploads\\\/2018\\\/01\\\/GE-AM-Factory-300x200.jpg\"},{\"@type\":\"BreadcrumbList\",\"@id\":\"https:\\\/\\\/altemirconsulting.com\\\/es\\\/gerencia-interina\\\/#breadcrumb\",\"itemListElement\":[{\"@type\":\"ListItem\",\"position\":1,\"name\":\"Home\",\"item\":\"https:\\\/\\\/altemirconsulting.com\\\/es\\\/\"},{\"@type\":\"ListItem\",\"position\":2,\"name\":\"Gerencia Interina\"}]},{\"@type\":\"WebSite\",\"@id\":\"https:\\\/\\\/altemirconsulting.com\\\/es\\\/#website\",\"url\":\"https:\\\/\\\/altemirconsulting.com\\\/es\\\/\",\"name\":\"Altemir Consulting\",\"description\":\"\",\"publisher\":{\"@id\":\"https:\\\/\\\/altemirconsulting.com\\\/es\\\/#organization\"},\"potentialAction\":[{\"@type\":\"SearchAction\",\"target\":{\"@type\":\"EntryPoint\",\"urlTemplate\":\"https:\\\/\\\/altemirconsulting.com\\\/es\\\/?s={search_term_string}\"},\"query-input\":{\"@type\":\"PropertyValueSpecification\",\"valueRequired\":true,\"valueName\":\"search_term_string\"}}],\"inLanguage\":\"es\"},{\"@type\":\"Organization\",\"@id\":\"https:\\\/\\\/altemirconsulting.com\\\/es\\\/#organization\",\"name\":\"Altemir Consulting\",\"url\":\"https:\\\/\\\/altemirconsulting.com\\\/es\\\/\",\"logo\":{\"@type\":\"ImageObject\",\"inLanguage\":\"es\",\"@id\":\"https:\\\/\\\/altemirconsulting.com\\\/es\\\/#\\\/schema\\\/logo\\\/image\\\/\",\"url\":\"https:\\\/\\\/altemirconsulting.com\\\/wp-content\\\/uploads\\\/2017\\\/09\\\/favicon.png\",\"contentUrl\":\"https:\\\/\\\/altemirconsulting.com\\\/wp-content\\\/uploads\\\/2017\\\/09\\\/favicon.png\",\"width\":300,\"height\":300,\"caption\":\"Altemir Consulting\"},\"image\":{\"@id\":\"https:\\\/\\\/altemirconsulting.com\\\/es\\\/#\\\/schema\\\/logo\\\/image\\\/\"},\"sameAs\":[\"https:\\\/\\\/www.facebook.com\\\/AltemirConsulting\\\/\",\"https:\\\/\\\/x.com\\\/AltemirConsult\",\"https:\\\/\\\/www.linkedin.com\\\/company\\\/altemirconsulting\\\/\",\"https:\\\/\\\/www.youtube.com\\\/channel\\\/UCymlsqpZMZn-GlEFli_bnfA\"]}]}<\/script>\n<!-- \/ Yoast SEO Premium plugin. -->","yoast_head_json":{"title":"Transformaciones y soporte de fabricaci\u00f3n ajustada | Altemir Consulting","description":"Proporcionamos apoyo de gesti\u00f3n pr\u00e1ctico y orientado a resultados, destinado a mejorar el cumplimiento de los pedidos de los clientes por parte de los fabricantes.","robots":{"index":"index","follow":"follow","max-snippet":"max-snippet:-1","max-image-preview":"max-image-preview:large","max-video-preview":"max-video-preview:-1"},"canonical":"https:\/\/altemirconsulting.com\/es\/gerencia-interina\/","twitter_misc":{"Tiempo de lectura":"6 minutos"},"schema":{"@context":"https:\/\/schema.org","@graph":[{"@type":"WebPage","@id":"https:\/\/altemirconsulting.com\/es\/gerencia-interina\/","url":"https:\/\/altemirconsulting.com\/es\/gerencia-interina\/","name":"Transformaciones y soporte de fabricaci\u00f3n ajustada | Altemir Consulting","isPartOf":{"@id":"https:\/\/altemirconsulting.com\/es\/#website"},"primaryImageOfPage":{"@id":"https:\/\/altemirconsulting.com\/es\/gerencia-interina\/#primaryimage"},"image":{"@id":"https:\/\/altemirconsulting.com\/es\/gerencia-interina\/#primaryimage"},"thumbnailUrl":"https:\/\/altemirconsulting.com\/wp-content\/uploads\/2018\/01\/GE-AM-Factory-300x200.jpg","datePublished":"2026-01-17T21:02:31+00:00","dateModified":"2026-01-21T23:57:35+00:00","description":"Proporcionamos apoyo de gesti\u00f3n pr\u00e1ctico y orientado a resultados, destinado a mejorar el cumplimiento de los pedidos de los clientes por parte de los fabricantes.","breadcrumb":{"@id":"https:\/\/altemirconsulting.com\/es\/gerencia-interina\/#breadcrumb"},"inLanguage":"es","potentialAction":[{"@type":"ReadAction","target":["https:\/\/altemirconsulting.com\/es\/gerencia-interina\/"]}]},{"@type":"ImageObject","inLanguage":"es","@id":"https:\/\/altemirconsulting.com\/es\/gerencia-interina\/#primaryimage","url":"https:\/\/altemirconsulting.com\/wp-content\/uploads\/2018\/01\/GE-AM-Factory-300x200.jpg","contentUrl":"https:\/\/altemirconsulting.com\/wp-content\/uploads\/2018\/01\/GE-AM-Factory-300x200.jpg"},{"@type":"BreadcrumbList","@id":"https:\/\/altemirconsulting.com\/es\/gerencia-interina\/#breadcrumb","itemListElement":[{"@type":"ListItem","position":1,"name":"Home","item":"https:\/\/altemirconsulting.com\/es\/"},{"@type":"ListItem","position":2,"name":"Gerencia Interina"}]},{"@type":"WebSite","@id":"https:\/\/altemirconsulting.com\/es\/#website","url":"https:\/\/altemirconsulting.com\/es\/","name":"Altemir Consulting","description":"","publisher":{"@id":"https:\/\/altemirconsulting.com\/es\/#organization"},"potentialAction":[{"@type":"SearchAction","target":{"@type":"EntryPoint","urlTemplate":"https:\/\/altemirconsulting.com\/es\/?s={search_term_string}"},"query-input":{"@type":"PropertyValueSpecification","valueRequired":true,"valueName":"search_term_string"}}],"inLanguage":"es"},{"@type":"Organization","@id":"https:\/\/altemirconsulting.com\/es\/#organization","name":"Altemir Consulting","url":"https:\/\/altemirconsulting.com\/es\/","logo":{"@type":"ImageObject","inLanguage":"es","@id":"https:\/\/altemirconsulting.com\/es\/#\/schema\/logo\/image\/","url":"https:\/\/altemirconsulting.com\/wp-content\/uploads\/2017\/09\/favicon.png","contentUrl":"https:\/\/altemirconsulting.com\/wp-content\/uploads\/2017\/09\/favicon.png","width":300,"height":300,"caption":"Altemir Consulting"},"image":{"@id":"https:\/\/altemirconsulting.com\/es\/#\/schema\/logo\/image\/"},"sameAs":["https:\/\/www.facebook.com\/AltemirConsulting\/","https:\/\/x.com\/AltemirConsult","https:\/\/www.linkedin.com\/company\/altemirconsulting\/","https:\/\/www.youtube.com\/channel\/UCymlsqpZMZn-GlEFli_bnfA"]}]}},"_links":{"self":[{"href":"https:\/\/altemirconsulting.com\/es\/wp-json\/wp\/v2\/pages\/4614","targetHints":{"allow":["GET"]}}],"collection":[{"href":"https:\/\/altemirconsulting.com\/es\/wp-json\/wp\/v2\/pages"}],"about":[{"href":"https:\/\/altemirconsulting.com\/es\/wp-json\/wp\/v2\/types\/page"}],"author":[{"embeddable":true,"href":"https:\/\/altemirconsulting.com\/es\/wp-json\/wp\/v2\/users\/1"}],"replies":[{"embeddable":true,"href":"https:\/\/altemirconsulting.com\/es\/wp-json\/wp\/v2\/comments?post=4614"}],"version-history":[{"count":2,"href":"https:\/\/altemirconsulting.com\/es\/wp-json\/wp\/v2\/pages\/4614\/revisions"}],"predecessor-version":[{"id":4617,"href":"https:\/\/altemirconsulting.com\/es\/wp-json\/wp\/v2\/pages\/4614\/revisions\/4617"}],"wp:attachment":[{"href":"https:\/\/altemirconsulting.com\/es\/wp-json\/wp\/v2\/media?parent=4614"}],"curies":[{"name":"wp","href":"https:\/\/api.w.org\/{rel}","templated":true}]}}