{"id":3918,"date":"2021-05-11T21:21:09","date_gmt":"2021-05-12T02:21:09","guid":{"rendered":"https:\/\/altemirconsulting.com\/90-dias-para-la-ejecucion-a-tiempo\/"},"modified":"2026-02-01T13:25:43","modified_gmt":"2026-02-01T19:25:43","slug":"90-dias-para-la-ejecucion-a-tiempo","status":"publish","type":"page","link":"https:\/\/altemirconsulting.com\/es\/90-dias-para-la-ejecucion-a-tiempo\/","title":{"rendered":"90 D\u00edas para Lograr Ejecuci\u00f3n Puntual"},"content":{"rendered":"\n\n\t\t\t\t<img decoding=\"async\" src=\"https:\/\/altemirconsulting.com\/wp-content\/uploads\/2021\/09\/Screen-Shot-09-11-21-at-08.30-AM.jpg\" alt=\"90 d\u00edas para la ejecuci\u00f3n a tiempo\" itemprop=\"image\" height=\"79\" width=\"800\" title=\"Captura de pantalla del 11-09-21 a las 08:30 AM\" onerror=\"this.style.display='none'\" loading=\"lazy\" \/>\n\t\t\t\t<img decoding=\"async\" src=\"https:\/\/altemirconsulting.com\/wp-content\/uploads\/2021\/05\/Factory_136368784-aerial-top-view-800.jpeg\" alt=\"Vista superior a\u00e9rea del \u00e1rea de construcci\u00f3n de almacenamiento industrial con paneles solares en el techo y muchos camiones descargando mercanc\u00eda.\" itemprop=\"image\" height=\"259\" width=\"800\" title=\"Vista superior a\u00e9rea del \u00e1rea de construcci\u00f3n de almacenamiento industrial con energ\u00eda solar P\" onerror=\"this.style.display='none'\" loading=\"lazy\" \/>\n\t\t\t<a href=\"https:\/\/www.calendly.com\/altemirconsulting\/30min\" target=\"_self\">\n\t\t\t\t\t\tProgramar una llamada de descubrimiento\n\t\t\t\t\t<\/a>\n\t<p>Ayudamos a los fabricantes a lograr <strong>compras y fabricaci\u00f3n a tiempo<\/strong> trabajando con su equipo para revitalizar su canalizaci\u00f3n de cumplimiento de pedidos para:<\/p>\n<ul>\n<li>Reducir los <strong>retrasos vencidos<\/strong><\/li>\n<li>Reducir los <strong>plazos de entrega<\/strong><\/li>\n<li>Mejorar los <strong>env\u00edos a tiempo<\/strong><\/li>\n<li>Mejorar los <strong>m\u00e1rgenes de beneficio<\/strong><\/li>\n<li>Mejorar la <strong>planificaci\u00f3n de la capacidad<\/strong><\/li>\n<li>Mejorar la <strong>visibilidad del estado del pedido<\/strong><\/li>\n<li>Mantener los <strong>compromisos con los clientes<\/strong><\/li>\n<li>Reducir las <strong>soluciones manuales<\/strong><\/li>\n<li>Reducir el <strong>inventario<\/strong><\/li>\n<li>Mejorar la <strong>satisfacci\u00f3n del cliente<\/strong><\/li>\n<li>Subsanar los <strong>datos y el uso del ERP<\/strong><\/li>\n<li>Prepararse para la <strong>creciente demanda<\/strong><\/li>\n<\/ul>\n\t<strong>Estos objetivos se pueden lograr UTILIZANDO SU ERP EXISTENTE porque<br \/>\na menudo importa mucho m\u00e1s <em>C\u00d3MO<\/em> utiliza su sistema que <em>QU\u00c9<\/em> sistema tiene<\/strong>\n\t<p>Eliminamos las <strong>ideas falsas<\/strong> y las <strong>soluciones manuales<\/strong> comunes que pueden hacer que cualquier operaci\u00f3n sea ineficaz e ineficiente<\/p>\n<p>Somos <strong>INDIFERENTES AL SISTEMA ERP<\/strong> con experiencia t\u00e9cnica en m\u00e1s de una docena de sistemas diferentes que van desde QuickBooks hasta SAP. Nuestra experiencia abarca m\u00faltiples sectores de la industria de fabricaci\u00f3n de productos para inventario, productos bajo pedido y productos dise\u00f1ados bajo pedido, desde papel higi\u00e9nico hasta naves espaciales. <\/p>\n\t\t\t\t<img decoding=\"async\" src=\"https:\/\/altemirconsulting.com\/wp-content\/uploads\/2022\/11\/TeamStill1_1-440x195.jpg\" alt=\"consultores de la cadena de suministro\" itemprop=\"image\" height=\"195\" width=\"440\" title=\"TeamStill1_1\" onerror=\"this.style.display='none'\" loading=\"lazy\" \/>\n\t<p><strong>90 D\u00cdAS PARA LA EJECUCI\u00d3N A TIEMPO<\/strong> implementa sistem\u00e1ticamente mejoras operativas en cinco \u00e1reas clave seg\u00fan sea necesario para establecer una cadena de suministro ajustada, impulsada por el cliente y a tiempo, utilizando sus sistemas, personal y equipos existentes:<\/p>\n\t\t\t\t<img decoding=\"async\" src=\"https:\/\/altemirconsulting.com\/wp-content\/uploads\/2021\/05\/90DayFixProcess-1024x89.jpg\" alt=\"Proceso de reparaci\u00f3n de 90 d\u00edas\" itemprop=\"image\" height=\"82\" width=\"940\" title=\"90DayFixProcess\" onerror=\"this.style.display='none'\" loading=\"lazy\" \/>\n\t<p>Este v\u00eddeo ofrece una breve descripci\u00f3n general del proceso de &#8220;90 d\u00edas&#8221;:<\/p>\n\t\t<iframe loading=\"lazy\" width=\"560\" height=\"315\" src=\"https:\/\/www.youtube.com\/embed\/5BFJRHx_Q88\" title=\"YouTube video player\" frameborder=\"0\" allow=\"accelerometer; autoplay; clipboard-write; encrypted-media; gyroscope; picture-in-picture\" allowfullscreen><\/iframe>\t\n\t<p>Este enfoque orientado a la acci\u00f3n es muy adecuado para los fabricantes que sufren env\u00edos tard\u00edos a los clientes, plazos de entrega largos, grandes retrasos en los pedidos o bajos m\u00e1rgenes operativos. Los fabricantes que m\u00e1s se beneficiar\u00e1n son aquellos que: <\/p>\n<ul>\n<li>Deben entregar sus productos en una fecha de vencimiento espec\u00edfica<\/li>\n<li>Producen una variedad de productos (alta combinaci\u00f3n)<\/li>\n<\/ul>\n<p>Cuanto m\u00e1s compleja sea la operaci\u00f3n, mayor ser\u00e1 el potencial de mejoras significativas.<\/p>\n\t<h3>01 &#8211; DEMANDA VALIDADA<\/h3>\n\t\t<ul>\n<li>Mejore la forma en que se gestionan los pedidos de los clientes y\/o las previsiones para garantizar que impulsen eficazmente las operaciones<\/li>\n<li>Le ayudamos a establecer una forma de garantizar la viabilidad de los compromisos de programaci\u00f3n desde el principio para que la fabricaci\u00f3n, las adquisiciones y los proveedores est\u00e9n preparados para el \u00e9xito<\/li>\n<li>Establecemos la gesti\u00f3n de cambios del cliente a lo largo del proceso de cumplimiento de pedidos que promueve la estabilidad y la eficiencia<\/li>\n<\/ul>\n\t\t\t\t<img decoding=\"async\" src=\"https:\/\/altemirconsulting.com\/wp-content\/uploads\/2021\/05\/1_ValidatedDemand.jpg\" alt=\"1_ValidatedDemand\" itemprop=\"image\" height=\"194\" width=\"600\" title=\"1_ValidatedDemand\" onerror=\"this.style.display='none'\" loading=\"lazy\" \/>\n\t\t<iframe loading=\"lazy\" width=\"560\" height=\"315\" src=\"https:\/\/www.youtube.com\/embed\/Ch8QlBX5Uz8\" title=\"YouTube video player\" frameborder=\"0\" allow=\"accelerometer; autoplay; clipboard-write; encrypted-media; gyroscope; picture-in-picture\" allowfullscreen><\/iframe>\t\n\t<h3>02 &#8211; PLANIFICACI\u00d3N DE APOYO<\/h3>\n\t\t<ul>\n<li>Revisamos, desarrollamos, actualizamos, limpiamos y\/u optimizamos los datos y la configuraci\u00f3n del sistema seg\u00fan sea necesario, incluidos los par\u00e1metros clave de planificaci\u00f3n<\/li>\n<li>Nos aseguramos de que se generen requisitos precisos de fabricaci\u00f3n y compra<\/li>\n<li>Nos aseguramos de que los pedidos de suministro se creen correctamente para satisfacer los requisitos del cliente<\/li>\n<\/ul>\n\t\t\t\t<img decoding=\"async\" src=\"https:\/\/altemirconsulting.com\/wp-content\/uploads\/2021\/05\/2_SupportivePlanning.jpg\" alt=\"Supportive Planning\" itemprop=\"image\" height=\"194\" width=\"600\" title=\"2_SupportivePlanning\" onerror=\"this.style.display='none'\" loading=\"lazy\" \/>\n\t\t<iframe loading=\"lazy\" width=\"560\" height=\"315\" src=\"https:\/\/www.youtube.com\/embed\/D7urPfzUVMY\" title=\"YouTube video player\" frameborder=\"0\" allow=\"accelerometer; autoplay; clipboard-write; encrypted-media; gyroscope; picture-in-picture\" allowfullscreen><\/iframe>\t\n\t<h3>03 &#8211; PROGRAMACI\u00d3N ESTABILIZADA<\/h3>\n\t\t<ul>\n<li>Establecemos un modelo de capacidad eficaz que garantice una carga del taller eficaz y precisa<\/li>\n<li>Instituimos pr\u00e1cticas de programaci\u00f3n que promueven la ejecuci\u00f3n a tiempo de la cadena de suministro<\/li>\n<li>Nos aseguramos de que tenga un mecanismo eficaz para comunicar prioridades de trabajo estables centradas en el cliente que est\u00e9n coordinadas y alineadas en toda la cadena de suministro<\/li>\n<\/ul>\n\t\t\t\t<img decoding=\"async\" src=\"https:\/\/altemirconsulting.com\/wp-content\/uploads\/2021\/05\/3_StabilizedScheduling.jpg\" alt=\"Stabilized Scheduling\" itemprop=\"image\" height=\"194\" width=\"600\" title=\"3_StabilizedScheduling\" onerror=\"this.style.display='none'\" loading=\"lazy\" \/>\n\t\t<iframe loading=\"lazy\" width=\"560\" height=\"315\" src=\"https:\/\/www.youtube.com\/embed\/ZZbaZsKOz4o\" title=\"YouTube video player\" frameborder=\"0\" allow=\"accelerometer; autoplay; clipboard-write; encrypted-media; gyroscope; picture-in-picture\" allowfullscreen><\/iframe>\t\n\t<h3>04 &#8211; EJECUCI\u00d3N IMPULSADA POR EL CLIENTE<\/h3>\n\t\t<ul>\n<li>Resolvemos los cuellos de botella cr\u00edticos de la producci\u00f3n<\/li>\n<li>Nos aseguramos de que las compras, la fabricaci\u00f3n y los pedidos de almac\u00e9n se gestionen eficazmente para respaldar los requisitos del cliente con la mayor eficiencia<\/li>\n<li>Le ayudamos a supervisar y hacer cumplir el cumplimiento del programa en cada punto de la canalizaci\u00f3n de producci\u00f3n para que el rendimiento a tiempo se vuelva inevitable<\/li>\n<li>Le ayudamos a gestionar eficazmente el desecho y la reelaboraci\u00f3n seg\u00fan sea necesario para minimizar los retrasos y las interrupciones<\/li>\n<\/ul>\n\t\t\t\t<img decoding=\"async\" src=\"https:\/\/altemirconsulting.com\/wp-content\/uploads\/2021\/05\/4_CustomerDrivenExecution.jpg\" alt=\"Customer-Driven Execution\" itemprop=\"image\" height=\"194\" width=\"600\" title=\"4_CustomerDrivenExecution\" onerror=\"this.style.display='none'\" loading=\"lazy\" \/>\n\t\t<iframe loading=\"lazy\" width=\"560\" height=\"315\" src=\"https:\/\/www.youtube.com\/embed\/e4SgJJCUdf8\" title=\"YouTube video player\" frameborder=\"0\" allow=\"accelerometer; autoplay; clipboard-write; encrypted-media; gyroscope; picture-in-picture\" allowfullscreen><\/iframe>\t\n\t<h3>05 &#8211; GESTI\u00d3N SOSTENIBLE<\/h3>\n\t\t<ul>\n<li>Definimos e implementamos m\u00e9tricas operativas que proporcionan a la direcci\u00f3n una visi\u00f3n clara del rendimiento diario<\/li>\n<li>Dise\u00f1amos un plan de acci\u00f3n de gesti\u00f3n sostenible que resume sus problemas operativos y prioriza las mejoras de seguimiento<\/li>\n<li>Como opci\u00f3n, podemos realizar &#8220;Auditor\u00edas de vigilancia&#8221; en las que continuamos supervisando y solucionando los problemas de las mejoras implementadas para garantizar que se mantengan<\/li>\n<\/ul>\n\t\t\t\t<img decoding=\"async\" src=\"https:\/\/altemirconsulting.com\/wp-content\/uploads\/2021\/05\/5_SustainingManagement.jpg\" alt=\"Sustaining Management\" itemprop=\"image\" height=\"197\" width=\"600\" title=\"5_SustainingManagement\" onerror=\"this.style.display='none'\" loading=\"lazy\" \/>\n\t\t<iframe loading=\"lazy\" width=\"560\" height=\"315\" src=\"https:\/\/www.youtube.com\/embed\/mZiK3w3XvHM\" title=\"YouTube video player\" frameborder=\"0\" allow=\"accelerometer; autoplay; clipboard-write; encrypted-media; gyroscope; picture-in-picture\" allowfullscreen><\/iframe>\t\n\t\t\t<a href=\"https:\/\/www.calendly.com\/altemirconsulting\/30min\" target=\"_self\">\n\t\t\t\t\t\tProgramar una llamada de descubrimiento\n\t\t\t\t\t<\/a>\n\t<h1><strong>Re\u00fana todo para crear una ventaja competitiva tangible en los pr\u00f3ximos 90 d\u00edas<\/strong><\/h1>\n\t<h2>Rendimiento a tiempo<\/h2>\t\n\t<h2>Rendimiento de costes mejorado<\/h2>\t\n\t<h2>Satisfacci\u00f3n del cliente<\/h2>\t\n\t<h2>Reducci\u00f3n de las luchas diarias<\/h2>\t\n\n","protected":false},"excerpt":{"rendered":"<p>Programar una llamada de descubrimiento Ayudamos a los fabricantes a lograr compras y fabricaci\u00f3n a tiempo trabajando con su equipo para revitalizar su canalizaci\u00f3n de cumplimiento de pedidos para: Reducir los retrasos vencidos Reducir los plazos de entrega Mejorar los env\u00edos a tiempo Mejorar los m\u00e1rgenes de beneficio Mejorar la planificaci\u00f3n de la capacidad Mejorar [&hellip;]<\/p>\n","protected":false},"author":1,"featured_media":0,"parent":0,"menu_order":0,"comment_status":"closed","ping_status":"closed","template":"","meta":{"_coblocks_attr":"","_coblocks_dimensions":"","_coblocks_responsive_height":"","_coblocks_accordion_ie_support":"","footnotes":""},"class_list":["post-3918","page","type-page","status-publish","hentry"],"yoast_head":"<!-- This site is optimized with the Yoast SEO Premium plugin v27.0 (Yoast SEO v27.5) - https:\/\/yoast.com\/product\/yoast-seo-premium-wordpress\/ -->\n<title>90 d\u00edas para la ejecuci\u00f3n de la fabricaci\u00f3n a tiempo | Altemir Consulting<\/title>\n<meta name=\"description\" content=\"Ayudamos a los fabricantes a lograr un rendimiento rentable a tiempo mediante la revitalizaci\u00f3n de su planificaci\u00f3n, programaci\u00f3n y ejecuci\u00f3n de la producci\u00f3n.\" \/>\n<meta name=\"robots\" content=\"index, follow, max-snippet:-1, max-image-preview:large, max-video-preview:-1\" \/>\n<link rel=\"canonical\" href=\"https:\/\/altemirconsulting.com\/es\/90-dias-para-la-ejecucion-a-tiempo\/\" \/>\n<meta name=\"twitter:label1\" content=\"Tiempo de lectura\" \/>\n\t<meta name=\"twitter:data1\" content=\"4 minutos\" \/>\n<script type=\"application\/ld+json\" class=\"yoast-schema-graph\">{\"@context\":\"https:\\\/\\\/schema.org\",\"@graph\":[{\"@type\":\"WebPage\",\"@id\":\"https:\\\/\\\/altemirconsulting.com\\\/es\\\/90-dias-para-la-ejecucion-a-tiempo\\\/\",\"url\":\"https:\\\/\\\/altemirconsulting.com\\\/es\\\/90-dias-para-la-ejecucion-a-tiempo\\\/\",\"name\":\"90 d\u00edas para la ejecuci\u00f3n de la fabricaci\u00f3n a tiempo | Altemir Consulting\",\"isPartOf\":{\"@id\":\"https:\\\/\\\/altemirconsulting.com\\\/es\\\/#website\"},\"primaryImageOfPage\":{\"@id\":\"https:\\\/\\\/altemirconsulting.com\\\/es\\\/90-dias-para-la-ejecucion-a-tiempo\\\/#primaryimage\"},\"image\":{\"@id\":\"https:\\\/\\\/altemirconsulting.com\\\/es\\\/90-dias-para-la-ejecucion-a-tiempo\\\/#primaryimage\"},\"thumbnailUrl\":\"https:\\\/\\\/altemirconsulting.com\\\/wp-content\\\/uploads\\\/2021\\\/09\\\/Screen-Shot-09-11-21-at-08.30-AM.jpg\",\"datePublished\":\"2021-05-12T02:21:09+00:00\",\"dateModified\":\"2026-02-01T19:25:43+00:00\",\"description\":\"Ayudamos a los fabricantes a lograr un rendimiento rentable a tiempo mediante la revitalizaci\u00f3n de su planificaci\u00f3n, programaci\u00f3n y ejecuci\u00f3n de la producci\u00f3n.\",\"breadcrumb\":{\"@id\":\"https:\\\/\\\/altemirconsulting.com\\\/es\\\/90-dias-para-la-ejecucion-a-tiempo\\\/#breadcrumb\"},\"inLanguage\":\"es\",\"potentialAction\":[{\"@type\":\"ReadAction\",\"target\":[\"https:\\\/\\\/altemirconsulting.com\\\/es\\\/90-dias-para-la-ejecucion-a-tiempo\\\/\"]}]},{\"@type\":\"ImageObject\",\"inLanguage\":\"es\",\"@id\":\"https:\\\/\\\/altemirconsulting.com\\\/es\\\/90-dias-para-la-ejecucion-a-tiempo\\\/#primaryimage\",\"url\":\"https:\\\/\\\/altemirconsulting.com\\\/wp-content\\\/uploads\\\/2021\\\/09\\\/Screen-Shot-09-11-21-at-08.30-AM.jpg\",\"contentUrl\":\"https:\\\/\\\/altemirconsulting.com\\\/wp-content\\\/uploads\\\/2021\\\/09\\\/Screen-Shot-09-11-21-at-08.30-AM.jpg\"},{\"@type\":\"BreadcrumbList\",\"@id\":\"https:\\\/\\\/altemirconsulting.com\\\/es\\\/90-dias-para-la-ejecucion-a-tiempo\\\/#breadcrumb\",\"itemListElement\":[{\"@type\":\"ListItem\",\"position\":1,\"name\":\"Home\",\"item\":\"https:\\\/\\\/altemirconsulting.com\\\/es\\\/\"},{\"@type\":\"ListItem\",\"position\":2,\"name\":\"90 D\u00edas para Lograr Ejecuci\u00f3n Puntual\"}]},{\"@type\":\"WebSite\",\"@id\":\"https:\\\/\\\/altemirconsulting.com\\\/es\\\/#website\",\"url\":\"https:\\\/\\\/altemirconsulting.com\\\/es\\\/\",\"name\":\"Altemir Consulting\",\"description\":\"\",\"publisher\":{\"@id\":\"https:\\\/\\\/altemirconsulting.com\\\/es\\\/#organization\"},\"potentialAction\":[{\"@type\":\"SearchAction\",\"target\":{\"@type\":\"EntryPoint\",\"urlTemplate\":\"https:\\\/\\\/altemirconsulting.com\\\/es\\\/?s={search_term_string}\"},\"query-input\":{\"@type\":\"PropertyValueSpecification\",\"valueRequired\":true,\"valueName\":\"search_term_string\"}}],\"inLanguage\":\"es\"},{\"@type\":\"Organization\",\"@id\":\"https:\\\/\\\/altemirconsulting.com\\\/es\\\/#organization\",\"name\":\"Altemir Consulting\",\"url\":\"https:\\\/\\\/altemirconsulting.com\\\/es\\\/\",\"logo\":{\"@type\":\"ImageObject\",\"inLanguage\":\"es\",\"@id\":\"https:\\\/\\\/altemirconsulting.com\\\/es\\\/#\\\/schema\\\/logo\\\/image\\\/\",\"url\":\"https:\\\/\\\/altemirconsulting.com\\\/wp-content\\\/uploads\\\/2017\\\/09\\\/favicon.png\",\"contentUrl\":\"https:\\\/\\\/altemirconsulting.com\\\/wp-content\\\/uploads\\\/2017\\\/09\\\/favicon.png\",\"width\":300,\"height\":300,\"caption\":\"Altemir Consulting\"},\"image\":{\"@id\":\"https:\\\/\\\/altemirconsulting.com\\\/es\\\/#\\\/schema\\\/logo\\\/image\\\/\"},\"sameAs\":[\"https:\\\/\\\/www.facebook.com\\\/AltemirConsulting\\\/\",\"https:\\\/\\\/x.com\\\/AltemirConsult\",\"https:\\\/\\\/www.linkedin.com\\\/company\\\/altemirconsulting\\\/\",\"https:\\\/\\\/www.youtube.com\\\/channel\\\/UCymlsqpZMZn-GlEFli_bnfA\"]}]}<\/script>\n<!-- \/ Yoast SEO Premium plugin. -->","yoast_head_json":{"title":"90 d\u00edas para la ejecuci\u00f3n de la fabricaci\u00f3n a tiempo | Altemir Consulting","description":"Ayudamos a los fabricantes a lograr un rendimiento rentable a tiempo mediante la revitalizaci\u00f3n de su planificaci\u00f3n, programaci\u00f3n y ejecuci\u00f3n de la producci\u00f3n.","robots":{"index":"index","follow":"follow","max-snippet":"max-snippet:-1","max-image-preview":"max-image-preview:large","max-video-preview":"max-video-preview:-1"},"canonical":"https:\/\/altemirconsulting.com\/es\/90-dias-para-la-ejecucion-a-tiempo\/","twitter_misc":{"Tiempo de lectura":"4 minutos"},"schema":{"@context":"https:\/\/schema.org","@graph":[{"@type":"WebPage","@id":"https:\/\/altemirconsulting.com\/es\/90-dias-para-la-ejecucion-a-tiempo\/","url":"https:\/\/altemirconsulting.com\/es\/90-dias-para-la-ejecucion-a-tiempo\/","name":"90 d\u00edas para la ejecuci\u00f3n de la fabricaci\u00f3n a tiempo | Altemir Consulting","isPartOf":{"@id":"https:\/\/altemirconsulting.com\/es\/#website"},"primaryImageOfPage":{"@id":"https:\/\/altemirconsulting.com\/es\/90-dias-para-la-ejecucion-a-tiempo\/#primaryimage"},"image":{"@id":"https:\/\/altemirconsulting.com\/es\/90-dias-para-la-ejecucion-a-tiempo\/#primaryimage"},"thumbnailUrl":"https:\/\/altemirconsulting.com\/wp-content\/uploads\/2021\/09\/Screen-Shot-09-11-21-at-08.30-AM.jpg","datePublished":"2021-05-12T02:21:09+00:00","dateModified":"2026-02-01T19:25:43+00:00","description":"Ayudamos a los fabricantes a lograr un rendimiento rentable a tiempo mediante la revitalizaci\u00f3n de su planificaci\u00f3n, programaci\u00f3n y ejecuci\u00f3n de la producci\u00f3n.","breadcrumb":{"@id":"https:\/\/altemirconsulting.com\/es\/90-dias-para-la-ejecucion-a-tiempo\/#breadcrumb"},"inLanguage":"es","potentialAction":[{"@type":"ReadAction","target":["https:\/\/altemirconsulting.com\/es\/90-dias-para-la-ejecucion-a-tiempo\/"]}]},{"@type":"ImageObject","inLanguage":"es","@id":"https:\/\/altemirconsulting.com\/es\/90-dias-para-la-ejecucion-a-tiempo\/#primaryimage","url":"https:\/\/altemirconsulting.com\/wp-content\/uploads\/2021\/09\/Screen-Shot-09-11-21-at-08.30-AM.jpg","contentUrl":"https:\/\/altemirconsulting.com\/wp-content\/uploads\/2021\/09\/Screen-Shot-09-11-21-at-08.30-AM.jpg"},{"@type":"BreadcrumbList","@id":"https:\/\/altemirconsulting.com\/es\/90-dias-para-la-ejecucion-a-tiempo\/#breadcrumb","itemListElement":[{"@type":"ListItem","position":1,"name":"Home","item":"https:\/\/altemirconsulting.com\/es\/"},{"@type":"ListItem","position":2,"name":"90 D\u00edas para Lograr Ejecuci\u00f3n Puntual"}]},{"@type":"WebSite","@id":"https:\/\/altemirconsulting.com\/es\/#website","url":"https:\/\/altemirconsulting.com\/es\/","name":"Altemir Consulting","description":"","publisher":{"@id":"https:\/\/altemirconsulting.com\/es\/#organization"},"potentialAction":[{"@type":"SearchAction","target":{"@type":"EntryPoint","urlTemplate":"https:\/\/altemirconsulting.com\/es\/?s={search_term_string}"},"query-input":{"@type":"PropertyValueSpecification","valueRequired":true,"valueName":"search_term_string"}}],"inLanguage":"es"},{"@type":"Organization","@id":"https:\/\/altemirconsulting.com\/es\/#organization","name":"Altemir Consulting","url":"https:\/\/altemirconsulting.com\/es\/","logo":{"@type":"ImageObject","inLanguage":"es","@id":"https:\/\/altemirconsulting.com\/es\/#\/schema\/logo\/image\/","url":"https:\/\/altemirconsulting.com\/wp-content\/uploads\/2017\/09\/favicon.png","contentUrl":"https:\/\/altemirconsulting.com\/wp-content\/uploads\/2017\/09\/favicon.png","width":300,"height":300,"caption":"Altemir Consulting"},"image":{"@id":"https:\/\/altemirconsulting.com\/es\/#\/schema\/logo\/image\/"},"sameAs":["https:\/\/www.facebook.com\/AltemirConsulting\/","https:\/\/x.com\/AltemirConsult","https:\/\/www.linkedin.com\/company\/altemirconsulting\/","https:\/\/www.youtube.com\/channel\/UCymlsqpZMZn-GlEFli_bnfA"]}]}},"_links":{"self":[{"href":"https:\/\/altemirconsulting.com\/es\/wp-json\/wp\/v2\/pages\/3918","targetHints":{"allow":["GET"]}}],"collection":[{"href":"https:\/\/altemirconsulting.com\/es\/wp-json\/wp\/v2\/pages"}],"about":[{"href":"https:\/\/altemirconsulting.com\/es\/wp-json\/wp\/v2\/types\/page"}],"author":[{"embeddable":true,"href":"https:\/\/altemirconsulting.com\/es\/wp-json\/wp\/v2\/users\/1"}],"replies":[{"embeddable":true,"href":"https:\/\/altemirconsulting.com\/es\/wp-json\/wp\/v2\/comments?post=3918"}],"version-history":[{"count":3,"href":"https:\/\/altemirconsulting.com\/es\/wp-json\/wp\/v2\/pages\/3918\/revisions"}],"predecessor-version":[{"id":4695,"href":"https:\/\/altemirconsulting.com\/es\/wp-json\/wp\/v2\/pages\/3918\/revisions\/4695"}],"wp:attachment":[{"href":"https:\/\/altemirconsulting.com\/es\/wp-json\/wp\/v2\/media?parent=3918"}],"curies":[{"name":"wp","href":"https:\/\/api.w.org\/{rel}","templated":true}]}}