{"id":3897,"date":"2018-05-07T15:23:02","date_gmt":"2018-05-07T20:23:02","guid":{"rendered":"https:\/\/altemirconsulting.com\/garantia-de-calidad\/"},"modified":"2026-01-21T02:32:42","modified_gmt":"2026-01-21T08:32:42","slug":"garantia-de-calidad","status":"publish","type":"page","link":"https:\/\/altemirconsulting.com\/es\/garantia-de-calidad\/","title":{"rendered":"Garant\u00eda de calidad"},"content":{"rendered":"\n\n\t<h1>Consultor\u00eda de Garant\u00eda de Calidad<\/h1>\n\t<p>Altemir Consulting puede establecer protocolos pr\u00e1cticos de no conformidad y de acciones correctivas\/preventivas (CAPA) que se retroalimenten eficazmente en los procesos de ingenier\u00eda y producci\u00f3n para mejorar continuamente la calidad del producto. Tenemos experiencia directa en entornos ISO 9001, AS9100, FAR, ISO 13485 y FDA cGMP, incluyendo el apoyo a la auditor\u00eda y la preparaci\u00f3n para la certificaci\u00f3n. Tambi\u00e9n podemos ayudarle a establecer su sistema de gesti\u00f3n de calidad inicial.<\/p>\n<p>Las facetas de su r\u00e9gimen de garant\u00eda de calidad que podemos abordar incluyen:<\/p>\n<ul>\n<li>Informes de no conformidad<\/li>\n<li>Implementaci\u00f3n del sistema de gesti\u00f3n de calidad ISO<\/li>\n<li>Desarrollo de documentos ISO y apoyo a la auditor\u00eda<\/li>\n<li>Requisitos y planificaci\u00f3n de la inspecci\u00f3n<\/li>\n<li>Requisitos de ingenier\u00eda del producto<\/li>\n<li>Verificaci\u00f3n y validaci\u00f3n de procesos<\/li>\n<li>Informes de cumplimiento normativo<\/li>\n<li>Control de documentos<\/li>\n<li>Selecci\u00f3n, implementaci\u00f3n y soporte del sistema inform\u00e1tico QMS<\/li>\n<li>Requisitos de formaci\u00f3n y mantenimiento de registros<\/li>\n<li>Gesti\u00f3n de cambios de ingenier\u00eda<\/li>\n<li>Calidad del proveedor<\/li>\n<li>Cuadros de mando de calidad<\/li>\n<\/ul>\n\t\t<h3>Explore las Posibilidades&#8230;<\/h3>\n\t\t<p>Agradecemos las consultas de todas las empresas, peque\u00f1as y grandes, que est\u00e9n ansiosas por pasar al siguiente nivel. No dude en ponerse en contacto con nosotros para discutir sus necesidades espec\u00edficas sin compromiso.<\/p>\n\t\t\t<a href=\"https:\/\/altemirconsulting.com\/es\/contactenos\/\" target=\"_self\">\n\t\t\t\t\t\t\tCont\u00e1ctenos\n\t\t\t\t\t<\/a>\n\n","protected":false},"excerpt":{"rendered":"<p>Consultor\u00eda de Garant\u00eda de Calidad Altemir Consulting puede establecer protocolos pr\u00e1cticos de no conformidad y de acciones correctivas\/preventivas (CAPA) que se retroalimenten eficazmente en los procesos de ingenier\u00eda y producci\u00f3n para mejorar continuamente la calidad del producto. Tenemos experiencia directa en entornos ISO 9001, AS9100, FAR, ISO 13485 y FDA cGMP, incluyendo el apoyo a [&hellip;]<\/p>\n","protected":false},"author":1,"featured_media":0,"parent":0,"menu_order":0,"comment_status":"closed","ping_status":"closed","template":"","meta":{"_coblocks_attr":"","_coblocks_dimensions":"","_coblocks_responsive_height":"","_coblocks_accordion_ie_support":"","footnotes":""},"class_list":["post-3897","page","type-page","status-publish","hentry"],"yoast_head":"<!-- This site is optimized with the Yoast SEO Premium plugin v27.0 (Yoast SEO v27.4) - https:\/\/yoast.com\/product\/yoast-seo-premium-wordpress\/ -->\n<title>Consultor\u00eda de gesti\u00f3n de garant\u00eda de calidad<\/title>\n<meta name=\"description\" content=\"Altemir Consulting puede ayudarle a establecer y solucionar problemas en sus protocolos de garant\u00eda de calidad. Tanto si es una empresa nueva como un negocio ya establecido, tenemos experiencia en la gesti\u00f3n de calidad en el contexto de las normas ISO 9001, ISO 13485, FAR, ITAR y FDA cGMP.\" \/>\n<meta name=\"robots\" content=\"index, follow, max-snippet:-1, max-image-preview:large, max-video-preview:-1\" \/>\n<link rel=\"canonical\" href=\"https:\/\/altemirconsulting.com\/es\/garantia-de-calidad\/\" \/>\n<meta name=\"twitter:label1\" content=\"Tiempo de lectura\" \/>\n\t<meta name=\"twitter:data1\" content=\"1 minuto\" \/>\n<script type=\"application\/ld+json\" class=\"yoast-schema-graph\">{\"@context\":\"https:\\\/\\\/schema.org\",\"@graph\":[{\"@type\":\"WebPage\",\"@id\":\"https:\\\/\\\/altemirconsulting.com\\\/es\\\/garantia-de-calidad\\\/\",\"url\":\"https:\\\/\\\/altemirconsulting.com\\\/es\\\/garantia-de-calidad\\\/\",\"name\":\"Consultor\u00eda de gesti\u00f3n de garant\u00eda de calidad\",\"isPartOf\":{\"@id\":\"https:\\\/\\\/altemirconsulting.com\\\/es\\\/#website\"},\"datePublished\":\"2018-05-07T20:23:02+00:00\",\"dateModified\":\"2026-01-21T08:32:42+00:00\",\"description\":\"Altemir Consulting puede ayudarle a establecer y solucionar problemas en sus protocolos de garant\u00eda de calidad. Tanto si es una empresa nueva como un negocio ya establecido, tenemos experiencia en la gesti\u00f3n de calidad en el contexto de las normas ISO 9001, ISO 13485, FAR, ITAR y FDA cGMP.\",\"breadcrumb\":{\"@id\":\"https:\\\/\\\/altemirconsulting.com\\\/es\\\/garantia-de-calidad\\\/#breadcrumb\"},\"inLanguage\":\"es\",\"potentialAction\":[{\"@type\":\"ReadAction\",\"target\":[\"https:\\\/\\\/altemirconsulting.com\\\/es\\\/garantia-de-calidad\\\/\"]}]},{\"@type\":\"BreadcrumbList\",\"@id\":\"https:\\\/\\\/altemirconsulting.com\\\/es\\\/garantia-de-calidad\\\/#breadcrumb\",\"itemListElement\":[{\"@type\":\"ListItem\",\"position\":1,\"name\":\"Home\",\"item\":\"https:\\\/\\\/altemirconsulting.com\\\/es\\\/\"},{\"@type\":\"ListItem\",\"position\":2,\"name\":\"Garant\u00eda de calidad\"}]},{\"@type\":\"WebSite\",\"@id\":\"https:\\\/\\\/altemirconsulting.com\\\/es\\\/#website\",\"url\":\"https:\\\/\\\/altemirconsulting.com\\\/es\\\/\",\"name\":\"Altemir Consulting\",\"description\":\"\",\"publisher\":{\"@id\":\"https:\\\/\\\/altemirconsulting.com\\\/es\\\/#organization\"},\"potentialAction\":[{\"@type\":\"SearchAction\",\"target\":{\"@type\":\"EntryPoint\",\"urlTemplate\":\"https:\\\/\\\/altemirconsulting.com\\\/es\\\/?s={search_term_string}\"},\"query-input\":{\"@type\":\"PropertyValueSpecification\",\"valueRequired\":true,\"valueName\":\"search_term_string\"}}],\"inLanguage\":\"es\"},{\"@type\":\"Organization\",\"@id\":\"https:\\\/\\\/altemirconsulting.com\\\/es\\\/#organization\",\"name\":\"Altemir Consulting\",\"url\":\"https:\\\/\\\/altemirconsulting.com\\\/es\\\/\",\"logo\":{\"@type\":\"ImageObject\",\"inLanguage\":\"es\",\"@id\":\"https:\\\/\\\/altemirconsulting.com\\\/es\\\/#\\\/schema\\\/logo\\\/image\\\/\",\"url\":\"https:\\\/\\\/altemirconsulting.com\\\/wp-content\\\/uploads\\\/2017\\\/09\\\/favicon.png\",\"contentUrl\":\"https:\\\/\\\/altemirconsulting.com\\\/wp-content\\\/uploads\\\/2017\\\/09\\\/favicon.png\",\"width\":300,\"height\":300,\"caption\":\"Altemir Consulting\"},\"image\":{\"@id\":\"https:\\\/\\\/altemirconsulting.com\\\/es\\\/#\\\/schema\\\/logo\\\/image\\\/\"},\"sameAs\":[\"https:\\\/\\\/www.facebook.com\\\/AltemirConsulting\\\/\",\"https:\\\/\\\/x.com\\\/AltemirConsult\",\"https:\\\/\\\/www.linkedin.com\\\/company\\\/altemirconsulting\\\/\",\"https:\\\/\\\/www.youtube.com\\\/channel\\\/UCymlsqpZMZn-GlEFli_bnfA\"]}]}<\/script>\n<!-- \/ Yoast SEO Premium plugin. -->","yoast_head_json":{"title":"Consultor\u00eda de gesti\u00f3n de garant\u00eda de calidad","description":"Altemir Consulting puede ayudarle a establecer y solucionar problemas en sus protocolos de garant\u00eda de calidad. Tanto si es una empresa nueva como un negocio ya establecido, tenemos experiencia en la gesti\u00f3n de calidad en el contexto de las normas ISO 9001, ISO 13485, FAR, ITAR y FDA cGMP.","robots":{"index":"index","follow":"follow","max-snippet":"max-snippet:-1","max-image-preview":"max-image-preview:large","max-video-preview":"max-video-preview:-1"},"canonical":"https:\/\/altemirconsulting.com\/es\/garantia-de-calidad\/","twitter_misc":{"Tiempo de lectura":"1 minuto"},"schema":{"@context":"https:\/\/schema.org","@graph":[{"@type":"WebPage","@id":"https:\/\/altemirconsulting.com\/es\/garantia-de-calidad\/","url":"https:\/\/altemirconsulting.com\/es\/garantia-de-calidad\/","name":"Consultor\u00eda de gesti\u00f3n de garant\u00eda de calidad","isPartOf":{"@id":"https:\/\/altemirconsulting.com\/es\/#website"},"datePublished":"2018-05-07T20:23:02+00:00","dateModified":"2026-01-21T08:32:42+00:00","description":"Altemir Consulting puede ayudarle a establecer y solucionar problemas en sus protocolos de garant\u00eda de calidad. Tanto si es una empresa nueva como un negocio ya establecido, tenemos experiencia en la gesti\u00f3n de calidad en el contexto de las normas ISO 9001, ISO 13485, FAR, ITAR y FDA cGMP.","breadcrumb":{"@id":"https:\/\/altemirconsulting.com\/es\/garantia-de-calidad\/#breadcrumb"},"inLanguage":"es","potentialAction":[{"@type":"ReadAction","target":["https:\/\/altemirconsulting.com\/es\/garantia-de-calidad\/"]}]},{"@type":"BreadcrumbList","@id":"https:\/\/altemirconsulting.com\/es\/garantia-de-calidad\/#breadcrumb","itemListElement":[{"@type":"ListItem","position":1,"name":"Home","item":"https:\/\/altemirconsulting.com\/es\/"},{"@type":"ListItem","position":2,"name":"Garant\u00eda de calidad"}]},{"@type":"WebSite","@id":"https:\/\/altemirconsulting.com\/es\/#website","url":"https:\/\/altemirconsulting.com\/es\/","name":"Altemir Consulting","description":"","publisher":{"@id":"https:\/\/altemirconsulting.com\/es\/#organization"},"potentialAction":[{"@type":"SearchAction","target":{"@type":"EntryPoint","urlTemplate":"https:\/\/altemirconsulting.com\/es\/?s={search_term_string}"},"query-input":{"@type":"PropertyValueSpecification","valueRequired":true,"valueName":"search_term_string"}}],"inLanguage":"es"},{"@type":"Organization","@id":"https:\/\/altemirconsulting.com\/es\/#organization","name":"Altemir Consulting","url":"https:\/\/altemirconsulting.com\/es\/","logo":{"@type":"ImageObject","inLanguage":"es","@id":"https:\/\/altemirconsulting.com\/es\/#\/schema\/logo\/image\/","url":"https:\/\/altemirconsulting.com\/wp-content\/uploads\/2017\/09\/favicon.png","contentUrl":"https:\/\/altemirconsulting.com\/wp-content\/uploads\/2017\/09\/favicon.png","width":300,"height":300,"caption":"Altemir Consulting"},"image":{"@id":"https:\/\/altemirconsulting.com\/es\/#\/schema\/logo\/image\/"},"sameAs":["https:\/\/www.facebook.com\/AltemirConsulting\/","https:\/\/x.com\/AltemirConsult","https:\/\/www.linkedin.com\/company\/altemirconsulting\/","https:\/\/www.youtube.com\/channel\/UCymlsqpZMZn-GlEFli_bnfA"]}]}},"_links":{"self":[{"href":"https:\/\/altemirconsulting.com\/es\/wp-json\/wp\/v2\/pages\/3897","targetHints":{"allow":["GET"]}}],"collection":[{"href":"https:\/\/altemirconsulting.com\/es\/wp-json\/wp\/v2\/pages"}],"about":[{"href":"https:\/\/altemirconsulting.com\/es\/wp-json\/wp\/v2\/types\/page"}],"author":[{"embeddable":true,"href":"https:\/\/altemirconsulting.com\/es\/wp-json\/wp\/v2\/users\/1"}],"replies":[{"embeddable":true,"href":"https:\/\/altemirconsulting.com\/es\/wp-json\/wp\/v2\/comments?post=3897"}],"version-history":[{"count":1,"href":"https:\/\/altemirconsulting.com\/es\/wp-json\/wp\/v2\/pages\/3897\/revisions"}],"predecessor-version":[{"id":4592,"href":"https:\/\/altemirconsulting.com\/es\/wp-json\/wp\/v2\/pages\/3897\/revisions\/4592"}],"wp:attachment":[{"href":"https:\/\/altemirconsulting.com\/es\/wp-json\/wp\/v2\/media?parent=3897"}],"curies":[{"name":"wp","href":"https:\/\/api.w.org\/{rel}","templated":true}]}}