{"id":3863,"date":"2020-01-22T19:54:17","date_gmt":"2020-01-23T01:54:17","guid":{"rendered":"https:\/\/altemirconsulting.com\/equipo\/"},"modified":"2026-01-21T12:14:52","modified_gmt":"2026-01-21T18:14:52","slug":"equipo","status":"publish","type":"page","link":"https:\/\/altemirconsulting.com\/es\/equipo\/","title":{"rendered":"Equipo"},"content":{"rendered":"\n\n\t<h1>Consultores de Fabricaci\u00f3n y Cadena de Suministro<\/h1>\n<h4>experiencia especializada con una profunda experiencia pr\u00e1ctica en gesti\u00f3n<\/h4>\n\t<p>Altemir Consulting comenz\u00f3 como un grupo de experimentados ejecutivos s\u00e9nior de fabricaci\u00f3n, ingenier\u00eda, almacenamiento y capital privado que hicieron la transici\u00f3n a la consultor\u00eda. Nuestros consultores han participado en una amplia variedad de negocios de fabricaci\u00f3n aeroespacial, dispositivos m\u00e9dicos, productos industriales, fabricaci\u00f3n por contrato, productos de consumo, fabricaci\u00f3n de alimentos y otros negocios de fabricaci\u00f3n discreta durante los \u00faltimos 30 a\u00f1os. <\/p>\n\t\t\t\t<img decoding=\"async\" src=\"https:\/\/altemirconsulting.com\/wp-content\/uploads\/2022\/11\/TeamStill1_1-640x320.jpg\" alt=\"consultores de la cadena de suministro\" itemprop=\"image\" height=\"320\" width=\"640\" title=\"TeamStill1_1\" onerror=\"this.style.display='none'\" loading=\"lazy\" \/>\n\t\t\t\t<img decoding=\"async\" src=\"https:\/\/altemirconsulting.com\/wp-content\/uploads\/bb-plugin\/cache\/DavidAltemir-Small-1-square-73602afa5da30382c4637c977d3d751e-.jpg\" alt=\"DavidAltemir - Small\" itemprop=\"image\" title=\"DavidAltemir - Small\" onerror=\"this.style.display='none'\" loading=\"lazy\" \/>\n<h3>David Altemir<\/h3>\t\n\t<p>David Altemir es un ejecutivo pr\u00e1ctico de fabricaci\u00f3n y cadena de suministro con m\u00e1s de 30 a\u00f1os de experiencia en liderazgo, ayudando a fabricantes discretos a lograr mejoras operativas medibles, incluyendo entregas puntuales, mejoras de productividad, optimizaci\u00f3n de inventario y una gesti\u00f3n eficaz de la producci\u00f3n. Su trabajo ha producido resultados como aumentos de 5X la producci\u00f3n, r\u00e1pidas mejoras hasta alcanzar un cumplimiento puntual cercano al 100%, importantes reducciones de inventario y faltantes, reducci\u00f3n de la cartera de pedidos y mejoras significativas en la productividad.<\/p>\n<p>La experiencia de David abarca la industria aeroespacial (aeronaves, UAVs, helic\u00f3pteros y naves espaciales), dispositivos m\u00e9dicos, fabricaci\u00f3n por contrato, productos de consumo, fabricaci\u00f3n de alimentos y productos industriales, desde ingenier\u00eda de la NASA hasta puestos de liderazgo de operaciones s\u00e9nior y ejecutiva.\u00a0 Es conocido por su transformaci\u00f3n pragm\u00e1tica: Estabilizar el MRP, implementar la ejecuci\u00f3n basada en pull, mejorar la eficiencia laboral y el rendimiento de la calidad, y transformar las operaciones seg\u00fan las necesidades de los fabricantes.<\/p>\n<p>David tiene una Bachillerato en Ingenier\u00eda Mec\u00e1nica (UT Austin), una M\u00e1ster en Ciencia de los Materiales (Rice) y un MBA (MIT). Es un Lean Six Sigma Sensei y autor de &#8220;Lean MRP: Establecimiento de un sistema de extracci\u00f3n de fabricaci\u00f3n para la ejecuci\u00f3n en el taller utilizando ERP o APS.<\/p>\n\t\t\t\t<img decoding=\"async\" src=\"https:\/\/altemirconsulting.com\/wp-content\/uploads\/bb-plugin\/cache\/BobHunter-square-5705ca82db163fcf4d136c7665579c1a-.jpg\" alt=\"BobHunter\" itemprop=\"image\" title=\"BobHunter\" onerror=\"this.style.display='none'\" loading=\"lazy\" \/>\n<h3>Bob Hunter<\/h3>\t\n\t<p>Bob Hunter es un ejecutivo consumado y orientado a resultados con m\u00e1s de 25 a\u00f1os de experiencia global en fabricaci\u00f3n, cadena de suministro, gesti\u00f3n de proyectos, mejora continua y gesti\u00f3n general de p\u00e9rdidas y ganancias para una variedad de empresas peque\u00f1as, medianas y grandes.<\/p>\n<p>Entre sus diversas funciones, el Sr. Hunter ha dirigido equipos globales en la planificaci\u00f3n y ejecuci\u00f3n de iniciativas empresariales estrat\u00e9gicas para lograr la excelencia operativa. Dirigi\u00f3 organizaciones globales de fabricaci\u00f3n y cadena de suministro para Caterpillar, lo que inclu\u00eda responsabilidades de p\u00e9rdidas y ganancias para la planificaci\u00f3n, fabricaci\u00f3n, compra y distribuci\u00f3n de productos de alta ingenier\u00eda. Aprovech\u00f3 su experiencia para defender el desarrollo y la aplicaci\u00f3n de los principios de Lean en 25 instalaciones globales y redise\u00f1\u00f3 las redes globales de la cadena de suministro para satisfacer los requisitos de los clientes. Su estilo de liderazgo fomenta el compromiso de los empleados y la responsabilidad del cambio.   <\/p>\n<p>Como consultor, Bob siente pasi\u00f3n por trazar la l\u00ednea m\u00e1s recta entre la estrategia y la t\u00e1ctica para lograr mejoras significativas en el rendimiento y resultados empresariales excepcionales para una variedad de clientes e industrias.<\/p>\n\t\t\t\t<img decoding=\"async\" src=\"https:\/\/altemirconsulting.com\/wp-content\/uploads\/bb-plugin\/cache\/JohnTepper-square-0a83e921901fbe04997507bee36b69ef-.jpg\" alt=\"JohnTepper\" itemprop=\"image\" title=\"JohnTepper\" onerror=\"this.style.display='none'\" loading=\"lazy\" \/>\n<h3>John Tepper<\/h3>\t\n\t<p>John Tepper ha desempe\u00f1ado funciones de ingenier\u00eda, garant\u00eda de calidad y desarrollo de productos en todas las fases del dise\u00f1o y desarrollo de dispositivos m\u00e9dicos, desde el concepto inicial hasta la autorizaci\u00f3n reglamentaria y la producci\u00f3n. Ha utilizado su experiencia para desarrollar l\u00edneas de productos emblem\u00e1ticas que generan millones de ingresos dentro de las limitaciones de presupuesto, recursos y tiempo. <\/p>\n<p>Desarroll\u00f3 su experiencia liderando todas las fases de la ingenier\u00eda y el desarrollo de productos durante su carrera en United Orthopedic Group, Orthofix y notables empresas de nueva creaci\u00f3n de dispositivos m\u00e9dicos.<\/p>\n<p>Adem\u00e1s, tiene una profunda experiencia con los sistemas de calidad y las actividades reglamentarias, incluidos los dispositivos FDA de clase I, II y III, as\u00ed como el reembolso de CMS.<\/p>\n\t\t\t\t<img decoding=\"async\" src=\"https:\/\/altemirconsulting.com\/wp-content\/uploads\/bb-plugin\/cache\/RickEmerson2-square-34fa6b6e6e8083f30bc09427c2a3112c-.png\" alt=\"RickEmerson2\" itemprop=\"image\" height=\"301\" width=\"294\" title=\"RickEmerson2\" onerror=\"this.style.display='none'\" loading=\"lazy\" \/>\n<h3>Rick Emerson<\/h3>\t\n\t<p>Rick Emerson ha tenido una extensa carrera de gesti\u00f3n de unidades de negocio s\u00e9nior en operaciones y finanzas de log\u00edstica de terceros (3PL) con DSC Logistics (ahora CJ Logistics). Dirigi\u00f3 las transformaciones de la rentabilidad y el rendimiento operativo para varios clientes regionales y nacionales que han incluido el embalaje y el env\u00edo, el almacenamiento y la manipulaci\u00f3n, el empaquetado, la estrategia de la cadena de suministro, la planificaci\u00f3n y el an\u00e1lisis financieros, la contabilidad de costes basada en la actividad y la mejora de las licitaciones competitivas. <\/p>\n<p>Las tareas de consultor\u00eda han aprovechado la diversa experiencia de Rick en log\u00edstica. Ha instituido una variedad de mejoras operativas en industrias que incluyen la fabricaci\u00f3n de autom\u00f3viles, los bienes de consumo envasados, los restaurantes, la atenci\u00f3n m\u00e9dica y el papel. <\/p>\n<p>Rick recibi\u00f3 un MBA en Finanzas de Loyola de Chicago. Tambi\u00e9n es miembro del Consejo de Profesionales de la Gesti\u00f3n de la Cadena de Suministro y es un voluntario desde hace mucho tiempo para la Mesa Redonda local. <\/p>\n\t\t\t\t<img decoding=\"async\" src=\"https:\/\/altemirconsulting.com\/wp-content\/uploads\/bb-plugin\/cache\/MattGrosmann2-square-f069bfa227d863130bf797e45a1b9ee9-.jpg\" alt=\"MattGrosmann2\" itemprop=\"image\" height=\"292\" width=\"294\" title=\"MattGrosmann2\" onerror=\"this.style.display='none'\" loading=\"lazy\" \/>\n<h3>Matthew Grosmann<\/h3>\t\n\t<p>Matthew Grosmann tiene diez a\u00f1os de experiencia en el sector financiero, donde ha ayudado a ejecutar m\u00e1s de 25 transacciones de fusiones y adquisiciones que implican financiaci\u00f3n tanto de capital como de deuda. El Sr. Grosmann fue vicepresidente de Dunes Point Capital, LLC, una oficina familiar y empresa de inversi\u00f3n privada con sede en Nueva York, donde ayud\u00f3 a realizar inversiones de control en los sectores de servicios industriales y energ\u00e9ticos generales. Antes de unirse a Dunes Point Capital, el Sr. Grosmann fue asociado de banca de inversi\u00f3n en la oficina de Nueva York de Jefferies LLC y analista de banca de inversi\u00f3n en la oficina de Dallas de MHT Partners, LP.  <\/p>\n<p>El Sr. Grosmann recibi\u00f3 una licenciatura, con distinci\u00f3n, en Econom\u00eda con Aplicaciones Financieras de la Universidad Metodista del Sur. Es ex miembro de los Consejos de Administraci\u00f3n de Harvey Building Products, Professional Plumbing Group, Ehrhardt Tool &amp; Machine y Standard Locknut. <\/p>\n\t\t<h3>Explore las posibilidades&#8230;<\/h3>\n\t\t<p>Agradecemos las consultas de todas las empresas, peque\u00f1as y grandes, que est\u00e9n ansiosas por pasar al siguiente nivel. No dude en ponerse en contacto con nosotros para hablar de sus necesidades espec\u00edficas sin compromiso. <\/p>\n\t\t\t<a href=\"https:\/\/www.altemirconsulting.com\/contact-us\" target=\"_self\">\n\t\t\t\t\t\t\tCont\u00e1ctenos\n\t\t\t\t\t<\/a>\n\n","protected":false},"excerpt":{"rendered":"<p>Consultores de Fabricaci\u00f3n y Cadena de Suministro experiencia especializada con una profunda experiencia pr\u00e1ctica en gesti\u00f3n Altemir Consulting comenz\u00f3 como un grupo de experimentados ejecutivos s\u00e9nior de fabricaci\u00f3n, ingenier\u00eda, almacenamiento y capital privado que hicieron la transici\u00f3n a la consultor\u00eda. Nuestros consultores han participado en una amplia variedad de negocios de fabricaci\u00f3n aeroespacial, dispositivos m\u00e9dicos, [&hellip;]<\/p>\n","protected":false},"author":1,"featured_media":0,"parent":0,"menu_order":0,"comment_status":"closed","ping_status":"closed","template":"","meta":{"_coblocks_attr":"","_coblocks_dimensions":"","_coblocks_responsive_height":"","_coblocks_accordion_ie_support":"","footnotes":""},"class_list":["post-3863","page","type-page","status-publish","hentry"],"yoast_head":"<!-- This site is optimized with the Yoast SEO Premium plugin v27.0 (Yoast SEO v27.4) - https:\/\/yoast.com\/product\/yoast-seo-premium-wordpress\/ -->\n<title>Altemir Consulting | Nuestro equipo<\/title>\n<meta name=\"description\" content=\"Nuestro equipo de consultores cuenta con una amplia experiencia pr\u00e1ctica en gesti\u00f3n que abarca la fabricaci\u00f3n ajustada, la gesti\u00f3n de la cadena de suministro, la ingenier\u00eda, la inform\u00e1tica empresarial y el capital privado. No dude en programar una llamada telef\u00f3nica con nosotros para hablar de sus objetivos y retos, y ver c\u00f3mo podemos marcar una diferencia tangible.\" \/>\n<meta name=\"robots\" content=\"index, follow, max-snippet:-1, max-image-preview:large, max-video-preview:-1\" \/>\n<link rel=\"canonical\" href=\"https:\/\/altemirconsulting.com\/es\/equipo\/\" \/>\n<meta name=\"twitter:label1\" content=\"Tiempo de lectura\" \/>\n\t<meta name=\"twitter:data1\" content=\"5 minutos\" \/>\n<script type=\"application\/ld+json\" class=\"yoast-schema-graph\">{\"@context\":\"https:\\\/\\\/schema.org\",\"@graph\":[{\"@type\":\"WebPage\",\"@id\":\"https:\\\/\\\/altemirconsulting.com\\\/es\\\/equipo\\\/\",\"url\":\"https:\\\/\\\/altemirconsulting.com\\\/es\\\/equipo\\\/\",\"name\":\"Altemir Consulting | Nuestro equipo\",\"isPartOf\":{\"@id\":\"https:\\\/\\\/altemirconsulting.com\\\/es\\\/#website\"},\"primaryImageOfPage\":{\"@id\":\"https:\\\/\\\/altemirconsulting.com\\\/es\\\/equipo\\\/#primaryimage\"},\"image\":{\"@id\":\"https:\\\/\\\/altemirconsulting.com\\\/es\\\/equipo\\\/#primaryimage\"},\"thumbnailUrl\":\"https:\\\/\\\/altemirconsulting.com\\\/wp-content\\\/uploads\\\/2022\\\/11\\\/TeamStill1_1-640x320.jpg\",\"datePublished\":\"2020-01-23T01:54:17+00:00\",\"dateModified\":\"2026-01-21T18:14:52+00:00\",\"description\":\"Nuestro equipo de consultores cuenta con una amplia experiencia pr\u00e1ctica en gesti\u00f3n que abarca la fabricaci\u00f3n ajustada, la gesti\u00f3n de la cadena de suministro, la ingenier\u00eda, la inform\u00e1tica empresarial y el capital privado. No dude en programar una llamada telef\u00f3nica con nosotros para hablar de sus objetivos y retos, y ver c\u00f3mo podemos marcar una diferencia tangible.\",\"breadcrumb\":{\"@id\":\"https:\\\/\\\/altemirconsulting.com\\\/es\\\/equipo\\\/#breadcrumb\"},\"inLanguage\":\"es\",\"potentialAction\":[{\"@type\":\"ReadAction\",\"target\":[\"https:\\\/\\\/altemirconsulting.com\\\/es\\\/equipo\\\/\"]}]},{\"@type\":\"ImageObject\",\"inLanguage\":\"es\",\"@id\":\"https:\\\/\\\/altemirconsulting.com\\\/es\\\/equipo\\\/#primaryimage\",\"url\":\"https:\\\/\\\/altemirconsulting.com\\\/wp-content\\\/uploads\\\/2022\\\/11\\\/TeamStill1_1-640x320.jpg\",\"contentUrl\":\"https:\\\/\\\/altemirconsulting.com\\\/wp-content\\\/uploads\\\/2022\\\/11\\\/TeamStill1_1-640x320.jpg\"},{\"@type\":\"BreadcrumbList\",\"@id\":\"https:\\\/\\\/altemirconsulting.com\\\/es\\\/equipo\\\/#breadcrumb\",\"itemListElement\":[{\"@type\":\"ListItem\",\"position\":1,\"name\":\"Home\",\"item\":\"https:\\\/\\\/altemirconsulting.com\\\/es\\\/\"},{\"@type\":\"ListItem\",\"position\":2,\"name\":\"Equipo\"}]},{\"@type\":\"WebSite\",\"@id\":\"https:\\\/\\\/altemirconsulting.com\\\/es\\\/#website\",\"url\":\"https:\\\/\\\/altemirconsulting.com\\\/es\\\/\",\"name\":\"Altemir Consulting\",\"description\":\"\",\"publisher\":{\"@id\":\"https:\\\/\\\/altemirconsulting.com\\\/es\\\/#organization\"},\"potentialAction\":[{\"@type\":\"SearchAction\",\"target\":{\"@type\":\"EntryPoint\",\"urlTemplate\":\"https:\\\/\\\/altemirconsulting.com\\\/es\\\/?s={search_term_string}\"},\"query-input\":{\"@type\":\"PropertyValueSpecification\",\"valueRequired\":true,\"valueName\":\"search_term_string\"}}],\"inLanguage\":\"es\"},{\"@type\":\"Organization\",\"@id\":\"https:\\\/\\\/altemirconsulting.com\\\/es\\\/#organization\",\"name\":\"Altemir Consulting\",\"url\":\"https:\\\/\\\/altemirconsulting.com\\\/es\\\/\",\"logo\":{\"@type\":\"ImageObject\",\"inLanguage\":\"es\",\"@id\":\"https:\\\/\\\/altemirconsulting.com\\\/es\\\/#\\\/schema\\\/logo\\\/image\\\/\",\"url\":\"https:\\\/\\\/altemirconsulting.com\\\/wp-content\\\/uploads\\\/2017\\\/09\\\/favicon.png\",\"contentUrl\":\"https:\\\/\\\/altemirconsulting.com\\\/wp-content\\\/uploads\\\/2017\\\/09\\\/favicon.png\",\"width\":300,\"height\":300,\"caption\":\"Altemir Consulting\"},\"image\":{\"@id\":\"https:\\\/\\\/altemirconsulting.com\\\/es\\\/#\\\/schema\\\/logo\\\/image\\\/\"},\"sameAs\":[\"https:\\\/\\\/www.facebook.com\\\/AltemirConsulting\\\/\",\"https:\\\/\\\/x.com\\\/AltemirConsult\",\"https:\\\/\\\/www.linkedin.com\\\/company\\\/altemirconsulting\\\/\",\"https:\\\/\\\/www.youtube.com\\\/channel\\\/UCymlsqpZMZn-GlEFli_bnfA\"]}]}<\/script>\n<!-- \/ Yoast SEO Premium plugin. -->","yoast_head_json":{"title":"Altemir Consulting | Nuestro equipo","description":"Nuestro equipo de consultores cuenta con una amplia experiencia pr\u00e1ctica en gesti\u00f3n que abarca la fabricaci\u00f3n ajustada, la gesti\u00f3n de la cadena de suministro, la ingenier\u00eda, la inform\u00e1tica empresarial y el capital privado. No dude en programar una llamada telef\u00f3nica con nosotros para hablar de sus objetivos y retos, y ver c\u00f3mo podemos marcar una diferencia tangible.","robots":{"index":"index","follow":"follow","max-snippet":"max-snippet:-1","max-image-preview":"max-image-preview:large","max-video-preview":"max-video-preview:-1"},"canonical":"https:\/\/altemirconsulting.com\/es\/equipo\/","twitter_misc":{"Tiempo de lectura":"5 minutos"},"schema":{"@context":"https:\/\/schema.org","@graph":[{"@type":"WebPage","@id":"https:\/\/altemirconsulting.com\/es\/equipo\/","url":"https:\/\/altemirconsulting.com\/es\/equipo\/","name":"Altemir Consulting | Nuestro equipo","isPartOf":{"@id":"https:\/\/altemirconsulting.com\/es\/#website"},"primaryImageOfPage":{"@id":"https:\/\/altemirconsulting.com\/es\/equipo\/#primaryimage"},"image":{"@id":"https:\/\/altemirconsulting.com\/es\/equipo\/#primaryimage"},"thumbnailUrl":"https:\/\/altemirconsulting.com\/wp-content\/uploads\/2022\/11\/TeamStill1_1-640x320.jpg","datePublished":"2020-01-23T01:54:17+00:00","dateModified":"2026-01-21T18:14:52+00:00","description":"Nuestro equipo de consultores cuenta con una amplia experiencia pr\u00e1ctica en gesti\u00f3n que abarca la fabricaci\u00f3n ajustada, la gesti\u00f3n de la cadena de suministro, la ingenier\u00eda, la inform\u00e1tica empresarial y el capital privado. No dude en programar una llamada telef\u00f3nica con nosotros para hablar de sus objetivos y retos, y ver c\u00f3mo podemos marcar una diferencia tangible.","breadcrumb":{"@id":"https:\/\/altemirconsulting.com\/es\/equipo\/#breadcrumb"},"inLanguage":"es","potentialAction":[{"@type":"ReadAction","target":["https:\/\/altemirconsulting.com\/es\/equipo\/"]}]},{"@type":"ImageObject","inLanguage":"es","@id":"https:\/\/altemirconsulting.com\/es\/equipo\/#primaryimage","url":"https:\/\/altemirconsulting.com\/wp-content\/uploads\/2022\/11\/TeamStill1_1-640x320.jpg","contentUrl":"https:\/\/altemirconsulting.com\/wp-content\/uploads\/2022\/11\/TeamStill1_1-640x320.jpg"},{"@type":"BreadcrumbList","@id":"https:\/\/altemirconsulting.com\/es\/equipo\/#breadcrumb","itemListElement":[{"@type":"ListItem","position":1,"name":"Home","item":"https:\/\/altemirconsulting.com\/es\/"},{"@type":"ListItem","position":2,"name":"Equipo"}]},{"@type":"WebSite","@id":"https:\/\/altemirconsulting.com\/es\/#website","url":"https:\/\/altemirconsulting.com\/es\/","name":"Altemir Consulting","description":"","publisher":{"@id":"https:\/\/altemirconsulting.com\/es\/#organization"},"potentialAction":[{"@type":"SearchAction","target":{"@type":"EntryPoint","urlTemplate":"https:\/\/altemirconsulting.com\/es\/?s={search_term_string}"},"query-input":{"@type":"PropertyValueSpecification","valueRequired":true,"valueName":"search_term_string"}}],"inLanguage":"es"},{"@type":"Organization","@id":"https:\/\/altemirconsulting.com\/es\/#organization","name":"Altemir Consulting","url":"https:\/\/altemirconsulting.com\/es\/","logo":{"@type":"ImageObject","inLanguage":"es","@id":"https:\/\/altemirconsulting.com\/es\/#\/schema\/logo\/image\/","url":"https:\/\/altemirconsulting.com\/wp-content\/uploads\/2017\/09\/favicon.png","contentUrl":"https:\/\/altemirconsulting.com\/wp-content\/uploads\/2017\/09\/favicon.png","width":300,"height":300,"caption":"Altemir Consulting"},"image":{"@id":"https:\/\/altemirconsulting.com\/es\/#\/schema\/logo\/image\/"},"sameAs":["https:\/\/www.facebook.com\/AltemirConsulting\/","https:\/\/x.com\/AltemirConsult","https:\/\/www.linkedin.com\/company\/altemirconsulting\/","https:\/\/www.youtube.com\/channel\/UCymlsqpZMZn-GlEFli_bnfA"]}]}},"_links":{"self":[{"href":"https:\/\/altemirconsulting.com\/es\/wp-json\/wp\/v2\/pages\/3863","targetHints":{"allow":["GET"]}}],"collection":[{"href":"https:\/\/altemirconsulting.com\/es\/wp-json\/wp\/v2\/pages"}],"about":[{"href":"https:\/\/altemirconsulting.com\/es\/wp-json\/wp\/v2\/types\/page"}],"author":[{"embeddable":true,"href":"https:\/\/altemirconsulting.com\/es\/wp-json\/wp\/v2\/users\/1"}],"replies":[{"embeddable":true,"href":"https:\/\/altemirconsulting.com\/es\/wp-json\/wp\/v2\/comments?post=3863"}],"version-history":[{"count":2,"href":"https:\/\/altemirconsulting.com\/es\/wp-json\/wp\/v2\/pages\/3863\/revisions"}],"predecessor-version":[{"id":4602,"href":"https:\/\/altemirconsulting.com\/es\/wp-json\/wp\/v2\/pages\/3863\/revisions\/4602"}],"wp:attachment":[{"href":"https:\/\/altemirconsulting.com\/es\/wp-json\/wp\/v2\/media?parent=3863"}],"curies":[{"name":"wp","href":"https:\/\/api.w.org\/{rel}","templated":true}]}}