{"id":3815,"date":"2018-03-20T20:51:36","date_gmt":"2018-03-21T01:51:36","guid":{"rendered":"https:\/\/altemirconsulting.com\/mrpeasy\/"},"modified":"2026-02-23T11:39:54","modified_gmt":"2026-02-23T17:39:54","slug":"mrpeasy","status":"publish","type":"page","link":"https:\/\/altemirconsulting.com\/es\/mrpeasy\/","title":{"rendered":"MRPeasy"},"content":{"rendered":"\n\n\t<h1>ERP de Fabricaci\u00f3n MRPeasy<\/h1>\n<figure itemscope itemtype=\"https:\/\/schema.org\/ImageObject\">\n\t\t\t\t<img decoding=\"async\" src=\"https:\/\/altemirconsulting.com\/wp-content\/uploads\/2018\/04\/primary-logo.png\" alt=\"Socio consultor de MRPEasy\" height=\"66\" width=\"285\" title=\"primary-logo\" onerror=\"this.style.display='none'\" loading=\"lazy\" \/>\n\t<\/figure>\n\t\t\t<a href=\"https:\/\/app.mrpeasy.com\/ctrl\/partner\/link\/73\"  target=\"_self\">\n\t\t\t\t\t\t\tPru\u00e9balo Ahora Gratis\n\t\t\t\t\t<\/a>\n\t<p><em>MRPeasy<\/em> es un ERP de fabricaci\u00f3n basado en la nube y f\u00e1cil de usar que ofrece funciones pr\u00e1cticas e intuitivas de ventas, compras, inventario, control de producci\u00f3n y contabilidad para gestionar de forma integral su operaci\u00f3n.<\/p>\n<p>El software admite 32 idiomas, espa\u00f1ol incluido.<\/p>\n<p>Aqu\u00ed est\u00e1n las caracter\u00edsticas clave de MRPeasy:<\/p>\n<h5>Gesti\u00f3n de Relaciones con el Cliente (CRM):<\/h5>\n<ul>\n<li>Gesti\u00f3n de contactos<\/li>\n<li>Pedidos de clientes \/ Ventas<\/li>\n<li>Env\u00edo<\/li>\n<li>Facturas<\/li>\n<\/ul>\n<h5>Planificaci\u00f3n y Ejecuci\u00f3n de la Producci\u00f3n:<\/h5>\n<ul>\n<li>Programaci\u00f3n de la producci\u00f3n<\/li>\n<li>\u00d3rdenes de fabricaci\u00f3n en planta<\/li>\n<li>Gesti\u00f3n de listas de materiales<\/li>\n<li>Rutas de fabricaci\u00f3n<\/li>\n<li>C\u00e1lculo del coste del producto<\/li>\n<li>Seguimiento de la mano de obra en planta<\/li>\n<\/ul>\n<h5>Compras e Inventario:<\/h5>\n<ul>\n<li>Gesti\u00f3n de n\u00fameros de pieza<\/li>\n<li>Gesti\u00f3n de inventario<\/li>\n<li>\u00d3rdenes de compra<\/li>\n<li>Planificaci\u00f3n de materiales MRP<\/li>\n<\/ul>\n<h5>Garant\u00eda de Calidad:<\/h5>\n<ul>\n<li>Inspecci\u00f3n de recepci\u00f3n<\/li>\n<li>Mantenimiento de registros de inspecci\u00f3n de calidad<\/li>\n<li>Serializaci\u00f3n y control de lotes<\/li>\n<\/ul>\n<h5>Contabilidad y Finanzas:<\/h5>\n<ul>\n<li>Contabilidad de ventas y costes<\/li>\n<li>Informes financieros (ya sea utilizando finanzas internas, <em>QuickBooks Online<\/em> o <em>Xero<\/em>)<\/li>\n<li>Proyecci\u00f3n del flujo de caja<\/li>\n<li>Valoraci\u00f3n del inventario<\/li>\n<\/ul>\n<h4><a href=\"https:\/\/app.mrpeasy.com\/ctrl\/partner\/link\/73%22%20target=%22_blank%22\"><strong>PRU\u00c9BELO 30 D\u00cdAS GRATIS AHORA<\/strong><\/a><\/h4>\n<p>&nbsp;<\/p>\n<h4>Nuevas Implementaciones<\/h4>\n<p>Altemir Consulting puede ayudar con la configuraci\u00f3n inicial del sistema, incluida la migraci\u00f3n de datos y la integraci\u00f3n con otros sistemas de software. M\u00e1s all\u00e1 del software, tambi\u00e9n proporcionamos desarrollo de procesos de negocio con experiencia, capacitaci\u00f3n del personal y soporte continuo seg\u00fan sea necesario.<\/p>\n<p>Nuestra experiencia pr\u00e1ctica garantiza que su sistema se implementar\u00e1 de manera \u00f3ptima y correcta, por lo que evitar\u00e1 errores comunes y aprovechar\u00e1 las capacidades del software sin remordimientos, demoras ni contratiempos.<\/p>\n<h4>\u00bfYa est\u00e1 utilizando MRPeasy y quiere asegurarse de que lo est\u00e1 utilizando correctamente?<\/h4>\n<p>No est\u00e1 solo. Podemos ayudarle a optimizar el uso actual de MRPeasy en su empresa, incluida la limpieza de datos seg\u00fan sea necesario. Podemos encaminarle r\u00e1pidamente hacia un inventario preciso, una tramitaci\u00f3n eficiente de los pedidos y una contabilidad de costes correcta.<\/p>\n<h4>\u00bfPor qu\u00e9 trabajar con nosotros?<\/h4>\n<p>Ayudamos a desarrollar caracter\u00edsticas clave de MRPeasy y hemos dirigido m\u00e1s de dos docenas de implementaciones y optimizaciones de sistemas. Tenemos una amplia experiencia pr\u00e1ctica en fabricaci\u00f3n y sistemas en una amplia variedad de industrias y empresas. Somos mucho m\u00e1s que simples consultores de TI.<\/p>\n<p>No encontrar\u00e1 un socio mejor para aprovechar su software para apoyar de manera pr\u00e1ctica y efectiva su negocio de fabricaci\u00f3n.<\/p>\n<p>&nbsp;<\/p>\n<figure itemscope itemtype=\"https:\/\/schema.org\/ImageObject\">\n\t\t\t\t<a href=\"https:\/\/app.mrpeasy.com\/ctrl\/partner\/link\/73\"  target=\"_self\" itemprop=\"url\">\n\t\t\t\t<img decoding=\"async\" src=\"https:\/\/altemirconsulting.com\/wp-content\/uploads\/2026\/02\/FreeMRPeasy-ES-1-1024x535.png\" alt=\"FreeMRPeasy-ES\" height=\"491\" width=\"940\" title=\"FreeMRPeasy-ES\" onerror=\"this.style.display='none'\" loading=\"lazy\" \/>\n\t\t\t\t<\/a>\n\t<\/figure>\n\t\t<iframe loading=\"lazy\" width=\"560\" height=\"315\" src=\"https:\/\/www.youtube.com\/embed\/EzyMcGSyixg\" frameborder=\"0\" allow=\"accelerometer; autoplay; encrypted-media; gyroscope; picture-in-picture\" allowfullscreen><\/iframe>\t\n<figure itemscope itemtype=\"https:\/\/schema.org\/ImageObject\">\n\t\t\t\t<img decoding=\"async\" src=\"https:\/\/altemirconsulting.com\/wp-content\/uploads\/2019\/11\/MRPeasy_dashboard-2.png\" alt=\"Soporte telef\u00f3nico de MRPeasy\" height=\"201\" width=\"410\" title=\"MRPeasy_dashboard\" onerror=\"this.style.display='none'\" loading=\"lazy\" \/>\n\t<\/figure>\n\t\t<h3>Explore las Posibilidades&#8230;<\/h3>\n\t\t<p>Agradecemos las consultas de todas las empresas, peque\u00f1as y grandes, que est\u00e9n ansiosas por pasar al siguiente nivel. No dude en ponerse en contacto con nosotros para hablar de sus necesidades espec\u00edficas sin compromiso.<\/p>\n\t\t\t<a href=\"https:\/\/altemirconsulting.com\/es\/contactenos\/\"  target=\"_self\">\n\t\t\t\t\t\t\tCont\u00e1ctenos\n\t\t\t\t\t<\/a>\n\n","protected":false},"excerpt":{"rendered":"<p>ERP de Fabricaci\u00f3n MRPeasy Pru\u00e9balo Ahora Gratis MRPeasy es un ERP de fabricaci\u00f3n basado en la nube y f\u00e1cil de usar que ofrece funciones pr\u00e1cticas e intuitivas de ventas, compras, inventario, control de producci\u00f3n y contabilidad para gestionar de forma integral su operaci\u00f3n. El software admite 32 idiomas, espa\u00f1ol incluido. Aqu\u00ed est\u00e1n las caracter\u00edsticas clave [&hellip;]<\/p>\n","protected":false},"author":1,"featured_media":0,"parent":0,"menu_order":0,"comment_status":"closed","ping_status":"closed","template":"","meta":{"_coblocks_attr":"","_coblocks_dimensions":"","_coblocks_responsive_height":"","_coblocks_accordion_ie_support":"","footnotes":""},"class_list":["post-3815","page","type-page","status-publish","hentry"],"yoast_head":"<!-- This site is optimized with the Yoast SEO Premium plugin v27.0 (Yoast SEO v27.4) - https:\/\/yoast.com\/product\/yoast-seo-premium-wordpress\/ -->\n<title>MRPEasy: consultor\u00eda, implementaci\u00f3n y soporte<\/title>\n<meta name=\"robots\" content=\"index, follow, max-snippet:-1, max-image-preview:large, max-video-preview:-1\" \/>\n<link rel=\"canonical\" href=\"https:\/\/altemirconsulting.com\/es\/mrpeasy\/\" \/>\n<meta name=\"twitter:label1\" content=\"Tiempo de lectura\" \/>\n\t<meta name=\"twitter:data1\" content=\"2 minutos\" \/>\n<script type=\"application\/ld+json\" class=\"yoast-schema-graph\">{\"@context\":\"https:\\\/\\\/schema.org\",\"@graph\":[{\"@type\":\"WebPage\",\"@id\":\"https:\\\/\\\/altemirconsulting.com\\\/es\\\/mrpeasy\\\/\",\"url\":\"https:\\\/\\\/altemirconsulting.com\\\/es\\\/mrpeasy\\\/\",\"name\":\"MRPEasy: consultor\u00eda, implementaci\u00f3n y soporte\",\"isPartOf\":{\"@id\":\"https:\\\/\\\/altemirconsulting.com\\\/es\\\/#website\"},\"primaryImageOfPage\":{\"@id\":\"https:\\\/\\\/altemirconsulting.com\\\/es\\\/mrpeasy\\\/#primaryimage\"},\"image\":{\"@id\":\"https:\\\/\\\/altemirconsulting.com\\\/es\\\/mrpeasy\\\/#primaryimage\"},\"thumbnailUrl\":\"https:\\\/\\\/altemirconsulting.com\\\/wp-content\\\/uploads\\\/2018\\\/04\\\/primary-logo.png\",\"datePublished\":\"2018-03-21T01:51:36+00:00\",\"dateModified\":\"2026-02-23T17:39:54+00:00\",\"breadcrumb\":{\"@id\":\"https:\\\/\\\/altemirconsulting.com\\\/es\\\/mrpeasy\\\/#breadcrumb\"},\"inLanguage\":\"es\",\"potentialAction\":[{\"@type\":\"ReadAction\",\"target\":[\"https:\\\/\\\/altemirconsulting.com\\\/es\\\/mrpeasy\\\/\"]}]},{\"@type\":\"ImageObject\",\"inLanguage\":\"es\",\"@id\":\"https:\\\/\\\/altemirconsulting.com\\\/es\\\/mrpeasy\\\/#primaryimage\",\"url\":\"https:\\\/\\\/altemirconsulting.com\\\/wp-content\\\/uploads\\\/2018\\\/04\\\/primary-logo.png\",\"contentUrl\":\"https:\\\/\\\/altemirconsulting.com\\\/wp-content\\\/uploads\\\/2018\\\/04\\\/primary-logo.png\"},{\"@type\":\"BreadcrumbList\",\"@id\":\"https:\\\/\\\/altemirconsulting.com\\\/es\\\/mrpeasy\\\/#breadcrumb\",\"itemListElement\":[{\"@type\":\"ListItem\",\"position\":1,\"name\":\"Home\",\"item\":\"https:\\\/\\\/altemirconsulting.com\\\/es\\\/\"},{\"@type\":\"ListItem\",\"position\":2,\"name\":\"MRPeasy\"}]},{\"@type\":\"WebSite\",\"@id\":\"https:\\\/\\\/altemirconsulting.com\\\/es\\\/#website\",\"url\":\"https:\\\/\\\/altemirconsulting.com\\\/es\\\/\",\"name\":\"Altemir Consulting\",\"description\":\"\",\"publisher\":{\"@id\":\"https:\\\/\\\/altemirconsulting.com\\\/es\\\/#organization\"},\"potentialAction\":[{\"@type\":\"SearchAction\",\"target\":{\"@type\":\"EntryPoint\",\"urlTemplate\":\"https:\\\/\\\/altemirconsulting.com\\\/es\\\/?s={search_term_string}\"},\"query-input\":{\"@type\":\"PropertyValueSpecification\",\"valueRequired\":true,\"valueName\":\"search_term_string\"}}],\"inLanguage\":\"es\"},{\"@type\":\"Organization\",\"@id\":\"https:\\\/\\\/altemirconsulting.com\\\/es\\\/#organization\",\"name\":\"Altemir Consulting\",\"url\":\"https:\\\/\\\/altemirconsulting.com\\\/es\\\/\",\"logo\":{\"@type\":\"ImageObject\",\"inLanguage\":\"es\",\"@id\":\"https:\\\/\\\/altemirconsulting.com\\\/es\\\/#\\\/schema\\\/logo\\\/image\\\/\",\"url\":\"https:\\\/\\\/altemirconsulting.com\\\/wp-content\\\/uploads\\\/2017\\\/09\\\/favicon.png\",\"contentUrl\":\"https:\\\/\\\/altemirconsulting.com\\\/wp-content\\\/uploads\\\/2017\\\/09\\\/favicon.png\",\"width\":300,\"height\":300,\"caption\":\"Altemir Consulting\"},\"image\":{\"@id\":\"https:\\\/\\\/altemirconsulting.com\\\/es\\\/#\\\/schema\\\/logo\\\/image\\\/\"},\"sameAs\":[\"https:\\\/\\\/www.facebook.com\\\/AltemirConsulting\\\/\",\"https:\\\/\\\/x.com\\\/AltemirConsult\",\"https:\\\/\\\/www.linkedin.com\\\/company\\\/altemirconsulting\\\/\",\"https:\\\/\\\/www.youtube.com\\\/channel\\\/UCymlsqpZMZn-GlEFli_bnfA\"]}]}<\/script>\n<!-- \/ Yoast SEO Premium plugin. -->","yoast_head_json":{"title":"MRPEasy: consultor\u00eda, implementaci\u00f3n y soporte","robots":{"index":"index","follow":"follow","max-snippet":"max-snippet:-1","max-image-preview":"max-image-preview:large","max-video-preview":"max-video-preview:-1"},"canonical":"https:\/\/altemirconsulting.com\/es\/mrpeasy\/","twitter_misc":{"Tiempo de lectura":"2 minutos"},"schema":{"@context":"https:\/\/schema.org","@graph":[{"@type":"WebPage","@id":"https:\/\/altemirconsulting.com\/es\/mrpeasy\/","url":"https:\/\/altemirconsulting.com\/es\/mrpeasy\/","name":"MRPEasy: consultor\u00eda, implementaci\u00f3n y soporte","isPartOf":{"@id":"https:\/\/altemirconsulting.com\/es\/#website"},"primaryImageOfPage":{"@id":"https:\/\/altemirconsulting.com\/es\/mrpeasy\/#primaryimage"},"image":{"@id":"https:\/\/altemirconsulting.com\/es\/mrpeasy\/#primaryimage"},"thumbnailUrl":"https:\/\/altemirconsulting.com\/wp-content\/uploads\/2018\/04\/primary-logo.png","datePublished":"2018-03-21T01:51:36+00:00","dateModified":"2026-02-23T17:39:54+00:00","breadcrumb":{"@id":"https:\/\/altemirconsulting.com\/es\/mrpeasy\/#breadcrumb"},"inLanguage":"es","potentialAction":[{"@type":"ReadAction","target":["https:\/\/altemirconsulting.com\/es\/mrpeasy\/"]}]},{"@type":"ImageObject","inLanguage":"es","@id":"https:\/\/altemirconsulting.com\/es\/mrpeasy\/#primaryimage","url":"https:\/\/altemirconsulting.com\/wp-content\/uploads\/2018\/04\/primary-logo.png","contentUrl":"https:\/\/altemirconsulting.com\/wp-content\/uploads\/2018\/04\/primary-logo.png"},{"@type":"BreadcrumbList","@id":"https:\/\/altemirconsulting.com\/es\/mrpeasy\/#breadcrumb","itemListElement":[{"@type":"ListItem","position":1,"name":"Home","item":"https:\/\/altemirconsulting.com\/es\/"},{"@type":"ListItem","position":2,"name":"MRPeasy"}]},{"@type":"WebSite","@id":"https:\/\/altemirconsulting.com\/es\/#website","url":"https:\/\/altemirconsulting.com\/es\/","name":"Altemir Consulting","description":"","publisher":{"@id":"https:\/\/altemirconsulting.com\/es\/#organization"},"potentialAction":[{"@type":"SearchAction","target":{"@type":"EntryPoint","urlTemplate":"https:\/\/altemirconsulting.com\/es\/?s={search_term_string}"},"query-input":{"@type":"PropertyValueSpecification","valueRequired":true,"valueName":"search_term_string"}}],"inLanguage":"es"},{"@type":"Organization","@id":"https:\/\/altemirconsulting.com\/es\/#organization","name":"Altemir Consulting","url":"https:\/\/altemirconsulting.com\/es\/","logo":{"@type":"ImageObject","inLanguage":"es","@id":"https:\/\/altemirconsulting.com\/es\/#\/schema\/logo\/image\/","url":"https:\/\/altemirconsulting.com\/wp-content\/uploads\/2017\/09\/favicon.png","contentUrl":"https:\/\/altemirconsulting.com\/wp-content\/uploads\/2017\/09\/favicon.png","width":300,"height":300,"caption":"Altemir Consulting"},"image":{"@id":"https:\/\/altemirconsulting.com\/es\/#\/schema\/logo\/image\/"},"sameAs":["https:\/\/www.facebook.com\/AltemirConsulting\/","https:\/\/x.com\/AltemirConsult","https:\/\/www.linkedin.com\/company\/altemirconsulting\/","https:\/\/www.youtube.com\/channel\/UCymlsqpZMZn-GlEFli_bnfA"]}]}},"_links":{"self":[{"href":"https:\/\/altemirconsulting.com\/es\/wp-json\/wp\/v2\/pages\/3815","targetHints":{"allow":["GET"]}}],"collection":[{"href":"https:\/\/altemirconsulting.com\/es\/wp-json\/wp\/v2\/pages"}],"about":[{"href":"https:\/\/altemirconsulting.com\/es\/wp-json\/wp\/v2\/types\/page"}],"author":[{"embeddable":true,"href":"https:\/\/altemirconsulting.com\/es\/wp-json\/wp\/v2\/users\/1"}],"replies":[{"embeddable":true,"href":"https:\/\/altemirconsulting.com\/es\/wp-json\/wp\/v2\/comments?post=3815"}],"version-history":[{"count":7,"href":"https:\/\/altemirconsulting.com\/es\/wp-json\/wp\/v2\/pages\/3815\/revisions"}],"predecessor-version":[{"id":4772,"href":"https:\/\/altemirconsulting.com\/es\/wp-json\/wp\/v2\/pages\/3815\/revisions\/4772"}],"wp:attachment":[{"href":"https:\/\/altemirconsulting.com\/es\/wp-json\/wp\/v2\/media?parent=3815"}],"curies":[{"name":"wp","href":"https:\/\/api.w.org\/{rel}","templated":true}]}}