{"id":3801,"date":"2018-02-03T23:07:36","date_gmt":"2018-02-04T05:07:36","guid":{"rendered":"https:\/\/altemirconsulting.com\/fabricacion-ajustada\/"},"modified":"2026-02-01T23:30:59","modified_gmt":"2026-02-02T05:30:59","slug":"fabricacion-lean","status":"publish","type":"page","link":"https:\/\/altemirconsulting.com\/es\/fabricacion-lean\/","title":{"rendered":"Fabricaci\u00f3n Lean"},"content":{"rendered":"\n\n\t<h1>Consultor\u00eda de Fabricaci\u00f3n Lean<\/h1>\n\t<p>Altemir Consulting proporciona consultor\u00eda pr\u00e1ctica de lean manufacturing destinada a:<\/p>\n<ul>\n<li>Reducir los <strong>retrasos vencidos<\/strong><\/li>\n<li>Reducir los <strong>plazos de entrega<\/strong><\/li>\n<li>Mejorar los <strong>env\u00edos puntuales<\/strong><\/li>\n<li>Aumentar los <strong>\u00edndices de producci\u00f3n<\/strong><\/li>\n<li>Reducir la <strong>eficiencia operativa<\/strong><\/li>\n<li>Aumentar la <strong>satisfacci\u00f3n del cliente<\/strong><\/li>\n<li>Reducir las <strong>dificultades diarias<\/strong><\/li>\n<\/ul>\n<p>Las \u00e1reas de enfoque de la consultor\u00eda de fabricaci\u00f3n incluyen:<\/p>\n<ul>\n<li><a href=\"#bklog\">Reducci\u00f3n de la acumulaci\u00f3n de pedidos vencidos<\/a><\/li>\n<li><a href=\"#eff\">Mejoras de la eficiencia<\/a><\/li>\n<li><a href=\"#cost\">Reducci\u00f3n de costes<\/a><\/li>\n<li><a href=\"#labor\">Evaluaciones de personal y mano de obra<\/a><\/li>\n<li><a href=\"#lean\">Transformaci\u00f3n ajustada<\/a><\/li>\n<li><a href=\"https:\/\/altemirconsulting.com\/es\/programacion-de-la-produccion-de-fabricacion\/\">Planificaci\u00f3n, programaci\u00f3n y control de la producci\u00f3n<\/a><\/li>\n<li><a href=\"https:\/\/altemirconsulting.com\/es\/gestion-de-la-cadena-de-suministro\/\">Gesti\u00f3n de la cadena de suministro<\/a><\/li>\n<li><a href=\"#matl\">Disponibilidad de materiales<\/a><\/li>\n<li><a href=\"#cap\">Planificaci\u00f3n de la capacidad<\/a><\/li>\n<li><a href=\"#kpi\">M\u00e9tricas e indicadores clave de rendimiento (KPI)<\/a><\/li>\n<li><a href=\"#siop\">Planificaci\u00f3n de ventas, inventario y operaciones (SIOP\/S&amp;OP)<\/a><\/li>\n<li><a href=\"https:\/\/altemirconsulting.com\/es\/garantia-de-calidad\/\">Garant\u00eda de calidad<\/a><\/li>\n<li><a href=\"https:\/\/altemirconsulting.com\/es\/garantia-de-calidad\/\">Cumplimiento normativo y de ISO<\/a><\/li>\n<li><a href=\"#site\">Desarrollo de emplazamientos<\/a><\/li>\n<li><a href=\"#pm\">Gesti\u00f3n de proyectos<\/a><\/li>\n<\/ul>\n<a name=\"bklog\"><\/a><br \/>\n<strong>Reducci\u00f3n de la acumulaci\u00f3n de pedidos vencidos.<\/strong> Nuestra especialidad es la compra y fabricaci\u00f3n a tiempo. Podemos trabajar con su equipo para desarrollar e implementar estrategias para reducir la acumulaci\u00f3n de pedidos y ampliar su cartera de proyectos, a veces sin necesidad de inversi\u00f3n de capital o mano de obra adicional. A menudo podemos implementar <a href=\"https:\/\/altemirconsulting.com\/es\/90-dias-para-la-ejecucion-a-tiempo\/\">mejoras significativas en un plazo de 90 d\u00edas<\/a>.<br \/>\n<a name=\"eff\"><\/a><br \/>\n<strong>Mejoras de la eficiencia.<\/strong> Podemos ayudar a impulsar mejoras en la eficiencia de la planta de producci\u00f3n para reducir los tiempos de ciclo, reducir los costes de mano de obra y aumentar la productividad.<br \/>\n<a name=\"cost\"><\/a><br \/>\n<strong>Reducci\u00f3n de costes.<\/strong> Optimizaci\u00f3n de la lista de materiales y del dise\u00f1o de ingenier\u00eda, as\u00ed como la racionalizaci\u00f3n de proveedores y el abastecimiento estrat\u00e9gico.<br \/>\n<a name=\"labor\"><\/a><br \/>\n<strong>Evaluaciones de personal y mano de obra.<\/strong> Podemos recomendar la mejor asignaci\u00f3n de recursos laborales y los niveles de personal necesarios para lograr un rendimiento rentable sin sacrificar la calidad del producto o la satisfacci\u00f3n del cliente.<br \/>\n<a name=\"lean\"><\/a><br \/>\nTransformaci\u00f3n ajustada. Eventos Kaizen, control de material kanban, 5S, implementaci\u00f3n de planta de producci\u00f3n Lean MRP, trabajo estandarizado, mapeo del flujo de valor, <a href=\"https:\/\/altemirconsulting.com\/es\/metricas-de-oee-en-planta\/\">eficacia general del equipo (OEE)<\/a> e inventario gestionado por el proveedor (VMI)\n<strong><a href=\"https:\/\/altemirconsulting.com\/es\/programacion-de-la-produccion-de-fabricacion\/\">Planificaci\u00f3n, programaci\u00f3n y control de la producci\u00f3n<\/a>.<\/strong> La experiencia de Altemir Consulting es insuperable en el establecimiento de sistemas eficaces de control de la planta de producci\u00f3n ajustada para mejorar dr\u00e1sticamente el rendimiento a tiempo. <a href=\"https:\/\/altemirconsulting.com\/es\/lean-mrp\/\"><em>Lean MRP <\/em><\/a>es nuestra innovadora metodolog\u00eda de programaci\u00f3n y control de la producci\u00f3n que utiliza su sistema de programaci\u00f3n ERP o APS existente para establecer un flujo ajustado basado en la demanda en la planta de producci\u00f3n. Este es un enfoque muy deseable, particularmente para los talleres de trabajo de alta mezcla. A menudo tambi\u00e9n podemos implementar estas mejoras en <a href=\"https:\/\/altemirconsulting.com\/es\/90-dias-para-la-ejecucion-a-tiempo\/\">90 d\u00edas<\/a>. <a href=\"https:\/\/altemirconsulting.com\/es\/programacion-de-la-produccion-de-fabricacion\/\">M\u00e1s informaci\u00f3n&#8230;<\/a><br \/>\n<a name=\"matl\"><\/a><br \/>\n<strong>Disponibilidad de materiales.<\/strong> Podemos establecer procesos de gesti\u00f3n de materiales ajustados utilizando kanbans o JIT MRP para garantizar la eliminaci\u00f3n de la escasez de material en la planta de producci\u00f3n. Nuestra experiencia en <a href=\"https:\/\/altemirconsulting.com\/es\/optimizacion-de-erp\/\">optimizaci\u00f3n de ERP<\/a> tambi\u00e9n puede garantizar que el departamento de compras reciba los requisitos de compra correctos exactamente cuando se necesitan. <a href=\"https:\/\/altemirconsulting.com\/es\/gestion-de-inventario\/\">M\u00e1s informaci\u00f3n&#8230;<\/a><br \/>\n<a name=\"cap\"><\/a><br \/>\n<strong>Planificaci\u00f3n de la capacidad. <\/strong>Podemos establecer m\u00e9tricas y estrategias para ayudar a identificar y superar los cuellos de botella de fabricaci\u00f3n y establecer una gesti\u00f3n eficaz de la carga y la capacidad para garantizar que la demanda del cliente se satisfaga de forma fiable.<br \/>\n<a name=\"kpi\"><\/a><br \/>\n<strong>M\u00e9tricas e indicadores clave de rendimiento (KPI).<\/strong> Podemos desarrollar y establecer paneles de control, m\u00e9tricas e indicadores clave de rendimiento (KPI) significativos que est\u00e9n integrados con sus sistemas para proporcionar una visi\u00f3n clara de su operaci\u00f3n. Esto incluye <a href=\"https:\/\/altemirconsulting.com\/es\/metricas-de-oee-en-planta\/\">m\u00e9tricas de la planta de producci\u00f3n OEE<\/a> que le ayudan a maximizar la utilizaci\u00f3n y la productividad de sus equipos de capital.<br \/>\n<a name=\"siop\"><\/a><br \/>\n<strong>Planificaci\u00f3n de ventas, inventario y operaciones (SIOP\/SOP).<\/strong> Altemir Consulting puede implementar un programa SIOP que utilice una previsi\u00f3n de ventas eficaz para impulsar la planificaci\u00f3n de capital y la dotaci\u00f3n de personal para mantener la f\u00e1brica y la cadena de suministro preparadas para los repuntes o las recesiones del mercado en el horizonte. Nuestra experiencia \u00fanica en la planificaci\u00f3n de la capacidad puede transformar su programa SIOP en una ventaja competitiva.<br \/>\n<a name=\"site\"><\/a><br \/>\n<strong>Desarrollo de emplazamientos.<\/strong> Altemir Consulting puede proporcionar apoyo estrat\u00e9gico, de planificaci\u00f3n y de gesti\u00f3n de la ejecuci\u00f3n para el desarrollo de nuevos emplazamientos o la consolidaci\u00f3n e integraci\u00f3n de los emplazamientos existentes.<br \/>\n<a name=\"pm\"><\/a><br \/>\n<strong>Gesti\u00f3n de proyectos.<\/strong> Podemos proporcionar apoyo a la gesti\u00f3n de proyectos, ya sea como parte de la mejora continua, una iniciativa estrat\u00e9gica o un proyecto de inversi\u00f3n de capital.\n<p>Los procesos de fabricaci\u00f3n con los que tenemos experiencia incluyen:<\/p>\n<ul>\n<li>Mecanizado y torneado<\/li>\n<li>Chapa met\u00e1lica (estampado, punzonado y plegado)<\/li>\n<li>Montaje<\/li>\n<li>Programaci\u00f3n CNC<\/li>\n<li>Rectificado y pulido<\/li>\n<li>Soldadura y soldadura fuerte<\/li>\n<li>Moldeo por inyecci\u00f3n<\/li>\n<li>Termoformado<\/li>\n<li>Fabricaci\u00f3n de compuestos<\/li>\n<li>Ensayos e inspecciones no destructivos (END\/ENDI)<\/li>\n<li>Fabricaci\u00f3n de mazos de cables<\/li>\n<li>Uni\u00f3n adhesiva<\/li>\n<li>Corte por l\u00e1ser, chorro de agua y plasma<\/li>\n<li>Costura y pespunte de art\u00edculos blandos<\/li>\n<li>Conversi\u00f3n de papel, telas no tejidas y pel\u00edculas de pl\u00e1stico<\/li>\n<li>Mezcla<\/li>\n<li>Recogida y embalaje en almac\u00e9n<\/li>\n<\/ul>\n\t\t\t\t<img decoding=\"async\" src=\"https:\/\/altemirconsulting.com\/wp-content\/uploads\/2018\/01\/GE-AM-Factory-300x200.jpg\" alt=\"consultor\u00eda erp\" itemprop=\"image\" height=\"200\" width=\"300\" title=\"factory\" onerror=\"this.style.display='none'\" loading=\"lazy\" \/>\n\t\t\t\t<img decoding=\"async\" src=\"https:\/\/altemirconsulting.com\/wp-content\/uploads\/2020\/01\/nordex_900_596_75-300x199.jpg\" alt=\"lean manufacturing 2\" itemprop=\"image\" height=\"199\" width=\"300\" title=\"nordex_900_596_75\" onerror=\"this.style.display='none'\" loading=\"lazy\" \/>\n\t\t\t\t<img decoding=\"async\" src=\"https:\/\/altemirconsulting.com\/wp-content\/uploads\/2020\/01\/NREC_Machine_Shop_Workstation-300x157.jpg\" alt=\"lean manufacturing\" itemprop=\"image\" height=\"157\" width=\"300\" title=\"NREC_Machine_Shop_Workstation\" onerror=\"this.style.display='none'\" loading=\"lazy\" \/>\n\t<h4>Obtenga m\u00e1s informaci\u00f3n sobre nuestra especializaci\u00f3n en consultor\u00eda de planificaci\u00f3n y control de la producci\u00f3n<\/h4>\n<p>(haga clic <a href=\"https:\/\/altemirconsulting.com\/es\/programacion-de-la-produccion-de-fabricacion\/\">aqu\u00ed<\/a> para obtener m\u00e1s informaci\u00f3n)<\/p>\n\t\t<iframe loading=\"lazy\" width=\"560\" height=\"315\" src=\"https:\/\/www.youtube.com\/embed\/xQps32aTPG4?rel=0\" frameborder=\"0\" allow=\"autoplay; encrypted-media\" allowfullscreen><\/iframe>\t\n\t\t<iframe loading=\"lazy\" width=\"560\" height=\"315\" src=\"https:\/\/www.youtube.com\/embed\/6MsIjmYRK2c?rel=0\" frameborder=\"0\" allow=\"autoplay; encrypted-media\" allowfullscreen><\/iframe>\t\n\t\t<h3>Explore las posibilidades&#8230;<\/h3>\n\t\t<p>Agradecemos las consultas de todas las empresas, peque\u00f1as y grandes, que est\u00e9n ansiosas por pasar al siguiente nivel. No dude en ponerse en contacto con nosotros para hablar de sus necesidades espec\u00edficas sin compromiso.<\/p>\n\t\t\t<a href=\"https:\/\/altemirconsulting.com\/es\/contactenos\/\" target=\"_self\">\n\t\t\t\t\t\t\tCont\u00e1ctenos\n\t\t\t\t\t<\/a>\n\n","protected":false},"excerpt":{"rendered":"<p>Consultor\u00eda de Fabricaci\u00f3n Lean Altemir Consulting proporciona consultor\u00eda pr\u00e1ctica de lean manufacturing destinada a: Reducir los retrasos vencidos Reducir los plazos de entrega Mejorar los env\u00edos puntuales Aumentar los \u00edndices de producci\u00f3n Reducir la eficiencia operativa Aumentar la satisfacci\u00f3n del cliente Reducir las dificultades diarias Las \u00e1reas de enfoque de la consultor\u00eda de fabricaci\u00f3n incluyen: [&hellip;]<\/p>\n","protected":false},"author":1,"featured_media":0,"parent":0,"menu_order":0,"comment_status":"closed","ping_status":"closed","template":"","meta":{"_coblocks_attr":"","_coblocks_dimensions":"","_coblocks_responsive_height":"","_coblocks_accordion_ie_support":"","footnotes":""},"class_list":["post-3801","page","type-page","status-publish","hentry"],"yoast_head":"<!-- This site is optimized with the Yoast SEO Premium plugin v27.0 (Yoast SEO v27.6) - https:\/\/yoast.com\/product\/yoast-seo-premium-wordpress\/ -->\n<title>Transformaciones y soporte de fabricaci\u00f3n ajustada | Altemir Consulting<\/title>\n<meta name=\"description\" content=\"Proporcionamos apoyo de gesti\u00f3n pr\u00e1ctico y orientado a resultados, destinado a mejorar el cumplimiento de los pedidos de los clientes por parte de los fabricantes.\" \/>\n<meta name=\"robots\" content=\"index, follow, max-snippet:-1, max-image-preview:large, max-video-preview:-1\" \/>\n<link rel=\"canonical\" href=\"https:\/\/altemirconsulting.com\/es\/fabricacion-lean\/\" \/>\n<meta name=\"twitter:label1\" content=\"Tiempo de lectura\" \/>\n\t<meta name=\"twitter:data1\" content=\"5 minutos\" \/>\n<script type=\"application\/ld+json\" class=\"yoast-schema-graph\">{\"@context\":\"https:\\\/\\\/schema.org\",\"@graph\":[{\"@type\":\"WebPage\",\"@id\":\"https:\\\/\\\/altemirconsulting.com\\\/es\\\/fabricacion-lean\\\/\",\"url\":\"https:\\\/\\\/altemirconsulting.com\\\/es\\\/fabricacion-lean\\\/\",\"name\":\"Transformaciones y soporte de fabricaci\u00f3n ajustada | Altemir Consulting\",\"isPartOf\":{\"@id\":\"https:\\\/\\\/altemirconsulting.com\\\/es\\\/#website\"},\"primaryImageOfPage\":{\"@id\":\"https:\\\/\\\/altemirconsulting.com\\\/es\\\/fabricacion-lean\\\/#primaryimage\"},\"image\":{\"@id\":\"https:\\\/\\\/altemirconsulting.com\\\/es\\\/fabricacion-lean\\\/#primaryimage\"},\"thumbnailUrl\":\"https:\\\/\\\/altemirconsulting.com\\\/wp-content\\\/uploads\\\/2018\\\/01\\\/GE-AM-Factory-300x200.jpg\",\"datePublished\":\"2018-02-04T05:07:36+00:00\",\"dateModified\":\"2026-02-02T05:30:59+00:00\",\"description\":\"Proporcionamos apoyo de gesti\u00f3n pr\u00e1ctico y orientado a resultados, destinado a mejorar el cumplimiento de los pedidos de los clientes por parte de los fabricantes.\",\"breadcrumb\":{\"@id\":\"https:\\\/\\\/altemirconsulting.com\\\/es\\\/fabricacion-lean\\\/#breadcrumb\"},\"inLanguage\":\"es\",\"potentialAction\":[{\"@type\":\"ReadAction\",\"target\":[\"https:\\\/\\\/altemirconsulting.com\\\/es\\\/fabricacion-lean\\\/\"]}]},{\"@type\":\"ImageObject\",\"inLanguage\":\"es\",\"@id\":\"https:\\\/\\\/altemirconsulting.com\\\/es\\\/fabricacion-lean\\\/#primaryimage\",\"url\":\"https:\\\/\\\/altemirconsulting.com\\\/wp-content\\\/uploads\\\/2018\\\/01\\\/GE-AM-Factory-300x200.jpg\",\"contentUrl\":\"https:\\\/\\\/altemirconsulting.com\\\/wp-content\\\/uploads\\\/2018\\\/01\\\/GE-AM-Factory-300x200.jpg\"},{\"@type\":\"BreadcrumbList\",\"@id\":\"https:\\\/\\\/altemirconsulting.com\\\/es\\\/fabricacion-lean\\\/#breadcrumb\",\"itemListElement\":[{\"@type\":\"ListItem\",\"position\":1,\"name\":\"Home\",\"item\":\"https:\\\/\\\/altemirconsulting.com\\\/es\\\/\"},{\"@type\":\"ListItem\",\"position\":2,\"name\":\"Fabricaci\u00f3n Lean\"}]},{\"@type\":\"WebSite\",\"@id\":\"https:\\\/\\\/altemirconsulting.com\\\/es\\\/#website\",\"url\":\"https:\\\/\\\/altemirconsulting.com\\\/es\\\/\",\"name\":\"Altemir Consulting\",\"description\":\"\",\"publisher\":{\"@id\":\"https:\\\/\\\/altemirconsulting.com\\\/es\\\/#organization\"},\"potentialAction\":[{\"@type\":\"SearchAction\",\"target\":{\"@type\":\"EntryPoint\",\"urlTemplate\":\"https:\\\/\\\/altemirconsulting.com\\\/es\\\/?s={search_term_string}\"},\"query-input\":{\"@type\":\"PropertyValueSpecification\",\"valueRequired\":true,\"valueName\":\"search_term_string\"}}],\"inLanguage\":\"es\"},{\"@type\":\"Organization\",\"@id\":\"https:\\\/\\\/altemirconsulting.com\\\/es\\\/#organization\",\"name\":\"Altemir Consulting\",\"url\":\"https:\\\/\\\/altemirconsulting.com\\\/es\\\/\",\"logo\":{\"@type\":\"ImageObject\",\"inLanguage\":\"es\",\"@id\":\"https:\\\/\\\/altemirconsulting.com\\\/es\\\/#\\\/schema\\\/logo\\\/image\\\/\",\"url\":\"https:\\\/\\\/altemirconsulting.com\\\/wp-content\\\/uploads\\\/2017\\\/09\\\/favicon.png\",\"contentUrl\":\"https:\\\/\\\/altemirconsulting.com\\\/wp-content\\\/uploads\\\/2017\\\/09\\\/favicon.png\",\"width\":300,\"height\":300,\"caption\":\"Altemir Consulting\"},\"image\":{\"@id\":\"https:\\\/\\\/altemirconsulting.com\\\/es\\\/#\\\/schema\\\/logo\\\/image\\\/\"},\"sameAs\":[\"https:\\\/\\\/www.facebook.com\\\/AltemirConsulting\\\/\",\"https:\\\/\\\/x.com\\\/AltemirConsult\",\"https:\\\/\\\/www.linkedin.com\\\/company\\\/altemirconsulting\\\/\",\"https:\\\/\\\/www.youtube.com\\\/channel\\\/UCymlsqpZMZn-GlEFli_bnfA\"]}]}<\/script>\n<!-- \/ Yoast SEO Premium plugin. -->","yoast_head_json":{"title":"Transformaciones y soporte de fabricaci\u00f3n ajustada | Altemir Consulting","description":"Proporcionamos apoyo de gesti\u00f3n pr\u00e1ctico y orientado a resultados, destinado a mejorar el cumplimiento de los pedidos de los clientes por parte de los fabricantes.","robots":{"index":"index","follow":"follow","max-snippet":"max-snippet:-1","max-image-preview":"max-image-preview:large","max-video-preview":"max-video-preview:-1"},"canonical":"https:\/\/altemirconsulting.com\/es\/fabricacion-lean\/","twitter_misc":{"Tiempo de lectura":"5 minutos"},"schema":{"@context":"https:\/\/schema.org","@graph":[{"@type":"WebPage","@id":"https:\/\/altemirconsulting.com\/es\/fabricacion-lean\/","url":"https:\/\/altemirconsulting.com\/es\/fabricacion-lean\/","name":"Transformaciones y soporte de fabricaci\u00f3n ajustada | Altemir Consulting","isPartOf":{"@id":"https:\/\/altemirconsulting.com\/es\/#website"},"primaryImageOfPage":{"@id":"https:\/\/altemirconsulting.com\/es\/fabricacion-lean\/#primaryimage"},"image":{"@id":"https:\/\/altemirconsulting.com\/es\/fabricacion-lean\/#primaryimage"},"thumbnailUrl":"https:\/\/altemirconsulting.com\/wp-content\/uploads\/2018\/01\/GE-AM-Factory-300x200.jpg","datePublished":"2018-02-04T05:07:36+00:00","dateModified":"2026-02-02T05:30:59+00:00","description":"Proporcionamos apoyo de gesti\u00f3n pr\u00e1ctico y orientado a resultados, destinado a mejorar el cumplimiento de los pedidos de los clientes por parte de los fabricantes.","breadcrumb":{"@id":"https:\/\/altemirconsulting.com\/es\/fabricacion-lean\/#breadcrumb"},"inLanguage":"es","potentialAction":[{"@type":"ReadAction","target":["https:\/\/altemirconsulting.com\/es\/fabricacion-lean\/"]}]},{"@type":"ImageObject","inLanguage":"es","@id":"https:\/\/altemirconsulting.com\/es\/fabricacion-lean\/#primaryimage","url":"https:\/\/altemirconsulting.com\/wp-content\/uploads\/2018\/01\/GE-AM-Factory-300x200.jpg","contentUrl":"https:\/\/altemirconsulting.com\/wp-content\/uploads\/2018\/01\/GE-AM-Factory-300x200.jpg"},{"@type":"BreadcrumbList","@id":"https:\/\/altemirconsulting.com\/es\/fabricacion-lean\/#breadcrumb","itemListElement":[{"@type":"ListItem","position":1,"name":"Home","item":"https:\/\/altemirconsulting.com\/es\/"},{"@type":"ListItem","position":2,"name":"Fabricaci\u00f3n Lean"}]},{"@type":"WebSite","@id":"https:\/\/altemirconsulting.com\/es\/#website","url":"https:\/\/altemirconsulting.com\/es\/","name":"Altemir Consulting","description":"","publisher":{"@id":"https:\/\/altemirconsulting.com\/es\/#organization"},"potentialAction":[{"@type":"SearchAction","target":{"@type":"EntryPoint","urlTemplate":"https:\/\/altemirconsulting.com\/es\/?s={search_term_string}"},"query-input":{"@type":"PropertyValueSpecification","valueRequired":true,"valueName":"search_term_string"}}],"inLanguage":"es"},{"@type":"Organization","@id":"https:\/\/altemirconsulting.com\/es\/#organization","name":"Altemir Consulting","url":"https:\/\/altemirconsulting.com\/es\/","logo":{"@type":"ImageObject","inLanguage":"es","@id":"https:\/\/altemirconsulting.com\/es\/#\/schema\/logo\/image\/","url":"https:\/\/altemirconsulting.com\/wp-content\/uploads\/2017\/09\/favicon.png","contentUrl":"https:\/\/altemirconsulting.com\/wp-content\/uploads\/2017\/09\/favicon.png","width":300,"height":300,"caption":"Altemir Consulting"},"image":{"@id":"https:\/\/altemirconsulting.com\/es\/#\/schema\/logo\/image\/"},"sameAs":["https:\/\/www.facebook.com\/AltemirConsulting\/","https:\/\/x.com\/AltemirConsult","https:\/\/www.linkedin.com\/company\/altemirconsulting\/","https:\/\/www.youtube.com\/channel\/UCymlsqpZMZn-GlEFli_bnfA"]}]}},"_links":{"self":[{"href":"https:\/\/altemirconsulting.com\/es\/wp-json\/wp\/v2\/pages\/3801","targetHints":{"allow":["GET"]}}],"collection":[{"href":"https:\/\/altemirconsulting.com\/es\/wp-json\/wp\/v2\/pages"}],"about":[{"href":"https:\/\/altemirconsulting.com\/es\/wp-json\/wp\/v2\/types\/page"}],"author":[{"embeddable":true,"href":"https:\/\/altemirconsulting.com\/es\/wp-json\/wp\/v2\/users\/1"}],"replies":[{"embeddable":true,"href":"https:\/\/altemirconsulting.com\/es\/wp-json\/wp\/v2\/comments?post=3801"}],"version-history":[{"count":4,"href":"https:\/\/altemirconsulting.com\/es\/wp-json\/wp\/v2\/pages\/3801\/revisions"}],"predecessor-version":[{"id":4742,"href":"https:\/\/altemirconsulting.com\/es\/wp-json\/wp\/v2\/pages\/3801\/revisions\/4742"}],"wp:attachment":[{"href":"https:\/\/altemirconsulting.com\/es\/wp-json\/wp\/v2\/media?parent=3801"}],"curies":[{"name":"wp","href":"https:\/\/api.w.org\/{rel}","templated":true}]}}