{"id":3799,"date":"2018-02-03T23:15:28","date_gmt":"2018-02-04T05:15:28","guid":{"rendered":"https:\/\/altemirconsulting.com\/ingenieria\/"},"modified":"2018-02-03T23:15:28","modified_gmt":"2018-02-04T05:15:28","slug":"ingenieria","status":"publish","type":"page","link":"https:\/\/altemirconsulting.com\/es\/ingenieria\/","title":{"rendered":"Ingenier\u00eda"},"content":{"rendered":"","protected":false},"excerpt":{"rendered":"","protected":false},"author":1,"featured_media":0,"parent":0,"menu_order":0,"comment_status":"closed","ping_status":"closed","template":"","meta":{"_coblocks_attr":"","_coblocks_dimensions":"","_coblocks_responsive_height":"","_coblocks_accordion_ie_support":"","footnotes":""},"class_list":["post-3799","page","type-page","status-publish","hentry"],"yoast_head":"<!-- This site is optimized with the Yoast SEO Premium plugin v27.0 (Yoast SEO v27.4) - https:\/\/yoast.com\/product\/yoast-seo-premium-wordpress\/ -->\n<title>Consultor\u00eda de gesti\u00f3n de ingenier\u00eda y soporte para el desarrollo de productos<\/title>\n<meta name=\"description\" content=\"Altemir Consulting puede ayudar a solucionar problemas de dise\u00f1os de productos existentes, as\u00ed como a mejorar sus procesos de introducci\u00f3n de nuevos productos (NPI) y de gesti\u00f3n de cambios de ingenier\u00eda (ECM) para garantizar transiciones exitosas del dise\u00f1o a la fabricaci\u00f3n.\" \/>\n<meta name=\"robots\" content=\"index, follow, max-snippet:-1, max-image-preview:large, max-video-preview:-1\" \/>\n<link rel=\"canonical\" href=\"https:\/\/altemirconsulting.com\/es\/ingenieria\/\" \/>\n<script type=\"application\/ld+json\" class=\"yoast-schema-graph\">{\"@context\":\"https:\\\/\\\/schema.org\",\"@graph\":[{\"@type\":\"WebPage\",\"@id\":\"https:\\\/\\\/altemirconsulting.com\\\/es\\\/ingenieria\\\/\",\"url\":\"https:\\\/\\\/altemirconsulting.com\\\/es\\\/ingenieria\\\/\",\"name\":\"Consultor\u00eda de gesti\u00f3n de ingenier\u00eda y soporte para el desarrollo de productos\",\"isPartOf\":{\"@id\":\"https:\\\/\\\/altemirconsulting.com\\\/es\\\/#website\"},\"datePublished\":\"2018-02-04T05:15:28+00:00\",\"description\":\"Altemir Consulting puede ayudar a solucionar problemas de dise\u00f1os de productos existentes, as\u00ed como a mejorar sus procesos de introducci\u00f3n de nuevos productos (NPI) y de gesti\u00f3n de cambios de ingenier\u00eda (ECM) para garantizar transiciones exitosas del dise\u00f1o a la fabricaci\u00f3n.\",\"breadcrumb\":{\"@id\":\"https:\\\/\\\/altemirconsulting.com\\\/es\\\/ingenieria\\\/#breadcrumb\"},\"inLanguage\":\"es\",\"potentialAction\":[{\"@type\":\"ReadAction\",\"target\":[\"https:\\\/\\\/altemirconsulting.com\\\/es\\\/ingenieria\\\/\"]}]},{\"@type\":\"BreadcrumbList\",\"@id\":\"https:\\\/\\\/altemirconsulting.com\\\/es\\\/ingenieria\\\/#breadcrumb\",\"itemListElement\":[{\"@type\":\"ListItem\",\"position\":1,\"name\":\"Home\",\"item\":\"https:\\\/\\\/altemirconsulting.com\\\/es\\\/\"},{\"@type\":\"ListItem\",\"position\":2,\"name\":\"Ingenier\u00eda\"}]},{\"@type\":\"WebSite\",\"@id\":\"https:\\\/\\\/altemirconsulting.com\\\/es\\\/#website\",\"url\":\"https:\\\/\\\/altemirconsulting.com\\\/es\\\/\",\"name\":\"Altemir Consulting\",\"description\":\"\",\"publisher\":{\"@id\":\"https:\\\/\\\/altemirconsulting.com\\\/es\\\/#organization\"},\"potentialAction\":[{\"@type\":\"SearchAction\",\"target\":{\"@type\":\"EntryPoint\",\"urlTemplate\":\"https:\\\/\\\/altemirconsulting.com\\\/es\\\/?s={search_term_string}\"},\"query-input\":{\"@type\":\"PropertyValueSpecification\",\"valueRequired\":true,\"valueName\":\"search_term_string\"}}],\"inLanguage\":\"es\"},{\"@type\":\"Organization\",\"@id\":\"https:\\\/\\\/altemirconsulting.com\\\/es\\\/#organization\",\"name\":\"Altemir Consulting\",\"url\":\"https:\\\/\\\/altemirconsulting.com\\\/es\\\/\",\"logo\":{\"@type\":\"ImageObject\",\"inLanguage\":\"es\",\"@id\":\"https:\\\/\\\/altemirconsulting.com\\\/es\\\/#\\\/schema\\\/logo\\\/image\\\/\",\"url\":\"https:\\\/\\\/altemirconsulting.com\\\/wp-content\\\/uploads\\\/2017\\\/09\\\/favicon.png\",\"contentUrl\":\"https:\\\/\\\/altemirconsulting.com\\\/wp-content\\\/uploads\\\/2017\\\/09\\\/favicon.png\",\"width\":300,\"height\":300,\"caption\":\"Altemir Consulting\"},\"image\":{\"@id\":\"https:\\\/\\\/altemirconsulting.com\\\/es\\\/#\\\/schema\\\/logo\\\/image\\\/\"},\"sameAs\":[\"https:\\\/\\\/www.facebook.com\\\/AltemirConsulting\\\/\",\"https:\\\/\\\/x.com\\\/AltemirConsult\",\"https:\\\/\\\/www.linkedin.com\\\/company\\\/altemirconsulting\\\/\",\"https:\\\/\\\/www.youtube.com\\\/channel\\\/UCymlsqpZMZn-GlEFli_bnfA\"]}]}<\/script>\n<!-- \/ Yoast SEO Premium plugin. -->","yoast_head_json":{"title":"Consultor\u00eda de gesti\u00f3n de ingenier\u00eda y soporte para el desarrollo de productos","description":"Altemir Consulting puede ayudar a solucionar problemas de dise\u00f1os de productos existentes, as\u00ed como a mejorar sus procesos de introducci\u00f3n de nuevos productos (NPI) y de gesti\u00f3n de cambios de ingenier\u00eda (ECM) para garantizar transiciones exitosas del dise\u00f1o a la fabricaci\u00f3n.","robots":{"index":"index","follow":"follow","max-snippet":"max-snippet:-1","max-image-preview":"max-image-preview:large","max-video-preview":"max-video-preview:-1"},"canonical":"https:\/\/altemirconsulting.com\/es\/ingenieria\/","schema":{"@context":"https:\/\/schema.org","@graph":[{"@type":"WebPage","@id":"https:\/\/altemirconsulting.com\/es\/ingenieria\/","url":"https:\/\/altemirconsulting.com\/es\/ingenieria\/","name":"Consultor\u00eda de gesti\u00f3n de ingenier\u00eda y soporte para el desarrollo de productos","isPartOf":{"@id":"https:\/\/altemirconsulting.com\/es\/#website"},"datePublished":"2018-02-04T05:15:28+00:00","description":"Altemir Consulting puede ayudar a solucionar problemas de dise\u00f1os de productos existentes, as\u00ed como a mejorar sus procesos de introducci\u00f3n de nuevos productos (NPI) y de gesti\u00f3n de cambios de ingenier\u00eda (ECM) para garantizar transiciones exitosas del dise\u00f1o a la fabricaci\u00f3n.","breadcrumb":{"@id":"https:\/\/altemirconsulting.com\/es\/ingenieria\/#breadcrumb"},"inLanguage":"es","potentialAction":[{"@type":"ReadAction","target":["https:\/\/altemirconsulting.com\/es\/ingenieria\/"]}]},{"@type":"BreadcrumbList","@id":"https:\/\/altemirconsulting.com\/es\/ingenieria\/#breadcrumb","itemListElement":[{"@type":"ListItem","position":1,"name":"Home","item":"https:\/\/altemirconsulting.com\/es\/"},{"@type":"ListItem","position":2,"name":"Ingenier\u00eda"}]},{"@type":"WebSite","@id":"https:\/\/altemirconsulting.com\/es\/#website","url":"https:\/\/altemirconsulting.com\/es\/","name":"Altemir Consulting","description":"","publisher":{"@id":"https:\/\/altemirconsulting.com\/es\/#organization"},"potentialAction":[{"@type":"SearchAction","target":{"@type":"EntryPoint","urlTemplate":"https:\/\/altemirconsulting.com\/es\/?s={search_term_string}"},"query-input":{"@type":"PropertyValueSpecification","valueRequired":true,"valueName":"search_term_string"}}],"inLanguage":"es"},{"@type":"Organization","@id":"https:\/\/altemirconsulting.com\/es\/#organization","name":"Altemir Consulting","url":"https:\/\/altemirconsulting.com\/es\/","logo":{"@type":"ImageObject","inLanguage":"es","@id":"https:\/\/altemirconsulting.com\/es\/#\/schema\/logo\/image\/","url":"https:\/\/altemirconsulting.com\/wp-content\/uploads\/2017\/09\/favicon.png","contentUrl":"https:\/\/altemirconsulting.com\/wp-content\/uploads\/2017\/09\/favicon.png","width":300,"height":300,"caption":"Altemir Consulting"},"image":{"@id":"https:\/\/altemirconsulting.com\/es\/#\/schema\/logo\/image\/"},"sameAs":["https:\/\/www.facebook.com\/AltemirConsulting\/","https:\/\/x.com\/AltemirConsult","https:\/\/www.linkedin.com\/company\/altemirconsulting\/","https:\/\/www.youtube.com\/channel\/UCymlsqpZMZn-GlEFli_bnfA"]}]}},"_links":{"self":[{"href":"https:\/\/altemirconsulting.com\/es\/wp-json\/wp\/v2\/pages\/3799","targetHints":{"allow":["GET"]}}],"collection":[{"href":"https:\/\/altemirconsulting.com\/es\/wp-json\/wp\/v2\/pages"}],"about":[{"href":"https:\/\/altemirconsulting.com\/es\/wp-json\/wp\/v2\/types\/page"}],"author":[{"embeddable":true,"href":"https:\/\/altemirconsulting.com\/es\/wp-json\/wp\/v2\/users\/1"}],"replies":[{"embeddable":true,"href":"https:\/\/altemirconsulting.com\/es\/wp-json\/wp\/v2\/comments?post=3799"}],"version-history":[{"count":0,"href":"https:\/\/altemirconsulting.com\/es\/wp-json\/wp\/v2\/pages\/3799\/revisions"}],"wp:attachment":[{"href":"https:\/\/altemirconsulting.com\/es\/wp-json\/wp\/v2\/media?parent=3799"}],"curies":[{"name":"wp","href":"https:\/\/api.w.org\/{rel}","templated":true}]}}