{"id":3793,"date":"2018-02-03T22:54:12","date_gmt":"2018-02-04T04:54:12","guid":{"rendered":"https:\/\/altemirconsulting.com\/gestion-de-la-cadena-de-suministro\/"},"modified":"2026-01-21T02:19:33","modified_gmt":"2026-01-21T08:19:33","slug":"gestion-de-la-cadena-de-suministro","status":"publish","type":"page","link":"https:\/\/altemirconsulting.com\/es\/gestion-de-la-cadena-de-suministro\/","title":{"rendered":"Gesti\u00f3n de la cadena de suministro"},"content":{"rendered":"\n\n\t<h1>Consultor\u00eda de Gesti\u00f3n de la Cadena de Suministro<\/h1>\n\t<p>Los servicios de consultor\u00eda de la cadena de suministro son nuestra principal \u00e1rea de especializaci\u00f3n.<\/p>\n<p>Altemir Consulting puede ayudarle a resolver sus desaf\u00edos como una parte extendida de su equipo, tanto si busca optimizar la compra de materias primas y el inventario en un \u00fanico centro como si necesita equilibrar cadenas de suministro complejas que abarcan m\u00faltiples geograf\u00edas.<\/p>\n<p>Altemir Consulting ofrece una optimizaci\u00f3n pr\u00e1ctica de la cadena de suministro destinada a:<\/p>\n<ul>\n<li>Reducir los <strong>retrasos vencidos<\/strong><\/li>\n<li>Reducir los <strong>plazos de entrega<\/strong><\/li>\n<li>Mejorar los <strong>env\u00edos puntuales<\/strong><\/li>\n<li>Aumentar los <strong>\u00edndices de producci\u00f3n<\/strong><\/li>\n<li>Reducir la <strong>eficiencia operativa<\/strong><\/li>\n<li>Aumentar la <strong>satisfacci\u00f3n del cliente<\/strong><\/li>\n<li>Reducir las <strong>dificultades diarias<\/strong><\/li>\n<\/ul>\n<p>Nuestros servicios de consultor\u00eda de la cadena de suministro incluyen:<\/p>\n<ul>\n<li><a href=\"#strategy\">Estrategia de la cadena de suministro<\/a><\/li>\n<li><a href=\"#planning\">Planificaci\u00f3n de materiales<\/a><\/li>\n<li><a href=\"#purchasing\">Ejecuci\u00f3n de compras<\/a><\/li>\n<li><a href=\"#vendor\">Gesti\u00f3n de proveedores<\/a><\/li>\n<li><a href=\"#balancing\">Equilibrio de la cadena de suministro<\/a><\/li>\n<li><a href=\"#invopt\">Optimizaci\u00f3n del inventario<\/a><\/li>\n<li><a href=\"#invcontrol\">Control de inventario<\/a><\/li>\n<li><a href=\"#siop\">SIOP\/S&amp;OP<\/a><\/li>\n<li><a href=\"#cost\">Reducci\u00f3n de costes<\/a><\/li>\n<li><a href=\"#contract\">Fabricaci\u00f3n por contrato<\/a><\/li>\n<li><a href=\"#warehouse\">Gesti\u00f3n de almacenes<\/a><\/li>\n<li><a href=\"#vmi\">VMI<\/a><\/li>\n<li><a href=\"#indirect\">Gesti\u00f3n de materiales indirectos<\/a><\/li>\n<li><a href=\"#lean\">Fabricaci\u00f3n ajustada<\/a><\/li>\n<\/ul>\n<h3><a name=\"strategy\"><\/a><strong>Estrategia de la Cadena de Suministro<\/strong><\/h3>\n<p>Podemos realizar evaluaciones financieras y operativas exhaustivas de operaciones en m\u00faltiples centros, en el extranjero o contratadas para evaluar las opciones estrat\u00e9gicas de negocio.<\/p>\n<h3><a name=\"planning\"><\/a><strong>Planificaci\u00f3n de Materiales<\/strong><\/h3>\n<p>Nuestra experiencia es insuperable a la hora de establecer requisitos de fabricaci\u00f3n y compra estables y precisos, dise\u00f1ados para minimizar el inventario y maximizar la disponibilidad de materiales utilizando kanbans, <a href=\"https:\/\/altemirconsulting.com\/es\/optimizacion-de-erp\/\">MRP<\/a> o una combinaci\u00f3n de ambos.<\/p>\n<h3><a name=\"purchasing\"><\/a><strong>Ejecuci\u00f3n de Compras<\/strong><\/h3>\n<p>Podemos revisar y optimizar sus requisitos de compra y adquisici\u00f3n para comprar de forma m\u00e1s eficaz y eficiente, de manera que apoye econ\u00f3micamente la producci\u00f3n sin interrupciones por falta de material.<\/p>\n<h3><a name=\"vendor\"><\/a><strong>Gesti\u00f3n e Intervenciones de Proveedores<\/strong><\/h3>\n<p>Se pueden poner en marcha reg\u00edmenes mejorados de abastecimiento, se\u00f1ales de compra, gesti\u00f3n de la capacidad de los proveedores, medici\u00f3n del rendimiento de los proveedores e intercambio de datos para que su cadena de suministro externa sea una parte integral de su operaci\u00f3n.<\/p>\n<h3><a name=\"balancing\"><\/a><strong>Equilibrio de la Cadena de Suministro<\/strong><\/h3>\n<p>La gesti\u00f3n de materias primas, productos en curso y el inventario de productos terminados, as\u00ed como el control de la producci\u00f3n, se pueden implementar en un entorno de m\u00faltiples centros para que su negocio act\u00fae como una \u00fanica entidad integrada que minimice los costes y maximice el rendimiento.<\/p>\n<h3><a name=\"invopt\"><\/a><strong>Optimizaci\u00f3n del Inventario<\/strong><\/h3>\n<p>Altemir Consulting puede implementar mecanismos de pedido y planificaci\u00f3n de inventario eficaces para la distribuci\u00f3n de productos, la fabricaci\u00f3n para stock, la fabricaci\u00f3n bajo pedido, la ingenier\u00eda bajo pedido y los escenarios de inventario gestionado por el proveedor (VMI). A menudo es posible reducir el inventario al tiempo que se aumentan los \u00edndices de cumplimiento de los pedidos de los clientes. <a href=\"https:\/\/altemirconsulting.com\/es\/optimizacion-del-inventario\/\">M\u00e1s informaci\u00f3n<\/a>.<\/p>\n<h3><a name=\"invcontrol\"><\/a><strong>Control de Inventario<\/strong><\/h3>\n<p>Podemos revisar y mejorar las funciones de env\u00edo, recepci\u00f3n y almac\u00e9n para mejorar significativamente la precisi\u00f3n del inventario y la disponibilidad de materiales. <a href=\"https:\/\/altemirconsulting.com\/es\/gestion-de-inventario\/\">M\u00e1s informaci\u00f3n<\/a>.<\/p>\n<h3><a name=\"siop\"><\/a><strong>SIOP\/S&amp;OP, Planificaci\u00f3n de la Demanda y Previsi\u00f3n<\/strong><\/h3>\n<p>Podemos desarrollar u optimizar sus procesos de planificaci\u00f3n estrat\u00e9gica en toda su organizaci\u00f3n y cadena de suministro extendida de forma que se integren las previsiones de ventas, la planificaci\u00f3n del inventario, la capacidad de los proveedores y la producci\u00f3n. La planificaci\u00f3n de ventas, inventario y operaciones (SIOP\/S&amp;OP) es una de nuestras especialidades.<\/p>\n<h3><a name=\"cost\"><\/a><strong>Reducci\u00f3n de Costes<\/strong><\/h3>\n<p>Altemir Consulting puede liderar la optimizaci\u00f3n de costes de la lista de materiales (BOM) y los esfuerzos de mejora de la eficiencia de la cadena de suministro.<\/p>\n<h3><a name=\"contract\"><\/a><strong>Fabricaci\u00f3n por Contrato<\/strong><\/h3>\n<p>Tenemos experiencia y conocimientos especializados en la evaluaci\u00f3n y el establecimiento de funciones de externalizaci\u00f3n con conciencia de los costes. La formalizaci\u00f3n de las decisiones econ\u00f3micas de fabricar\/comprar, el desarrollo de programas de cualificaci\u00f3n de proveedores, la garant\u00eda de la calidad de los proveedores y la integraci\u00f3n de los proveedores de servicios externos en su proceso de fabricaci\u00f3n son mejoras en la gesti\u00f3n de la cadena de suministro que podemos ayudar a llevar a cabo.<\/p>\n<h3><a name=\"warehouse\"><\/a><strong>Gesti\u00f3n de Almacenes<\/strong><\/h3>\n<p>Podemos optimizar sus operaciones de almac\u00e9n, incluyendo tanto la configuraci\u00f3n como el uso de su sistema de gesti\u00f3n de almacenes (WMS), as\u00ed como el establecimiento de las mejores pr\u00e1cticas para mejorar la localizaci\u00f3n de los art\u00edculos, la recogida, el embalaje, las transferencias, el montaje de kits, el env\u00edo y la recepci\u00f3n.<\/p>\n<h3><a name=\"vmi\"><\/a><strong>Inventario Gestionado por el Proveedor (VMI)<\/strong><\/h3>\n<p>Podemos instituir y optimizar los procesos VMI (vendor managed inventory) ajustados para cerrar la brecha entre proveedores y consumidores.<\/p>\n<h3><a name=\"indirect\"><\/a><strong>Gesti\u00f3n de Materiales Indirectos<\/strong><\/h3>\n<p>Tenemos experiencia pr\u00e1ctica en la instituci\u00f3n de controles eficaces sobre las herramientas y los suministros de taller para garantizar la disponibilidad fiable de materiales y una contabilidad de costes precisa.<\/p>\n<h3><a name=\"lean\"><\/a><strong>Fabricaci\u00f3n Ajustada<\/strong><\/h3>\n<p>Visite nuestra <a href=\"https:\/\/altemirconsulting.com\/es\/fabricacion-ajustada\/\">p\u00e1gina de fabricaci\u00f3n ajustada<\/a> para saber c\u00f3mo podemos ayudarle a garantizar la eficiencia operativa a tiempo.<\/p>\n\t\t\t\t<img decoding=\"async\" src=\"https:\/\/altemirconsulting.com\/wp-content\/uploads\/2019\/12\/Screen-Shot-12-30-19-at-05.50-PM-300x202.png\" alt=\"gesti\u00f3n de la cadena de suministro\" itemprop=\"image\" height=\"202\" width=\"300\" title=\"Captura de pantalla 12-30-19 a las 05.50 PM\" onerror=\"this.style.display='none'\" loading=\"lazy\" \/>\n\t\t\t\t<img decoding=\"async\" src=\"https:\/\/altemirconsulting.com\/wp-content\/uploads\/2019\/12\/warehouse3-300x163.jpg\" alt=\"consultor\u00eda de la cadena de suministro\" itemprop=\"image\" height=\"163\" width=\"300\" title=\"warehouse3\" onerror=\"this.style.display='none'\" loading=\"lazy\" \/>\n\t<h2>Programar una Llamada Telef\u00f3nica<\/h2>\n<p>Haga clic a continuaci\u00f3n para programar una llamada telef\u00f3nica gratuita de 15 minutos para hablar de sus necesidades sin compromiso:<\/p>\n\t<!-- Calendly inline widget begin -->\n<!-- Calendly inline widget end -->\n\t\t<h3>Explore las Posibilidades&#8230;<\/h3>\n\t\t<p>Agradecemos las consultas de todas las empresas, peque\u00f1as y grandes, que est\u00e9n ansiosas por pasar al siguiente nivel. No dude en ponerse en contacto con nosotros para hablar de sus necesidades espec\u00edficas sin compromiso.<\/p>\n\t\t\t<a href=\"https:\/\/altemirconsulting.com\/es\/contactenos\/\" target=\"_self\">\n\t\t\t\t\t\t\tCont\u00e1ctenos\n\t\t\t\t\t<\/a>\n\n","protected":false},"excerpt":{"rendered":"<p>Consultor\u00eda de Gesti\u00f3n de la Cadena de Suministro Los servicios de consultor\u00eda de la cadena de suministro son nuestra principal \u00e1rea de especializaci\u00f3n. Altemir Consulting puede ayudarle a resolver sus desaf\u00edos como una parte extendida de su equipo, tanto si busca optimizar la compra de materias primas y el inventario en un \u00fanico centro como [&hellip;]<\/p>\n","protected":false},"author":1,"featured_media":0,"parent":0,"menu_order":0,"comment_status":"closed","ping_status":"closed","template":"","meta":{"_coblocks_attr":"","_coblocks_dimensions":"","_coblocks_responsive_height":"","_coblocks_accordion_ie_support":"","footnotes":""},"class_list":["post-3793","page","type-page","status-publish","hentry"],"yoast_head":"<!-- This site is optimized with the Yoast SEO Premium plugin v27.0 (Yoast SEO v27.4) - https:\/\/yoast.com\/product\/yoast-seo-premium-wordpress\/ -->\n<title>Consultor\u00eda de gesti\u00f3n de la cadena de suministro | Altemir Consulting<\/title>\n<meta name=\"description\" content=\"La consultor\u00eda de gesti\u00f3n de la cadena de suministro es nuestra especialidad, tanto si busca optimizar las compras, el inventario o la fabricaci\u00f3n.\" \/>\n<meta name=\"robots\" content=\"index, follow, max-snippet:-1, max-image-preview:large, max-video-preview:-1\" \/>\n<link rel=\"canonical\" href=\"https:\/\/altemirconsulting.com\/es\/gestion-de-la-cadena-de-suministro\/\" \/>\n<meta name=\"twitter:label1\" content=\"Tiempo de lectura\" \/>\n\t<meta name=\"twitter:data1\" content=\"5 minutos\" \/>\n<script type=\"application\/ld+json\" class=\"yoast-schema-graph\">{\"@context\":\"https:\\\/\\\/schema.org\",\"@graph\":[{\"@type\":\"WebPage\",\"@id\":\"https:\\\/\\\/altemirconsulting.com\\\/es\\\/gestion-de-la-cadena-de-suministro\\\/\",\"url\":\"https:\\\/\\\/altemirconsulting.com\\\/es\\\/gestion-de-la-cadena-de-suministro\\\/\",\"name\":\"Consultor\u00eda de gesti\u00f3n de la cadena de suministro | Altemir Consulting\",\"isPartOf\":{\"@id\":\"https:\\\/\\\/altemirconsulting.com\\\/es\\\/#website\"},\"primaryImageOfPage\":{\"@id\":\"https:\\\/\\\/altemirconsulting.com\\\/es\\\/gestion-de-la-cadena-de-suministro\\\/#primaryimage\"},\"image\":{\"@id\":\"https:\\\/\\\/altemirconsulting.com\\\/es\\\/gestion-de-la-cadena-de-suministro\\\/#primaryimage\"},\"thumbnailUrl\":\"https:\\\/\\\/altemirconsulting.com\\\/wp-content\\\/uploads\\\/2019\\\/12\\\/Screen-Shot-12-30-19-at-05.50-PM-300x202.png\",\"datePublished\":\"2018-02-04T04:54:12+00:00\",\"dateModified\":\"2026-01-21T08:19:33+00:00\",\"description\":\"La consultor\u00eda de gesti\u00f3n de la cadena de suministro es nuestra especialidad, tanto si busca optimizar las compras, el inventario o la fabricaci\u00f3n.\",\"breadcrumb\":{\"@id\":\"https:\\\/\\\/altemirconsulting.com\\\/es\\\/gestion-de-la-cadena-de-suministro\\\/#breadcrumb\"},\"inLanguage\":\"es\",\"potentialAction\":[{\"@type\":\"ReadAction\",\"target\":[\"https:\\\/\\\/altemirconsulting.com\\\/es\\\/gestion-de-la-cadena-de-suministro\\\/\"]}]},{\"@type\":\"ImageObject\",\"inLanguage\":\"es\",\"@id\":\"https:\\\/\\\/altemirconsulting.com\\\/es\\\/gestion-de-la-cadena-de-suministro\\\/#primaryimage\",\"url\":\"https:\\\/\\\/altemirconsulting.com\\\/wp-content\\\/uploads\\\/2019\\\/12\\\/Screen-Shot-12-30-19-at-05.50-PM-300x202.png\",\"contentUrl\":\"https:\\\/\\\/altemirconsulting.com\\\/wp-content\\\/uploads\\\/2019\\\/12\\\/Screen-Shot-12-30-19-at-05.50-PM-300x202.png\"},{\"@type\":\"BreadcrumbList\",\"@id\":\"https:\\\/\\\/altemirconsulting.com\\\/es\\\/gestion-de-la-cadena-de-suministro\\\/#breadcrumb\",\"itemListElement\":[{\"@type\":\"ListItem\",\"position\":1,\"name\":\"Home\",\"item\":\"https:\\\/\\\/altemirconsulting.com\\\/es\\\/\"},{\"@type\":\"ListItem\",\"position\":2,\"name\":\"Gesti\u00f3n de la cadena de suministro\"}]},{\"@type\":\"WebSite\",\"@id\":\"https:\\\/\\\/altemirconsulting.com\\\/es\\\/#website\",\"url\":\"https:\\\/\\\/altemirconsulting.com\\\/es\\\/\",\"name\":\"Altemir Consulting\",\"description\":\"\",\"publisher\":{\"@id\":\"https:\\\/\\\/altemirconsulting.com\\\/es\\\/#organization\"},\"potentialAction\":[{\"@type\":\"SearchAction\",\"target\":{\"@type\":\"EntryPoint\",\"urlTemplate\":\"https:\\\/\\\/altemirconsulting.com\\\/es\\\/?s={search_term_string}\"},\"query-input\":{\"@type\":\"PropertyValueSpecification\",\"valueRequired\":true,\"valueName\":\"search_term_string\"}}],\"inLanguage\":\"es\"},{\"@type\":\"Organization\",\"@id\":\"https:\\\/\\\/altemirconsulting.com\\\/es\\\/#organization\",\"name\":\"Altemir Consulting\",\"url\":\"https:\\\/\\\/altemirconsulting.com\\\/es\\\/\",\"logo\":{\"@type\":\"ImageObject\",\"inLanguage\":\"es\",\"@id\":\"https:\\\/\\\/altemirconsulting.com\\\/es\\\/#\\\/schema\\\/logo\\\/image\\\/\",\"url\":\"https:\\\/\\\/altemirconsulting.com\\\/wp-content\\\/uploads\\\/2017\\\/09\\\/favicon.png\",\"contentUrl\":\"https:\\\/\\\/altemirconsulting.com\\\/wp-content\\\/uploads\\\/2017\\\/09\\\/favicon.png\",\"width\":300,\"height\":300,\"caption\":\"Altemir Consulting\"},\"image\":{\"@id\":\"https:\\\/\\\/altemirconsulting.com\\\/es\\\/#\\\/schema\\\/logo\\\/image\\\/\"},\"sameAs\":[\"https:\\\/\\\/www.facebook.com\\\/AltemirConsulting\\\/\",\"https:\\\/\\\/x.com\\\/AltemirConsult\",\"https:\\\/\\\/www.linkedin.com\\\/company\\\/altemirconsulting\\\/\",\"https:\\\/\\\/www.youtube.com\\\/channel\\\/UCymlsqpZMZn-GlEFli_bnfA\"]}]}<\/script>\n<!-- \/ Yoast SEO Premium plugin. -->","yoast_head_json":{"title":"Consultor\u00eda de gesti\u00f3n de la cadena de suministro | Altemir Consulting","description":"La consultor\u00eda de gesti\u00f3n de la cadena de suministro es nuestra especialidad, tanto si busca optimizar las compras, el inventario o la fabricaci\u00f3n.","robots":{"index":"index","follow":"follow","max-snippet":"max-snippet:-1","max-image-preview":"max-image-preview:large","max-video-preview":"max-video-preview:-1"},"canonical":"https:\/\/altemirconsulting.com\/es\/gestion-de-la-cadena-de-suministro\/","twitter_misc":{"Tiempo de lectura":"5 minutos"},"schema":{"@context":"https:\/\/schema.org","@graph":[{"@type":"WebPage","@id":"https:\/\/altemirconsulting.com\/es\/gestion-de-la-cadena-de-suministro\/","url":"https:\/\/altemirconsulting.com\/es\/gestion-de-la-cadena-de-suministro\/","name":"Consultor\u00eda de gesti\u00f3n de la cadena de suministro | Altemir Consulting","isPartOf":{"@id":"https:\/\/altemirconsulting.com\/es\/#website"},"primaryImageOfPage":{"@id":"https:\/\/altemirconsulting.com\/es\/gestion-de-la-cadena-de-suministro\/#primaryimage"},"image":{"@id":"https:\/\/altemirconsulting.com\/es\/gestion-de-la-cadena-de-suministro\/#primaryimage"},"thumbnailUrl":"https:\/\/altemirconsulting.com\/wp-content\/uploads\/2019\/12\/Screen-Shot-12-30-19-at-05.50-PM-300x202.png","datePublished":"2018-02-04T04:54:12+00:00","dateModified":"2026-01-21T08:19:33+00:00","description":"La consultor\u00eda de gesti\u00f3n de la cadena de suministro es nuestra especialidad, tanto si busca optimizar las compras, el inventario o la fabricaci\u00f3n.","breadcrumb":{"@id":"https:\/\/altemirconsulting.com\/es\/gestion-de-la-cadena-de-suministro\/#breadcrumb"},"inLanguage":"es","potentialAction":[{"@type":"ReadAction","target":["https:\/\/altemirconsulting.com\/es\/gestion-de-la-cadena-de-suministro\/"]}]},{"@type":"ImageObject","inLanguage":"es","@id":"https:\/\/altemirconsulting.com\/es\/gestion-de-la-cadena-de-suministro\/#primaryimage","url":"https:\/\/altemirconsulting.com\/wp-content\/uploads\/2019\/12\/Screen-Shot-12-30-19-at-05.50-PM-300x202.png","contentUrl":"https:\/\/altemirconsulting.com\/wp-content\/uploads\/2019\/12\/Screen-Shot-12-30-19-at-05.50-PM-300x202.png"},{"@type":"BreadcrumbList","@id":"https:\/\/altemirconsulting.com\/es\/gestion-de-la-cadena-de-suministro\/#breadcrumb","itemListElement":[{"@type":"ListItem","position":1,"name":"Home","item":"https:\/\/altemirconsulting.com\/es\/"},{"@type":"ListItem","position":2,"name":"Gesti\u00f3n de la cadena de suministro"}]},{"@type":"WebSite","@id":"https:\/\/altemirconsulting.com\/es\/#website","url":"https:\/\/altemirconsulting.com\/es\/","name":"Altemir Consulting","description":"","publisher":{"@id":"https:\/\/altemirconsulting.com\/es\/#organization"},"potentialAction":[{"@type":"SearchAction","target":{"@type":"EntryPoint","urlTemplate":"https:\/\/altemirconsulting.com\/es\/?s={search_term_string}"},"query-input":{"@type":"PropertyValueSpecification","valueRequired":true,"valueName":"search_term_string"}}],"inLanguage":"es"},{"@type":"Organization","@id":"https:\/\/altemirconsulting.com\/es\/#organization","name":"Altemir Consulting","url":"https:\/\/altemirconsulting.com\/es\/","logo":{"@type":"ImageObject","inLanguage":"es","@id":"https:\/\/altemirconsulting.com\/es\/#\/schema\/logo\/image\/","url":"https:\/\/altemirconsulting.com\/wp-content\/uploads\/2017\/09\/favicon.png","contentUrl":"https:\/\/altemirconsulting.com\/wp-content\/uploads\/2017\/09\/favicon.png","width":300,"height":300,"caption":"Altemir Consulting"},"image":{"@id":"https:\/\/altemirconsulting.com\/es\/#\/schema\/logo\/image\/"},"sameAs":["https:\/\/www.facebook.com\/AltemirConsulting\/","https:\/\/x.com\/AltemirConsult","https:\/\/www.linkedin.com\/company\/altemirconsulting\/","https:\/\/www.youtube.com\/channel\/UCymlsqpZMZn-GlEFli_bnfA"]}]}},"_links":{"self":[{"href":"https:\/\/altemirconsulting.com\/es\/wp-json\/wp\/v2\/pages\/3793","targetHints":{"allow":["GET"]}}],"collection":[{"href":"https:\/\/altemirconsulting.com\/es\/wp-json\/wp\/v2\/pages"}],"about":[{"href":"https:\/\/altemirconsulting.com\/es\/wp-json\/wp\/v2\/types\/page"}],"author":[{"embeddable":true,"href":"https:\/\/altemirconsulting.com\/es\/wp-json\/wp\/v2\/users\/1"}],"replies":[{"embeddable":true,"href":"https:\/\/altemirconsulting.com\/es\/wp-json\/wp\/v2\/comments?post=3793"}],"version-history":[{"count":3,"href":"https:\/\/altemirconsulting.com\/es\/wp-json\/wp\/v2\/pages\/3793\/revisions"}],"predecessor-version":[{"id":4584,"href":"https:\/\/altemirconsulting.com\/es\/wp-json\/wp\/v2\/pages\/3793\/revisions\/4584"}],"wp:attachment":[{"href":"https:\/\/altemirconsulting.com\/es\/wp-json\/wp\/v2\/media?parent=3793"}],"curies":[{"name":"wp","href":"https:\/\/api.w.org\/{rel}","templated":true}]}}