{"id":3781,"date":"2017-10-06T18:29:41","date_gmt":"2017-10-06T23:29:41","guid":{"rendered":"https:\/\/altemirconsulting.com\/sectores\/"},"modified":"2026-01-21T02:37:22","modified_gmt":"2026-01-21T08:37:22","slug":"sectores","status":"publish","type":"page","link":"https:\/\/altemirconsulting.com\/es\/sectores\/","title":{"rendered":"Sectores"},"content":{"rendered":"\n\n\t<h2>\u00c1REAS DE ENFOQUE<\/h2>\n<p><a href=\"https:\/\/altemirconsulting.com\/es\/fabricacion-ajustada\/\">Fabricaci\u00f3n Ajustada<\/a><\/p>\n<p><a href=\"https:\/\/altemirconsulting.com\/es\/gestion-de-la-cadena-de-suministro\/\">Gesti\u00f3n de la Cadena de Suministro<\/a><\/p>\n<p><a href=\"https:\/\/altemirconsulting.com\/es\/erp-mrp-mes-aps\/\">ERP e Inform\u00e1tica Empresarial<\/a><\/p>\n<p><a href=\"https:\/\/altemirconsulting.com\/es\/ingenieria\/\">Ingenier\u00eda<\/a><\/p>\n<p><a href=\"https:\/\/altemirconsulting.com\/es\/garantia-de-calidad\/\">Garant\u00eda de Calidad<\/a><\/p>\n\t<h2>ESPECIALIDADES<\/h2>\n<p><a href=\"https:\/\/www.altemirconsulting.com\/erp-optimization\/\">Optimizaci\u00f3n de ERP<\/a><\/p>\n<p><a href=\"https:\/\/www.altemirconsulting.com\/erp-mrp-mes\/\">Selecci\u00f3n e Implementaci\u00f3n de ERP<\/a><\/p>\n<p><a href=\"https:\/\/www.altemirconsulting.com\/production-scheduling-consulting\/\">Planificaci\u00f3n y Programaci\u00f3n<\/a><\/p>\n<p><a href=\"https:\/\/www.altemirconsulting.com\/lean-manufacturing\/\">Sistemas de Extracci\u00f3n Ajustada<\/a><\/p>\n<p><a href=\"https:\/\/www.altemirconsulting.com\/lean-manufacturing\/\">Planta de Producci\u00f3n Ajustada<\/a><\/p>\n<p><a href=\"https:\/\/www.altemirconsulting.com\/inventory-management\/\">Gesti\u00f3n de Inventario<\/a><\/p>\n<p><a href=\"\/supply-chain-consultant#siop\">Planificaci\u00f3n SIOP \/ S&amp;OP<\/a><\/p>\n<p><a href=\"https:\/\/altemirconsulting.com\/es\/fabricacion-ajustada\/\">Reestructuraciones<\/a><\/p>\n<p><a href=\"https:\/\/altemirconsulting.com\/es\/garantia-de-calidad\/\">Guarantia de Calidad<\/a><\/p>\n<p><a href=\"https:\/\/www.altemirconsulting.com\/quickbooks-manufacturing-erp\/\">QuickBooks Manufacturing<\/a><\/p>\n<p><a href=\"https:\/\/altemirconsulting.com\/es\/ingenieria\/\">Introducci\u00f3n de Nuevos Productos<\/a><\/p>\n\t\t<h3>Explore las Posibilidades&#8230;<\/h3>\n\t\t<p>Agradecemos las consultas de todas las empresas, peque\u00f1as y grandes, que est\u00e9n ansiosas por pasar al siguiente nivel. No dude en ponerse en contacto con nosotros para hablar de sus necesidades espec\u00edficas sin compromiso.<\/p>\n\t\t\t<a href=\"https:\/\/altemirconsulting.com\/es\/contactenos\/\" target=\"_self\">\n\t\t\t\t\t\t\tCont\u00e1ctenos\n\t\t\t\t\t<\/a>\n\n","protected":false},"excerpt":{"rendered":"<p>\u00c1REAS DE ENFOQUE Fabricaci\u00f3n Ajustada Gesti\u00f3n de la Cadena de Suministro ERP e Inform\u00e1tica Empresarial Ingenier\u00eda Garant\u00eda de Calidad ESPECIALIDADES Optimizaci\u00f3n de ERP Selecci\u00f3n e Implementaci\u00f3n de ERP Planificaci\u00f3n y Programaci\u00f3n Sistemas de Extracci\u00f3n Ajustada Planta de Producci\u00f3n Ajustada Gesti\u00f3n de Inventario Planificaci\u00f3n SIOP \/ S&amp;OP Reestructuraciones Guarantia de Calidad QuickBooks Manufacturing Introducci\u00f3n de Nuevos [&hellip;]<\/p>\n","protected":false},"author":1,"featured_media":0,"parent":0,"menu_order":0,"comment_status":"closed","ping_status":"closed","template":"","meta":{"_coblocks_attr":"","_coblocks_dimensions":"","_coblocks_responsive_height":"","_coblocks_accordion_ie_support":"","footnotes":""},"class_list":["post-3781","page","type-page","status-publish","hentry"],"yoast_head":"<!-- This site is optimized with the Yoast SEO Premium plugin v27.0 (Yoast SEO v27.6) - https:\/\/yoast.com\/product\/yoast-seo-premium-wordpress\/ -->\n<title>Sectores | Altemir Consulting<\/title>\n<meta name=\"robots\" content=\"index, follow, max-snippet:-1, max-image-preview:large, max-video-preview:-1\" \/>\n<link rel=\"canonical\" href=\"https:\/\/altemirconsulting.com\/es\/sectores\/\" \/>\n<meta name=\"twitter:label1\" content=\"Tiempo de lectura\" \/>\n\t<meta name=\"twitter:data1\" content=\"1 minuto\" \/>\n<script type=\"application\/ld+json\" class=\"yoast-schema-graph\">{\"@context\":\"https:\\\/\\\/schema.org\",\"@graph\":[{\"@type\":\"WebPage\",\"@id\":\"https:\\\/\\\/altemirconsulting.com\\\/es\\\/sectores\\\/\",\"url\":\"https:\\\/\\\/altemirconsulting.com\\\/es\\\/sectores\\\/\",\"name\":\"Sectores | Altemir Consulting\",\"isPartOf\":{\"@id\":\"https:\\\/\\\/altemirconsulting.com\\\/es\\\/#website\"},\"datePublished\":\"2017-10-06T23:29:41+00:00\",\"dateModified\":\"2026-01-21T08:37:22+00:00\",\"breadcrumb\":{\"@id\":\"https:\\\/\\\/altemirconsulting.com\\\/es\\\/sectores\\\/#breadcrumb\"},\"inLanguage\":\"es\",\"potentialAction\":[{\"@type\":\"ReadAction\",\"target\":[\"https:\\\/\\\/altemirconsulting.com\\\/es\\\/sectores\\\/\"]}]},{\"@type\":\"BreadcrumbList\",\"@id\":\"https:\\\/\\\/altemirconsulting.com\\\/es\\\/sectores\\\/#breadcrumb\",\"itemListElement\":[{\"@type\":\"ListItem\",\"position\":1,\"name\":\"Home\",\"item\":\"https:\\\/\\\/altemirconsulting.com\\\/es\\\/\"},{\"@type\":\"ListItem\",\"position\":2,\"name\":\"Sectores\"}]},{\"@type\":\"WebSite\",\"@id\":\"https:\\\/\\\/altemirconsulting.com\\\/es\\\/#website\",\"url\":\"https:\\\/\\\/altemirconsulting.com\\\/es\\\/\",\"name\":\"Altemir Consulting\",\"description\":\"\",\"publisher\":{\"@id\":\"https:\\\/\\\/altemirconsulting.com\\\/es\\\/#organization\"},\"potentialAction\":[{\"@type\":\"SearchAction\",\"target\":{\"@type\":\"EntryPoint\",\"urlTemplate\":\"https:\\\/\\\/altemirconsulting.com\\\/es\\\/?s={search_term_string}\"},\"query-input\":{\"@type\":\"PropertyValueSpecification\",\"valueRequired\":true,\"valueName\":\"search_term_string\"}}],\"inLanguage\":\"es\"},{\"@type\":\"Organization\",\"@id\":\"https:\\\/\\\/altemirconsulting.com\\\/es\\\/#organization\",\"name\":\"Altemir Consulting\",\"url\":\"https:\\\/\\\/altemirconsulting.com\\\/es\\\/\",\"logo\":{\"@type\":\"ImageObject\",\"inLanguage\":\"es\",\"@id\":\"https:\\\/\\\/altemirconsulting.com\\\/es\\\/#\\\/schema\\\/logo\\\/image\\\/\",\"url\":\"https:\\\/\\\/altemirconsulting.com\\\/wp-content\\\/uploads\\\/2017\\\/09\\\/favicon.png\",\"contentUrl\":\"https:\\\/\\\/altemirconsulting.com\\\/wp-content\\\/uploads\\\/2017\\\/09\\\/favicon.png\",\"width\":300,\"height\":300,\"caption\":\"Altemir Consulting\"},\"image\":{\"@id\":\"https:\\\/\\\/altemirconsulting.com\\\/es\\\/#\\\/schema\\\/logo\\\/image\\\/\"},\"sameAs\":[\"https:\\\/\\\/www.facebook.com\\\/AltemirConsulting\\\/\",\"https:\\\/\\\/x.com\\\/AltemirConsult\",\"https:\\\/\\\/www.linkedin.com\\\/company\\\/altemirconsulting\\\/\",\"https:\\\/\\\/www.youtube.com\\\/channel\\\/UCymlsqpZMZn-GlEFli_bnfA\"]}]}<\/script>\n<!-- \/ Yoast SEO Premium plugin. -->","yoast_head_json":{"title":"Sectores | Altemir Consulting","robots":{"index":"index","follow":"follow","max-snippet":"max-snippet:-1","max-image-preview":"max-image-preview:large","max-video-preview":"max-video-preview:-1"},"canonical":"https:\/\/altemirconsulting.com\/es\/sectores\/","twitter_misc":{"Tiempo de lectura":"1 minuto"},"schema":{"@context":"https:\/\/schema.org","@graph":[{"@type":"WebPage","@id":"https:\/\/altemirconsulting.com\/es\/sectores\/","url":"https:\/\/altemirconsulting.com\/es\/sectores\/","name":"Sectores | Altemir Consulting","isPartOf":{"@id":"https:\/\/altemirconsulting.com\/es\/#website"},"datePublished":"2017-10-06T23:29:41+00:00","dateModified":"2026-01-21T08:37:22+00:00","breadcrumb":{"@id":"https:\/\/altemirconsulting.com\/es\/sectores\/#breadcrumb"},"inLanguage":"es","potentialAction":[{"@type":"ReadAction","target":["https:\/\/altemirconsulting.com\/es\/sectores\/"]}]},{"@type":"BreadcrumbList","@id":"https:\/\/altemirconsulting.com\/es\/sectores\/#breadcrumb","itemListElement":[{"@type":"ListItem","position":1,"name":"Home","item":"https:\/\/altemirconsulting.com\/es\/"},{"@type":"ListItem","position":2,"name":"Sectores"}]},{"@type":"WebSite","@id":"https:\/\/altemirconsulting.com\/es\/#website","url":"https:\/\/altemirconsulting.com\/es\/","name":"Altemir Consulting","description":"","publisher":{"@id":"https:\/\/altemirconsulting.com\/es\/#organization"},"potentialAction":[{"@type":"SearchAction","target":{"@type":"EntryPoint","urlTemplate":"https:\/\/altemirconsulting.com\/es\/?s={search_term_string}"},"query-input":{"@type":"PropertyValueSpecification","valueRequired":true,"valueName":"search_term_string"}}],"inLanguage":"es"},{"@type":"Organization","@id":"https:\/\/altemirconsulting.com\/es\/#organization","name":"Altemir Consulting","url":"https:\/\/altemirconsulting.com\/es\/","logo":{"@type":"ImageObject","inLanguage":"es","@id":"https:\/\/altemirconsulting.com\/es\/#\/schema\/logo\/image\/","url":"https:\/\/altemirconsulting.com\/wp-content\/uploads\/2017\/09\/favicon.png","contentUrl":"https:\/\/altemirconsulting.com\/wp-content\/uploads\/2017\/09\/favicon.png","width":300,"height":300,"caption":"Altemir Consulting"},"image":{"@id":"https:\/\/altemirconsulting.com\/es\/#\/schema\/logo\/image\/"},"sameAs":["https:\/\/www.facebook.com\/AltemirConsulting\/","https:\/\/x.com\/AltemirConsult","https:\/\/www.linkedin.com\/company\/altemirconsulting\/","https:\/\/www.youtube.com\/channel\/UCymlsqpZMZn-GlEFli_bnfA"]}]}},"_links":{"self":[{"href":"https:\/\/altemirconsulting.com\/es\/wp-json\/wp\/v2\/pages\/3781","targetHints":{"allow":["GET"]}}],"collection":[{"href":"https:\/\/altemirconsulting.com\/es\/wp-json\/wp\/v2\/pages"}],"about":[{"href":"https:\/\/altemirconsulting.com\/es\/wp-json\/wp\/v2\/types\/page"}],"author":[{"embeddable":true,"href":"https:\/\/altemirconsulting.com\/es\/wp-json\/wp\/v2\/users\/1"}],"replies":[{"embeddable":true,"href":"https:\/\/altemirconsulting.com\/es\/wp-json\/wp\/v2\/comments?post=3781"}],"version-history":[{"count":2,"href":"https:\/\/altemirconsulting.com\/es\/wp-json\/wp\/v2\/pages\/3781\/revisions"}],"predecessor-version":[{"id":4594,"href":"https:\/\/altemirconsulting.com\/es\/wp-json\/wp\/v2\/pages\/3781\/revisions\/4594"}],"wp:attachment":[{"href":"https:\/\/altemirconsulting.com\/es\/wp-json\/wp\/v2\/media?parent=3781"}],"curies":[{"name":"wp","href":"https:\/\/api.w.org\/{rel}","templated":true}]}}