{"id":3775,"date":"2017-06-14T19:28:48","date_gmt":"2017-06-15T00:28:48","guid":{"rendered":"https:\/\/altemirconsulting.com\/lean-mrp\/"},"modified":"2026-01-21T02:31:38","modified_gmt":"2026-01-21T08:31:38","slug":"lean-mrp","status":"publish","type":"page","link":"https:\/\/altemirconsulting.com\/es\/lean-mrp\/","title":{"rendered":"Lean MRP"},"content":{"rendered":"\n\n\t\t<iframe loading=\"lazy\" width=\"560\" height=\"315\" src=\"https:\/\/www.youtube.com\/embed\/KJMRTAR5C0E?rel=0\" frameborder=\"0\" allow=\"autoplay; encrypted-media\" allowfullscreen><\/iframe>\t\n\t\t\t\t<a href=\"https:\/\/www.amazon.com\/Lean-MRP-Establishing-Manufacturing-Execution\/dp\/1719918104\/ref=sr_1_2?s=books&#038;ie=UTF8&#038;qid=1541290284&#038;sr=1-2&#038;keywords=lean+mrp\"  target=\"_self\" itemprop=\"url\">\n\t\t\t\t<img decoding=\"async\" src=\"https:\/\/altemirconsulting.com\/wp-content\/uploads\/2017\/06\/LeanMRP_kiosk-1.jpg\" alt=\"LeanMRP_kiosk\" itemprop=\"image\" height=\"413\" width=\"300\" title=\"LeanMRP_kiosk\" onerror=\"this.style.display='none'\" loading=\"lazy\" \/>\n\t\t\t\t<\/a>\n\t<h1>Lean MRP:<\/h1>\n<h2>Cree un sistema de extracci\u00f3n en su planta de fabricaci\u00f3n utilizando su sistema ERP o APS existente<\/h2>\n<p>Lean MRP es un conjunto de pr\u00e1cticas de gesti\u00f3n innovadoras dise\u00f1adas para mejorar el cumplimiento de los plazos, los plazos de entrega y el inventario de productos en curso utilizando su sistema ERP existente. Esto no es el t\u00edpico &#8220;bla, bla, bla&#8221;. El paradigma Lean MRP promete un cambio transformador, especialmente en entornos de talleres de trabajo que implican listas de materiales complejas.<\/p>\n<p>Lean MRP se centra en establecer un programa de producci\u00f3n estable que <em>impulse<\/em> eficazmente la planta de producci\u00f3n en lugar de al rev\u00e9s. Eliminar los cambios en las fechas de programaci\u00f3n (es decir, la volatilidad) es el primer objetivo de Lean MRP, lo que proporciona a la organizaci\u00f3n un programa de producci\u00f3n que se basa en los requisitos de los clientes en lugar del flujo y reflujo de la planta de producci\u00f3n.<\/p>\n<p>Una vez establecido un programa estable, el segundo objetivo de la metodolog\u00eda Lean MRP es establecer un sistema de control de la planta de producci\u00f3n Lean que incorpore los principios del flujo basado en la demanda utilizando su sistema ERP existente. Las prioridades de trabajo eficaces impulsadas por el cliente minimizan el &#8220;efecto l\u00e1tigo&#8221;, minimizan el inventario de productos en curso, reducen los plazos de entrega de la fabricaci\u00f3n y promueven de forma m\u00e1s eficaz el cumplimiento de los plazos.<\/p>\n<p>Adem\u00e1s de obtener los beneficios de un sistema de tracci\u00f3n en cuanto a cumplimiento de los plazos, inventario y plazos de entrega, Lean MRP tambi\u00e9n puede ayudar a mejorar la precisi\u00f3n de las proyecciones de programaci\u00f3n prospectivas (es decir, las fechas de finalizaci\u00f3n estimadas o ECD) para permitir promesas m\u00e1s fiables al cliente, especialmente durante la cotizaci\u00f3n y la estimaci\u00f3n iniciales.<\/p>\n<p>Lean MRP es para aquellos gerentes de fabricaci\u00f3n que siempre se han esforzado por lograr una operaci\u00f3n Lean, pero que, sin embargo, sienten que un sistema computarizado ofrece una soluci\u00f3n m\u00e1s pr\u00e1ctica y escalable para administrar una planta de producci\u00f3n grande, compleja y\/o turbulenta. Los fabricantes en industrias de alta combinaci\u00f3n, como la fabricaci\u00f3n por contrato, la industria aeroespacial o los equipos industriales, pueden beneficiarse particularmente de este enfoque novedoso. Para ellos, las perspectivas de Lean MRP ofrecen una oportunidad emocionante para transformar de manera positiva e integral la totalidad de su operaci\u00f3n, en lugar de aceptar islas aisladas de mejora Lean que solo bordean la periferia de los desaf\u00edos de cumplimiento de los plazos, inventario y plazos de entrega que enfrentan.<\/p>\n<p><a href=\"https:\/\/altemirconsulting.com\/es\/contactenos\/\">P\u00f3ngase en contacto con nosotros<\/a> para ver c\u00f3mo podemos ayudar a su operaci\u00f3n a alcanzar el siguiente nivel de rendimiento utilizando sus sistemas existentes.<\/p>\n\t\t<h3>Explore las Posibilidades&#8230;<\/h3>\n\t\t<p>Agradecemos las consultas de todas las empresas, peque\u00f1as y grandes, que est\u00e9n ansiosas por pasar al siguiente nivel. No dude en ponerse en contacto con nosotros para hablar de sus necesidades espec\u00edficas sin compromiso.<\/p>\n\t\t\t<a href=\"https:\/\/altemirconsulting.com\/es\/contactenos\/\" target=\"_self\">\n\t\t\t\t\t\t\tCont\u00e1ctenos\n\t\t\t\t\t<\/a>\n\n","protected":false},"excerpt":{"rendered":"<p>Lean MRP: Cree un sistema de extracci\u00f3n en su planta de fabricaci\u00f3n utilizando su sistema ERP o APS existente Lean MRP es un conjunto de pr\u00e1cticas de gesti\u00f3n innovadoras dise\u00f1adas para mejorar el cumplimiento de los plazos, los plazos de entrega y el inventario de productos en curso utilizando su sistema ERP existente. Esto no [&hellip;]<\/p>\n","protected":false},"author":1,"featured_media":0,"parent":0,"menu_order":0,"comment_status":"closed","ping_status":"closed","template":"","meta":{"_coblocks_attr":"","_coblocks_dimensions":"","_coblocks_responsive_height":"","_coblocks_accordion_ie_support":"","footnotes":""},"class_list":["post-3775","page","type-page","status-publish","hentry"],"yoast_head":"<!-- This site is optimized with the Yoast SEO Premium plugin v27.0 (Yoast SEO v27.6) - https:\/\/yoast.com\/product\/yoast-seo-premium-wordpress\/ -->\n<title>Lean MRP: programaci\u00f3n y control avanzados de la producci\u00f3n<\/title>\n<meta name=\"description\" content=\"Lean MRP es una metodolog\u00eda de control de la producci\u00f3n que utiliza su sistema de programaci\u00f3n ERP existente para reducir el inventario de productos en curso, acortar los plazos de entrega de la fabricaci\u00f3n y mejorar el cumplimiento de los plazos. Una ventaja adicional es que su programaci\u00f3n de la producci\u00f3n reflejar\u00e1 con mayor precisi\u00f3n sus verdaderas capacidades, lo que permitir\u00e1 compromisos fiables con los clientes.\" \/>\n<meta name=\"robots\" content=\"index, follow, max-snippet:-1, max-image-preview:large, max-video-preview:-1\" \/>\n<link rel=\"canonical\" href=\"https:\/\/altemirconsulting.com\/es\/lean-mrp\/\" \/>\n<meta name=\"twitter:label1\" content=\"Tiempo de lectura\" \/>\n\t<meta name=\"twitter:data1\" content=\"3 minutos\" \/>\n<script type=\"application\/ld+json\" class=\"yoast-schema-graph\">{\"@context\":\"https:\\\/\\\/schema.org\",\"@graph\":[{\"@type\":\"WebPage\",\"@id\":\"https:\\\/\\\/altemirconsulting.com\\\/es\\\/lean-mrp\\\/\",\"url\":\"https:\\\/\\\/altemirconsulting.com\\\/es\\\/lean-mrp\\\/\",\"name\":\"Lean MRP: programaci\u00f3n y control avanzados de la producci\u00f3n\",\"isPartOf\":{\"@id\":\"https:\\\/\\\/altemirconsulting.com\\\/es\\\/#website\"},\"primaryImageOfPage\":{\"@id\":\"https:\\\/\\\/altemirconsulting.com\\\/es\\\/lean-mrp\\\/#primaryimage\"},\"image\":{\"@id\":\"https:\\\/\\\/altemirconsulting.com\\\/es\\\/lean-mrp\\\/#primaryimage\"},\"thumbnailUrl\":\"https:\\\/\\\/altemirconsulting.com\\\/wp-content\\\/uploads\\\/2017\\\/06\\\/LeanMRP_kiosk-1.jpg\",\"datePublished\":\"2017-06-15T00:28:48+00:00\",\"dateModified\":\"2026-01-21T08:31:38+00:00\",\"description\":\"Lean MRP es una metodolog\u00eda de control de la producci\u00f3n que utiliza su sistema de programaci\u00f3n ERP existente para reducir el inventario de productos en curso, acortar los plazos de entrega de la fabricaci\u00f3n y mejorar el cumplimiento de los plazos. Una ventaja adicional es que su programaci\u00f3n de la producci\u00f3n reflejar\u00e1 con mayor precisi\u00f3n sus verdaderas capacidades, lo que permitir\u00e1 compromisos fiables con los clientes.\",\"breadcrumb\":{\"@id\":\"https:\\\/\\\/altemirconsulting.com\\\/es\\\/lean-mrp\\\/#breadcrumb\"},\"inLanguage\":\"es\",\"potentialAction\":[{\"@type\":\"ReadAction\",\"target\":[\"https:\\\/\\\/altemirconsulting.com\\\/es\\\/lean-mrp\\\/\"]}]},{\"@type\":\"ImageObject\",\"inLanguage\":\"es\",\"@id\":\"https:\\\/\\\/altemirconsulting.com\\\/es\\\/lean-mrp\\\/#primaryimage\",\"url\":\"https:\\\/\\\/altemirconsulting.com\\\/wp-content\\\/uploads\\\/2017\\\/06\\\/LeanMRP_kiosk-1.jpg\",\"contentUrl\":\"https:\\\/\\\/altemirconsulting.com\\\/wp-content\\\/uploads\\\/2017\\\/06\\\/LeanMRP_kiosk-1.jpg\"},{\"@type\":\"BreadcrumbList\",\"@id\":\"https:\\\/\\\/altemirconsulting.com\\\/es\\\/lean-mrp\\\/#breadcrumb\",\"itemListElement\":[{\"@type\":\"ListItem\",\"position\":1,\"name\":\"Home\",\"item\":\"https:\\\/\\\/altemirconsulting.com\\\/es\\\/\"},{\"@type\":\"ListItem\",\"position\":2,\"name\":\"Lean MRP\"}]},{\"@type\":\"WebSite\",\"@id\":\"https:\\\/\\\/altemirconsulting.com\\\/es\\\/#website\",\"url\":\"https:\\\/\\\/altemirconsulting.com\\\/es\\\/\",\"name\":\"Altemir Consulting\",\"description\":\"\",\"publisher\":{\"@id\":\"https:\\\/\\\/altemirconsulting.com\\\/es\\\/#organization\"},\"potentialAction\":[{\"@type\":\"SearchAction\",\"target\":{\"@type\":\"EntryPoint\",\"urlTemplate\":\"https:\\\/\\\/altemirconsulting.com\\\/es\\\/?s={search_term_string}\"},\"query-input\":{\"@type\":\"PropertyValueSpecification\",\"valueRequired\":true,\"valueName\":\"search_term_string\"}}],\"inLanguage\":\"es\"},{\"@type\":\"Organization\",\"@id\":\"https:\\\/\\\/altemirconsulting.com\\\/es\\\/#organization\",\"name\":\"Altemir Consulting\",\"url\":\"https:\\\/\\\/altemirconsulting.com\\\/es\\\/\",\"logo\":{\"@type\":\"ImageObject\",\"inLanguage\":\"es\",\"@id\":\"https:\\\/\\\/altemirconsulting.com\\\/es\\\/#\\\/schema\\\/logo\\\/image\\\/\",\"url\":\"https:\\\/\\\/altemirconsulting.com\\\/wp-content\\\/uploads\\\/2017\\\/09\\\/favicon.png\",\"contentUrl\":\"https:\\\/\\\/altemirconsulting.com\\\/wp-content\\\/uploads\\\/2017\\\/09\\\/favicon.png\",\"width\":300,\"height\":300,\"caption\":\"Altemir Consulting\"},\"image\":{\"@id\":\"https:\\\/\\\/altemirconsulting.com\\\/es\\\/#\\\/schema\\\/logo\\\/image\\\/\"},\"sameAs\":[\"https:\\\/\\\/www.facebook.com\\\/AltemirConsulting\\\/\",\"https:\\\/\\\/x.com\\\/AltemirConsult\",\"https:\\\/\\\/www.linkedin.com\\\/company\\\/altemirconsulting\\\/\",\"https:\\\/\\\/www.youtube.com\\\/channel\\\/UCymlsqpZMZn-GlEFli_bnfA\"]}]}<\/script>\n<!-- \/ Yoast SEO Premium plugin. -->","yoast_head_json":{"title":"Lean MRP: programaci\u00f3n y control avanzados de la producci\u00f3n","description":"Lean MRP es una metodolog\u00eda de control de la producci\u00f3n que utiliza su sistema de programaci\u00f3n ERP existente para reducir el inventario de productos en curso, acortar los plazos de entrega de la fabricaci\u00f3n y mejorar el cumplimiento de los plazos. Una ventaja adicional es que su programaci\u00f3n de la producci\u00f3n reflejar\u00e1 con mayor precisi\u00f3n sus verdaderas capacidades, lo que permitir\u00e1 compromisos fiables con los clientes.","robots":{"index":"index","follow":"follow","max-snippet":"max-snippet:-1","max-image-preview":"max-image-preview:large","max-video-preview":"max-video-preview:-1"},"canonical":"https:\/\/altemirconsulting.com\/es\/lean-mrp\/","twitter_misc":{"Tiempo de lectura":"3 minutos"},"schema":{"@context":"https:\/\/schema.org","@graph":[{"@type":"WebPage","@id":"https:\/\/altemirconsulting.com\/es\/lean-mrp\/","url":"https:\/\/altemirconsulting.com\/es\/lean-mrp\/","name":"Lean MRP: programaci\u00f3n y control avanzados de la producci\u00f3n","isPartOf":{"@id":"https:\/\/altemirconsulting.com\/es\/#website"},"primaryImageOfPage":{"@id":"https:\/\/altemirconsulting.com\/es\/lean-mrp\/#primaryimage"},"image":{"@id":"https:\/\/altemirconsulting.com\/es\/lean-mrp\/#primaryimage"},"thumbnailUrl":"https:\/\/altemirconsulting.com\/wp-content\/uploads\/2017\/06\/LeanMRP_kiosk-1.jpg","datePublished":"2017-06-15T00:28:48+00:00","dateModified":"2026-01-21T08:31:38+00:00","description":"Lean MRP es una metodolog\u00eda de control de la producci\u00f3n que utiliza su sistema de programaci\u00f3n ERP existente para reducir el inventario de productos en curso, acortar los plazos de entrega de la fabricaci\u00f3n y mejorar el cumplimiento de los plazos. Una ventaja adicional es que su programaci\u00f3n de la producci\u00f3n reflejar\u00e1 con mayor precisi\u00f3n sus verdaderas capacidades, lo que permitir\u00e1 compromisos fiables con los clientes.","breadcrumb":{"@id":"https:\/\/altemirconsulting.com\/es\/lean-mrp\/#breadcrumb"},"inLanguage":"es","potentialAction":[{"@type":"ReadAction","target":["https:\/\/altemirconsulting.com\/es\/lean-mrp\/"]}]},{"@type":"ImageObject","inLanguage":"es","@id":"https:\/\/altemirconsulting.com\/es\/lean-mrp\/#primaryimage","url":"https:\/\/altemirconsulting.com\/wp-content\/uploads\/2017\/06\/LeanMRP_kiosk-1.jpg","contentUrl":"https:\/\/altemirconsulting.com\/wp-content\/uploads\/2017\/06\/LeanMRP_kiosk-1.jpg"},{"@type":"BreadcrumbList","@id":"https:\/\/altemirconsulting.com\/es\/lean-mrp\/#breadcrumb","itemListElement":[{"@type":"ListItem","position":1,"name":"Home","item":"https:\/\/altemirconsulting.com\/es\/"},{"@type":"ListItem","position":2,"name":"Lean MRP"}]},{"@type":"WebSite","@id":"https:\/\/altemirconsulting.com\/es\/#website","url":"https:\/\/altemirconsulting.com\/es\/","name":"Altemir Consulting","description":"","publisher":{"@id":"https:\/\/altemirconsulting.com\/es\/#organization"},"potentialAction":[{"@type":"SearchAction","target":{"@type":"EntryPoint","urlTemplate":"https:\/\/altemirconsulting.com\/es\/?s={search_term_string}"},"query-input":{"@type":"PropertyValueSpecification","valueRequired":true,"valueName":"search_term_string"}}],"inLanguage":"es"},{"@type":"Organization","@id":"https:\/\/altemirconsulting.com\/es\/#organization","name":"Altemir Consulting","url":"https:\/\/altemirconsulting.com\/es\/","logo":{"@type":"ImageObject","inLanguage":"es","@id":"https:\/\/altemirconsulting.com\/es\/#\/schema\/logo\/image\/","url":"https:\/\/altemirconsulting.com\/wp-content\/uploads\/2017\/09\/favicon.png","contentUrl":"https:\/\/altemirconsulting.com\/wp-content\/uploads\/2017\/09\/favicon.png","width":300,"height":300,"caption":"Altemir Consulting"},"image":{"@id":"https:\/\/altemirconsulting.com\/es\/#\/schema\/logo\/image\/"},"sameAs":["https:\/\/www.facebook.com\/AltemirConsulting\/","https:\/\/x.com\/AltemirConsult","https:\/\/www.linkedin.com\/company\/altemirconsulting\/","https:\/\/www.youtube.com\/channel\/UCymlsqpZMZn-GlEFli_bnfA"]}]}},"_links":{"self":[{"href":"https:\/\/altemirconsulting.com\/es\/wp-json\/wp\/v2\/pages\/3775","targetHints":{"allow":["GET"]}}],"collection":[{"href":"https:\/\/altemirconsulting.com\/es\/wp-json\/wp\/v2\/pages"}],"about":[{"href":"https:\/\/altemirconsulting.com\/es\/wp-json\/wp\/v2\/types\/page"}],"author":[{"embeddable":true,"href":"https:\/\/altemirconsulting.com\/es\/wp-json\/wp\/v2\/users\/1"}],"replies":[{"embeddable":true,"href":"https:\/\/altemirconsulting.com\/es\/wp-json\/wp\/v2\/comments?post=3775"}],"version-history":[{"count":2,"href":"https:\/\/altemirconsulting.com\/es\/wp-json\/wp\/v2\/pages\/3775\/revisions"}],"predecessor-version":[{"id":4590,"href":"https:\/\/altemirconsulting.com\/es\/wp-json\/wp\/v2\/pages\/3775\/revisions\/4590"}],"wp:attachment":[{"href":"https:\/\/altemirconsulting.com\/es\/wp-json\/wp\/v2\/media?parent=3775"}],"curies":[{"name":"wp","href":"https:\/\/api.w.org\/{rel}","templated":true}]}}