{"id":3761,"date":"2018-02-24T12:11:04","date_gmt":"2018-02-24T18:11:04","guid":{"rendered":"https:\/\/altemirconsulting.com\/erp-mrp-mes-aps\/"},"modified":"2026-01-21T02:07:39","modified_gmt":"2026-01-21T08:07:39","slug":"erp-mrp-mes-aps","status":"publish","type":"page","link":"https:\/\/altemirconsulting.com\/es\/erp-mrp-mes-aps\/","title":{"rendered":"ERP\/MRP\/MES\/APS"},"content":{"rendered":"\n\n\t<h1>Consultor\u00eda de ERP y Sistemas Inform\u00e1ticos Empresariales<\/h1>\n\t<h4>Selecci\u00f3n, Implementaci\u00f3n, y Optimizaci\u00f3n<\/h4>\n<p>Tenemos una amplia experiencia en la selecci\u00f3n, implementaci\u00f3n, resoluci\u00f3n de problemas y maximizaci\u00f3n de los beneficios de una variedad de sistemas inform\u00e1ticos empresariales, tanto si es una peque\u00f1a empresa como una empresa multimillonaria con amplias inversiones en sistemas inform\u00e1ticos empresariales.<\/p>\n<p>Altemir Consulting ofrece:<\/p>\n<ul>\n<li><a href=\"https:\/\/altemirconsulting.com\/es\/optimizacion-de-erp\/\">Optimizaci\u00f3n de los sistemas existentes<\/a>, incluyendo la limpieza de datos, la garant\u00eda de las mejores pr\u00e1cticas y la formaci\u00f3n<\/li>\n<li>Migraci\u00f3n de datos<\/li>\n<li>Gesti\u00f3n de proyectos<\/li>\n<li>Selecci\u00f3n, planificaci\u00f3n y evaluaci\u00f3n de sistemas<\/li>\n<li>Configuraci\u00f3n e implementaci\u00f3n del sistema<\/li>\n<li>Formaci\u00f3n y soporte continuos<\/li>\n<li>Integraci\u00f3n posterior a fusiones y adquisiciones<\/li>\n<\/ul>\n<p>Nuestro objetivo no es necesariamente ejercitar cada detalle que ofrece su sistema, sino m\u00e1s bien aprovechar su sistema para promover las mejores pr\u00e1cticas empresariales en toda la empresa que logren sus objetivos.<\/p>\n<h4>Amplia Experiencia en Sistemas ERP<\/h4>\n<p>Podemos generar un cambio positivo con pr\u00e1cticamente cualquier sistema ERP que utilice una base de datos relacional (por ejemplo, SQL Server, Oracle, HANA, PostgreSQL, MySQL, etc.). Tenemos experiencia pr\u00e1ctica con las interfaces de usuario front-end y las bases de datos back-end de varios sistemas ERP diferentes, desde QuickBooks hasta SAP.<\/p>\n\t<h4><strong>Somos Agn\u00f3sticos al Sistema<\/strong><\/h4>\n\t<p>&nbsp;<\/p>\n<p>Tenemos profundos conocimientos empresariales transaccionales, anal\u00edticos, de bases de datos y t\u00e9cnicos que pueden ayudar a informar la selecci\u00f3n, implementaci\u00f3n y optimizaci\u00f3n de cualquier sistema ERP.<\/p>\n<p>Algunos de los sistemas con los que tenemos experiencia directa incluyen, entre otros:<\/p>\n<p><strong>ERP:<\/strong><\/p>\n<ul>\n<li>Cetec ERP<\/li>\n<li>DelmiaWorks (IQMS)<\/li>\n<li>ECi M1<\/li>\n<li>Epicor<\/li>\n<li>Fishbowl Advanced<\/li>\n<li>JobBoss<\/li>\n<li>Infor VISUAL<\/li>\n<li>Infor XA<\/li>\n<li>Microsoft Dynamics 365 Supply Chain Management (Finance &amp; Operations)<\/li>\n<li>Microsoft Dynamics AX<\/li>\n<li>Microsoft Dynamics GP<\/li>\n<li><a href=\"https:\/\/altemirconsulting.com\/es\/mrpeasy\/\">MRPeasy<\/a><\/li>\n<li>PLEX<\/li>\n<li>NetSuite<\/li>\n<li>QAD<\/li>\n<li>SAP<\/li>\n<li>ShopMate<\/li>\n<li>Viewpoint Spectrum<\/li>\n<li>&#8230; y otros<\/li>\n<\/ul>\n<p><strong>MES:<\/strong><\/p>\n<ul>\n<li>Factivity<\/li>\n<li><a href=\"https:\/\/altemirconsulting.com\/es\/lean-mrp\/\">Listas de env\u00edo de Lean MRP<\/a><\/li>\n<li>ShopVue<\/li>\n<\/ul>\n<p><strong>APS:<\/strong><\/p>\n<ul>\n<li>Epicor<\/li>\n<li>Infor VISUAL<\/li>\n<li>Infor XA Visual Planner<\/li>\n<li>Planet Together<\/li>\n<li>Siemens OpsCenter (anteriormente Preactor)<\/li>\n<li>SAP<\/li>\n<\/ul>\n<p><strong>QMS:<\/strong><\/p>\n<ul>\n<li>CEBOS<\/li>\n<li>Infor VISUAL<\/li>\n<li>Qualio<\/li>\n<\/ul>\n<p><strong>PLM:<\/strong><\/p>\n<ul>\n<li>AutoDesk Fusion Lifecycle<\/li>\n<li>ENOVIA<\/li>\n<li>PTC Windchill<\/li>\n<\/ul>\n<p><strong>CAD:<\/strong><\/p>\n<ul>\n<li>CATIA<\/li>\n<li>ProENGINEER<\/li>\n<li>Solidworks<\/li>\n<\/ul>\n\t<h3>Programar una llamada telef\u00f3nica<\/h3>\n<p>Haga clic a continuaci\u00f3n para programar una llamada telef\u00f3nica gratuita de 30 minutos para abordar sus preguntas sin compromiso.<\/p>\n\t<!-- Calendly inline widget begin -->\n<!-- Calendly inline widget end -->\n\t\t<h3>Explore las posibilidades&#8230;<\/h3>\n\t\t<p>Agradecemos las consultas de todas las empresas, peque\u00f1as y grandes, que est\u00e9n ansiosas por pasar al siguiente nivel. No dude en ponerse en contacto con nosotros para hablar de sus necesidades espec\u00edficas sin compromiso. <\/p>\n\t\t\t<a href=\"https:\/\/altemirconsulting.com\/es\/contactenos\/\" target=\"_self\">\n\t\t\t\t\t\t\tCont\u00e1ctenos\n\t\t\t\t\t<\/a>\n\n","protected":false},"excerpt":{"rendered":"<p>Consultor\u00eda de ERP y Sistemas Inform\u00e1ticos Empresariales Selecci\u00f3n, Implementaci\u00f3n, y Optimizaci\u00f3n Tenemos una amplia experiencia en la selecci\u00f3n, implementaci\u00f3n, resoluci\u00f3n de problemas y maximizaci\u00f3n de los beneficios de una variedad de sistemas inform\u00e1ticos empresariales, tanto si es una peque\u00f1a empresa como una empresa multimillonaria con amplias inversiones en sistemas inform\u00e1ticos empresariales. Altemir Consulting ofrece: Optimizaci\u00f3n [&hellip;]<\/p>\n","protected":false},"author":1,"featured_media":0,"parent":0,"menu_order":0,"comment_status":"closed","ping_status":"closed","template":"","meta":{"_coblocks_attr":"","_coblocks_dimensions":"","_coblocks_responsive_height":"","_coblocks_accordion_ie_support":"","footnotes":""},"class_list":["post-3761","page","type-page","status-publish","hentry"],"yoast_head":"<!-- This site is optimized with the Yoast SEO Premium plugin v27.0 (Yoast SEO v27.6) - https:\/\/yoast.com\/product\/yoast-seo-premium-wordpress\/ -->\n<title>Optimizaci\u00f3n de ERP agn\u00f3stica al sistema | Altemir Consulting<\/title>\n<meta name=\"description\" content=\"Tenemos una amplia experiencia en la selecci\u00f3n, implementaci\u00f3n y optimizaci\u00f3n de una gran variedad de sistemas de fabricaci\u00f3n ERP, MES, PLM y APS.\" \/>\n<meta name=\"robots\" content=\"index, follow, max-snippet:-1, max-image-preview:large, max-video-preview:-1\" \/>\n<link rel=\"canonical\" href=\"https:\/\/altemirconsulting.com\/es\/erp-mrp-mes-aps\/\" \/>\n<meta name=\"twitter:label1\" content=\"Tiempo de lectura\" \/>\n\t<meta name=\"twitter:data1\" content=\"2 minutos\" \/>\n<script type=\"application\/ld+json\" class=\"yoast-schema-graph\">{\"@context\":\"https:\\\/\\\/schema.org\",\"@graph\":[{\"@type\":\"WebPage\",\"@id\":\"https:\\\/\\\/altemirconsulting.com\\\/es\\\/erp-mrp-mes-aps\\\/\",\"url\":\"https:\\\/\\\/altemirconsulting.com\\\/es\\\/erp-mrp-mes-aps\\\/\",\"name\":\"Optimizaci\u00f3n de ERP agn\u00f3stica al sistema | Altemir Consulting\",\"isPartOf\":{\"@id\":\"https:\\\/\\\/altemirconsulting.com\\\/es\\\/#website\"},\"datePublished\":\"2018-02-24T18:11:04+00:00\",\"dateModified\":\"2026-01-21T08:07:39+00:00\",\"description\":\"Tenemos una amplia experiencia en la selecci\u00f3n, implementaci\u00f3n y optimizaci\u00f3n de una gran variedad de sistemas de fabricaci\u00f3n ERP, MES, PLM y APS.\",\"breadcrumb\":{\"@id\":\"https:\\\/\\\/altemirconsulting.com\\\/es\\\/erp-mrp-mes-aps\\\/#breadcrumb\"},\"inLanguage\":\"es\",\"potentialAction\":[{\"@type\":\"ReadAction\",\"target\":[\"https:\\\/\\\/altemirconsulting.com\\\/es\\\/erp-mrp-mes-aps\\\/\"]}]},{\"@type\":\"BreadcrumbList\",\"@id\":\"https:\\\/\\\/altemirconsulting.com\\\/es\\\/erp-mrp-mes-aps\\\/#breadcrumb\",\"itemListElement\":[{\"@type\":\"ListItem\",\"position\":1,\"name\":\"Home\",\"item\":\"https:\\\/\\\/altemirconsulting.com\\\/es\\\/\"},{\"@type\":\"ListItem\",\"position\":2,\"name\":\"ERP\\\/MRP\\\/MES\\\/APS\"}]},{\"@type\":\"WebSite\",\"@id\":\"https:\\\/\\\/altemirconsulting.com\\\/es\\\/#website\",\"url\":\"https:\\\/\\\/altemirconsulting.com\\\/es\\\/\",\"name\":\"Altemir Consulting\",\"description\":\"\",\"publisher\":{\"@id\":\"https:\\\/\\\/altemirconsulting.com\\\/es\\\/#organization\"},\"potentialAction\":[{\"@type\":\"SearchAction\",\"target\":{\"@type\":\"EntryPoint\",\"urlTemplate\":\"https:\\\/\\\/altemirconsulting.com\\\/es\\\/?s={search_term_string}\"},\"query-input\":{\"@type\":\"PropertyValueSpecification\",\"valueRequired\":true,\"valueName\":\"search_term_string\"}}],\"inLanguage\":\"es\"},{\"@type\":\"Organization\",\"@id\":\"https:\\\/\\\/altemirconsulting.com\\\/es\\\/#organization\",\"name\":\"Altemir Consulting\",\"url\":\"https:\\\/\\\/altemirconsulting.com\\\/es\\\/\",\"logo\":{\"@type\":\"ImageObject\",\"inLanguage\":\"es\",\"@id\":\"https:\\\/\\\/altemirconsulting.com\\\/es\\\/#\\\/schema\\\/logo\\\/image\\\/\",\"url\":\"https:\\\/\\\/altemirconsulting.com\\\/wp-content\\\/uploads\\\/2017\\\/09\\\/favicon.png\",\"contentUrl\":\"https:\\\/\\\/altemirconsulting.com\\\/wp-content\\\/uploads\\\/2017\\\/09\\\/favicon.png\",\"width\":300,\"height\":300,\"caption\":\"Altemir Consulting\"},\"image\":{\"@id\":\"https:\\\/\\\/altemirconsulting.com\\\/es\\\/#\\\/schema\\\/logo\\\/image\\\/\"},\"sameAs\":[\"https:\\\/\\\/www.facebook.com\\\/AltemirConsulting\\\/\",\"https:\\\/\\\/x.com\\\/AltemirConsult\",\"https:\\\/\\\/www.linkedin.com\\\/company\\\/altemirconsulting\\\/\",\"https:\\\/\\\/www.youtube.com\\\/channel\\\/UCymlsqpZMZn-GlEFli_bnfA\"]}]}<\/script>\n<!-- \/ Yoast SEO Premium plugin. -->","yoast_head_json":{"title":"Optimizaci\u00f3n de ERP agn\u00f3stica al sistema | Altemir Consulting","description":"Tenemos una amplia experiencia en la selecci\u00f3n, implementaci\u00f3n y optimizaci\u00f3n de una gran variedad de sistemas de fabricaci\u00f3n ERP, MES, PLM y APS.","robots":{"index":"index","follow":"follow","max-snippet":"max-snippet:-1","max-image-preview":"max-image-preview:large","max-video-preview":"max-video-preview:-1"},"canonical":"https:\/\/altemirconsulting.com\/es\/erp-mrp-mes-aps\/","twitter_misc":{"Tiempo de lectura":"2 minutos"},"schema":{"@context":"https:\/\/schema.org","@graph":[{"@type":"WebPage","@id":"https:\/\/altemirconsulting.com\/es\/erp-mrp-mes-aps\/","url":"https:\/\/altemirconsulting.com\/es\/erp-mrp-mes-aps\/","name":"Optimizaci\u00f3n de ERP agn\u00f3stica al sistema | Altemir Consulting","isPartOf":{"@id":"https:\/\/altemirconsulting.com\/es\/#website"},"datePublished":"2018-02-24T18:11:04+00:00","dateModified":"2026-01-21T08:07:39+00:00","description":"Tenemos una amplia experiencia en la selecci\u00f3n, implementaci\u00f3n y optimizaci\u00f3n de una gran variedad de sistemas de fabricaci\u00f3n ERP, MES, PLM y APS.","breadcrumb":{"@id":"https:\/\/altemirconsulting.com\/es\/erp-mrp-mes-aps\/#breadcrumb"},"inLanguage":"es","potentialAction":[{"@type":"ReadAction","target":["https:\/\/altemirconsulting.com\/es\/erp-mrp-mes-aps\/"]}]},{"@type":"BreadcrumbList","@id":"https:\/\/altemirconsulting.com\/es\/erp-mrp-mes-aps\/#breadcrumb","itemListElement":[{"@type":"ListItem","position":1,"name":"Home","item":"https:\/\/altemirconsulting.com\/es\/"},{"@type":"ListItem","position":2,"name":"ERP\/MRP\/MES\/APS"}]},{"@type":"WebSite","@id":"https:\/\/altemirconsulting.com\/es\/#website","url":"https:\/\/altemirconsulting.com\/es\/","name":"Altemir Consulting","description":"","publisher":{"@id":"https:\/\/altemirconsulting.com\/es\/#organization"},"potentialAction":[{"@type":"SearchAction","target":{"@type":"EntryPoint","urlTemplate":"https:\/\/altemirconsulting.com\/es\/?s={search_term_string}"},"query-input":{"@type":"PropertyValueSpecification","valueRequired":true,"valueName":"search_term_string"}}],"inLanguage":"es"},{"@type":"Organization","@id":"https:\/\/altemirconsulting.com\/es\/#organization","name":"Altemir Consulting","url":"https:\/\/altemirconsulting.com\/es\/","logo":{"@type":"ImageObject","inLanguage":"es","@id":"https:\/\/altemirconsulting.com\/es\/#\/schema\/logo\/image\/","url":"https:\/\/altemirconsulting.com\/wp-content\/uploads\/2017\/09\/favicon.png","contentUrl":"https:\/\/altemirconsulting.com\/wp-content\/uploads\/2017\/09\/favicon.png","width":300,"height":300,"caption":"Altemir Consulting"},"image":{"@id":"https:\/\/altemirconsulting.com\/es\/#\/schema\/logo\/image\/"},"sameAs":["https:\/\/www.facebook.com\/AltemirConsulting\/","https:\/\/x.com\/AltemirConsult","https:\/\/www.linkedin.com\/company\/altemirconsulting\/","https:\/\/www.youtube.com\/channel\/UCymlsqpZMZn-GlEFli_bnfA"]}]}},"_links":{"self":[{"href":"https:\/\/altemirconsulting.com\/es\/wp-json\/wp\/v2\/pages\/3761","targetHints":{"allow":["GET"]}}],"collection":[{"href":"https:\/\/altemirconsulting.com\/es\/wp-json\/wp\/v2\/pages"}],"about":[{"href":"https:\/\/altemirconsulting.com\/es\/wp-json\/wp\/v2\/types\/page"}],"author":[{"embeddable":true,"href":"https:\/\/altemirconsulting.com\/es\/wp-json\/wp\/v2\/users\/1"}],"replies":[{"embeddable":true,"href":"https:\/\/altemirconsulting.com\/es\/wp-json\/wp\/v2\/comments?post=3761"}],"version-history":[{"count":2,"href":"https:\/\/altemirconsulting.com\/es\/wp-json\/wp\/v2\/pages\/3761\/revisions"}],"predecessor-version":[{"id":4579,"href":"https:\/\/altemirconsulting.com\/es\/wp-json\/wp\/v2\/pages\/3761\/revisions\/4579"}],"wp:attachment":[{"href":"https:\/\/altemirconsulting.com\/es\/wp-json\/wp\/v2\/media?parent=3761"}],"curies":[{"name":"wp","href":"https:\/\/api.w.org\/{rel}","templated":true}]}}