{"id":3751,"date":"2018-02-16T20:44:40","date_gmt":"2018-02-17T02:44:40","guid":{"rendered":"https:\/\/altemirconsulting.com\/optimizacion-de-erp\/"},"modified":"2026-01-21T02:24:05","modified_gmt":"2026-01-21T08:24:05","slug":"optimizacion-de-erp","status":"publish","type":"page","link":"https:\/\/altemirconsulting.com\/es\/optimizacion-de-erp\/","title":{"rendered":"Optimizaci\u00f3n de ERP"},"content":{"rendered":"\n\n\t<h1>Optimizaci\u00f3n de ERP<\/h1>\n\t<h4>Tenemos una amplia experiencia maximizando la eficacia de los sistemas ERP existentes.<\/h4>\n<p>Nuestro objetivo es aprovechar las capacidades de su sistema para alcanzar sus objetivos empresariales espec\u00edficos. Ahorros de costes tangibles, mejoras en la eficiencia, satisfacci\u00f3n del cliente y cumplimiento de los plazos son los objetivos.<\/p>\n<p>Las \u00e1reas particulares de optimizaci\u00f3n de datos, procesos y sistemas incluyen:<\/p>\n<h3>Limpieza y Gesti\u00f3n de Datos Maestros<\/h3>\n<p>Es un hecho conocido: los sistemas ERP no funcionar\u00e1n bien si los datos maestros subyacentes no est\u00e1n a la altura. Podemos trabajar directamente con la base de datos back-end de su sistema para limpiar de forma r\u00e1pida y eficaz los datos incorrectos. Tambi\u00e9n podemos ayudarle a implementar un programa de gobernanza de datos maestros para garantizar una calidad de datos sostenible en el futuro. Tener listas maestras de piezas, listas de materiales, rutas\/m\u00e9todos de fabricaci\u00f3n y est\u00e1ndares de tiempo limpios y precisos puede estar a su alcance.<\/p>\n<h3>Garantizar las Mejores Pr\u00e1cticas en Toda la Empresa<\/h3>\n<h4>Planificaci\u00f3n y Programaci\u00f3n<\/h4>\n<p>La planificaci\u00f3n y programaci\u00f3n avanzadas (APS) son una de las piedras angulares de nuestra pr\u00e1ctica de consultor\u00eda. Somos los consultores de referencia para aquellas empresas que no est\u00e1n satisfechas con sus pr\u00e1cticas actuales de programaci\u00f3n de la producci\u00f3n y desean mejorar su cumplimiento de los plazos. Altemir Consulting tambi\u00e9n es insuperable en su capacidad para eliminar la volatilidad de la programaci\u00f3n con el objetivo de restablecer las prioridades de trabajo impulsadas por el cliente en la planta de producci\u00f3n y la cadena de suministro extendida.<\/p>\n<p>Visite nuestras p\u00e1ginas de <a href=\"https:\/\/altemirconsulting.com\/es\/programacion-de-la-produccion-de-fabricacion\/\">programaci\u00f3n de la producci\u00f3n<\/a> y <a href=\"https:\/\/altemirconsulting.com\/es\/90-dias-para-la-ejecucion-a-tiempo\/\">90 d\u00edas para la ejecuci\u00f3n a tiempo<\/a> para obtener m\u00e1s informaci\u00f3n.<\/p>\n<h4>Control de Planta<\/h4>\n<p>Visite nuestra <a href=\"https:\/\/altemirconsulting.com\/es\/lean-mrp\/\">p\u00e1gina de Lean MRP<\/a> para obtener m\u00e1s informaci\u00f3n sobre nuestro enfoque \u00fanico para instituir un flujo Lean basado en la demanda en la planta de producci\u00f3n, utilizando la programaci\u00f3n de la producci\u00f3n ERP como base. Se trata de una t\u00e9cnica novedosa que normalmente no requiere inversi\u00f3n de capital adicional. La mejora de los informes de mano de obra y materiales, el control de materiales Lean y la gesti\u00f3n del rendimiento son otras \u00e1reas en las que destacamos.<\/p>\n<h4>Gesti\u00f3n de Inventario<\/h4>\n<p>Altemir Consulting es experta en el establecimiento de par\u00e1metros de inventario y compra estad\u00edsticamente optimizados y en su implementaci\u00f3n como parte de un programa de gesti\u00f3n de inventario mejorado. Hemos logrado reducciones de inventario superiores al 25% manteniendo tasas de cumplimiento superiores al 98%. Entendemos la mec\u00e1nica de la previsi\u00f3n de la demanda, el MRP y el control de inventario que son aplicables a los distribuidores que cumplen con los pedidos de los clientes, as\u00ed como a los fabricantes que buscan mantener suficientes materias primas disponibles. La mejora de la precisi\u00f3n del inventario es tambi\u00e9n un \u00e1rea en la que hemos tenido mucho \u00e9xito.<\/p>\n<p>Visite nuestra <a href=\"https:\/\/www.altemirconsulting.com\/inventory-management\">p\u00e1gina de gesti\u00f3n de inventario<\/a> para obtener m\u00e1s informaci\u00f3n.<\/p>\n<h4>Compras<\/h4>\n<p>Las organizaciones de gesti\u00f3n de la cadena de suministro apreciar\u00e1n nuestra experiencia en mantenerse por delante de las interrupciones de los proveedores y eliminar la volatilidad de la programaci\u00f3n impulsada por el MRP. Un programa cuidadosamente elaborado de gesti\u00f3n de datos maestros junto con el control de inventario puede mejorar significativamente la capacidad de su organizaci\u00f3n para practicar de forma fiable la compra justo a tiempo (JIT) y mantener existencias de inventario adecuadas.<\/p>\n<h4>Otras \u00c1reas Funcionales<\/h4>\n<p>Podemos abordar una variedad de otras \u00e1reas, como la gesti\u00f3n de pedidos de clientes, el control de documentos, la inspecci\u00f3n de calidad, la contabilidad de costes y la gesti\u00f3n de cambios de ingenier\u00eda.<\/p>\n<h3>Amplia Experiencia en Sistemas ERP<\/h3>\n<p>Podemos generar cambios positivos con pr\u00e1cticamente cualquier sistema ERP. Tenemos experiencia pr\u00e1ctica con las interfaces de usuario front-end y las bases de datos back-end de una serie de sistemas ERP diferentes, desde QuickBooks hasta SAP.<\/p>\n\t<h3>Somos Agn\u00f3sticos al Sistema<\/h3>\n\t<p>&nbsp;<\/p>\n<p>Tenemos profundas habilidades transaccionales de negocios, anal\u00edticas, de bases de datos y t\u00e9cnicas que pueden ayudar a transformar r\u00e1pidamente el uso y el beneficio de <strong>cualquier sistema ERP o de TI empresarial<\/strong>.<\/p>\n<p>Algunos de los sistemas con los que tenemos experiencia directa incluyen, entre otros:<\/p>\n<p><strong>ERP:<\/strong><\/p>\n<ul>\n<li>SAP<\/li>\n<li>Epicor<\/li>\n<li>Fishbowl Advanced<\/li>\n<li>JobBoss<\/li>\n<li>Infor VISUAL<\/li>\n<li>Infor XA<\/li>\n<li>Microsoft Dynamics 365 Finance &amp; Operations (SCM)<\/li>\n<li>Microsoft Dynamics AX<\/li>\n<li>Microsoft Dynamics GP<\/li>\n<li>NetSuite<\/li>\n<li>PLEX<\/li>\n<li>QAD<\/li>\n<li>DelmiaWorks (IQMS)<\/li>\n<li>ECi M1<\/li>\n<li>Cetec ERP<\/li>\n<li>ShopMate<\/li>\n<li><a href=\"https:\/\/altemirconsulting.com\/es\/mrpeasy\/\">MRPeasy<\/a><\/li>\n<li>&#8230; y otros<\/li>\n<\/ul>\n<p><strong>MES:<\/strong><\/p>\n<ul>\n<li>Factivity<\/li>\n<li>ShopVue<\/li>\n<li><a href=\"https:\/\/altemirconsulting.com\/es\/lean-mrp\/\">Listas de env\u00edo de Lean MRP<\/a><\/li>\n<\/ul>\n<p><strong>APS:<\/strong><\/p>\n<ul>\n<li>SAP<\/li>\n<li>Epicor<\/li>\n<li>Infor VISUAL<\/li>\n<li>Infor XA Visual Planner<\/li>\n<li>Planet Together<\/li>\n<li>Siemens Opcenter (Preactor)<\/li>\n<\/ul>\n<p><strong>QMS:<\/strong><\/p>\n<ul>\n<li>CEBOS<\/li>\n<li>Qualio<\/li>\n<li>Infor VISUAL<\/li>\n<\/ul>\n<p><strong>PLM:<\/strong><\/p>\n<ul>\n<li>ENOVIA<\/li>\n<li>PTC Windchill<\/li>\n<li>AutoDesk Fusion Lifecycle<\/li>\n<\/ul>\n<p><strong>CAD:<\/strong><\/p>\n<ul>\n<li>Solidworks<\/li>\n<li>ProENGINEER<\/li>\n<li>CATIA<\/li>\n<\/ul>\n\t<h2>Programar una llamada telef\u00f3nica<\/h2>\n<p>Haga clic a continuaci\u00f3n para programar una llamada telef\u00f3nica gratuita de 30 minutos para analizar sus necesidades sin compromiso:<\/p>\n\t<!-- Calendly inline widget begin -->\n<!-- Calendly inline widget end -->\n\t\t<h3>Explore las Posibilidades&#8230;<\/h3>\n\t\t<p>Agradecemos las consultas de todas las empresas, peque\u00f1as y grandes, que est\u00e9n ansiosas por pasar al siguiente nivel. No dude en ponerse en contacto con nosotros para hablar de sus necesidades espec\u00edficas sin compromiso.<\/p>\n\t\t\t<a href=\"https:\/\/altemirconsulting.com\/es\/contactenos\/\" target=\"_self\">\n\t\t\t\t\t\t\tCont\u00e1ctenos\n\t\t\t\t\t<\/a>\n\n","protected":false},"excerpt":{"rendered":"<p>Optimizaci\u00f3n de ERP Tenemos una amplia experiencia maximizando la eficacia de los sistemas ERP existentes. Nuestro objetivo es aprovechar las capacidades de su sistema para alcanzar sus objetivos empresariales espec\u00edficos. Ahorros de costes tangibles, mejoras en la eficiencia, satisfacci\u00f3n del cliente y cumplimiento de los plazos son los objetivos. Las \u00e1reas particulares de optimizaci\u00f3n de [&hellip;]<\/p>\n","protected":false},"author":1,"featured_media":0,"parent":0,"menu_order":0,"comment_status":"closed","ping_status":"closed","template":"","meta":{"_coblocks_attr":"","_coblocks_dimensions":"","_coblocks_responsive_height":"","_coblocks_accordion_ie_support":"","footnotes":""},"class_list":["post-3751","page","type-page","status-publish","hentry"],"yoast_head":"<!-- This site is optimized with the Yoast SEO Premium plugin v27.0 (Yoast SEO v27.6) - https:\/\/yoast.com\/product\/yoast-seo-premium-wordpress\/ -->\n<title>Optimizaci\u00f3n del sistema ERP | Altemir Consulting<\/title>\n<meta name=\"description\" content=\"Maximizar los beneficios de los sistemas ERP nuevos y existentes es una de nuestras especialidades. Tenemos una amplia experiencia en una gran variedad de sistemas ERP.\" \/>\n<meta name=\"robots\" content=\"index, follow, max-snippet:-1, max-image-preview:large, max-video-preview:-1\" \/>\n<link rel=\"canonical\" href=\"https:\/\/altemirconsulting.com\/es\/optimizacion-de-erp\/\" \/>\n<meta name=\"twitter:label1\" content=\"Tiempo de lectura\" \/>\n\t<meta name=\"twitter:data1\" content=\"4 minutos\" \/>\n<script type=\"application\/ld+json\" class=\"yoast-schema-graph\">{\"@context\":\"https:\\\/\\\/schema.org\",\"@graph\":[{\"@type\":\"WebPage\",\"@id\":\"https:\\\/\\\/altemirconsulting.com\\\/es\\\/optimizacion-de-erp\\\/\",\"url\":\"https:\\\/\\\/altemirconsulting.com\\\/es\\\/optimizacion-de-erp\\\/\",\"name\":\"Optimizaci\u00f3n del sistema ERP | Altemir Consulting\",\"isPartOf\":{\"@id\":\"https:\\\/\\\/altemirconsulting.com\\\/es\\\/#website\"},\"datePublished\":\"2018-02-17T02:44:40+00:00\",\"dateModified\":\"2026-01-21T08:24:05+00:00\",\"description\":\"Maximizar los beneficios de los sistemas ERP nuevos y existentes es una de nuestras especialidades. Tenemos una amplia experiencia en una gran variedad de sistemas ERP.\",\"breadcrumb\":{\"@id\":\"https:\\\/\\\/altemirconsulting.com\\\/es\\\/optimizacion-de-erp\\\/#breadcrumb\"},\"inLanguage\":\"es\",\"potentialAction\":[{\"@type\":\"ReadAction\",\"target\":[\"https:\\\/\\\/altemirconsulting.com\\\/es\\\/optimizacion-de-erp\\\/\"]}]},{\"@type\":\"BreadcrumbList\",\"@id\":\"https:\\\/\\\/altemirconsulting.com\\\/es\\\/optimizacion-de-erp\\\/#breadcrumb\",\"itemListElement\":[{\"@type\":\"ListItem\",\"position\":1,\"name\":\"Home\",\"item\":\"https:\\\/\\\/altemirconsulting.com\\\/es\\\/\"},{\"@type\":\"ListItem\",\"position\":2,\"name\":\"Optimizaci\u00f3n de ERP\"}]},{\"@type\":\"WebSite\",\"@id\":\"https:\\\/\\\/altemirconsulting.com\\\/es\\\/#website\",\"url\":\"https:\\\/\\\/altemirconsulting.com\\\/es\\\/\",\"name\":\"Altemir Consulting\",\"description\":\"\",\"publisher\":{\"@id\":\"https:\\\/\\\/altemirconsulting.com\\\/es\\\/#organization\"},\"potentialAction\":[{\"@type\":\"SearchAction\",\"target\":{\"@type\":\"EntryPoint\",\"urlTemplate\":\"https:\\\/\\\/altemirconsulting.com\\\/es\\\/?s={search_term_string}\"},\"query-input\":{\"@type\":\"PropertyValueSpecification\",\"valueRequired\":true,\"valueName\":\"search_term_string\"}}],\"inLanguage\":\"es\"},{\"@type\":\"Organization\",\"@id\":\"https:\\\/\\\/altemirconsulting.com\\\/es\\\/#organization\",\"name\":\"Altemir Consulting\",\"url\":\"https:\\\/\\\/altemirconsulting.com\\\/es\\\/\",\"logo\":{\"@type\":\"ImageObject\",\"inLanguage\":\"es\",\"@id\":\"https:\\\/\\\/altemirconsulting.com\\\/es\\\/#\\\/schema\\\/logo\\\/image\\\/\",\"url\":\"https:\\\/\\\/altemirconsulting.com\\\/wp-content\\\/uploads\\\/2017\\\/09\\\/favicon.png\",\"contentUrl\":\"https:\\\/\\\/altemirconsulting.com\\\/wp-content\\\/uploads\\\/2017\\\/09\\\/favicon.png\",\"width\":300,\"height\":300,\"caption\":\"Altemir Consulting\"},\"image\":{\"@id\":\"https:\\\/\\\/altemirconsulting.com\\\/es\\\/#\\\/schema\\\/logo\\\/image\\\/\"},\"sameAs\":[\"https:\\\/\\\/www.facebook.com\\\/AltemirConsulting\\\/\",\"https:\\\/\\\/x.com\\\/AltemirConsult\",\"https:\\\/\\\/www.linkedin.com\\\/company\\\/altemirconsulting\\\/\",\"https:\\\/\\\/www.youtube.com\\\/channel\\\/UCymlsqpZMZn-GlEFli_bnfA\"]}]}<\/script>\n<!-- \/ Yoast SEO Premium plugin. -->","yoast_head_json":{"title":"Optimizaci\u00f3n del sistema ERP | Altemir Consulting","description":"Maximizar los beneficios de los sistemas ERP nuevos y existentes es una de nuestras especialidades. Tenemos una amplia experiencia en una gran variedad de sistemas ERP.","robots":{"index":"index","follow":"follow","max-snippet":"max-snippet:-1","max-image-preview":"max-image-preview:large","max-video-preview":"max-video-preview:-1"},"canonical":"https:\/\/altemirconsulting.com\/es\/optimizacion-de-erp\/","twitter_misc":{"Tiempo de lectura":"4 minutos"},"schema":{"@context":"https:\/\/schema.org","@graph":[{"@type":"WebPage","@id":"https:\/\/altemirconsulting.com\/es\/optimizacion-de-erp\/","url":"https:\/\/altemirconsulting.com\/es\/optimizacion-de-erp\/","name":"Optimizaci\u00f3n del sistema ERP | Altemir Consulting","isPartOf":{"@id":"https:\/\/altemirconsulting.com\/es\/#website"},"datePublished":"2018-02-17T02:44:40+00:00","dateModified":"2026-01-21T08:24:05+00:00","description":"Maximizar los beneficios de los sistemas ERP nuevos y existentes es una de nuestras especialidades. Tenemos una amplia experiencia en una gran variedad de sistemas ERP.","breadcrumb":{"@id":"https:\/\/altemirconsulting.com\/es\/optimizacion-de-erp\/#breadcrumb"},"inLanguage":"es","potentialAction":[{"@type":"ReadAction","target":["https:\/\/altemirconsulting.com\/es\/optimizacion-de-erp\/"]}]},{"@type":"BreadcrumbList","@id":"https:\/\/altemirconsulting.com\/es\/optimizacion-de-erp\/#breadcrumb","itemListElement":[{"@type":"ListItem","position":1,"name":"Home","item":"https:\/\/altemirconsulting.com\/es\/"},{"@type":"ListItem","position":2,"name":"Optimizaci\u00f3n de ERP"}]},{"@type":"WebSite","@id":"https:\/\/altemirconsulting.com\/es\/#website","url":"https:\/\/altemirconsulting.com\/es\/","name":"Altemir Consulting","description":"","publisher":{"@id":"https:\/\/altemirconsulting.com\/es\/#organization"},"potentialAction":[{"@type":"SearchAction","target":{"@type":"EntryPoint","urlTemplate":"https:\/\/altemirconsulting.com\/es\/?s={search_term_string}"},"query-input":{"@type":"PropertyValueSpecification","valueRequired":true,"valueName":"search_term_string"}}],"inLanguage":"es"},{"@type":"Organization","@id":"https:\/\/altemirconsulting.com\/es\/#organization","name":"Altemir Consulting","url":"https:\/\/altemirconsulting.com\/es\/","logo":{"@type":"ImageObject","inLanguage":"es","@id":"https:\/\/altemirconsulting.com\/es\/#\/schema\/logo\/image\/","url":"https:\/\/altemirconsulting.com\/wp-content\/uploads\/2017\/09\/favicon.png","contentUrl":"https:\/\/altemirconsulting.com\/wp-content\/uploads\/2017\/09\/favicon.png","width":300,"height":300,"caption":"Altemir Consulting"},"image":{"@id":"https:\/\/altemirconsulting.com\/es\/#\/schema\/logo\/image\/"},"sameAs":["https:\/\/www.facebook.com\/AltemirConsulting\/","https:\/\/x.com\/AltemirConsult","https:\/\/www.linkedin.com\/company\/altemirconsulting\/","https:\/\/www.youtube.com\/channel\/UCymlsqpZMZn-GlEFli_bnfA"]}]}},"_links":{"self":[{"href":"https:\/\/altemirconsulting.com\/es\/wp-json\/wp\/v2\/pages\/3751","targetHints":{"allow":["GET"]}}],"collection":[{"href":"https:\/\/altemirconsulting.com\/es\/wp-json\/wp\/v2\/pages"}],"about":[{"href":"https:\/\/altemirconsulting.com\/es\/wp-json\/wp\/v2\/types\/page"}],"author":[{"embeddable":true,"href":"https:\/\/altemirconsulting.com\/es\/wp-json\/wp\/v2\/users\/1"}],"replies":[{"embeddable":true,"href":"https:\/\/altemirconsulting.com\/es\/wp-json\/wp\/v2\/comments?post=3751"}],"version-history":[{"count":2,"href":"https:\/\/altemirconsulting.com\/es\/wp-json\/wp\/v2\/pages\/3751\/revisions"}],"predecessor-version":[{"id":4586,"href":"https:\/\/altemirconsulting.com\/es\/wp-json\/wp\/v2\/pages\/3751\/revisions\/4586"}],"wp:attachment":[{"href":"https:\/\/altemirconsulting.com\/es\/wp-json\/wp\/v2\/media?parent=3751"}],"curies":[{"name":"wp","href":"https:\/\/api.w.org\/{rel}","templated":true}]}}