{"id":3724,"date":"2018-02-14T18:23:23","date_gmt":"2018-02-15T00:23:23","guid":{"rendered":"https:\/\/altemirconsulting.com\/gestion-de-inventario\/"},"modified":"2026-01-21T02:29:19","modified_gmt":"2026-01-21T08:29:19","slug":"gestion-de-inventario","status":"publish","type":"page","link":"https:\/\/altemirconsulting.com\/es\/gestion-de-inventario\/","title":{"rendered":"Gesti\u00f3n de inventario"},"content":{"rendered":"\n\n\t<h1>Consultor\u00eda de Gesti\u00f3n de Inventario<\/h1>\n\t<p>Tanto si se centra en los productos terminados como en las materias primas, Altemir Consulting proporciona a los fabricantes una experiencia fiable en la gesti\u00f3n de inventario para reducir los costes, al tiempo que garantiza la disponibilidad de materiales\/productos, una contabilidad de costes precisa y un mejor rendimiento de los activos de inventario.<\/p>\n<p>Dominamos el vocabulario del inventario gestionado por el proveedor (VMI), los kanbans, los puntos de pedido (ROP), las cantidades econ\u00f3micas de pedido (EOQ), las existencias de seguridad y los MIN\/MAX para pr\u00e1cticamente cualquier sistema ERP, MRP, WMS o sistema de gesti\u00f3n de materiales visual Lean. Le cubrimos las espaldas en esto.<\/p>\n<p>Las \u00e1reas en las que podemos ayudarle incluyen:<\/p>\n<ul>\n<li><a href=\"#opt\">Optimizaci\u00f3n del inventario<\/a><\/li>\n<li><a href=\"#accu\">Precisi\u00f3n y control del inventario<\/a><\/li>\n<li><a href=\"#lean\">Kanbans y gesti\u00f3n de inventario Lean<\/a><\/li>\n<li><a href=\"#asset\">Gesti\u00f3n de activos<\/a><\/li>\n<\/ul>\n<p><a name=\"opt\"><\/a><\/p>\n<h4>Optimizaci\u00f3n del Inventario<\/h4>\n<p>Adoptar el enfoque correcto en la planificaci\u00f3n del inventario puede evitar la escasez de art\u00edculos de gran demanda, al tiempo que se reduce el exceso de existencias de los productos de baja rotaci\u00f3n.<\/p>\n<p>Si su organizaci\u00f3n gestiona el inventario bas\u00e1ndose en los plazos de entrega o en el &#8220;n\u00famero de d\u00edas en stock&#8221;, es posible que se beneficie significativamente de nuestro enfoque anal\u00edtico especializado.<\/p>\n<p>Altemir Consulting a menudo puede reducir el inventario <em>al mismo tiempo<\/em> que evita la escasez y mejora los niveles de servicio. A menudo podemos proporcionarle una oportunidad para un r\u00e1pido aumento del flujo de caja, permiti\u00e9ndole optimizar sus niveles de inventario objetivo y disminuir de forma segura su gasto en compras, normalmente durante varios meses. La rotaci\u00f3n de inventario y el rendimiento del balance tambi\u00e9n mejorar\u00e1n como beneficio adicional.<\/p>\n<p><a href=\"https:\/\/altemirconsulting.com\/es\/contactenos\/\">Programe una llamada telef\u00f3nica<\/a> para hablar de sus retos y perspectivas sin compromiso.<\/p>\n<p><a name=\"accu\"><\/a><\/p>\n<h4>Precisi\u00f3n y Control del Inventario<\/h4>\n<p>Trabajamos con fabricantes y distribuidores que conf\u00edan en tener inventarios precisos de materias primas, productos en curso (WIP) y\/o productos terminados. Podemos ayudar a establecer lo siguiente de forma eficaz:<\/p>\n<ul>\n<li>Planificaci\u00f3n de materiales<\/li>\n<li>Operaciones de almac\u00e9n<\/li>\n<li>Pr\u00e1cticas transaccionales<\/li>\n<li>Programas de recuento f\u00edsico de inventario<\/li>\n<\/ul>\n<p>Si su organizaci\u00f3n actualmente depende del recuento f\u00edsico de inventario general de rutina, apreciar\u00e1 particularmente nuestra ayuda para establecer la recepci\u00f3n eficaz de materiales, las transacciones de consumo\/emisi\u00f3n de materiales, el env\u00edo y el recuento c\u00edclico. La necesidad de recuentos f\u00edsicos de inventario general frecuentes puede eliminarse por completo para satisfacci\u00f3n de los contables y otras partes interesadas financieras y operativas.<\/p>\nPodemos ayudarle a perfeccionar y mejorar su metodolog\u00eda de inventario f\u00edsico para garantizar niveles, costes y ubicaciones de inventario precisos.<br \/>\n<a name=\"lean\"><\/a>\n<h4>Kanbans y Gesti\u00f3n de Inventario Lean<\/h4>\nAlgunos fabricantes pueden beneficiarse de los kanbans f\u00edsicos (o virtuales). Todos nuestros paradigmas de gesti\u00f3n y control de inventario son Lean por naturaleza y obedecen esencialmente a los mismos tratamientos matem\u00e1ticos que los kanbans. Podemos ayudar a establecer un flujo de extracci\u00f3n Lean utilizando kanbans, supermercados y (en el caso de art\u00edculos fabricados en entornos de taller de trabajo) <a href=\"https:\/\/www.altemirconsulting.com\/lean-mrp\">Lean MRP<\/a>.<br \/>\n<a name=\"imp\"><\/a>\n<h4>Gesti\u00f3n de Activos<\/h4>\n<p>Hemos aplicado con \u00e9xito nuestra importante experiencia en inventario de fabricaci\u00f3n a la gesti\u00f3n de activos. Esto es particularmente valioso en aquellas situaciones en las que los activos de la empresa, como veh\u00edculos, equipos, herramientas u otros elementos de capital, se emplean habitualmente en la prestaci\u00f3n de servicios al cliente.<\/p>\n\t<h4>Somos Agn\u00f3sticos al Sistema<\/h4>\n\t<p>Tenemos profundas habilidades t\u00e9cnicas, anal\u00edticas, de bases de datos y de negocios transaccionales que pueden ayudar a transformar r\u00e1pidamente el uso y el beneficio de <strong>cualquier sistema ERP o de TI empresarial<\/strong>.<\/p>\n<p>Algunos de los sistemas con los que tenemos experiencia directa incluyen, entre otros:<\/p>\n<ul>\n<li>SAP<\/li>\n<li>Epicor<\/li>\n<li>Infor<\/li>\n<li>Microsoft Dynamics<\/li>\n<li>QAD<\/li>\n<li>NetSuite<\/li>\n<li>ECi M1<\/li>\n<li>Cetec ERP<\/li>\n<li>ShopMate<\/li>\n<li><a href=\"https:\/\/altemirconsulting.com\/es\/mrpeasy\/\">MRPeasy<\/a><\/li>\n<\/ul>\n\t\t\t\t<img decoding=\"async\" src=\"https:\/\/altemirconsulting.com\/wp-content\/uploads\/2019\/12\/warehouse3-300x163.jpg\" alt=\"consultor\u00eda de la cadena de suministro\" itemprop=\"image\" height=\"163\" width=\"300\" title=\"warehouse3\" onerror=\"this.style.display='none'\" loading=\"lazy\" \/>\n\t\t\t\t<img decoding=\"async\" src=\"https:\/\/altemirconsulting.com\/wp-content\/uploads\/2018\/09\/food_beverage-300x198.jpg\" alt=\"alimentos_bebidas\" itemprop=\"image\" height=\"198\" width=\"300\" title=\"alimentos_bebidas\" onerror=\"this.style.display='none'\" loading=\"lazy\" \/>\n\t\t\t\t<img decoding=\"async\" src=\"https:\/\/altemirconsulting.com\/wp-content\/uploads\/2019\/04\/SteelInventory-300x169.jpg\" alt=\"gesti\u00f3n de inventario\" itemprop=\"image\" height=\"169\" width=\"300\" title=\"SteelInventory\" onerror=\"this.style.display='none'\" loading=\"lazy\" \/>\n\t<h2>Programar una Llamada Telef\u00f3nica<\/h2>\n<p>Haga clic a continuaci\u00f3n para programar una llamada telef\u00f3nica gratuita de 30 minutos para abordar sus preguntas sin compromiso.<\/p>\n\t<!-- Calendly inline widget begin -->\n<!-- Calendly inline widget end -->\n\t<p>Algunos de nuestros \u00e9xitos pasados:<\/p>\n\t\t\t\t<img decoding=\"async\" src=\"https:\/\/altemirconsulting.com\/wp-content\/uploads\/2023\/03\/CaseStudy08.png\" alt=\"CaseStudy08\" itemprop=\"image\" height=\"255\" width=\"300\" title=\"CaseStudy08\" onerror=\"this.style.display='none'\" loading=\"lazy\" \/>\n\t\t\t\t<img decoding=\"async\" src=\"https:\/\/altemirconsulting.com\/wp-content\/uploads\/2023\/03\/CaseStudy06.png\" alt=\"CaseStudy06\" itemprop=\"image\" height=\"255\" width=\"300\" title=\"CaseStudy06\" onerror=\"this.style.display='none'\" loading=\"lazy\" \/>\n\t\t\t\t<img decoding=\"async\" src=\"https:\/\/altemirconsulting.com\/wp-content\/uploads\/2023\/03\/CaseStudy04.jpg\" alt=\"CaseStudy04\" itemprop=\"image\" height=\"255\" width=\"300\" title=\"CaseStudy04\" onerror=\"this.style.display='none'\" loading=\"lazy\" \/>\n\t\t<h3>Explore las posibilidades&#8230;<\/h3>\n\t\t<p>Agradecemos las consultas de todas las empresas, peque\u00f1as y grandes, que est\u00e9n ansiosas por pasar al siguiente nivel. No dude en ponerse en contacto con nosotros para hablar de sus necesidades espec\u00edficas sin compromiso. <\/p>\n\t\t\t<a href=\"https:\/\/altemirconsulting.com\/es\/contactenos\/\" target=\"_self\">\n\t\t\t\t\t\t\tCont\u00e1ctenos\n\t\t\t\t\t<\/a>\n\n","protected":false},"excerpt":{"rendered":"<p>Consultor\u00eda de Gesti\u00f3n de Inventario Tanto si se centra en los productos terminados como en las materias primas, Altemir Consulting proporciona a los fabricantes una experiencia fiable en la gesti\u00f3n de inventario para reducir los costes, al tiempo que garantiza la disponibilidad de materiales\/productos, una contabilidad de costes precisa y un mejor rendimiento de los [&hellip;]<\/p>\n","protected":false},"author":1,"featured_media":0,"parent":0,"menu_order":0,"comment_status":"closed","ping_status":"closed","template":"","meta":{"_coblocks_attr":"","_coblocks_dimensions":"","_coblocks_responsive_height":"","_coblocks_accordion_ie_support":"","footnotes":""},"class_list":["post-3724","page","type-page","status-publish","hentry"],"yoast_head":"<!-- This site is optimized with the Yoast SEO Premium plugin v27.0 (Yoast SEO v27.6) - https:\/\/yoast.com\/product\/yoast-seo-premium-wordpress\/ -->\n<title>Optimizaci\u00f3n de la gesti\u00f3n de inventario | Altemir Consulting<\/title>\n<meta name=\"description\" content=\"Nos especializamos en optimizar la gesti\u00f3n de inventario de los fabricantes para aumentar las tasas de cobertura en m\u00e1s del 99%, al tiempo que reducimos el inventario entre un 25 y un 50%.\" \/>\n<meta name=\"robots\" content=\"index, follow, max-snippet:-1, max-image-preview:large, max-video-preview:-1\" \/>\n<link rel=\"canonical\" href=\"https:\/\/altemirconsulting.com\/es\/gestion-de-inventario\/\" \/>\n<meta name=\"twitter:label1\" content=\"Tiempo de lectura\" \/>\n\t<meta name=\"twitter:data1\" content=\"4 minutos\" \/>\n<script type=\"application\/ld+json\" class=\"yoast-schema-graph\">{\"@context\":\"https:\\\/\\\/schema.org\",\"@graph\":[{\"@type\":\"WebPage\",\"@id\":\"https:\\\/\\\/altemirconsulting.com\\\/es\\\/gestion-de-inventario\\\/\",\"url\":\"https:\\\/\\\/altemirconsulting.com\\\/es\\\/gestion-de-inventario\\\/\",\"name\":\"Optimizaci\u00f3n de la gesti\u00f3n de inventario | Altemir Consulting\",\"isPartOf\":{\"@id\":\"https:\\\/\\\/altemirconsulting.com\\\/es\\\/#website\"},\"primaryImageOfPage\":{\"@id\":\"https:\\\/\\\/altemirconsulting.com\\\/es\\\/gestion-de-inventario\\\/#primaryimage\"},\"image\":{\"@id\":\"https:\\\/\\\/altemirconsulting.com\\\/es\\\/gestion-de-inventario\\\/#primaryimage\"},\"thumbnailUrl\":\"https:\\\/\\\/altemirconsulting.com\\\/wp-content\\\/uploads\\\/2019\\\/12\\\/warehouse3-300x163.jpg\",\"datePublished\":\"2018-02-15T00:23:23+00:00\",\"dateModified\":\"2026-01-21T08:29:19+00:00\",\"description\":\"Nos especializamos en optimizar la gesti\u00f3n de inventario de los fabricantes para aumentar las tasas de cobertura en m\u00e1s del 99%, al tiempo que reducimos el inventario entre un 25 y un 50%.\",\"breadcrumb\":{\"@id\":\"https:\\\/\\\/altemirconsulting.com\\\/es\\\/gestion-de-inventario\\\/#breadcrumb\"},\"inLanguage\":\"es\",\"potentialAction\":[{\"@type\":\"ReadAction\",\"target\":[\"https:\\\/\\\/altemirconsulting.com\\\/es\\\/gestion-de-inventario\\\/\"]}]},{\"@type\":\"ImageObject\",\"inLanguage\":\"es\",\"@id\":\"https:\\\/\\\/altemirconsulting.com\\\/es\\\/gestion-de-inventario\\\/#primaryimage\",\"url\":\"https:\\\/\\\/altemirconsulting.com\\\/wp-content\\\/uploads\\\/2019\\\/12\\\/warehouse3-300x163.jpg\",\"contentUrl\":\"https:\\\/\\\/altemirconsulting.com\\\/wp-content\\\/uploads\\\/2019\\\/12\\\/warehouse3-300x163.jpg\"},{\"@type\":\"BreadcrumbList\",\"@id\":\"https:\\\/\\\/altemirconsulting.com\\\/es\\\/gestion-de-inventario\\\/#breadcrumb\",\"itemListElement\":[{\"@type\":\"ListItem\",\"position\":1,\"name\":\"Home\",\"item\":\"https:\\\/\\\/altemirconsulting.com\\\/es\\\/\"},{\"@type\":\"ListItem\",\"position\":2,\"name\":\"Gesti\u00f3n de inventario\"}]},{\"@type\":\"WebSite\",\"@id\":\"https:\\\/\\\/altemirconsulting.com\\\/es\\\/#website\",\"url\":\"https:\\\/\\\/altemirconsulting.com\\\/es\\\/\",\"name\":\"Altemir Consulting\",\"description\":\"\",\"publisher\":{\"@id\":\"https:\\\/\\\/altemirconsulting.com\\\/es\\\/#organization\"},\"potentialAction\":[{\"@type\":\"SearchAction\",\"target\":{\"@type\":\"EntryPoint\",\"urlTemplate\":\"https:\\\/\\\/altemirconsulting.com\\\/es\\\/?s={search_term_string}\"},\"query-input\":{\"@type\":\"PropertyValueSpecification\",\"valueRequired\":true,\"valueName\":\"search_term_string\"}}],\"inLanguage\":\"es\"},{\"@type\":\"Organization\",\"@id\":\"https:\\\/\\\/altemirconsulting.com\\\/es\\\/#organization\",\"name\":\"Altemir Consulting\",\"url\":\"https:\\\/\\\/altemirconsulting.com\\\/es\\\/\",\"logo\":{\"@type\":\"ImageObject\",\"inLanguage\":\"es\",\"@id\":\"https:\\\/\\\/altemirconsulting.com\\\/es\\\/#\\\/schema\\\/logo\\\/image\\\/\",\"url\":\"https:\\\/\\\/altemirconsulting.com\\\/wp-content\\\/uploads\\\/2017\\\/09\\\/favicon.png\",\"contentUrl\":\"https:\\\/\\\/altemirconsulting.com\\\/wp-content\\\/uploads\\\/2017\\\/09\\\/favicon.png\",\"width\":300,\"height\":300,\"caption\":\"Altemir Consulting\"},\"image\":{\"@id\":\"https:\\\/\\\/altemirconsulting.com\\\/es\\\/#\\\/schema\\\/logo\\\/image\\\/\"},\"sameAs\":[\"https:\\\/\\\/www.facebook.com\\\/AltemirConsulting\\\/\",\"https:\\\/\\\/x.com\\\/AltemirConsult\",\"https:\\\/\\\/www.linkedin.com\\\/company\\\/altemirconsulting\\\/\",\"https:\\\/\\\/www.youtube.com\\\/channel\\\/UCymlsqpZMZn-GlEFli_bnfA\"]}]}<\/script>\n<!-- \/ Yoast SEO Premium plugin. -->","yoast_head_json":{"title":"Optimizaci\u00f3n de la gesti\u00f3n de inventario | Altemir Consulting","description":"Nos especializamos en optimizar la gesti\u00f3n de inventario de los fabricantes para aumentar las tasas de cobertura en m\u00e1s del 99%, al tiempo que reducimos el inventario entre un 25 y un 50%.","robots":{"index":"index","follow":"follow","max-snippet":"max-snippet:-1","max-image-preview":"max-image-preview:large","max-video-preview":"max-video-preview:-1"},"canonical":"https:\/\/altemirconsulting.com\/es\/gestion-de-inventario\/","twitter_misc":{"Tiempo de lectura":"4 minutos"},"schema":{"@context":"https:\/\/schema.org","@graph":[{"@type":"WebPage","@id":"https:\/\/altemirconsulting.com\/es\/gestion-de-inventario\/","url":"https:\/\/altemirconsulting.com\/es\/gestion-de-inventario\/","name":"Optimizaci\u00f3n de la gesti\u00f3n de inventario | Altemir Consulting","isPartOf":{"@id":"https:\/\/altemirconsulting.com\/es\/#website"},"primaryImageOfPage":{"@id":"https:\/\/altemirconsulting.com\/es\/gestion-de-inventario\/#primaryimage"},"image":{"@id":"https:\/\/altemirconsulting.com\/es\/gestion-de-inventario\/#primaryimage"},"thumbnailUrl":"https:\/\/altemirconsulting.com\/wp-content\/uploads\/2019\/12\/warehouse3-300x163.jpg","datePublished":"2018-02-15T00:23:23+00:00","dateModified":"2026-01-21T08:29:19+00:00","description":"Nos especializamos en optimizar la gesti\u00f3n de inventario de los fabricantes para aumentar las tasas de cobertura en m\u00e1s del 99%, al tiempo que reducimos el inventario entre un 25 y un 50%.","breadcrumb":{"@id":"https:\/\/altemirconsulting.com\/es\/gestion-de-inventario\/#breadcrumb"},"inLanguage":"es","potentialAction":[{"@type":"ReadAction","target":["https:\/\/altemirconsulting.com\/es\/gestion-de-inventario\/"]}]},{"@type":"ImageObject","inLanguage":"es","@id":"https:\/\/altemirconsulting.com\/es\/gestion-de-inventario\/#primaryimage","url":"https:\/\/altemirconsulting.com\/wp-content\/uploads\/2019\/12\/warehouse3-300x163.jpg","contentUrl":"https:\/\/altemirconsulting.com\/wp-content\/uploads\/2019\/12\/warehouse3-300x163.jpg"},{"@type":"BreadcrumbList","@id":"https:\/\/altemirconsulting.com\/es\/gestion-de-inventario\/#breadcrumb","itemListElement":[{"@type":"ListItem","position":1,"name":"Home","item":"https:\/\/altemirconsulting.com\/es\/"},{"@type":"ListItem","position":2,"name":"Gesti\u00f3n de inventario"}]},{"@type":"WebSite","@id":"https:\/\/altemirconsulting.com\/es\/#website","url":"https:\/\/altemirconsulting.com\/es\/","name":"Altemir Consulting","description":"","publisher":{"@id":"https:\/\/altemirconsulting.com\/es\/#organization"},"potentialAction":[{"@type":"SearchAction","target":{"@type":"EntryPoint","urlTemplate":"https:\/\/altemirconsulting.com\/es\/?s={search_term_string}"},"query-input":{"@type":"PropertyValueSpecification","valueRequired":true,"valueName":"search_term_string"}}],"inLanguage":"es"},{"@type":"Organization","@id":"https:\/\/altemirconsulting.com\/es\/#organization","name":"Altemir Consulting","url":"https:\/\/altemirconsulting.com\/es\/","logo":{"@type":"ImageObject","inLanguage":"es","@id":"https:\/\/altemirconsulting.com\/es\/#\/schema\/logo\/image\/","url":"https:\/\/altemirconsulting.com\/wp-content\/uploads\/2017\/09\/favicon.png","contentUrl":"https:\/\/altemirconsulting.com\/wp-content\/uploads\/2017\/09\/favicon.png","width":300,"height":300,"caption":"Altemir Consulting"},"image":{"@id":"https:\/\/altemirconsulting.com\/es\/#\/schema\/logo\/image\/"},"sameAs":["https:\/\/www.facebook.com\/AltemirConsulting\/","https:\/\/x.com\/AltemirConsult","https:\/\/www.linkedin.com\/company\/altemirconsulting\/","https:\/\/www.youtube.com\/channel\/UCymlsqpZMZn-GlEFli_bnfA"]}]}},"_links":{"self":[{"href":"https:\/\/altemirconsulting.com\/es\/wp-json\/wp\/v2\/pages\/3724","targetHints":{"allow":["GET"]}}],"collection":[{"href":"https:\/\/altemirconsulting.com\/es\/wp-json\/wp\/v2\/pages"}],"about":[{"href":"https:\/\/altemirconsulting.com\/es\/wp-json\/wp\/v2\/types\/page"}],"author":[{"embeddable":true,"href":"https:\/\/altemirconsulting.com\/es\/wp-json\/wp\/v2\/users\/1"}],"replies":[{"embeddable":true,"href":"https:\/\/altemirconsulting.com\/es\/wp-json\/wp\/v2\/comments?post=3724"}],"version-history":[{"count":2,"href":"https:\/\/altemirconsulting.com\/es\/wp-json\/wp\/v2\/pages\/3724\/revisions"}],"predecessor-version":[{"id":4588,"href":"https:\/\/altemirconsulting.com\/es\/wp-json\/wp\/v2\/pages\/3724\/revisions\/4588"}],"wp:attachment":[{"href":"https:\/\/altemirconsulting.com\/es\/wp-json\/wp\/v2\/media?parent=3724"}],"curies":[{"name":"wp","href":"https:\/\/api.w.org\/{rel}","templated":true}]}}