{"id":3722,"date":"2017-05-10T22:11:50","date_gmt":"2017-05-11T03:11:50","guid":{"rendered":"https:\/\/altemirconsulting.com\/contactenos\/"},"modified":"2026-02-01T15:51:33","modified_gmt":"2026-02-01T21:51:33","slug":"contactenos","status":"publish","type":"page","link":"https:\/\/altemirconsulting.com\/es\/contactenos\/","title":{"rendered":"Cont\u00e1ctenos"},"content":{"rendered":"\n\n\t<h1>Cont\u00e1ctenos<\/h1>\n\t<p><strong>Correo electr\u00f3nico:<\/strong> <a href=\"mailto:info@altemirconsulting.com\">info@altemirconsulting.com<\/a><\/p>\n<p><strong>Tel\u00e9fono:<\/strong> <a href=\"tel:4692628200\">(469) 262-8200<\/a><\/p>\n<p>Dallas, Texas (EE. UU.)<\/p>\n<p>&nbsp;<\/p>\n<p>Podemos trabajar de forma remota o en sitio.<\/p>\n\t<h2>Programar una llamada telef\u00f3nica<\/h2>\n<p>Haga clic a continuaci\u00f3n para programar una llamada telef\u00f3nica gratuita de 30 minutos para analizar sus problemas y responder a sus preguntas sin compromiso.<\/p>\n\t<!-- Calendly inline widget begin -->\n<!-- Calendly inline widget end -->\n\n","protected":false},"excerpt":{"rendered":"<p>Cont\u00e1ctenos Correo electr\u00f3nico: info@altemirconsulting.com Tel\u00e9fono: (469) 262-8200 Dallas, Texas (EE. UU.) &nbsp; Podemos trabajar de forma remota o en sitio. Programar una llamada telef\u00f3nica Haga clic a continuaci\u00f3n para programar una llamada telef\u00f3nica gratuita de 30 minutos para analizar sus problemas y responder a sus preguntas sin compromiso.<\/p>\n","protected":false},"author":1,"featured_media":0,"parent":0,"menu_order":0,"comment_status":"closed","ping_status":"closed","template":"","meta":{"_coblocks_attr":"","_coblocks_dimensions":"","_coblocks_responsive_height":"","_coblocks_accordion_ie_support":"","footnotes":""},"class_list":["post-3722","page","type-page","status-publish","hentry"],"yoast_head":"<!-- This site is optimized with the Yoast SEO Premium plugin v27.0 (Yoast SEO v27.4) - https:\/\/yoast.com\/product\/yoast-seo-premium-wordpress\/ -->\n<title>Altemir Consulting | Cont\u00e1ctenos<\/title>\n<meta name=\"description\" content=\"No dude en programar una llamada telef\u00f3nica introductoria sin compromiso para analizar sus problemas y oportunidades particulares.\" \/>\n<meta name=\"robots\" content=\"index, follow, max-snippet:-1, max-image-preview:large, max-video-preview:-1\" \/>\n<link rel=\"canonical\" href=\"https:\/\/altemirconsulting.com\/es\/contactenos\/\" \/>\n<script type=\"application\/ld+json\" class=\"yoast-schema-graph\">{\"@context\":\"https:\\\/\\\/schema.org\",\"@graph\":[{\"@type\":\"WebPage\",\"@id\":\"https:\\\/\\\/altemirconsulting.com\\\/es\\\/contactenos\\\/\",\"url\":\"https:\\\/\\\/altemirconsulting.com\\\/es\\\/contactenos\\\/\",\"name\":\"Altemir Consulting | Cont\u00e1ctenos\",\"isPartOf\":{\"@id\":\"https:\\\/\\\/altemirconsulting.com\\\/es\\\/#website\"},\"datePublished\":\"2017-05-11T03:11:50+00:00\",\"dateModified\":\"2026-02-01T21:51:33+00:00\",\"description\":\"No dude en programar una llamada telef\u00f3nica introductoria sin compromiso para analizar sus problemas y oportunidades particulares.\",\"breadcrumb\":{\"@id\":\"https:\\\/\\\/altemirconsulting.com\\\/es\\\/contactenos\\\/#breadcrumb\"},\"inLanguage\":\"es\",\"potentialAction\":[{\"@type\":\"ReadAction\",\"target\":[\"https:\\\/\\\/altemirconsulting.com\\\/es\\\/contactenos\\\/\"]}]},{\"@type\":\"BreadcrumbList\",\"@id\":\"https:\\\/\\\/altemirconsulting.com\\\/es\\\/contactenos\\\/#breadcrumb\",\"itemListElement\":[{\"@type\":\"ListItem\",\"position\":1,\"name\":\"Home\",\"item\":\"https:\\\/\\\/altemirconsulting.com\\\/es\\\/\"},{\"@type\":\"ListItem\",\"position\":2,\"name\":\"Cont\u00e1ctenos\"}]},{\"@type\":\"WebSite\",\"@id\":\"https:\\\/\\\/altemirconsulting.com\\\/es\\\/#website\",\"url\":\"https:\\\/\\\/altemirconsulting.com\\\/es\\\/\",\"name\":\"Altemir Consulting\",\"description\":\"\",\"publisher\":{\"@id\":\"https:\\\/\\\/altemirconsulting.com\\\/es\\\/#organization\"},\"potentialAction\":[{\"@type\":\"SearchAction\",\"target\":{\"@type\":\"EntryPoint\",\"urlTemplate\":\"https:\\\/\\\/altemirconsulting.com\\\/es\\\/?s={search_term_string}\"},\"query-input\":{\"@type\":\"PropertyValueSpecification\",\"valueRequired\":true,\"valueName\":\"search_term_string\"}}],\"inLanguage\":\"es\"},{\"@type\":\"Organization\",\"@id\":\"https:\\\/\\\/altemirconsulting.com\\\/es\\\/#organization\",\"name\":\"Altemir Consulting\",\"url\":\"https:\\\/\\\/altemirconsulting.com\\\/es\\\/\",\"logo\":{\"@type\":\"ImageObject\",\"inLanguage\":\"es\",\"@id\":\"https:\\\/\\\/altemirconsulting.com\\\/es\\\/#\\\/schema\\\/logo\\\/image\\\/\",\"url\":\"https:\\\/\\\/altemirconsulting.com\\\/wp-content\\\/uploads\\\/2017\\\/09\\\/favicon.png\",\"contentUrl\":\"https:\\\/\\\/altemirconsulting.com\\\/wp-content\\\/uploads\\\/2017\\\/09\\\/favicon.png\",\"width\":300,\"height\":300,\"caption\":\"Altemir Consulting\"},\"image\":{\"@id\":\"https:\\\/\\\/altemirconsulting.com\\\/es\\\/#\\\/schema\\\/logo\\\/image\\\/\"},\"sameAs\":[\"https:\\\/\\\/www.facebook.com\\\/AltemirConsulting\\\/\",\"https:\\\/\\\/x.com\\\/AltemirConsult\",\"https:\\\/\\\/www.linkedin.com\\\/company\\\/altemirconsulting\\\/\",\"https:\\\/\\\/www.youtube.com\\\/channel\\\/UCymlsqpZMZn-GlEFli_bnfA\"]}]}<\/script>\n<!-- \/ Yoast SEO Premium plugin. -->","yoast_head_json":{"title":"Altemir Consulting | Cont\u00e1ctenos","description":"No dude en programar una llamada telef\u00f3nica introductoria sin compromiso para analizar sus problemas y oportunidades particulares.","robots":{"index":"index","follow":"follow","max-snippet":"max-snippet:-1","max-image-preview":"max-image-preview:large","max-video-preview":"max-video-preview:-1"},"canonical":"https:\/\/altemirconsulting.com\/es\/contactenos\/","schema":{"@context":"https:\/\/schema.org","@graph":[{"@type":"WebPage","@id":"https:\/\/altemirconsulting.com\/es\/contactenos\/","url":"https:\/\/altemirconsulting.com\/es\/contactenos\/","name":"Altemir Consulting | Cont\u00e1ctenos","isPartOf":{"@id":"https:\/\/altemirconsulting.com\/es\/#website"},"datePublished":"2017-05-11T03:11:50+00:00","dateModified":"2026-02-01T21:51:33+00:00","description":"No dude en programar una llamada telef\u00f3nica introductoria sin compromiso para analizar sus problemas y oportunidades particulares.","breadcrumb":{"@id":"https:\/\/altemirconsulting.com\/es\/contactenos\/#breadcrumb"},"inLanguage":"es","potentialAction":[{"@type":"ReadAction","target":["https:\/\/altemirconsulting.com\/es\/contactenos\/"]}]},{"@type":"BreadcrumbList","@id":"https:\/\/altemirconsulting.com\/es\/contactenos\/#breadcrumb","itemListElement":[{"@type":"ListItem","position":1,"name":"Home","item":"https:\/\/altemirconsulting.com\/es\/"},{"@type":"ListItem","position":2,"name":"Cont\u00e1ctenos"}]},{"@type":"WebSite","@id":"https:\/\/altemirconsulting.com\/es\/#website","url":"https:\/\/altemirconsulting.com\/es\/","name":"Altemir Consulting","description":"","publisher":{"@id":"https:\/\/altemirconsulting.com\/es\/#organization"},"potentialAction":[{"@type":"SearchAction","target":{"@type":"EntryPoint","urlTemplate":"https:\/\/altemirconsulting.com\/es\/?s={search_term_string}"},"query-input":{"@type":"PropertyValueSpecification","valueRequired":true,"valueName":"search_term_string"}}],"inLanguage":"es"},{"@type":"Organization","@id":"https:\/\/altemirconsulting.com\/es\/#organization","name":"Altemir Consulting","url":"https:\/\/altemirconsulting.com\/es\/","logo":{"@type":"ImageObject","inLanguage":"es","@id":"https:\/\/altemirconsulting.com\/es\/#\/schema\/logo\/image\/","url":"https:\/\/altemirconsulting.com\/wp-content\/uploads\/2017\/09\/favicon.png","contentUrl":"https:\/\/altemirconsulting.com\/wp-content\/uploads\/2017\/09\/favicon.png","width":300,"height":300,"caption":"Altemir Consulting"},"image":{"@id":"https:\/\/altemirconsulting.com\/es\/#\/schema\/logo\/image\/"},"sameAs":["https:\/\/www.facebook.com\/AltemirConsulting\/","https:\/\/x.com\/AltemirConsult","https:\/\/www.linkedin.com\/company\/altemirconsulting\/","https:\/\/www.youtube.com\/channel\/UCymlsqpZMZn-GlEFli_bnfA"]}]}},"_links":{"self":[{"href":"https:\/\/altemirconsulting.com\/es\/wp-json\/wp\/v2\/pages\/3722","targetHints":{"allow":["GET"]}}],"collection":[{"href":"https:\/\/altemirconsulting.com\/es\/wp-json\/wp\/v2\/pages"}],"about":[{"href":"https:\/\/altemirconsulting.com\/es\/wp-json\/wp\/v2\/types\/page"}],"author":[{"embeddable":true,"href":"https:\/\/altemirconsulting.com\/es\/wp-json\/wp\/v2\/users\/1"}],"replies":[{"embeddable":true,"href":"https:\/\/altemirconsulting.com\/es\/wp-json\/wp\/v2\/comments?post=3722"}],"version-history":[{"count":1,"href":"https:\/\/altemirconsulting.com\/es\/wp-json\/wp\/v2\/pages\/3722\/revisions"}],"predecessor-version":[{"id":4726,"href":"https:\/\/altemirconsulting.com\/es\/wp-json\/wp\/v2\/pages\/3722\/revisions\/4726"}],"wp:attachment":[{"href":"https:\/\/altemirconsulting.com\/es\/wp-json\/wp\/v2\/media?parent=3722"}],"curies":[{"name":"wp","href":"https:\/\/api.w.org\/{rel}","templated":true}]}}